{"id":10654,"date":"2014-07-07T20:41:39","date_gmt":"2014-07-07T20:41:39","guid":{"rendered":"http:\/\/www.deambulations-nomades.eu\/?page_id=10654"},"modified":"2021-03-05T16:21:51","modified_gmt":"2021-03-05T16:21:51","slug":"irlandes-dautomne-2","status":"publish","type":"page","link":"https:\/\/www.deambulations-nomades.eu\/?page_id=10654","title":{"rendered":"Irlande d\u2019automne"},"content":{"rendered":"<p class=\"MsoNormal\" style=\"text-align: justify;\"><a id=\"H\"><\/a>\n<table id=\"tablepress-101\" class=\"tablepress tablepress-id-101\">\n<tbody class=\"row-striping row-hover\">\n<tr class=\"row-1\">\n\t<td class=\"column-1\"><a href=\"http:\/\/www.deambulations-nomades.eu\/?page_id=10657\"><img loading=\"lazy\" decoding=\"async\" src=\"http:\/\/www.deambulations-nomades.eu\/wp-content\/uploads\/2013\/03\/irlande-26-27-octobre-enr-web-800-P1340126-150x150.jpg\" alt=\"\" width=\"150\" height=\"150\" class=\"aligncenter size-thumbnail wp-image-3775\" srcset=\"https:\/\/www.deambulations-nomades.eu\/wp-content\/uploads\/2013\/03\/irlande-26-27-octobre-enr-web-800-P1340126-150x150.jpg 150w, https:\/\/www.deambulations-nomades.eu\/wp-content\/uploads\/2013\/03\/irlande-26-27-octobre-enr-web-800-P1340126-432x432.jpg 432w, https:\/\/www.deambulations-nomades.eu\/wp-content\/uploads\/2013\/03\/irlande-26-27-octobre-enr-web-800-P1340126-268x268.jpg 268w\" sizes=\"auto, (max-width: 150px) 100vw, 150px\" \/><\/a>Marseille-Dublin<br \/>\n<br \/>\n<\/td><td class=\"column-2\"><a href=\"http:\/\/www.deambulations-nomades.eu\/?page_id=10658\"><img loading=\"lazy\" decoding=\"async\" src=\"http:\/\/www.deambulations-nomades.eu\/wp-content\/uploads\/2014\/07\/irlande-28-octobre-enr-web-800-P1340203-150x150.jpg\" alt=\"\" width=\"150\" height=\"150\" class=\"aligncenter size-thumbnail wp-image-10704\" \/><\/a>Vers Cork<br \/>\n<\/td><td class=\"column-3\"><a href=\"http:\/\/www.deambulations-nomades.eu\/?page_id=10660\"><img loading=\"lazy\" decoding=\"async\" src=\"http:\/\/www.deambulations-nomades.eu\/wp-content\/uploads\/2014\/07\/irlande-29-octobre-enr-web-800-054-150x150.jpg\" alt=\"\" width=\"150\" height=\"150\" class=\"aligncenter size-thumbnail wp-image-10708\" \/><\/a>Ring of Kerry-Waterville<br \/>\n<\/td><td class=\"column-4\"><a href=\"http:\/\/www.deambulations-nomades.eu\/?page_id=10662\"><img loading=\"lazy\" decoding=\"async\" src=\"http:\/\/www.deambulations-nomades.eu\/wp-content\/uploads\/2014\/07\/irlande-30-octobre-enr-web-800-006-150x150.jpg\" alt=\"\" width=\"150\" height=\"150\" class=\"aligncenter size-thumbnail wp-image-10709\" \/><\/a>Killarney<br \/>\n<br \/>\n<\/td><td class=\"column-5\"><a href=\"http:\/\/www.deambulations-nomades.eu\/?page_id=10663\"><img loading=\"lazy\" decoding=\"async\" src=\"http:\/\/www.deambulations-nomades.eu\/wp-content\/uploads\/2014\/07\/irlande-31-octobre-enr-web-800-024-150x150.jpg\" alt=\"\" width=\"150\" height=\"150\" class=\"aligncenter size-thumbnail wp-image-10710\" \/><\/a>Dingle <br \/>\n<br \/>\n<\/td>\n<\/tr>\n<tr class=\"row-2\">\n\t<td class=\"column-1\"><a href=\"http:\/\/www.deambulations-nomades.eu\/?page_id=10664\"><img loading=\"lazy\" decoding=\"async\" src=\"http:\/\/www.deambulations-nomades.eu\/wp-content\/uploads\/2014\/07\/irlande-01-novembre-enr-web-800-031-150x150.jpg\" alt=\"\" width=\"150\" height=\"150\" class=\"aligncenter size-thumbnail wp-image-10712\" \/><\/a>Falaises de Mohair-Doolin<br \/>\n<\/td><td class=\"column-2\"><a href=\"http:\/\/www.deambulations-nomades.eu\/?page_id=10665\"><img loading=\"lazy\" decoding=\"async\" src=\"http:\/\/www.deambulations-nomades.eu\/wp-content\/uploads\/2014\/07\/irlande-02-novembre-enr-web-800-001-150x150.jpg\" alt=\"\" width=\"150\" height=\"150\" class=\"aligncenter size-thumbnail wp-image-10713\" \/><\/a>Clifden-Connemara<\/td><td class=\"column-3\"><a href=\"http:\/\/www.deambulations-nomades.eu\/?page_id=10666\"><img loading=\"lazy\" decoding=\"async\" src=\"http:\/\/www.deambulations-nomades.eu\/wp-content\/uploads\/2014\/07\/irlande-03-novembre-enr-web-800-094-150x150.jpg\" alt=\"\" width=\"150\" height=\"150\" class=\"aligncenter size-thumbnail wp-image-10706\" \/><\/a>Clifden<\/td><td class=\"column-4\"><a href=\"http:\/\/www.deambulations-nomades.eu\/?page_id=10667\"><img loading=\"lazy\" decoding=\"async\" src=\"http:\/\/www.deambulations-nomades.eu\/wp-content\/uploads\/2014\/07\/irlande-04-novembre-enr-web-800-018-150x150.jpg\" alt=\"\" width=\"150\" height=\"150\" class=\"aligncenter size-thumbnail wp-image-10714\" \/><\/a>Clifden-The Sky Road<\/td><td class=\"column-5\"><a href=\"http:\/\/www.deambulations-nomades.eu\/?page_id=10668\"><img loading=\"lazy\" decoding=\"async\" src=\"http:\/\/www.deambulations-nomades.eu\/wp-content\/uploads\/2014\/07\/irlande-05-novembre-enr-web-800-013-150x150.jpg\" alt=\"\" width=\"150\" height=\"150\" class=\"aligncenter size-thumbnail wp-image-10715\" \/><\/a> Clifden-<br \/>\nParc du Connemara<br \/>\n<\/td>\n<\/tr>\n<tr class=\"row-3\">\n\t<td class=\"column-1\"><a href=\"http:\/\/www.deambulations-nomades.eu\/?page_id=10669\"><img loading=\"lazy\" decoding=\"async\" src=\"http:\/\/www.deambulations-nomades.eu\/wp-content\/uploads\/2014\/07\/irlande-06-novembre-enr-web-800-011-150x150.jpg\" alt=\"\" width=\"150\" height=\"150\" class=\"aligncenter size-thumbnail wp-image-10717\" \/><\/a>Vers Donegal<br \/>\n<\/td><td class=\"column-2\"><a href=\"http:\/\/www.deambulations-nomades.eu\/?page_id=10670\"><img loading=\"lazy\" decoding=\"async\" src=\"http:\/\/www.deambulations-nomades.eu\/wp-content\/uploads\/2014\/07\/irlande-07-novembre-enr-web-800-012-150x150.jpg\" alt=\"\" width=\"150\" height=\"150\" class=\"aligncenter size-thumbnail wp-image-10718\" \/><\/a>Donegal-Killibegs<\/td><td class=\"column-3\"><a href=\"http:\/\/www.deambulations-nomades.eu\/?page_id=10671\"><img loading=\"lazy\" decoding=\"async\" src=\"http:\/\/www.deambulations-nomades.eu\/wp-content\/uploads\/2014\/07\/irlande-08-novembre-enr-web-800-002-150x150.jpg\" alt=\"\" width=\"150\" height=\"150\" class=\"aligncenter size-thumbnail wp-image-10719\" \/><\/a>Retour vers Dublin<br \/>\n<\/td><td class=\"column-4\"><\/td><td class=\"column-5\"><\/td>\n<\/tr>\n<\/tbody>\n<\/table>\n<!-- #tablepress-101 from cache --><\/p>\n<p class=\"MsoNormal\" style=\"text-align: justify;\"><span style=\"font-size: 14px; line-height: 115%;\">Retour au pays d\u2019Eire comme tel ou telle au pays natal&#8230;Si Marie et Francis y ont s\u00e9journ\u00e9 \u00e0 diff\u00e9rentes \u00e9poques de l\u2019ancien si\u00e8cle, Bernard ne connaissait pas l\u2019Irlande et en r\u00eavait depuis des lustres. Il se voyait d\u00e9j\u00e0 sur les chemins \u00e9troits, menant sa roulotte hippomobile au gr\u00e9 du crachin et des lutins. Mais aujourd\u2019hui malvoyant, ce voyage d\u2019une dizaine de jours prend une autre forme, moins risqu\u00e9e, non moins t\u00e9m\u00e9raire\u2026<\/span><\/p>\n<p class=\"MsoNormal\" style=\"text-align: justify;\"><span style=\"font-size: 14px; line-height: 115%;\">L\u2019Irlande ? Non, des Irlandes diablement contrast\u00e9es qui revendiquent chacune son idiosyncrasie surun territoire insulaire \u00e0 peine plus grand qu\u2019une galette d\u2019orge. Et encore : l\u2019Ulster, britannique, entame durablement une bonne partie du Nord-Est de l\u2019\u00eele.<\/span><\/p>\n<p class=\"MsoNormal\" style=\"text-align: justify;\"><span style=\"font-size: 16.0pt; line-height: 115%;\"><span style=\"font-size: 14px;\">Dublin n\u2019est pas Cork qui n\u2019est pas Galway qui n\u2019est pas Clifden. \u00c0 cette \u00e9tape ou \u00e0 cette autre, ce sont autant de d\u00e9convenues et de bonnes surprises que nous allons vous faire partager \u00e0 travers ce r\u00e9cit de voyage.<\/span> <\/span><\/p>\n<p style=\"text-align: right;\"><a href=\"#H\"><img loading=\"lazy\" decoding=\"async\" class=\" wp-image-28888 size-full alignnone\" title=\"retour en haut de page\" src=\"http:\/\/www.deambulations-nomades.eu\/wp-content\/uploads\/2015\/02\/vers-le-haut-flech.jpg\" alt=\"retour en haut de page\" width=\"37\" height=\"55\" \/><\/a><\/p>\n","protected":false},"excerpt":{"rendered":"<p>Retour au pays d\u2019Eire comme tel ou telle au pays natal&#8230;Si Marie et Francis y ont s\u00e9journ\u00e9 \u00e0 diff\u00e9rentes \u00e9poques de l\u2019ancien si\u00e8cle, Bernard ne connaissait pas l\u2019Irlande et en r\u00eavait depuis des lustres. Il se voyait d\u00e9j\u00e0 sur les chemins \u00e9troits, menant sa roulotte hippomobile au gr\u00e9 du crachin et des lutins. Mais aujourd\u2019hui &hellip; <a href=\"https:\/\/www.deambulations-nomades.eu\/?page_id=10654\" class=\"more-link\">Continuer la lecture de <span class=\"screen-reader-text\">Irlande d\u2019automne<\/span>  <span class=\"meta-nav\">&rarr;<\/span><\/a><\/p>\n","protected":false},"author":2,"featured_media":0,"parent":36,"menu_order":0,"comment_status":"closed","ping_status":"open","template":"page-templates\/full-width.php","meta":{"footnotes":""},"class_list":["post-10654","page","type-page","status-publish","hentry"],"_links":{"self":[{"href":"https:\/\/www.deambulations-nomades.eu\/index.php?rest_route=\/wp\/v2\/pages\/10654","targetHints":{"allow":["GET"]}}],"collection":[{"href":"https:\/\/www.deambulations-nomades.eu\/index.php?rest_route=\/wp\/v2\/pages"}],"about":[{"href":"https:\/\/www.deambulations-nomades.eu\/index.php?rest_route=\/wp\/v2\/types\/page"}],"author":[{"embeddable":true,"href":"https:\/\/www.deambulations-nomades.eu\/index.php?rest_route=\/wp\/v2\/users\/2"}],"replies":[{"embeddable":true,"href":"https:\/\/www.deambulations-nomades.eu\/index.php?rest_route=%2Fwp%2Fv2%2Fcomments&post=10654"}],"version-history":[{"count":31,"href":"https:\/\/www.deambulations-nomades.eu\/index.php?rest_route=\/wp\/v2\/pages\/10654\/revisions"}],"predecessor-version":[{"id":65942,"href":"https:\/\/www.deambulations-nomades.eu\/index.php?rest_route=\/wp\/v2\/pages\/10654\/revisions\/65942"}],"up":[{"embeddable":true,"href":"https:\/\/www.deambulations-nomades.eu\/index.php?rest_route=\/wp\/v2\/pages\/36"}],"wp:attachment":[{"href":"https:\/\/www.deambulations-nomades.eu\/index.php?rest_route=%2Fwp%2Fv2%2Fmedia&parent=10654"}],"curies":[{"name":"wp","href":"https:\/\/api.w.org\/{rel}","templated":true}]}}