{"id":10657,"date":"2014-07-07T21:04:20","date_gmt":"2014-07-07T21:04:20","guid":{"rendered":"http:\/\/www.deambulations-nomades.eu\/?page_id=10657"},"modified":"2021-01-05T18:53:08","modified_gmt":"2021-01-05T18:53:08","slug":"01-26-27-octobre-marseille-dublin","status":"publish","type":"page","link":"https:\/\/www.deambulations-nomades.eu\/?page_id=10657","title":{"rendered":"Marseille-Dublin (octobre 2012)"},"content":{"rendered":"<p style=\"padding-left: 5px; text-align: right;\"><strong><a href=\"http:\/\/www.deambulations-nomades.eu\/?page_id=10654\"><img loading=\"lazy\" decoding=\"async\" class=\" size-full wp-image-29433 alignleft\" src=\"http:\/\/www.deambulations-nomades.eu\/wp-content\/uploads\/2015\/02\/precedent-flech1.jpg\" alt=\"precedent-flech\" width=\"25\" height=\"21\" \/><\/a><\/strong><a id=\"H\"><\/a> <span style=\"color: #c3a954; font-size: 12px;\"><a style=\"color: #c3a954;\" href=\"http:\/\/www.deambulations-nomades.eu\/?page_id=28414\" target=\"_blank\" rel=\"noopener\">VOIR page priv\u00e9e<\/a><\/span><span style=\"font-size: 10px;\"><strong><a href=\"http:\/\/www.deambulations-nomades.eu\/?page_id=10658\"><img loading=\"lazy\" decoding=\"async\" class=\" size-full wp-image-29434 alignright\" src=\"http:\/\/www.deambulations-nomades.eu\/wp-content\/uploads\/2015\/02\/suivant-flech1.jpg\" alt=\"suivant-flech\" width=\"25\" height=\"21\" \/><\/a><\/strong><\/span><\/p>\n<table>\n<tbody>\n<tr>\n<td style=\"vertical-align: top;\"><a href=\"https:\/\/www.deambulations-nomades.eu\/wp-content\/uploads\/2014\/07\/irlande-26-27-octobre-enr-web-800-P1340114.jpg\" data-rel=\"lightbox-image-0\" data-rl_title=\"\" data-rl_caption=\"\" title=\"\"><img loading=\"lazy\" decoding=\"async\" class=\"alignleft wp-image-10821\" src=\"http:\/\/www.deambulations-nomades.eu\/wp-content\/uploads\/2014\/07\/irlande-26-27-octobre-enr-web-800-P1340114.jpg\" alt=\"irlande-26-27-octobre-enr-web-800-P1340114\" width=\"400\" height=\"300\" srcset=\"https:\/\/www.deambulations-nomades.eu\/wp-content\/uploads\/2014\/07\/irlande-26-27-octobre-enr-web-800-P1340114.jpg 800w, https:\/\/www.deambulations-nomades.eu\/wp-content\/uploads\/2014\/07\/irlande-26-27-octobre-enr-web-800-P1340114-400x300.jpg 400w\" sizes=\"auto, (max-width: 400px) 100vw, 400px\" \/><\/a><\/td>\n<td style=\"vertical-align: top;\"><span style=\"font-size: 16px; color: #676767;\">D\u00e9part sur les chapeaux de roue sous une pluie dantesque en sortant du boulot. Partons en avance et faisons bien puisqu\u2019un mouvement de gr\u00e8ve se poursuit chez les cheminots, ce qui nous oblige \u00e0 monter vers le Nord en changeant trois fois de train pour enfin revenir sur Vitrolles-Marignane, l\u2019a\u00e9roport o\u00f9 nous arrivons en retard. Bernard n\u2019est pas pr\u00e9venu : ce dernier, las par instant du monde moderne, se refuse \u00e0 poss\u00e9der un t\u00e9l\u00e9phone portable. Il est presque 22h et nous ne le trouvons pas !<\/span><br \/>\n<span style=\"font-size: 16px; color: #676767;\"> Faisons passer un appel au haut-parleur dans l\u2019a\u00e9rogare pour enfin le retrouver, d\u00e9bonnaire, et m\u00eame jovial, un quart d\u2019heure plus tard, devant le comptoir d\u2019embarquement. Monsieur \u00e9tait parti prendre un verre au premier \u00e9tage !<\/span><\/td>\n<\/tr>\n<tr>\n<td style=\"vertical-align: top;\"><span style=\"font-size: 16px; color: #676767;\">Arrivons \u00e0 Londres-Gatwick pr\u00e8s de deux heures plus tard, soit \u00e0 2 h du matin. Navette pour l\u2019autre terminal puis attente jusqu\u2019\u00e0 6h o\u00f9 nous r\u00e9embarquons pour Dublin. Vol d\u2019une heure, sans boisson ni nourriture quelconque sinon payante. D\u00e9but de la gal\u00e8re quand nos bagages n\u2019apparaissent pas sur le tourniquet. Comme au cin\u00e9ma, immigrants sans bagages et la perspective d\u2019un s\u00e9jour en dents de scie. R\u00e9clamation, caf\u00e9 a\u00e9roport, gros blues, beaucoup de difficult\u00e9 \u00e0 trouver le loueur de voitures \u00ab Enterprise \u00bb, caution de 1200 \u20ac quand m\u00eame\u2026Prenons le chemin du centre ville et de l\u2019auberge de jeunesse situ\u00e9e id\u00e9alement, curieux adverbe dans ces circonstances, sur un quai du centre. Sommes d\u00e9sempar\u00e9s d\u2019\u00eatre sans nouvelles de l\u2019a\u00e9roport et pessimistes ; ne renon\u00e7ons pas et partons dans plusieurs centres commerciaux acheter v\u00eatements, chargeurs d\u2019APN, prises convertibles, dentifrice, brosse \u00e0 dents, etc.<\/span><\/td>\n<td><span style=\"color: #676767;\"><a href=\"https:\/\/www.deambulations-nomades.eu\/wp-content\/uploads\/2015\/03\/irlande-26-27-octobre-enr-web-800-P1340119.jpg\" data-rel=\"lightbox-image-1\" data-rl_title=\"\" data-rl_caption=\"\" title=\"\"><img loading=\"lazy\" decoding=\"async\" class=\"aligncenter wp-image-30600\" src=\"http:\/\/www.deambulations-nomades.eu\/wp-content\/uploads\/2015\/03\/irlande-26-27-octobre-enr-web-800-P1340119.jpg\" alt=\"irlande-26-27-octobre-enr-web-800-P1340119\" width=\"400\" height=\"297\" srcset=\"https:\/\/www.deambulations-nomades.eu\/wp-content\/uploads\/2015\/03\/irlande-26-27-octobre-enr-web-800-P1340119.jpg 800w, https:\/\/www.deambulations-nomades.eu\/wp-content\/uploads\/2015\/03\/irlande-26-27-octobre-enr-web-800-P1340119-600x445.jpg 600w\" sizes=\"auto, (max-width: 400px) 100vw, 400px\" \/><\/a><span style=\"font-size: 16px;\"> Prenons notre premi\u00e8re Guinness au pub (merci Bernard !). Nous baladons dans Dublin sous un ciel d\u2019\u00e9t\u00e9 et revenons tristes et crev\u00e9s \u00e0 l\u2019auberge prendre possession de la chambre, quasi SDF.<br \/>\n<\/span><\/span><\/td>\n<\/tr>\n<tr>\n<td style=\"vertical-align: top; text-align: center;\"><a href=\"https:\/\/www.deambulations-nomades.eu\/wp-content\/uploads\/2014\/07\/irlande-26-27-octobre-enr-web-800-P1340126.jpg\" data-rel=\"lightbox-image-2\" data-rl_title=\"\" data-rl_caption=\"\" title=\"\"><img loading=\"lazy\" decoding=\"async\" class=\"aligncenter wp-image-10826\" src=\"http:\/\/www.deambulations-nomades.eu\/wp-content\/uploads\/2014\/07\/irlande-26-27-octobre-enr-web-800-P1340126.jpg\" alt=\"irlande-26-27-octobre-enr-web-800-P1340126\" width=\"400\" height=\"300\" srcset=\"https:\/\/www.deambulations-nomades.eu\/wp-content\/uploads\/2014\/07\/irlande-26-27-octobre-enr-web-800-P1340126.jpg 800w, https:\/\/www.deambulations-nomades.eu\/wp-content\/uploads\/2014\/07\/irlande-26-27-octobre-enr-web-800-P1340126-400x300.jpg 400w\" sizes=\"auto, (max-width: 400px) 100vw, 400px\" \/><\/a><span style=\"font-size: 16px; color: #676767;\"> Descendons grignoter dans la salle \u00e0 manger quand un SMS nous avertit du retour prochain de nos bagages. Effectivement, ils nous sont apport\u00e9s vers 23h (une roulette en moins). Ouf !<\/span><\/td>\n<td style=\"vertical-align: top;\"><a href=\"https:\/\/www.deambulations-nomades.eu\/wp-content\/uploads\/2014\/07\/irlande-26-27-octobre-enr-web-800-P1340166.jpg\" data-rel=\"lightbox-image-3\" data-rl_title=\"\" data-rl_caption=\"\" title=\"\"><img loading=\"lazy\" decoding=\"async\" class=\"aligncenter wp-image-10844\" src=\"http:\/\/www.deambulations-nomades.eu\/wp-content\/uploads\/2014\/07\/irlande-26-27-octobre-enr-web-800-P1340166.jpg\" alt=\"irlande-26-27-octobre-enr-web-800-P1340166\" width=\"300\" height=\"400\" srcset=\"https:\/\/www.deambulations-nomades.eu\/wp-content\/uploads\/2014\/07\/irlande-26-27-octobre-enr-web-800-P1340166.jpg 800w, https:\/\/www.deambulations-nomades.eu\/wp-content\/uploads\/2014\/07\/irlande-26-27-octobre-enr-web-800-P1340166-400x533.jpg 400w\" sizes=\"auto, (max-width: 300px) 100vw, 300px\" \/><\/a><\/td>\n<td style=\"width: 0px; height: 0px; vertical-align: top;\" colspan=\"23\"><\/td>\n<\/tr>\n<tr>\n<td style=\"vertical-align: top;\"><img loading=\"lazy\" decoding=\"async\" class=\" wp-image-10846 alignleft\" src=\"http:\/\/www.deambulations-nomades.eu\/wp-content\/uploads\/2014\/07\/irlande-26-27-octobre-enr-web-800-P1340171.jpg\" alt=\"irlande-26-27-octobre-enr-web-800-P1340171\" width=\"150\" height=\"200\" srcset=\"https:\/\/www.deambulations-nomades.eu\/wp-content\/uploads\/2014\/07\/irlande-26-27-octobre-enr-web-800-P1340171.jpg 800w, https:\/\/www.deambulations-nomades.eu\/wp-content\/uploads\/2014\/07\/irlande-26-27-octobre-enr-web-800-P1340171-400x533.jpg 400w\" sizes=\"auto, (max-width: 150px) 100vw, 150px\" \/><a href=\"https:\/\/www.deambulations-nomades.eu\/wp-content\/uploads\/2014\/07\/irlande-26-27-octobre-enr-web-800-P1340164.jpg\" data-rel=\"lightbox-image-4\" data-rl_title=\"\" data-rl_caption=\"\" title=\"\"><img loading=\"lazy\" decoding=\"async\" class=\"alignnone wp-image-10843\" src=\"http:\/\/www.deambulations-nomades.eu\/wp-content\/uploads\/2014\/07\/irlande-26-27-octobre-enr-web-800-P1340164.jpg\" alt=\"irlande-26-27-octobre-enr-web-800-P1340164\" width=\"230\" height=\"173\" srcset=\"https:\/\/www.deambulations-nomades.eu\/wp-content\/uploads\/2014\/07\/irlande-26-27-octobre-enr-web-800-P1340164.jpg 800w, https:\/\/www.deambulations-nomades.eu\/wp-content\/uploads\/2014\/07\/irlande-26-27-octobre-enr-web-800-P1340164-400x300.jpg 400w\" sizes=\"auto, (max-width: 230px) 100vw, 230px\" \/><\/a><a href=\"https:\/\/www.deambulations-nomades.eu\/wp-content\/uploads\/2014\/07\/irlande-26-27-octobre-enr-web-800-P1340145.jpg\" data-rel=\"lightbox-image-5\" data-rl_title=\"\" data-rl_caption=\"\" title=\"\"><img loading=\"lazy\" decoding=\"async\" class=\"aligncenter wp-image-10832 size-medium\" src=\"https:\/\/www.deambulations-nomades.eu\/wp-content\/uploads\/2014\/07\/irlande-26-27-octobre-enr-web-800-P1340145-400x300.jpg\" alt=\"irlande-26-27-octobre-enr-web-800-P1340145\" width=\"400\" height=\"300\" srcset=\"https:\/\/www.deambulations-nomades.eu\/wp-content\/uploads\/2014\/07\/irlande-26-27-octobre-enr-web-800-P1340145-400x300.jpg 400w, https:\/\/www.deambulations-nomades.eu\/wp-content\/uploads\/2014\/07\/irlande-26-27-octobre-enr-web-800-P1340145.jpg 800w\" sizes=\"auto, (max-width: 400px) 100vw, 400px\" \/><\/a><\/p>\n<p>&nbsp;<\/p>\n<p>&nbsp;<\/p>\n<p><a href=\"https:\/\/www.deambulations-nomades.eu\/wp-content\/uploads\/2014\/07\/irlande-26-27-octobre-enr-web-800-P1340150.jpg\" data-rel=\"lightbox-image-6\" data-rl_title=\"\" data-rl_caption=\"\" title=\"\"><img loading=\"lazy\" decoding=\"async\" class=\"aligncenter wp-image-10837 size-medium\" src=\"https:\/\/www.deambulations-nomades.eu\/wp-content\/uploads\/2014\/07\/irlande-26-27-octobre-enr-web-800-P1340150-400x300.jpg\" alt=\"irlande-26-27-octobre-enr-web-800-P1340150\" width=\"400\" height=\"300\" srcset=\"https:\/\/www.deambulations-nomades.eu\/wp-content\/uploads\/2014\/07\/irlande-26-27-octobre-enr-web-800-P1340150-400x300.jpg 400w, https:\/\/www.deambulations-nomades.eu\/wp-content\/uploads\/2014\/07\/irlande-26-27-octobre-enr-web-800-P1340150.jpg 800w\" sizes=\"auto, (max-width: 400px) 100vw, 400px\" \/><\/a><\/td>\n<td style=\"vertical-align: top;\"><a href=\"https:\/\/www.deambulations-nomades.eu\/wp-content\/uploads\/2014\/07\/irlande-26-27-octobre-enr-web-800-P1340129.jpg\" data-rel=\"lightbox-image-7\" data-rl_title=\"\" data-rl_caption=\"\" title=\"\"><img loading=\"lazy\" decoding=\"async\" class=\"aligncenter wp-image-10828\" src=\"http:\/\/www.deambulations-nomades.eu\/wp-content\/uploads\/2014\/07\/irlande-26-27-octobre-enr-web-800-P1340129.jpg\" alt=\"irlande-26-27-octobre-enr-web-800-P1340129\" width=\"300\" height=\"377\" srcset=\"https:\/\/www.deambulations-nomades.eu\/wp-content\/uploads\/2014\/07\/irlande-26-27-octobre-enr-web-800-P1340129.jpg 800w, https:\/\/www.deambulations-nomades.eu\/wp-content\/uploads\/2014\/07\/irlande-26-27-octobre-enr-web-800-P1340129-400x502.jpg 400w\" sizes=\"auto, (max-width: 300px) 100vw, 300px\" \/><\/a><a href=\"https:\/\/www.deambulations-nomades.eu\/wp-content\/uploads\/2014\/07\/irlande-26-27-octobre-enr-web-800-P1340120.jpg\" data-rel=\"lightbox-image-8\" data-rl_title=\"\" data-rl_caption=\"\" title=\"\"><img loading=\"lazy\" decoding=\"async\" class=\"aligncenter wp-image-10823 size-medium\" src=\"https:\/\/www.deambulations-nomades.eu\/wp-content\/uploads\/2014\/07\/irlande-26-27-octobre-enr-web-800-P1340120-400x533.jpg\" alt=\"irlande-26-27-octobre-enr-web-800-P1340120\" width=\"400\" height=\"533\" srcset=\"https:\/\/www.deambulations-nomades.eu\/wp-content\/uploads\/2014\/07\/irlande-26-27-octobre-enr-web-800-P1340120-400x533.jpg 400w, https:\/\/www.deambulations-nomades.eu\/wp-content\/uploads\/2014\/07\/irlande-26-27-octobre-enr-web-800-P1340120.jpg 800w\" sizes=\"auto, (max-width: 400px) 100vw, 400px\" \/><\/a><\/p>\n<p>&nbsp;<\/p>\n<p>&nbsp;<\/td>\n<\/tr>\n<\/tbody>\n<\/table>\n<p><a href=\"#H\"><img loading=\"lazy\" decoding=\"async\" class=\"alignright wp-image-28888 size-full\" title=\"retour en haut de page\" src=\"http:\/\/www.deambulations-nomades.eu\/wp-content\/uploads\/2015\/02\/vers-le-haut-flech.jpg\" alt=\"retour en haut de page\" width=\"37\" height=\"55\" \/><\/a><\/p>\n","protected":false},"excerpt":{"rendered":"<p>VOIR page priv\u00e9e D\u00e9part sur les chapeaux de roue sous une pluie dantesque en sortant du boulot. Partons en avance et faisons bien puisqu\u2019un mouvement de gr\u00e8ve se poursuit chez les cheminots, ce qui nous oblige \u00e0 monter vers le Nord en changeant trois fois de train pour enfin revenir sur Vitrolles-Marignane, l\u2019a\u00e9roport o\u00f9 nous &hellip; <a href=\"https:\/\/www.deambulations-nomades.eu\/?page_id=10657\" class=\"more-link\">Continuer la lecture de <span class=\"screen-reader-text\">Marseille-Dublin (octobre 2012)<\/span>  <span class=\"meta-nav\">&rarr;<\/span><\/a><\/p>\n","protected":false},"author":2,"featured_media":0,"parent":10654,"menu_order":0,"comment_status":"closed","ping_status":"open","template":"","meta":{"footnotes":""},"class_list":["post-10657","page","type-page","status-publish","hentry"],"_links":{"self":[{"href":"https:\/\/www.deambulations-nomades.eu\/index.php?rest_route=\/wp\/v2\/pages\/10657","targetHints":{"allow":["GET"]}}],"collection":[{"href":"https:\/\/www.deambulations-nomades.eu\/index.php?rest_route=\/wp\/v2\/pages"}],"about":[{"href":"https:\/\/www.deambulations-nomades.eu\/index.php?rest_route=\/wp\/v2\/types\/page"}],"author":[{"embeddable":true,"href":"https:\/\/www.deambulations-nomades.eu\/index.php?rest_route=\/wp\/v2\/users\/2"}],"replies":[{"embeddable":true,"href":"https:\/\/www.deambulations-nomades.eu\/index.php?rest_route=%2Fwp%2Fv2%2Fcomments&post=10657"}],"version-history":[{"count":79,"href":"https:\/\/www.deambulations-nomades.eu\/index.php?rest_route=\/wp\/v2\/pages\/10657\/revisions"}],"predecessor-version":[{"id":65081,"href":"https:\/\/www.deambulations-nomades.eu\/index.php?rest_route=\/wp\/v2\/pages\/10657\/revisions\/65081"}],"up":[{"embeddable":true,"href":"https:\/\/www.deambulations-nomades.eu\/index.php?rest_route=\/wp\/v2\/pages\/10654"}],"wp:attachment":[{"href":"https:\/\/www.deambulations-nomades.eu\/index.php?rest_route=%2Fwp%2Fv2%2Fmedia&parent=10657"}],"curies":[{"name":"wp","href":"https:\/\/api.w.org\/{rel}","templated":true}]}}