{"id":189,"date":"2012-05-19T15:45:34","date_gmt":"2012-05-19T15:45:34","guid":{"rendered":"http:\/\/www.deambulations-nomades.fr\/?page_id=189"},"modified":"2021-02-22T19:23:04","modified_gmt":"2021-02-22T19:23:04","slug":"un-astrolabe-dans-la-ville","status":"publish","type":"page","link":"https:\/\/www.deambulations-nomades.eu\/?page_id=189","title":{"rendered":"Un astrolabe"},"content":{"rendered":"<p style=\"padding-left: 5px; text-align: left;\"><strong><a href=\"http:\/\/www.deambulations-nomades.eu\/?page_id=191\"><img loading=\"lazy\" decoding=\"async\" class=\" size-full wp-image-29433 alignleft\" src=\"http:\/\/www.deambulations-nomades.eu\/wp-content\/uploads\/2015\/02\/precedent-flech1.jpg\" alt=\"precedent-flech\" width=\"25\" height=\"21\" \/><\/a><\/strong> <a id=\"H\"><\/a><span style=\"font-size: 10px;\"><strong><a href=\"http:\/\/www.deambulations-nomades.eu\/?page_id=187\"><img loading=\"lazy\" decoding=\"async\" class=\" size-full wp-image-29434 alignright\" src=\"http:\/\/www.deambulations-nomades.eu\/wp-content\/uploads\/2015\/02\/suivant-flech1.jpg\" alt=\"suivant-flech\" width=\"25\" height=\"21\" \/><\/a><\/strong><\/span><\/p>\n<table border=\"0\" cellspacing=\"0\">\n<tbody>\n<tr>\n<td><div id='gallery-1' class='gallery galleryid-189 gallery-columns-4 gallery-size-thumbnail'><figure class='gallery-item'>\n\t\t\t<div class='gallery-icon landscape'>\n\t\t\t\t<a href='https:\/\/www.deambulations-nomades.eu\/wp-content\/uploads\/2014\/11\/inde-nord-astrolabe-jaipur-enr-web-800-015.jpg' title=\"\" data-rl_title=\"\" class=\"rl-gallery-link\" data-rl_caption=\"\" data-rel=\"lightbox-gallery-1\"><img loading=\"lazy\" decoding=\"async\" width=\"150\" height=\"150\" src=\"https:\/\/www.deambulations-nomades.eu\/wp-content\/uploads\/2014\/11\/inde-nord-astrolabe-jaipur-enr-web-800-015-150x150.jpg\" class=\"attachment-thumbnail size-thumbnail\" alt=\"\" \/><\/a>\n\t\t\t<\/div><\/figure><figure class='gallery-item'>\n\t\t\t<div class='gallery-icon landscape'>\n\t\t\t\t<a href='https:\/\/www.deambulations-nomades.eu\/wp-content\/uploads\/2014\/11\/inde-nord-astrolabe-jaipur-enr-web-800-014.jpg' title=\"\" data-rl_title=\"\" class=\"rl-gallery-link\" data-rl_caption=\"\" data-rel=\"lightbox-gallery-1\"><img loading=\"lazy\" decoding=\"async\" width=\"150\" height=\"150\" src=\"https:\/\/www.deambulations-nomades.eu\/wp-content\/uploads\/2014\/11\/inde-nord-astrolabe-jaipur-enr-web-800-014-150x150.jpg\" class=\"attachment-thumbnail size-thumbnail\" alt=\"\" \/><\/a>\n\t\t\t<\/div><\/figure><figure class='gallery-item'>\n\t\t\t<div class='gallery-icon landscape'>\n\t\t\t\t<a href='https:\/\/www.deambulations-nomades.eu\/wp-content\/uploads\/2014\/11\/inde-nord-astrolabe-jaipur-enr-web-800-013.jpg' title=\"\" data-rl_title=\"\" class=\"rl-gallery-link\" data-rl_caption=\"\" data-rel=\"lightbox-gallery-1\"><img loading=\"lazy\" decoding=\"async\" width=\"150\" height=\"150\" src=\"https:\/\/www.deambulations-nomades.eu\/wp-content\/uploads\/2014\/11\/inde-nord-astrolabe-jaipur-enr-web-800-013-150x150.jpg\" class=\"attachment-thumbnail size-thumbnail\" alt=\"\" \/><\/a>\n\t\t\t<\/div><\/figure><figure class='gallery-item'>\n\t\t\t<div class='gallery-icon landscape'>\n\t\t\t\t<a href='https:\/\/www.deambulations-nomades.eu\/wp-content\/uploads\/2014\/11\/inde-nord-astrolabe-jaipur-enr-web-800-012.jpg' title=\"\" data-rl_title=\"\" class=\"rl-gallery-link\" data-rl_caption=\"\" data-rel=\"lightbox-gallery-1\"><img loading=\"lazy\" decoding=\"async\" width=\"150\" height=\"150\" src=\"https:\/\/www.deambulations-nomades.eu\/wp-content\/uploads\/2014\/11\/inde-nord-astrolabe-jaipur-enr-web-800-012-150x150.jpg\" class=\"attachment-thumbnail size-thumbnail\" alt=\"\" \/><\/a>\n\t\t\t<\/div><\/figure><figure class='gallery-item'>\n\t\t\t<div class='gallery-icon landscape'>\n\t\t\t\t<a href='https:\/\/www.deambulations-nomades.eu\/wp-content\/uploads\/2014\/11\/inde-nord-astrolabe-jaipur-enr-web-800-011.jpg' title=\"\" data-rl_title=\"\" class=\"rl-gallery-link\" data-rl_caption=\"\" data-rel=\"lightbox-gallery-1\"><img loading=\"lazy\" decoding=\"async\" width=\"150\" height=\"150\" src=\"https:\/\/www.deambulations-nomades.eu\/wp-content\/uploads\/2014\/11\/inde-nord-astrolabe-jaipur-enr-web-800-011-150x150.jpg\" class=\"attachment-thumbnail size-thumbnail\" alt=\"\" \/><\/a>\n\t\t\t<\/div><\/figure><figure class='gallery-item'>\n\t\t\t<div class='gallery-icon landscape'>\n\t\t\t\t<a href='https:\/\/www.deambulations-nomades.eu\/wp-content\/uploads\/2014\/11\/inde-nord-astrolabe-jaipur-enr-web-800-010.jpg' title=\"\" data-rl_title=\"\" class=\"rl-gallery-link\" data-rl_caption=\"\" data-rel=\"lightbox-gallery-1\"><img loading=\"lazy\" decoding=\"async\" width=\"150\" height=\"150\" src=\"https:\/\/www.deambulations-nomades.eu\/wp-content\/uploads\/2014\/11\/inde-nord-astrolabe-jaipur-enr-web-800-010-150x150.jpg\" class=\"attachment-thumbnail size-thumbnail\" alt=\"\" \/><\/a>\n\t\t\t<\/div><\/figure><figure class='gallery-item'>\n\t\t\t<div class='gallery-icon landscape'>\n\t\t\t\t<a href='https:\/\/www.deambulations-nomades.eu\/wp-content\/uploads\/2014\/11\/inde-nord-astrolabe-jaipur-enr-web-800-009.jpg' title=\"\" data-rl_title=\"\" class=\"rl-gallery-link\" data-rl_caption=\"\" data-rel=\"lightbox-gallery-1\"><img loading=\"lazy\" decoding=\"async\" width=\"150\" height=\"150\" src=\"https:\/\/www.deambulations-nomades.eu\/wp-content\/uploads\/2014\/11\/inde-nord-astrolabe-jaipur-enr-web-800-009-150x150.jpg\" class=\"attachment-thumbnail size-thumbnail\" alt=\"\" \/><\/a>\n\t\t\t<\/div><\/figure><figure class='gallery-item'>\n\t\t\t<div class='gallery-icon landscape'>\n\t\t\t\t<a href='https:\/\/www.deambulations-nomades.eu\/wp-content\/uploads\/2014\/11\/inde-nord-astrolabe-jaipur-enr-web-800-008.jpg' title=\"\" data-rl_title=\"\" class=\"rl-gallery-link\" data-rl_caption=\"\" data-rel=\"lightbox-gallery-1\"><img loading=\"lazy\" decoding=\"async\" width=\"150\" height=\"150\" src=\"https:\/\/www.deambulations-nomades.eu\/wp-content\/uploads\/2014\/11\/inde-nord-astrolabe-jaipur-enr-web-800-008-150x150.jpg\" class=\"attachment-thumbnail size-thumbnail\" alt=\"\" \/><\/a>\n\t\t\t<\/div><\/figure><figure class='gallery-item'>\n\t\t\t<div class='gallery-icon portrait'>\n\t\t\t\t<a href='https:\/\/www.deambulations-nomades.eu\/wp-content\/uploads\/2014\/11\/inde-nord-astrolabe-jaipur-enr-web-800-007.jpg' title=\"\" data-rl_title=\"\" class=\"rl-gallery-link\" data-rl_caption=\"\" data-rel=\"lightbox-gallery-1\"><img loading=\"lazy\" decoding=\"async\" width=\"150\" height=\"150\" src=\"https:\/\/www.deambulations-nomades.eu\/wp-content\/uploads\/2014\/11\/inde-nord-astrolabe-jaipur-enr-web-800-007-150x150.jpg\" class=\"attachment-thumbnail size-thumbnail\" alt=\"\" \/><\/a>\n\t\t\t<\/div><\/figure><figure class='gallery-item'>\n\t\t\t<div class='gallery-icon landscape'>\n\t\t\t\t<a href='https:\/\/www.deambulations-nomades.eu\/wp-content\/uploads\/2014\/11\/inde-nord-astrolabe-jaipur-enr-web-800-006.jpg' title=\"\" data-rl_title=\"\" class=\"rl-gallery-link\" data-rl_caption=\"\" data-rel=\"lightbox-gallery-1\"><img loading=\"lazy\" decoding=\"async\" width=\"150\" height=\"150\" src=\"https:\/\/www.deambulations-nomades.eu\/wp-content\/uploads\/2014\/11\/inde-nord-astrolabe-jaipur-enr-web-800-006-150x150.jpg\" class=\"attachment-thumbnail size-thumbnail\" alt=\"\" \/><\/a>\n\t\t\t<\/div><\/figure><figure class='gallery-item'>\n\t\t\t<div class='gallery-icon portrait'>\n\t\t\t\t<a href='https:\/\/www.deambulations-nomades.eu\/wp-content\/uploads\/2014\/11\/inde-nord-astrolabe-jaipur-enr-web-800-005.jpg' title=\"\" data-rl_title=\"\" class=\"rl-gallery-link\" data-rl_caption=\"\" data-rel=\"lightbox-gallery-1\"><img loading=\"lazy\" decoding=\"async\" width=\"150\" height=\"150\" src=\"https:\/\/www.deambulations-nomades.eu\/wp-content\/uploads\/2014\/11\/inde-nord-astrolabe-jaipur-enr-web-800-005-150x150.jpg\" class=\"attachment-thumbnail size-thumbnail\" alt=\"\" \/><\/a>\n\t\t\t<\/div><\/figure><figure class='gallery-item'>\n\t\t\t<div class='gallery-icon landscape'>\n\t\t\t\t<a href='https:\/\/www.deambulations-nomades.eu\/wp-content\/uploads\/2014\/11\/inde-nord-astrolabe-jaipur-enr-web-800-004.jpg' title=\"\" data-rl_title=\"\" class=\"rl-gallery-link\" data-rl_caption=\"\" data-rel=\"lightbox-gallery-1\"><img loading=\"lazy\" decoding=\"async\" width=\"150\" height=\"150\" src=\"https:\/\/www.deambulations-nomades.eu\/wp-content\/uploads\/2014\/11\/inde-nord-astrolabe-jaipur-enr-web-800-004-150x150.jpg\" class=\"attachment-thumbnail size-thumbnail\" alt=\"\" \/><\/a>\n\t\t\t<\/div><\/figure><figure class='gallery-item'>\n\t\t\t<div class='gallery-icon landscape'>\n\t\t\t\t<a href='https:\/\/www.deambulations-nomades.eu\/wp-content\/uploads\/2014\/11\/inde-nord-astrolabe-jaipur-enr-web-800-003.jpg' title=\"\" data-rl_title=\"\" class=\"rl-gallery-link\" data-rl_caption=\"\" data-rel=\"lightbox-gallery-1\"><img loading=\"lazy\" decoding=\"async\" width=\"150\" height=\"150\" src=\"https:\/\/www.deambulations-nomades.eu\/wp-content\/uploads\/2014\/11\/inde-nord-astrolabe-jaipur-enr-web-800-003-150x150.jpg\" class=\"attachment-thumbnail size-thumbnail\" alt=\"\" \/><\/a>\n\t\t\t<\/div><\/figure><figure class='gallery-item'>\n\t\t\t<div class='gallery-icon landscape'>\n\t\t\t\t<a href='https:\/\/www.deambulations-nomades.eu\/wp-content\/uploads\/2014\/11\/inde-nord-astrolabe-jaipur-enr-web-800-002.jpg' title=\"\" data-rl_title=\"\" class=\"rl-gallery-link\" data-rl_caption=\"\" data-rel=\"lightbox-gallery-1\"><img loading=\"lazy\" decoding=\"async\" width=\"150\" height=\"150\" src=\"https:\/\/www.deambulations-nomades.eu\/wp-content\/uploads\/2014\/11\/inde-nord-astrolabe-jaipur-enr-web-800-002-150x150.jpg\" class=\"attachment-thumbnail size-thumbnail\" alt=\"\" \/><\/a>\n\t\t\t<\/div><\/figure><figure class='gallery-item'>\n\t\t\t<div class='gallery-icon landscape'>\n\t\t\t\t<a href='https:\/\/www.deambulations-nomades.eu\/wp-content\/uploads\/2014\/11\/inde-nord-astrolabe-jaipur-enr-web-800-001.jpg' title=\"\" data-rl_title=\"\" class=\"rl-gallery-link\" data-rl_caption=\"\" data-rel=\"lightbox-gallery-1\"><img loading=\"lazy\" decoding=\"async\" width=\"150\" height=\"150\" src=\"https:\/\/www.deambulations-nomades.eu\/wp-content\/uploads\/2014\/11\/inde-nord-astrolabe-jaipur-enr-web-800-001-150x150.jpg\" class=\"attachment-thumbnail size-thumbnail\" alt=\"\" \/><\/a>\n\t\t\t<\/div><\/figure><figure class='gallery-item'>\n\t\t\t<div class='gallery-icon landscape'>\n\t\t\t\t<a href='https:\/\/www.deambulations-nomades.eu\/wp-content\/uploads\/2014\/11\/inde-nord-astrolabe-jaipur-enr-web-800-017.jpg' title=\"\" data-rl_title=\"\" class=\"rl-gallery-link\" data-rl_caption=\"\" data-rel=\"lightbox-gallery-1\"><img loading=\"lazy\" decoding=\"async\" width=\"150\" height=\"150\" src=\"https:\/\/www.deambulations-nomades.eu\/wp-content\/uploads\/2014\/11\/inde-nord-astrolabe-jaipur-enr-web-800-017-150x150.jpg\" class=\"attachment-thumbnail size-thumbnail\" alt=\"\" \/><\/a>\n\t\t\t<\/div><\/figure><figure class='gallery-item'>\n\t\t\t<div class='gallery-icon landscape'>\n\t\t\t\t<a href='https:\/\/www.deambulations-nomades.eu\/wp-content\/uploads\/2014\/11\/inde-nord-astrolabe-jaipur-enr-web-800-016.jpg' title=\"\" data-rl_title=\"\" class=\"rl-gallery-link\" data-rl_caption=\"\" data-rel=\"lightbox-gallery-1\"><img loading=\"lazy\" decoding=\"async\" width=\"150\" height=\"150\" src=\"https:\/\/www.deambulations-nomades.eu\/wp-content\/uploads\/2014\/11\/inde-nord-astrolabe-jaipur-enr-web-800-016-150x150.jpg\" class=\"attachment-thumbnail size-thumbnail\" alt=\"\" \/><\/a>\n\t\t\t<\/div><\/figure>\n\t\t<\/div>\n<\/td>\n<td>&nbsp;<\/p>\n<p style=\"text-align: justify;\"><strong>Un astrolabe dans la ville\u00a0(Janta Mantar <\/strong>ou Yantra Mandir \u00e0 Jaipur<strong>)<\/strong><\/p>\n<p>&nbsp;<\/p>\n<p>&nbsp;<\/p>\n<p>&nbsp;<\/p>\n<p style=\"text-align: justify;\"><strong>\u00a0<\/strong>Ce pourrait \u00eatre le titre d\u2019un roman policier et de fait, on n\u2019en est pas tr\u00e8s loin.<\/p>\n<p>&nbsp;<\/p>\n<p style=\"text-align: justify;\">B\u00e2ti par le maharaja Jai Singh II entre 1727 et 1733. Il est compos\u00e9 de 17 instruments, dont le plus imposant est le Brihat Samrat Yantra, cadran solaire de 27 m\u00e8tres de haut. Pour comprendre le sens de cet observatoire il faut jouer les Sherlock Holmes du d\u00e9but jusqu\u2019\u00e0 la fin.<\/p>\n<p>&nbsp;<\/p>\n<p style=\"text-align: justify;\">Et la v\u00e9rit\u00e9 se fait jour au bout de l\u2019enqu\u00eate\u00a0: vous apprendrez tout de la course des astres, du zodiaque et de l\u2019influence du soleil sur la plan\u00e8te Terre.<strong>\u00a0<\/strong><\/p>\n<\/td>\n<\/tr>\n<tr>\n<td><\/td>\n<td><\/td>\n<\/tr>\n<\/tbody>\n<\/table>\n<p>&nbsp;<\/p>\n<p><a href=\"#H\"><img loading=\"lazy\" decoding=\"async\" class=\"alignright wp-image-28888 size-full\" title=\"retour en haut de page\" src=\"http:\/\/www.deambulations-nomades.eu\/wp-content\/uploads\/2015\/02\/vers-le-haut-flech.jpg\" alt=\"retour en haut de page\" width=\"37\" height=\"55\" \/><\/a><\/p>\n","protected":false},"excerpt":{"rendered":"<p>&nbsp; Un astrolabe dans la ville\u00a0(Janta Mantar ou Yantra Mandir \u00e0 Jaipur) &nbsp; &nbsp; &nbsp; \u00a0Ce pourrait \u00eatre le titre d\u2019un roman policier et de fait, on n\u2019en est pas tr\u00e8s loin. &nbsp; B\u00e2ti par le maharaja Jai Singh II entre 1727 et 1733. Il est compos\u00e9 de 17 instruments, dont le plus imposant est &hellip; <a href=\"https:\/\/www.deambulations-nomades.eu\/?page_id=189\" class=\"more-link\">Continuer la lecture de <span class=\"screen-reader-text\">Un astrolabe<\/span>  <span class=\"meta-nav\">&rarr;<\/span><\/a><\/p>\n","protected":false},"author":1,"featured_media":0,"parent":49,"menu_order":8,"comment_status":"open","ping_status":"open","template":"","meta":{"footnotes":""},"class_list":["post-189","page","type-page","status-publish","hentry"],"_links":{"self":[{"href":"https:\/\/www.deambulations-nomades.eu\/index.php?rest_route=\/wp\/v2\/pages\/189","targetHints":{"allow":["GET"]}}],"collection":[{"href":"https:\/\/www.deambulations-nomades.eu\/index.php?rest_route=\/wp\/v2\/pages"}],"about":[{"href":"https:\/\/www.deambulations-nomades.eu\/index.php?rest_route=\/wp\/v2\/types\/page"}],"author":[{"embeddable":true,"href":"https:\/\/www.deambulations-nomades.eu\/index.php?rest_route=\/wp\/v2\/users\/1"}],"replies":[{"embeddable":true,"href":"https:\/\/www.deambulations-nomades.eu\/index.php?rest_route=%2Fwp%2Fv2%2Fcomments&post=189"}],"version-history":[{"count":19,"href":"https:\/\/www.deambulations-nomades.eu\/index.php?rest_route=\/wp\/v2\/pages\/189\/revisions"}],"predecessor-version":[{"id":65492,"href":"https:\/\/www.deambulations-nomades.eu\/index.php?rest_route=\/wp\/v2\/pages\/189\/revisions\/65492"}],"up":[{"embeddable":true,"href":"https:\/\/www.deambulations-nomades.eu\/index.php?rest_route=\/wp\/v2\/pages\/49"}],"wp:attachment":[{"href":"https:\/\/www.deambulations-nomades.eu\/index.php?rest_route=%2Fwp%2Fv2%2Fmedia&parent=189"}],"curies":[{"name":"wp","href":"https:\/\/api.w.org\/{rel}","templated":true}]}}