{"id":30200,"date":"2015-03-08T10:59:17","date_gmt":"2015-03-08T10:59:17","guid":{"rendered":"http:\/\/www.deambulations-nomades.eu\/?page_id=30200"},"modified":"2021-02-18T17:58:18","modified_gmt":"2021-02-18T17:58:18","slug":"07-aus-sesriem-et-ses-environs","status":"publish","type":"page","link":"https:\/\/www.deambulations-nomades.eu\/?page_id=30200","title":{"rendered":"Epupa-Opuwo-Sesfontein"},"content":{"rendered":"<p style=\"padding-left: 5px; text-align: right;\"><strong><a href=\"http:\/\/www.deambulations-nomades.eu\/?page_id=30199\"><img loading=\"lazy\" decoding=\"async\" class=\" size-full wp-image-29433 alignleft\" src=\"http:\/\/www.deambulations-nomades.eu\/wp-content\/uploads\/2015\/02\/precedent-flech1.jpg\" alt=\"precedent-flech\" width=\"25\" height=\"21\" \/><\/a><\/strong><a id=\"H\"><\/a> <span style=\"color: #c3a954; font-size: 12px;\"><a style=\"color: #c3a954;\" href=\"http:\/\/www.deambulations-nomades.eu\/?page_id=30286\" target=\"_blank\" rel=\"noopener\">VOIR page priv\u00e9e<\/a><\/span><span style=\"font-size: 10px;\"><strong><a href=\"http:\/\/www.deambulations-nomades.eu\/?page_id=30201\"><img loading=\"lazy\" decoding=\"async\" class=\" size-full wp-image-29434 alignright\" src=\"http:\/\/www.deambulations-nomades.eu\/wp-content\/uploads\/2015\/02\/suivant-flech1.jpg\" alt=\"suivant-flech\" width=\"25\" height=\"21\" \/><\/a><\/strong><\/span><\/p>\n<table style=\"width: 100%px;\" border=\"0\" cellspacing=\"0\">\n<tbody>\n<tr>\n<td style=\"width: 523.883px;\"><div id='gallery-1' class='gallery galleryid-30200 gallery-columns-4 gallery-size-thumbnail'><figure class='gallery-item'>\n\t\t\t<div class='gallery-icon landscape'>\n\t\t\t\t<a href='https:\/\/www.deambulations-nomades.eu\/wp-content\/uploads\/2015\/09\/namibie-18-juillet-Epupa-Opuwo-Sesfontein-P1650168-enr-web-800-800x600.jpg' title=\"\" data-rl_title=\"\" class=\"rl-gallery-link\" data-rl_caption=\"\" data-rel=\"lightbox-gallery-1\"><img loading=\"lazy\" decoding=\"async\" width=\"150\" height=\"150\" src=\"https:\/\/www.deambulations-nomades.eu\/wp-content\/uploads\/2015\/09\/namibie-18-juillet-Epupa-Opuwo-Sesfontein-P1650168-enr-web-800-150x150.jpg\" class=\"attachment-thumbnail size-thumbnail\" alt=\"\" \/><\/a>\n\t\t\t<\/div><\/figure><figure class='gallery-item'>\n\t\t\t<div class='gallery-icon landscape'>\n\t\t\t\t<a href='https:\/\/www.deambulations-nomades.eu\/wp-content\/uploads\/2015\/09\/namibie-18-juillet-Epupa-Opuwo-Sesfontein-P1640957-enr-web-800-800x599.jpg' title=\"\" data-rl_title=\"\" class=\"rl-gallery-link\" data-rl_caption=\"\" data-rel=\"lightbox-gallery-1\"><img loading=\"lazy\" decoding=\"async\" width=\"150\" height=\"150\" src=\"https:\/\/www.deambulations-nomades.eu\/wp-content\/uploads\/2015\/09\/namibie-18-juillet-Epupa-Opuwo-Sesfontein-P1640957-enr-web-800-150x150.jpg\" class=\"attachment-thumbnail size-thumbnail\" alt=\"\" \/><\/a>\n\t\t\t<\/div><\/figure><figure class='gallery-item'>\n\t\t\t<div class='gallery-icon landscape'>\n\t\t\t\t<a href='https:\/\/www.deambulations-nomades.eu\/wp-content\/uploads\/2015\/09\/namibie-18-juillet-Epupa-Opuwo-Sesfontein-P1640970-enr-web-800-800x617.jpg' title=\"\" data-rl_title=\"\" class=\"rl-gallery-link\" data-rl_caption=\"\" data-rel=\"lightbox-gallery-1\"><img loading=\"lazy\" decoding=\"async\" width=\"150\" height=\"150\" src=\"https:\/\/www.deambulations-nomades.eu\/wp-content\/uploads\/2015\/09\/namibie-18-juillet-Epupa-Opuwo-Sesfontein-P1640970-enr-web-800-150x150.jpg\" class=\"attachment-thumbnail size-thumbnail\" alt=\"\" \/><\/a>\n\t\t\t<\/div><\/figure><figure class='gallery-item'>\n\t\t\t<div class='gallery-icon portrait'>\n\t\t\t\t<a href='https:\/\/www.deambulations-nomades.eu\/wp-content\/uploads\/2015\/09\/namibie-18-juillet-Epupa-Opuwo-Sesfontein-P1640973-enr-web-800-800x898.jpg' title=\"\" data-rl_title=\"\" class=\"rl-gallery-link\" data-rl_caption=\"\" data-rel=\"lightbox-gallery-1\"><img loading=\"lazy\" decoding=\"async\" width=\"150\" height=\"150\" src=\"https:\/\/www.deambulations-nomades.eu\/wp-content\/uploads\/2015\/09\/namibie-18-juillet-Epupa-Opuwo-Sesfontein-P1640973-enr-web-800-150x150.jpg\" class=\"attachment-thumbnail size-thumbnail\" alt=\"\" \/><\/a>\n\t\t\t<\/div><\/figure><figure class='gallery-item'>\n\t\t\t<div class='gallery-icon landscape'>\n\t\t\t\t<a href='https:\/\/www.deambulations-nomades.eu\/wp-content\/uploads\/2015\/09\/namibie-18-juillet-Epupa-Opuwo-Sesfontein-P1640983-enr-web-800-800x593.jpg' title=\"\" data-rl_title=\"\" class=\"rl-gallery-link\" data-rl_caption=\"\" data-rel=\"lightbox-gallery-1\"><img loading=\"lazy\" decoding=\"async\" width=\"150\" height=\"150\" src=\"https:\/\/www.deambulations-nomades.eu\/wp-content\/uploads\/2015\/09\/namibie-18-juillet-Epupa-Opuwo-Sesfontein-P1640983-enr-web-800-150x150.jpg\" class=\"attachment-thumbnail size-thumbnail\" alt=\"\" \/><\/a>\n\t\t\t<\/div><\/figure><figure class='gallery-item'>\n\t\t\t<div class='gallery-icon landscape'>\n\t\t\t\t<a href='https:\/\/www.deambulations-nomades.eu\/wp-content\/uploads\/2015\/09\/namibie-18-juillet-Epupa-Opuwo-Sesfontein-P1650031-enr-web-800-800x404.jpg' title=\"\" data-rl_title=\"\" class=\"rl-gallery-link\" data-rl_caption=\"\" data-rel=\"lightbox-gallery-1\"><img loading=\"lazy\" decoding=\"async\" width=\"150\" height=\"150\" src=\"https:\/\/www.deambulations-nomades.eu\/wp-content\/uploads\/2015\/09\/namibie-18-juillet-Epupa-Opuwo-Sesfontein-P1650031-enr-web-800-150x150.jpg\" class=\"attachment-thumbnail size-thumbnail\" alt=\"\" \/><\/a>\n\t\t\t<\/div><\/figure><figure class='gallery-item'>\n\t\t\t<div class='gallery-icon landscape'>\n\t\t\t\t<a href='https:\/\/www.deambulations-nomades.eu\/wp-content\/uploads\/2015\/09\/namibie-18-juillet-Epupa-Opuwo-Sesfontein-P1650042-enr-web-800-800x491.jpg' title=\"\" data-rl_title=\"\" class=\"rl-gallery-link\" data-rl_caption=\"\" data-rel=\"lightbox-gallery-1\"><img loading=\"lazy\" decoding=\"async\" width=\"150\" height=\"150\" src=\"https:\/\/www.deambulations-nomades.eu\/wp-content\/uploads\/2015\/09\/namibie-18-juillet-Epupa-Opuwo-Sesfontein-P1650042-enr-web-800-150x150.jpg\" class=\"attachment-thumbnail size-thumbnail\" alt=\"\" \/><\/a>\n\t\t\t<\/div><\/figure><figure class='gallery-item'>\n\t\t\t<div class='gallery-icon landscape'>\n\t\t\t\t<a href='https:\/\/www.deambulations-nomades.eu\/wp-content\/uploads\/2015\/09\/namibie-18-juillet-Epupa-Opuwo-Sesfontein-P1650078-enr-web-800-800x325.jpg' title=\"\" data-rl_title=\"\" class=\"rl-gallery-link\" data-rl_caption=\"\" data-rel=\"lightbox-gallery-1\"><img loading=\"lazy\" decoding=\"async\" width=\"150\" height=\"150\" src=\"https:\/\/www.deambulations-nomades.eu\/wp-content\/uploads\/2015\/09\/namibie-18-juillet-Epupa-Opuwo-Sesfontein-P1650078-enr-web-800-150x150.jpg\" class=\"attachment-thumbnail size-thumbnail\" alt=\"\" \/><\/a>\n\t\t\t<\/div><\/figure><figure class='gallery-item'>\n\t\t\t<div class='gallery-icon portrait'>\n\t\t\t\t<a href='https:\/\/www.deambulations-nomades.eu\/wp-content\/uploads\/2015\/09\/namibie-18-juillet-Epupa-Opuwo-Sesfontein-P1650080-enr-web-800-800x1067.jpg' title=\"\" data-rl_title=\"\" class=\"rl-gallery-link\" data-rl_caption=\"\" data-rel=\"lightbox-gallery-1\"><img loading=\"lazy\" decoding=\"async\" width=\"150\" height=\"150\" src=\"https:\/\/www.deambulations-nomades.eu\/wp-content\/uploads\/2015\/09\/namibie-18-juillet-Epupa-Opuwo-Sesfontein-P1650080-enr-web-800-150x150.jpg\" class=\"attachment-thumbnail size-thumbnail\" alt=\"\" \/><\/a>\n\t\t\t<\/div><\/figure><figure class='gallery-item'>\n\t\t\t<div class='gallery-icon portrait'>\n\t\t\t\t<a href='https:\/\/www.deambulations-nomades.eu\/wp-content\/uploads\/2015\/09\/namibie-18-juillet-Epupa-Opuwo-Sesfontein-P1650081-enr-web-800-800x902.jpg' title=\"\" data-rl_title=\"\" class=\"rl-gallery-link\" data-rl_caption=\"\" data-rel=\"lightbox-gallery-1\"><img loading=\"lazy\" decoding=\"async\" width=\"150\" height=\"150\" src=\"https:\/\/www.deambulations-nomades.eu\/wp-content\/uploads\/2015\/09\/namibie-18-juillet-Epupa-Opuwo-Sesfontein-P1650081-enr-web-800-150x150.jpg\" class=\"attachment-thumbnail size-thumbnail\" alt=\"\" \/><\/a>\n\t\t\t<\/div><\/figure><figure class='gallery-item'>\n\t\t\t<div class='gallery-icon portrait'>\n\t\t\t\t<a href='https:\/\/www.deambulations-nomades.eu\/wp-content\/uploads\/2015\/09\/namibie-18-juillet-Epupa-Opuwo-Sesfontein-P1650086-enr-web-800-699x1200.jpg' title=\"\" data-rl_title=\"\" class=\"rl-gallery-link\" data-rl_caption=\"\" data-rel=\"lightbox-gallery-1\"><img loading=\"lazy\" decoding=\"async\" width=\"150\" height=\"150\" src=\"https:\/\/www.deambulations-nomades.eu\/wp-content\/uploads\/2015\/09\/namibie-18-juillet-Epupa-Opuwo-Sesfontein-P1650086-enr-web-800-150x150.jpg\" class=\"attachment-thumbnail size-thumbnail\" alt=\"\" \/><\/a>\n\t\t\t<\/div><\/figure><figure class='gallery-item'>\n\t\t\t<div class='gallery-icon landscape'>\n\t\t\t\t<a href='https:\/\/www.deambulations-nomades.eu\/wp-content\/uploads\/2015\/09\/namibie-18-juillet-Epupa-Opuwo-Sesfontein-P1650092-enr-web-800-800x499.jpg' title=\"\" data-rl_title=\"\" class=\"rl-gallery-link\" data-rl_caption=\"\" data-rel=\"lightbox-gallery-1\"><img loading=\"lazy\" decoding=\"async\" width=\"150\" height=\"150\" src=\"https:\/\/www.deambulations-nomades.eu\/wp-content\/uploads\/2015\/09\/namibie-18-juillet-Epupa-Opuwo-Sesfontein-P1650092-enr-web-800-150x150.jpg\" class=\"attachment-thumbnail size-thumbnail\" alt=\"\" \/><\/a>\n\t\t\t<\/div><\/figure><figure class='gallery-item'>\n\t\t\t<div class='gallery-icon landscape'>\n\t\t\t\t<a href='https:\/\/www.deambulations-nomades.eu\/wp-content\/uploads\/2015\/09\/namibie-18-juillet-Epupa-Opuwo-Sesfontein-P1650097-enr-web-800-800x514.jpg' title=\"\" data-rl_title=\"\" class=\"rl-gallery-link\" data-rl_caption=\"\" data-rel=\"lightbox-gallery-1\"><img loading=\"lazy\" decoding=\"async\" width=\"150\" height=\"150\" src=\"https:\/\/www.deambulations-nomades.eu\/wp-content\/uploads\/2015\/09\/namibie-18-juillet-Epupa-Opuwo-Sesfontein-P1650097-enr-web-800-150x150.jpg\" class=\"attachment-thumbnail size-thumbnail\" alt=\"\" \/><\/a>\n\t\t\t<\/div><\/figure><figure class='gallery-item'>\n\t\t\t<div class='gallery-icon landscape'>\n\t\t\t\t<a href='https:\/\/www.deambulations-nomades.eu\/wp-content\/uploads\/2015\/09\/namibie-18-juillet-Epupa-Opuwo-Sesfontein-P1650099-enr-web-800-800x470.jpg' title=\"\" data-rl_title=\"\" class=\"rl-gallery-link\" data-rl_caption=\"\" data-rel=\"lightbox-gallery-1\"><img loading=\"lazy\" decoding=\"async\" width=\"150\" height=\"150\" src=\"https:\/\/www.deambulations-nomades.eu\/wp-content\/uploads\/2015\/09\/namibie-18-juillet-Epupa-Opuwo-Sesfontein-P1650099-enr-web-800-150x150.jpg\" class=\"attachment-thumbnail size-thumbnail\" alt=\"\" \/><\/a>\n\t\t\t<\/div><\/figure><figure class='gallery-item'>\n\t\t\t<div class='gallery-icon portrait'>\n\t\t\t\t<a href='https:\/\/www.deambulations-nomades.eu\/wp-content\/uploads\/2015\/09\/namibie-18-juillet-Epupa-Opuwo-Sesfontein-P1650100-enr-web-800-800x992.jpg' title=\"\" data-rl_title=\"\" class=\"rl-gallery-link\" data-rl_caption=\"\" data-rel=\"lightbox-gallery-1\"><img loading=\"lazy\" decoding=\"async\" width=\"150\" height=\"150\" src=\"https:\/\/www.deambulations-nomades.eu\/wp-content\/uploads\/2015\/09\/namibie-18-juillet-Epupa-Opuwo-Sesfontein-P1650100-enr-web-800-150x150.jpg\" class=\"attachment-thumbnail size-thumbnail\" alt=\"\" \/><\/a>\n\t\t\t<\/div><\/figure><figure class='gallery-item'>\n\t\t\t<div class='gallery-icon landscape'>\n\t\t\t\t<a href='https:\/\/www.deambulations-nomades.eu\/wp-content\/uploads\/2015\/09\/namibie-18-juillet-Epupa-Opuwo-Sesfontein-P1650101-enr-web-800-800x649.jpg' title=\"\" data-rl_title=\"\" class=\"rl-gallery-link\" data-rl_caption=\"\" data-rel=\"lightbox-gallery-1\"><img loading=\"lazy\" decoding=\"async\" width=\"150\" height=\"150\" src=\"https:\/\/www.deambulations-nomades.eu\/wp-content\/uploads\/2015\/09\/namibie-18-juillet-Epupa-Opuwo-Sesfontein-P1650101-enr-web-800-150x150.jpg\" class=\"attachment-thumbnail size-thumbnail\" alt=\"\" \/><\/a>\n\t\t\t<\/div><\/figure><figure class='gallery-item'>\n\t\t\t<div class='gallery-icon landscape'>\n\t\t\t\t<a href='https:\/\/www.deambulations-nomades.eu\/wp-content\/uploads\/2015\/09\/namibie-18-juillet-Epupa-Opuwo-Sesfontein-P1650102-enr-web-800-800x543.jpg' title=\"\" data-rl_title=\"\" class=\"rl-gallery-link\" data-rl_caption=\"\" data-rel=\"lightbox-gallery-1\"><img loading=\"lazy\" decoding=\"async\" width=\"150\" height=\"150\" src=\"https:\/\/www.deambulations-nomades.eu\/wp-content\/uploads\/2015\/09\/namibie-18-juillet-Epupa-Opuwo-Sesfontein-P1650102-enr-web-800-150x150.jpg\" class=\"attachment-thumbnail size-thumbnail\" alt=\"\" \/><\/a>\n\t\t\t<\/div><\/figure><figure class='gallery-item'>\n\t\t\t<div class='gallery-icon portrait'>\n\t\t\t\t<a href='https:\/\/www.deambulations-nomades.eu\/wp-content\/uploads\/2015\/09\/namibie-18-juillet-Epupa-Opuwo-Sesfontein-P1650105-enr-web-800-800x1067.jpg' title=\"\" data-rl_title=\"\" class=\"rl-gallery-link\" data-rl_caption=\"\" data-rel=\"lightbox-gallery-1\"><img loading=\"lazy\" decoding=\"async\" width=\"150\" height=\"150\" src=\"https:\/\/www.deambulations-nomades.eu\/wp-content\/uploads\/2015\/09\/namibie-18-juillet-Epupa-Opuwo-Sesfontein-P1650105-enr-web-800-150x150.jpg\" class=\"attachment-thumbnail size-thumbnail\" alt=\"\" \/><\/a>\n\t\t\t<\/div><\/figure><figure class='gallery-item'>\n\t\t\t<div class='gallery-icon portrait'>\n\t\t\t\t<a href='https:\/\/www.deambulations-nomades.eu\/wp-content\/uploads\/2015\/09\/namibie-18-juillet-Epupa-Opuwo-Sesfontein-P1650109-enr-web-800-800x1067.jpg' title=\"\" data-rl_title=\"\" class=\"rl-gallery-link\" data-rl_caption=\"\" data-rel=\"lightbox-gallery-1\"><img loading=\"lazy\" decoding=\"async\" width=\"150\" height=\"150\" src=\"https:\/\/www.deambulations-nomades.eu\/wp-content\/uploads\/2015\/09\/namibie-18-juillet-Epupa-Opuwo-Sesfontein-P1650109-enr-web-800-150x150.jpg\" class=\"attachment-thumbnail size-thumbnail\" alt=\"\" \/><\/a>\n\t\t\t<\/div><\/figure><figure class='gallery-item'>\n\t\t\t<div class='gallery-icon landscape'>\n\t\t\t\t<a href='https:\/\/www.deambulations-nomades.eu\/wp-content\/uploads\/2015\/09\/namibie-18-juillet-Epupa-Opuwo-Sesfontein-P1650116-enr-web-800-800x600.jpg' title=\"\" data-rl_title=\"\" class=\"rl-gallery-link\" data-rl_caption=\"\" data-rel=\"lightbox-gallery-1\"><img loading=\"lazy\" decoding=\"async\" width=\"150\" height=\"150\" src=\"https:\/\/www.deambulations-nomades.eu\/wp-content\/uploads\/2015\/09\/namibie-18-juillet-Epupa-Opuwo-Sesfontein-P1650116-enr-web-800-150x150.jpg\" class=\"attachment-thumbnail size-thumbnail\" alt=\"\" \/><\/a>\n\t\t\t<\/div><\/figure><figure class='gallery-item'>\n\t\t\t<div class='gallery-icon landscape'>\n\t\t\t\t<a href='https:\/\/www.deambulations-nomades.eu\/wp-content\/uploads\/2015\/10\/namibie-18-juillet-Epupa-Opuwo-Sesfontein-Flou-P1650120-800x600.jpg' title=\"\" data-rl_title=\"\" class=\"rl-gallery-link\" data-rl_caption=\"\" data-rel=\"lightbox-gallery-1\"><img loading=\"lazy\" decoding=\"async\" width=\"150\" height=\"150\" src=\"https:\/\/www.deambulations-nomades.eu\/wp-content\/uploads\/2015\/10\/namibie-18-juillet-Epupa-Opuwo-Sesfontein-Flou-P1650120-150x150.jpg\" class=\"attachment-thumbnail size-thumbnail\" alt=\"\" \/><\/a>\n\t\t\t<\/div><\/figure><figure class='gallery-item'>\n\t\t\t<div class='gallery-icon landscape'>\n\t\t\t\t<a href='https:\/\/www.deambulations-nomades.eu\/wp-content\/uploads\/2015\/09\/namibie-18-juillet-Epupa-Opuwo-Sesfontein-P1650122-enr-web-800-800x600.jpg' title=\"\" data-rl_title=\"\" class=\"rl-gallery-link\" data-rl_caption=\"\" data-rel=\"lightbox-gallery-1\"><img loading=\"lazy\" decoding=\"async\" width=\"150\" height=\"150\" src=\"https:\/\/www.deambulations-nomades.eu\/wp-content\/uploads\/2015\/09\/namibie-18-juillet-Epupa-Opuwo-Sesfontein-P1650122-enr-web-800-150x150.jpg\" class=\"attachment-thumbnail size-thumbnail\" alt=\"\" \/><\/a>\n\t\t\t<\/div><\/figure><figure class='gallery-item'>\n\t\t\t<div class='gallery-icon landscape'>\n\t\t\t\t<a href='https:\/\/www.deambulations-nomades.eu\/wp-content\/uploads\/2015\/09\/namibie-18-juillet-Epupa-Opuwo-Sesfontein-P1650134-enr-web-800-800x600.jpg' title=\"\" data-rl_title=\"\" class=\"rl-gallery-link\" data-rl_caption=\"\" data-rel=\"lightbox-gallery-1\"><img loading=\"lazy\" decoding=\"async\" width=\"150\" height=\"150\" src=\"https:\/\/www.deambulations-nomades.eu\/wp-content\/uploads\/2015\/09\/namibie-18-juillet-Epupa-Opuwo-Sesfontein-P1650134-enr-web-800-150x150.jpg\" class=\"attachment-thumbnail size-thumbnail\" alt=\"\" \/><\/a>\n\t\t\t<\/div><\/figure><figure class='gallery-item'>\n\t\t\t<div class='gallery-icon landscape'>\n\t\t\t\t<a href='https:\/\/www.deambulations-nomades.eu\/wp-content\/uploads\/2015\/09\/namibie-18-juillet-Epupa-Opuwo-Sesfontein-P1650143-enr-web-800-800x528.jpg' title=\"\" data-rl_title=\"\" class=\"rl-gallery-link\" data-rl_caption=\"\" data-rel=\"lightbox-gallery-1\"><img loading=\"lazy\" decoding=\"async\" width=\"150\" height=\"150\" src=\"https:\/\/www.deambulations-nomades.eu\/wp-content\/uploads\/2015\/09\/namibie-18-juillet-Epupa-Opuwo-Sesfontein-P1650143-enr-web-800-150x150.jpg\" class=\"attachment-thumbnail size-thumbnail\" alt=\"\" \/><\/a>\n\t\t\t<\/div><\/figure><figure class='gallery-item'>\n\t\t\t<div class='gallery-icon landscape'>\n\t\t\t\t<a href='https:\/\/www.deambulations-nomades.eu\/wp-content\/uploads\/2015\/09\/namibie-18-juillet-Epupa-Opuwo-Sesfontein-P1650147-enr-web-800-800x600.jpg' title=\"\" data-rl_title=\"\" class=\"rl-gallery-link\" data-rl_caption=\"\" data-rel=\"lightbox-gallery-1\"><img loading=\"lazy\" decoding=\"async\" width=\"150\" height=\"150\" src=\"https:\/\/www.deambulations-nomades.eu\/wp-content\/uploads\/2015\/09\/namibie-18-juillet-Epupa-Opuwo-Sesfontein-P1650147-enr-web-800-150x150.jpg\" class=\"attachment-thumbnail size-thumbnail\" alt=\"\" \/><\/a>\n\t\t\t<\/div><\/figure><figure class='gallery-item'>\n\t\t\t<div class='gallery-icon landscape'>\n\t\t\t\t<a href='https:\/\/www.deambulations-nomades.eu\/wp-content\/uploads\/2015\/09\/namibie-18-juillet-Epupa-Opuwo-Sesfontein-P1650154-enr-web-800-800x600.jpg' title=\"\" data-rl_title=\"\" class=\"rl-gallery-link\" data-rl_caption=\"\" data-rel=\"lightbox-gallery-1\"><img loading=\"lazy\" decoding=\"async\" width=\"150\" height=\"150\" src=\"https:\/\/www.deambulations-nomades.eu\/wp-content\/uploads\/2015\/09\/namibie-18-juillet-Epupa-Opuwo-Sesfontein-P1650154-enr-web-800-150x150.jpg\" class=\"attachment-thumbnail size-thumbnail\" alt=\"\" \/><\/a>\n\t\t\t<\/div><\/figure><figure class='gallery-item'>\n\t\t\t<div class='gallery-icon landscape'>\n\t\t\t\t<a href='https:\/\/www.deambulations-nomades.eu\/wp-content\/uploads\/2015\/09\/namibie-18-juillet-Epupa-Opuwo-Sesfontein-P1650169-enr-web-800-800x499.jpg' title=\"\" data-rl_title=\"\" class=\"rl-gallery-link\" data-rl_caption=\"\" data-rel=\"lightbox-gallery-1\"><img loading=\"lazy\" decoding=\"async\" width=\"150\" height=\"150\" src=\"https:\/\/www.deambulations-nomades.eu\/wp-content\/uploads\/2015\/09\/namibie-18-juillet-Epupa-Opuwo-Sesfontein-P1650169-enr-web-800-150x150.jpg\" class=\"attachment-thumbnail size-thumbnail\" alt=\"\" \/><\/a>\n\t\t\t<\/div><\/figure><figure class='gallery-item'>\n\t\t\t<div class='gallery-icon landscape'>\n\t\t\t\t<a href='https:\/\/www.deambulations-nomades.eu\/wp-content\/uploads\/2015\/09\/namibie-18-juillet-Epupa-Opuwo-Sesfontein-P1650171-enr-web-800-800x489.jpg' title=\"\" data-rl_title=\"\" class=\"rl-gallery-link\" data-rl_caption=\"\" data-rel=\"lightbox-gallery-1\"><img loading=\"lazy\" decoding=\"async\" width=\"150\" height=\"150\" src=\"https:\/\/www.deambulations-nomades.eu\/wp-content\/uploads\/2015\/09\/namibie-18-juillet-Epupa-Opuwo-Sesfontein-P1650171-enr-web-800-150x150.jpg\" class=\"attachment-thumbnail size-thumbnail\" alt=\"\" \/><\/a>\n\t\t\t<\/div><\/figure>\n\t\t<\/div>\n<\/td>\n<td style=\"width: 239.117px; text-align: left;\"><span style=\"font-size: 12px;\">La <b>Namibie<\/b>, en forme longue la <b>R\u00e9publique de Namibie<\/b> (en anglais <span class=\"lang-en\" lang=\"en\"><i>Namibia<\/i><\/span> et <span class=\"lang-en\" lang=\"en\"><i>Republic of Namibia<\/i><\/span>, en afrikaans <span class=\"lang-af\" lang=\"af\"><i>Namibi\u00eb<\/i><\/span> et <span class=\"lang-af\" lang=\"af\"><i>Republiek van Namibi\u00eb<\/i><\/span>, en allemand <span class=\"lang-de\" lang=\"de\"><i>Namibia<\/i><\/span> et <span class=\"lang-de\" lang=\"de\"><i>Republik Namibia<\/i><\/span>), est un pays situ\u00e9 en Afrique australe.<\/span><\/p>\n<p><span style=\"font-size: 12px;\">Connue autrefois sous le nom de <i>Sud-Ouest africain<\/i>, colonie allemande (1884-1915) puis protectorat de l&rsquo;Afrique du Sud, la Namibie est un \u00c9tat ind\u00e9pendant depuis le <time class=\"nowrap date-lien\" datetime=\"1990-03-21\">21 mars 1990<\/time>. Elle est bord\u00e9e g\u00e9ographiquement \u00e0 l&rsquo;ouest par l&rsquo;oc\u00e9an Atlantique, au nord par l&rsquo;Angola, au sud par l&rsquo;Afrique du Sud, \u00e0 l&rsquo;est par le Botswana et au nord-est par la Zambie. Sa limite la plus orientale est distante de moins de deux cents m\u00e8tres du tripoint o\u00f9 se rejoignent les fronti\u00e8res du Zimbabwe, du Botswana et de la Zambie, sur le fleuve Zamb\u00e8ze, \u00e0 la confluence de la rivi\u00e8re Kwando.<\/span><\/p>\n<p><span style=\"font-size: 12px;\">Sa densit\u00e9 est la plus faible d&rsquo;Afrique (avant-derni\u00e8re au rang mondial).<\/span><\/p>\n<p><span style=\"font-size: 12px;\">La Namibie est membre de l&rsquo;ONU, membre de l&rsquo;Union africaine<sup id=\"cite_ref-1\" class=\"reference\"><a href=\"https:\/\/fr.wikipedia.org\/wiki\/Namibie#cite_note-1\">1<\/a><\/sup> et est devenue, en 2014, observateur associ\u00e9 \u00e0 la Communaut\u00e9 des Pays de Langue Portugaise (CPLP) lors du sommet de Dili.<\/span><\/td>\n<\/tr>\n<tr>\n<td style=\"width: 523.883px;\"><\/td>\n<td style=\"width: 239.117px;\"><\/td>\n<\/tr>\n<\/tbody>\n<\/table>\n<p>&nbsp;<\/p>\n<p style=\"padding-left: 5px; text-align: right;\"><a href=\"#H\"><img loading=\"lazy\" decoding=\"async\" class=\"aligncenter size-full wp-image-29435\" src=\"http:\/\/www.deambulations-nomades.eu\/wp-content\/uploads\/2015\/02\/vers-le-haut-flech1.jpg\" alt=\"vers-le-haut-flech\" width=\"25\" height=\"30\" \/><\/a><\/p>\n","protected":false},"excerpt":{"rendered":"<p>VOIR page priv\u00e9e La Namibie, en forme longue la R\u00e9publique de Namibie (en anglais Namibia et Republic of Namibia, en afrikaans Namibi\u00eb et Republiek van Namibi\u00eb, en allemand Namibia et Republik Namibia), est un pays situ\u00e9 en Afrique australe. Connue autrefois sous le nom de Sud-Ouest africain, colonie allemande (1884-1915) puis protectorat de l&rsquo;Afrique du &hellip; <a href=\"https:\/\/www.deambulations-nomades.eu\/?page_id=30200\" class=\"more-link\">Continuer la lecture de <span class=\"screen-reader-text\">Epupa-Opuwo-Sesfontein<\/span>  <span class=\"meta-nav\">&rarr;<\/span><\/a><\/p>\n","protected":false},"author":2,"featured_media":0,"parent":28740,"menu_order":9,"comment_status":"closed","ping_status":"open","template":"","meta":{"footnotes":""},"class_list":["post-30200","page","type-page","status-publish","hentry"],"_links":{"self":[{"href":"https:\/\/www.deambulations-nomades.eu\/index.php?rest_route=\/wp\/v2\/pages\/30200","targetHints":{"allow":["GET"]}}],"collection":[{"href":"https:\/\/www.deambulations-nomades.eu\/index.php?rest_route=\/wp\/v2\/pages"}],"about":[{"href":"https:\/\/www.deambulations-nomades.eu\/index.php?rest_route=\/wp\/v2\/types\/page"}],"author":[{"embeddable":true,"href":"https:\/\/www.deambulations-nomades.eu\/index.php?rest_route=\/wp\/v2\/users\/2"}],"replies":[{"embeddable":true,"href":"https:\/\/www.deambulations-nomades.eu\/index.php?rest_route=%2Fwp%2Fv2%2Fcomments&post=30200"}],"version-history":[{"count":11,"href":"https:\/\/www.deambulations-nomades.eu\/index.php?rest_route=\/wp\/v2\/pages\/30200\/revisions"}],"predecessor-version":[{"id":65176,"href":"https:\/\/www.deambulations-nomades.eu\/index.php?rest_route=\/wp\/v2\/pages\/30200\/revisions\/65176"}],"up":[{"embeddable":true,"href":"https:\/\/www.deambulations-nomades.eu\/index.php?rest_route=\/wp\/v2\/pages\/28740"}],"wp:attachment":[{"href":"https:\/\/www.deambulations-nomades.eu\/index.php?rest_route=%2Fwp%2Fv2%2Fmedia&parent=30200"}],"curies":[{"name":"wp","href":"https:\/\/api.w.org\/{rel}","templated":true}]}}