{"id":3237,"date":"2013-06-09T09:30:26","date_gmt":"2013-06-09T09:30:26","guid":{"rendered":"http:\/\/www.deambulations-nomades.eu\/?page_id=3237"},"modified":"2021-02-19T19:33:42","modified_gmt":"2021-02-19T19:33:42","slug":"12-13-juillet-vamos","status":"publish","type":"page","link":"https:\/\/www.deambulations-nomades.eu\/?page_id=3237","title":{"rendered":"Vamos ! (\u00e9t\u00e9 2012)"},"content":{"rendered":"<p style=\"text-align: right;\"><a href=\"http:\/\/www.deambulations-nomades.eu\/?page_id=8762\"><img loading=\"lazy\" decoding=\"async\" class=\"alignleft wp-image-29433 size-full\" src=\"https:\/\/www.deambulations-nomades.eu\/wp-content\/uploads\/2015\/02\/precedent-flech1.jpg\" alt=\"precedent-flech\" width=\"25\" height=\"21\" \/><\/a><a id=\"H\"><\/a> <span style=\"color: #c3a954; font-size: 12px;\"><a style=\"color: #c3a954;\" href=\"http:\/\/www.deambulations-nomades.eu\/?page_id=28497\" target=\"_blank\" rel=\"noopener noreferrer\">VOIR page priv\u00e9e<\/a><\/span><a href=\"http:\/\/www.deambulations-nomades.eu\/?page_id=3243\"><strong> <img loading=\"lazy\" decoding=\"async\" class=\" size-full wp-image-29434 alignright\" src=\"http:\/\/www.deambulations-nomades.eu\/wp-content\/uploads\/2015\/02\/suivant-flech1.jpg\" alt=\"suivant-flech\" width=\"25\" height=\"21\" \/><\/strong><\/a><\/p>\n<p>&nbsp;<\/p>\n<table style=\"width: 100%px;\" border=\"0\" cellspacing=\"0\">\n<tbody>\n<tr>\n<td style=\"width: 523.883px;\"><div id='gallery-1' class='gallery galleryid-3237 gallery-columns-4 gallery-size-thumbnail'><figure class='gallery-item'>\n\t\t\t<div class='gallery-icon portrait'>\n\t\t\t\t<a href='https:\/\/www.deambulations-nomades.eu\/wp-content\/uploads\/2013\/07\/amerique-sud-12-juillet-enr-web-800-FrancisTintinetMarie-TempleSoleil_GdT-bis.jpg' title=\"\" data-rl_title=\"\" class=\"rl-gallery-link\" data-rl_caption=\"\" data-rel=\"lightbox-gallery-1\"><img loading=\"lazy\" decoding=\"async\" width=\"150\" height=\"150\" src=\"https:\/\/www.deambulations-nomades.eu\/wp-content\/uploads\/2013\/07\/amerique-sud-12-juillet-enr-web-800-FrancisTintinetMarie-TempleSoleil_GdT-bis-150x150.jpg\" class=\"attachment-thumbnail size-thumbnail\" alt=\"\" \/><\/a>\n\t\t\t<\/div><\/figure><figure class='gallery-item'>\n\t\t\t<div class='gallery-icon landscape'>\n\t\t\t\t<a href='https:\/\/www.deambulations-nomades.eu\/wp-content\/uploads\/2013\/12\/amerique-sud-13-juillet-enr-web-800-P1260187_obl_1.jpg' title=\"\" data-rl_title=\"\" class=\"rl-gallery-link\" data-rl_caption=\"\" data-rel=\"lightbox-gallery-1\"><img loading=\"lazy\" decoding=\"async\" width=\"150\" height=\"150\" src=\"https:\/\/www.deambulations-nomades.eu\/wp-content\/uploads\/2013\/12\/amerique-sud-13-juillet-enr-web-800-P1260187_obl_1-150x150.jpg\" class=\"attachment-thumbnail size-thumbnail\" alt=\"\" aria-describedby=\"gallery-1-4525\" srcset=\"https:\/\/www.deambulations-nomades.eu\/wp-content\/uploads\/2013\/12\/amerique-sud-13-juillet-enr-web-800-P1260187_obl_1-150x150.jpg 150w, https:\/\/www.deambulations-nomades.eu\/wp-content\/uploads\/2013\/12\/amerique-sud-13-juillet-enr-web-800-P1260187_obl_1-432x432.jpg 432w, https:\/\/www.deambulations-nomades.eu\/wp-content\/uploads\/2013\/12\/amerique-sud-13-juillet-enr-web-800-P1260187_obl_1-268x268.jpg 268w\" sizes=\"auto, (max-width: 150px) 100vw, 150px\" \/><\/a>\n\t\t\t<\/div>\n\t\t\t\t<figcaption class='wp-caption-text gallery-caption' id='gallery-1-4525'>\n\t\t\t\tLever de soleil sur Buenos Aires, la carte virtuelle devient r\u00e9elle\n\t\t\t\t<\/figcaption><\/figure><figure class='gallery-item'>\n\t\t\t<div class='gallery-icon landscape'>\n\t\t\t\t<a href='https:\/\/www.deambulations-nomades.eu\/wp-content\/uploads\/2013\/12\/amerique-sud-13-juillet-enr-web-800-P1260215_obl_1.jpg' title=\"\" data-rl_title=\"\" class=\"rl-gallery-link\" data-rl_caption=\"\" data-rel=\"lightbox-gallery-1\"><img loading=\"lazy\" decoding=\"async\" width=\"150\" height=\"150\" src=\"https:\/\/www.deambulations-nomades.eu\/wp-content\/uploads\/2013\/12\/amerique-sud-13-juillet-enr-web-800-P1260215_obl_1-150x150.jpg\" class=\"attachment-thumbnail size-thumbnail\" alt=\"\" aria-describedby=\"gallery-1-4528\" srcset=\"https:\/\/www.deambulations-nomades.eu\/wp-content\/uploads\/2013\/12\/amerique-sud-13-juillet-enr-web-800-P1260215_obl_1-150x150.jpg 150w, https:\/\/www.deambulations-nomades.eu\/wp-content\/uploads\/2013\/12\/amerique-sud-13-juillet-enr-web-800-P1260215_obl_1-432x432.jpg 432w, https:\/\/www.deambulations-nomades.eu\/wp-content\/uploads\/2013\/12\/amerique-sud-13-juillet-enr-web-800-P1260215_obl_1-268x268.jpg 268w\" sizes=\"auto, (max-width: 150px) 100vw, 150px\" \/><\/a>\n\t\t\t<\/div>\n\t\t\t\t<figcaption class='wp-caption-text gallery-caption' id='gallery-1-4528'>\n\t\t\t\tUn baobab en centre ville !\n\t\t\t\t<\/figcaption><\/figure><figure class='gallery-item'>\n\t\t\t<div class='gallery-icon landscape'>\n\t\t\t\t<a href='https:\/\/www.deambulations-nomades.eu\/wp-content\/uploads\/2017\/11\/amerique-sud-13-juillet-enr-web-800-P1260200_obl_1-800x421.jpg' title=\"\" data-rl_title=\"\" class=\"rl-gallery-link\" data-rl_caption=\"\" data-rel=\"lightbox-gallery-1\"><img loading=\"lazy\" decoding=\"async\" width=\"150\" height=\"150\" src=\"https:\/\/www.deambulations-nomades.eu\/wp-content\/uploads\/2017\/11\/amerique-sud-13-juillet-enr-web-800-P1260200_obl_1-150x150.jpg\" class=\"attachment-thumbnail size-thumbnail\" alt=\"\" \/><\/a>\n\t\t\t<\/div><\/figure><figure class='gallery-item'>\n\t\t\t<div class='gallery-icon landscape'>\n\t\t\t\t<a href='https:\/\/www.deambulations-nomades.eu\/wp-content\/uploads\/2014\/06\/amerique-sud-13-juillet-enr-web-800-P1260220_obl_1-e1402754231636.jpg' title=\"\" data-rl_title=\"\" class=\"rl-gallery-link\" data-rl_caption=\"\" data-rel=\"lightbox-gallery-1\"><img loading=\"lazy\" decoding=\"async\" width=\"150\" height=\"141\" src=\"https:\/\/www.deambulations-nomades.eu\/wp-content\/uploads\/2014\/06\/amerique-sud-13-juillet-enr-web-800-P1260220_obl_1-e1402754231636.jpg\" class=\"attachment-thumbnail size-thumbnail\" alt=\"\" aria-describedby=\"gallery-1-6375\" \/><\/a>\n\t\t\t<\/div>\n\t\t\t\t<figcaption class='wp-caption-text gallery-caption' id='gallery-1-6375'>\n\t\t\t\t  Evita Peron ! \n\t\t\t\t<\/figcaption><\/figure><figure class='gallery-item'>\n\t\t\t<div class='gallery-icon landscape'>\n\t\t\t\t<a href='https:\/\/www.deambulations-nomades.eu\/wp-content\/uploads\/2017\/11\/amerique-sud-13-juillet-enr-web-800-P1260227_obl_1-800x597.jpg' title=\"\" data-rl_title=\"\" class=\"rl-gallery-link\" data-rl_caption=\"\" data-rel=\"lightbox-gallery-1\"><img loading=\"lazy\" decoding=\"async\" width=\"150\" height=\"150\" src=\"https:\/\/www.deambulations-nomades.eu\/wp-content\/uploads\/2017\/11\/amerique-sud-13-juillet-enr-web-800-P1260227_obl_1-150x150.jpg\" class=\"attachment-thumbnail size-thumbnail\" alt=\"\" \/><\/a>\n\t\t\t<\/div><\/figure><figure class='gallery-item'>\n\t\t\t<div class='gallery-icon landscape'>\n\t\t\t\t<a href='https:\/\/www.deambulations-nomades.eu\/wp-content\/uploads\/2013\/12\/amerique-sud-13-juillet-enr-web-800-P1260224_obl_1.jpg' title=\"\" data-rl_title=\"\" class=\"rl-gallery-link\" data-rl_caption=\"\" data-rel=\"lightbox-gallery-1\"><img loading=\"lazy\" decoding=\"async\" width=\"150\" height=\"150\" src=\"https:\/\/www.deambulations-nomades.eu\/wp-content\/uploads\/2013\/12\/amerique-sud-13-juillet-enr-web-800-P1260224_obl_1-150x150.jpg\" class=\"attachment-thumbnail size-thumbnail\" alt=\"\" aria-describedby=\"gallery-1-4530\" srcset=\"https:\/\/www.deambulations-nomades.eu\/wp-content\/uploads\/2013\/12\/amerique-sud-13-juillet-enr-web-800-P1260224_obl_1-150x150.jpg 150w, https:\/\/www.deambulations-nomades.eu\/wp-content\/uploads\/2013\/12\/amerique-sud-13-juillet-enr-web-800-P1260224_obl_1-432x432.jpg 432w, https:\/\/www.deambulations-nomades.eu\/wp-content\/uploads\/2013\/12\/amerique-sud-13-juillet-enr-web-800-P1260224_obl_1-268x268.jpg 268w\" sizes=\"auto, (max-width: 150px) 100vw, 150px\" \/><\/a>\n\t\t\t<\/div>\n\t\t\t\t<figcaption class='wp-caption-text gallery-caption' id='gallery-1-4530'>\n\t\t\t\t    Sur la plus grande avenue du monde, l&rsquo;avenida 9 de julio, en plein centre ville, un camp de SDF\n\t\t\t\t<\/figcaption><\/figure><figure class='gallery-item'>\n\t\t\t<div class='gallery-icon landscape'>\n\t\t\t\t<a href='https:\/\/www.deambulations-nomades.eu\/wp-content\/uploads\/2013\/12\/amerique-sud-13-juillet-enr-web-800-P1260228_obl_1.jpg' title=\"\" data-rl_title=\"\" class=\"rl-gallery-link\" data-rl_caption=\"\" data-rel=\"lightbox-gallery-1\"><img loading=\"lazy\" decoding=\"async\" width=\"150\" height=\"150\" src=\"https:\/\/www.deambulations-nomades.eu\/wp-content\/uploads\/2013\/12\/amerique-sud-13-juillet-enr-web-800-P1260228_obl_1-150x150.jpg\" class=\"attachment-thumbnail size-thumbnail\" alt=\"\" aria-describedby=\"gallery-1-4532\" srcset=\"https:\/\/www.deambulations-nomades.eu\/wp-content\/uploads\/2013\/12\/amerique-sud-13-juillet-enr-web-800-P1260228_obl_1-150x150.jpg 150w, https:\/\/www.deambulations-nomades.eu\/wp-content\/uploads\/2013\/12\/amerique-sud-13-juillet-enr-web-800-P1260228_obl_1-432x432.jpg 432w, https:\/\/www.deambulations-nomades.eu\/wp-content\/uploads\/2013\/12\/amerique-sud-13-juillet-enr-web-800-P1260228_obl_1-268x268.jpg 268w\" sizes=\"auto, (max-width: 150px) 100vw, 150px\" \/><\/a>\n\t\t\t<\/div>\n\t\t\t\t<figcaption class='wp-caption-text gallery-caption' id='gallery-1-4532'>\n\t\t\t\t    Arriv\u00e9e \u00e0 l&rsquo;auberge de jeunesse\n\t\t\t\t<\/figcaption><\/figure><figure class='gallery-item'>\n\t\t\t<div class='gallery-icon landscape'>\n\t\t\t\t<a href='https:\/\/www.deambulations-nomades.eu\/wp-content\/uploads\/2013\/12\/amerique-sud-13-juillet-enr-web-800-P1260240_obl_1.jpg' title=\"\" data-rl_title=\"\" class=\"rl-gallery-link\" data-rl_caption=\"\" data-rel=\"lightbox-gallery-1\"><img loading=\"lazy\" decoding=\"async\" width=\"150\" height=\"150\" src=\"https:\/\/www.deambulations-nomades.eu\/wp-content\/uploads\/2013\/12\/amerique-sud-13-juillet-enr-web-800-P1260240_obl_1-150x150.jpg\" class=\"attachment-thumbnail size-thumbnail\" alt=\"\" aria-describedby=\"gallery-1-4533\" srcset=\"https:\/\/www.deambulations-nomades.eu\/wp-content\/uploads\/2013\/12\/amerique-sud-13-juillet-enr-web-800-P1260240_obl_1-150x150.jpg 150w, https:\/\/www.deambulations-nomades.eu\/wp-content\/uploads\/2013\/12\/amerique-sud-13-juillet-enr-web-800-P1260240_obl_1-432x432.jpg 432w, https:\/\/www.deambulations-nomades.eu\/wp-content\/uploads\/2013\/12\/amerique-sud-13-juillet-enr-web-800-P1260240_obl_1-268x268.jpg 268w\" sizes=\"auto, (max-width: 150px) 100vw, 150px\" \/><\/a>\n\t\t\t<\/div>\n\t\t\t\t<figcaption class='wp-caption-text gallery-caption' id='gallery-1-4533'>\n\t\t\t\tla ration ordinaire, n&rsquo;est-ce pas Michel ?!\n\t\t\t\t<\/figcaption><\/figure><figure class='gallery-item'>\n\t\t\t<div class='gallery-icon portrait'>\n\t\t\t\t<a href='https:\/\/www.deambulations-nomades.eu\/wp-content\/uploads\/2017\/11\/amerique-sud-13-juillet-enr-web-800-P1260230_obl_1-800x1067.jpg' title=\"\" data-rl_title=\"\" class=\"rl-gallery-link\" data-rl_caption=\"\" data-rel=\"lightbox-gallery-1\"><img loading=\"lazy\" decoding=\"async\" width=\"150\" height=\"150\" src=\"https:\/\/www.deambulations-nomades.eu\/wp-content\/uploads\/2017\/11\/amerique-sud-13-juillet-enr-web-800-P1260230_obl_1-150x150.jpg\" class=\"attachment-thumbnail size-thumbnail\" alt=\"\" \/><\/a>\n\t\t\t<\/div><\/figure>\n\t\t<\/div>\n<\/td>\n<td style=\"width: 239.117px; text-align: left;\"><span style=\"font-size: 12px;\">L\u2019<b>Am\u00e9rique du Sud<\/b> est un sous-continent et la partie m\u00e9ridionale de l&rsquo;Am\u00e9rique, selon le point de vue.<\/span><\/p>\n<p>&nbsp;<\/p>\n<p><span style=\"font-size: 12px;\"> Le sous-continent est situ\u00e9 enti\u00e8rement dans l&rsquo;h\u00e9misph\u00e8re ouest et principalement dans l&rsquo;h\u00e9misph\u00e8re sud. Il est bord\u00e9 \u00e0 l&rsquo;ouest par l&rsquo;oc\u00e9an Pacifique et au nord et \u00e0 l&rsquo;est par l&rsquo;oc\u00e9an Atlantique. L&rsquo;Am\u00e9rique centrale, qui relie le sous-continent \u00e0 l&rsquo;Am\u00e9rique du Nord, et les Cara\u00efbes sont situ\u00e9es au nord-ouest.<\/span><\/p>\n<p>&nbsp;<\/p>\n<p><span style=\"font-size: 12px;\">Le portugais et l&rsquo;espagnol sont les deux langues d\u00e9nombrant le plus grand nombre de locuteurs en Am\u00e9rique du Sud.<\/span><\/p>\n<p>&nbsp;<\/p>\n<p><span style=\"font-size: 12px;\">L&rsquo;Am\u00e9rique du Sud fut nomm\u00e9e, \u00e0 Saint-Di\u00e9-des-Vosges en 1507, par les cartographes Martin Waldseem\u00fcller et Mathias Ringmann d&rsquo;apr\u00e8s Amerigo Vespucci, qui fut le premier Europ\u00e9en \u00e0 sugg\u00e9rer que l&rsquo;Am\u00e9rique n&rsquo;\u00e9tait pas les Indes mais un Nouveau Monde inconnu des Europ\u00e9ens.<\/span><\/p>\n<p>&nbsp;<\/p>\n<p><span style=\"font-size: 12px;\">L&rsquo;Am\u00e9rique du Sud a une superficie de <span class=\"nowrap\">17 840 000 <abbr class=\"abbr\" title=\"kilom\u00e8tre carr\u00e9\">km<sup>2<\/sup><\/abbr><\/span>, soit 11,9 % de la surface des terres \u00e9merg\u00e9es de la Terre. <\/span><\/p>\n<p>&nbsp;<\/p>\n<p><span style=\"font-size: 12px;\">En 2015, sa population est d&rsquo;environ 410 millions d&rsquo;habitants<sup id=\"cite_ref-ONU_1-0\" class=\"reference\"><a href=\"https:\/\/fr.wikipedia.org\/wiki\/Am%C3%A9rique_du_Sud#cite_note-ONU-1\">1<\/a><\/sup>. Le gentil\u00e9 de ses habitants est les \u00ab Sud-Am\u00e9ricains \u00bb. <\/span><\/p>\n<p>&nbsp;<\/p>\n<p><span style=\"font-size: 12px;\">L&rsquo;Am\u00e9rique du Sud est class\u00e9e quatri\u00e8me continent en superficie (apr\u00e8s l&rsquo;Asie, l&rsquo;Afrique et l&rsquo;Am\u00e9rique du Nord) et cinqui\u00e8me en nombre d&rsquo;habitants (apr\u00e8s l&rsquo;Asie, l&rsquo;Afrique, l&rsquo;Europe, et l&rsquo;Am\u00e9rique du Nord).<br \/>\n<\/span><\/td>\n<\/tr>\n<tr>\n<td style=\"width: 523.883px;\"><\/td>\n<td style=\"width: 239.117px;\"><\/td>\n<\/tr>\n<\/tbody>\n<\/table>\n<div class=\"mceTemp\"><\/div>\n<p><a title=\"retour en haut de page\" href=\"#H\"><img loading=\"lazy\" decoding=\"async\" class=\"alignright wp-image-28888 size-full\" title=\"retour en haut de page\" src=\"http:\/\/www.deambulations-nomades.eu\/wp-content\/uploads\/2015\/02\/vers-le-haut-flech.jpg\" alt=\"retour en haut de page\" width=\"37\" height=\"55\" \/><\/a><\/p>\n","protected":false},"excerpt":{"rendered":"<p>VOIR page priv\u00e9e &nbsp; L\u2019Am\u00e9rique du Sud est un sous-continent et la partie m\u00e9ridionale de l&rsquo;Am\u00e9rique, selon le point de vue. &nbsp; Le sous-continent est situ\u00e9 enti\u00e8rement dans l&rsquo;h\u00e9misph\u00e8re ouest et principalement dans l&rsquo;h\u00e9misph\u00e8re sud. Il est bord\u00e9 \u00e0 l&rsquo;ouest par l&rsquo;oc\u00e9an Pacifique et au nord et \u00e0 l&rsquo;est par l&rsquo;oc\u00e9an Atlantique. L&rsquo;Am\u00e9rique centrale, qui &hellip; <a href=\"https:\/\/www.deambulations-nomades.eu\/?page_id=3237\" class=\"more-link\">Continuer la lecture de <span class=\"screen-reader-text\">Vamos ! (\u00e9t\u00e9 2012)<\/span>  <span class=\"meta-nav\">&rarr;<\/span><\/a><\/p>\n","protected":false},"author":2,"featured_media":0,"parent":42,"menu_order":3,"comment_status":"closed","ping_status":"open","template":"","meta":{"footnotes":""},"class_list":["post-3237","page","type-page","status-publish","hentry"],"_links":{"self":[{"href":"https:\/\/www.deambulations-nomades.eu\/index.php?rest_route=\/wp\/v2\/pages\/3237","targetHints":{"allow":["GET"]}}],"collection":[{"href":"https:\/\/www.deambulations-nomades.eu\/index.php?rest_route=\/wp\/v2\/pages"}],"about":[{"href":"https:\/\/www.deambulations-nomades.eu\/index.php?rest_route=\/wp\/v2\/types\/page"}],"author":[{"embeddable":true,"href":"https:\/\/www.deambulations-nomades.eu\/index.php?rest_route=\/wp\/v2\/users\/2"}],"replies":[{"embeddable":true,"href":"https:\/\/www.deambulations-nomades.eu\/index.php?rest_route=%2Fwp%2Fv2%2Fcomments&post=3237"}],"version-history":[{"count":147,"href":"https:\/\/www.deambulations-nomades.eu\/index.php?rest_route=\/wp\/v2\/pages\/3237\/revisions"}],"predecessor-version":[{"id":65259,"href":"https:\/\/www.deambulations-nomades.eu\/index.php?rest_route=\/wp\/v2\/pages\/3237\/revisions\/65259"}],"up":[{"embeddable":true,"href":"https:\/\/www.deambulations-nomades.eu\/index.php?rest_route=\/wp\/v2\/pages\/42"}],"wp:attachment":[{"href":"https:\/\/www.deambulations-nomades.eu\/index.php?rest_route=%2Fwp%2Fv2%2Fmedia&parent=3237"}],"curies":[{"name":"wp","href":"https:\/\/api.w.org\/{rel}","templated":true}]}}