{"id":3256,"date":"2013-06-09T15:10:14","date_gmt":"2013-06-09T15:10:14","guid":{"rendered":"http:\/\/www.deambulations-nomades.eu\/?page_id=3256"},"modified":"2017-11-27T07:14:24","modified_gmt":"2017-11-27T07:14:24","slug":"15-juillet-la-feria-de-san-telmo","status":"publish","type":"page","link":"https:\/\/www.deambulations-nomades.eu\/?page_id=3256","title":{"rendered":"la Feria de San Telmo"},"content":{"rendered":"<p style=\"text-align: right;\"><a href=\"http:\/\/www.deambulations-nomades.eu\/?page_id=3243\"><img loading=\"lazy\" decoding=\"async\" class=\" size-full wp-image-29433 alignleft\" src=\"http:\/\/www.deambulations-nomades.eu\/wp-content\/uploads\/2015\/02\/precedent-flech1.jpg\" alt=\"precedent-flech\" width=\"25\" height=\"21\" \/><\/a><a href=\"http:\/\/www.deambulations-nomades.eu\/?page_id=3258\"><strong> <img loading=\"lazy\" decoding=\"async\" class=\" size-full wp-image-29434 alignright\" src=\"http:\/\/www.deambulations-nomades.eu\/wp-content\/uploads\/2015\/02\/suivant-flech1.jpg\" alt=\"suivant-flech\" width=\"25\" height=\"21\" \/><\/strong><\/a><span style=\"font-size: 12px; color: #c3a954;\"><a id=\"H\"><\/a>\u00a0<a style=\"color: #c3a954;\" href=\"http:\/\/www.deambulations-nomades.eu\/?page_id=28499\" target=\"_blank\" rel=\"noopener\">VOIR page priv\u00e9e<\/a><\/span><\/p>\n<p>&nbsp;<\/p>\n<p style=\"text-align: left;\"><img loading=\"lazy\" decoding=\"async\" class=\"aligncenter wp-image-4662\" src=\"http:\/\/www.deambulations-nomades.eu\/wp-content\/uploads\/2013\/07\/amerique-sud-15-juillet-enr-web-800-P1260546_obl.jpg\" alt=\"amerique-sud-15-juillet-enr-web-800-P1260546_obl\" width=\"600\" height=\"450\" srcset=\"https:\/\/www.deambulations-nomades.eu\/wp-content\/uploads\/2013\/07\/amerique-sud-15-juillet-enr-web-800-P1260546_obl.jpg 800w, https:\/\/www.deambulations-nomades.eu\/wp-content\/uploads\/2013\/07\/amerique-sud-15-juillet-enr-web-800-P1260546_obl-400x300.jpg 400w\" sizes=\"auto, (max-width: 600px) 100vw, 600px\" \/><\/p>\n<table>\n<tbody>\n<tr>\n<td><\/td>\n<\/tr>\n<tr>\n<td><img loading=\"lazy\" decoding=\"async\" class=\"aligncenter size-full wp-image-42338\" src=\"http:\/\/www.deambulations-nomades.eu\/wp-content\/uploads\/2013\/06\/P1260564_ob.jpg\" alt=\"P1260564_ob\" width=\"374\" height=\"498\" \/><\/td>\n<\/tr>\n<tr>\n<td><\/td>\n<\/tr>\n<tr>\n<td>\n<p style=\"text-align: center;\"><img loading=\"lazy\" decoding=\"async\" class=\"aligncenter wp-image-4742\" src=\"http:\/\/www.deambulations-nomades.eu\/wp-content\/uploads\/2013\/06\/amerique-sud-15-juillet-enr-web-800-P1260597_obl.jpg\" alt=\"amerique-sud-15-juillet-enr-web-800-P1260597_obl\" width=\"600\" height=\"450\" srcset=\"https:\/\/www.deambulations-nomades.eu\/wp-content\/uploads\/2013\/06\/amerique-sud-15-juillet-enr-web-800-P1260597_obl.jpg 800w, https:\/\/www.deambulations-nomades.eu\/wp-content\/uploads\/2013\/06\/amerique-sud-15-juillet-enr-web-800-P1260597_obl-400x300.jpg 400w\" sizes=\"auto, (max-width: 600px) 100vw, 600px\" \/><\/p>\n<\/td>\n<\/tr>\n<tr>\n<td><\/td>\n<\/tr>\n<tr>\n<td>\n<p><figure id=\"attachment_4743\" aria-describedby=\"caption-attachment-4743\" style=\"width: 400px\" class=\"wp-caption aligncenter\"><img loading=\"lazy\" decoding=\"async\" class=\"size-medium wp-image-4743\" src=\"http:\/\/www.deambulations-nomades.eu\/wp-content\/uploads\/2013\/06\/amerique-sud-15-juillet-enr-web-800-P1260610_obl-400x533.jpg\" alt=\"N\u00e9o-colonial et baroque dans toute leur splendeur \" width=\"400\" height=\"533\" srcset=\"https:\/\/www.deambulations-nomades.eu\/wp-content\/uploads\/2013\/06\/amerique-sud-15-juillet-enr-web-800-P1260610_obl-400x533.jpg 400w, https:\/\/www.deambulations-nomades.eu\/wp-content\/uploads\/2013\/06\/amerique-sud-15-juillet-enr-web-800-P1260610_obl.jpg 800w\" sizes=\"auto, (max-width: 400px) 100vw, 400px\" \/><figcaption id=\"caption-attachment-4743\" class=\"wp-caption-text\">N\u00e9o-colonial et baroque dans toute leur splendeur<\/figcaption><\/figure><\/td>\n<\/tr>\n<tr>\n<td>March\u00e9 aux puces de San Telmo<\/td>\n<\/tr>\n<tr>\n<td><div id='gallery-1' class='gallery galleryid-3256 gallery-columns-6 gallery-size-thumbnail'><figure class='gallery-item'>\n\t\t\t<div class='gallery-icon portrait'>\n\t\t\t\t<a href='https:\/\/www.deambulations-nomades.eu\/wp-content\/uploads\/2013\/06\/amerique-sud-15-juillet-enr-web-800-P1260629_obl.jpg' title=\"\" data-rl_title=\"\" class=\"rl-gallery-link\" data-rl_caption=\"\" data-rel=\"lightbox-gallery-1\"><img loading=\"lazy\" decoding=\"async\" width=\"150\" height=\"150\" src=\"https:\/\/www.deambulations-nomades.eu\/wp-content\/uploads\/2013\/06\/amerique-sud-15-juillet-enr-web-800-P1260629_obl-150x150.jpg\" class=\"attachment-thumbnail size-thumbnail\" alt=\"\" aria-describedby=\"gallery-1-4746\" \/><\/a>\n\t\t\t<\/div>\n\t\t\t\t<figcaption class='wp-caption-text gallery-caption' id='gallery-1-4746'>\n\t\t\t\tSur le march\u00e9 aux puces de San Telmo, notre ami le Gaucho de la pampa \n\t\t\t\t<\/figcaption><\/figure><figure class='gallery-item'>\n\t\t\t<div class='gallery-icon landscape'>\n\t\t\t\t<a href='https:\/\/www.deambulations-nomades.eu\/wp-content\/uploads\/2013\/06\/amerique-sud-15-juillet-enr-web-800-P1260622_obl.jpg' title=\"\" data-rl_title=\"\" class=\"rl-gallery-link\" data-rl_caption=\"\" data-rel=\"lightbox-gallery-1\"><img loading=\"lazy\" decoding=\"async\" width=\"150\" height=\"150\" src=\"https:\/\/www.deambulations-nomades.eu\/wp-content\/uploads\/2013\/06\/amerique-sud-15-juillet-enr-web-800-P1260622_obl-150x150.jpg\" class=\"attachment-thumbnail size-thumbnail\" alt=\"\" aria-describedby=\"gallery-1-4745\" \/><\/a>\n\t\t\t<\/div>\n\t\t\t\t<figcaption class='wp-caption-text gallery-caption' id='gallery-1-4745'>\n\t\t\t\tCe pr\u00e8tre qui ne dit rien, ne voit rien, n&rsquo;entend rien est un r\u00e9sum\u00e9 puissant d&rsquo;une certaine histoire locale pass\u00e9e&#8230; \n\t\t\t\t<\/figcaption><\/figure><figure class='gallery-item'>\n\t\t\t<div class='gallery-icon portrait'>\n\t\t\t\t<a href='https:\/\/www.deambulations-nomades.eu\/wp-content\/uploads\/2013\/06\/amerique-sud-15-juillet-enr-web-800-P1260618_obl.jpg' title=\"\" data-rl_title=\"\" class=\"rl-gallery-link\" data-rl_caption=\"\" data-rel=\"lightbox-gallery-1\"><img loading=\"lazy\" decoding=\"async\" width=\"150\" height=\"150\" src=\"https:\/\/www.deambulations-nomades.eu\/wp-content\/uploads\/2013\/06\/amerique-sud-15-juillet-enr-web-800-P1260618_obl-150x150.jpg\" class=\"attachment-thumbnail size-thumbnail\" alt=\"\" \/><\/a>\n\t\t\t<\/div><\/figure><figure class='gallery-item'>\n\t\t\t<div class='gallery-icon landscape'>\n\t\t\t\t<a href='https:\/\/www.deambulations-nomades.eu\/wp-content\/uploads\/2013\/06\/amerique-sud-15-juillet-enr-web-800-P1260616_obl-800x600.jpg' title=\"\" data-rl_title=\"\" class=\"rl-gallery-link\" data-rl_caption=\"\" data-rel=\"lightbox-gallery-1\"><img loading=\"lazy\" decoding=\"async\" width=\"150\" height=\"150\" src=\"https:\/\/www.deambulations-nomades.eu\/wp-content\/uploads\/2013\/06\/amerique-sud-15-juillet-enr-web-800-P1260616_obl-150x150.jpg\" class=\"attachment-thumbnail size-thumbnail\" alt=\"\" \/><\/a>\n\t\t\t<\/div><\/figure><figure class='gallery-item'>\n\t\t\t<div class='gallery-icon landscape'>\n\t\t\t\t<a href='https:\/\/www.deambulations-nomades.eu\/wp-content\/uploads\/2013\/06\/P1260626_ob-800x600.jpg' title=\"\" data-rl_title=\"\" class=\"rl-gallery-link\" data-rl_caption=\"\" data-rel=\"lightbox-gallery-1\"><img loading=\"lazy\" decoding=\"async\" width=\"150\" height=\"150\" src=\"https:\/\/www.deambulations-nomades.eu\/wp-content\/uploads\/2013\/06\/P1260626_ob-150x150.jpg\" class=\"attachment-thumbnail size-thumbnail\" alt=\"\" \/><\/a>\n\t\t\t<\/div><\/figure><figure class='gallery-item'>\n\t\t\t<div class='gallery-icon landscape'>\n\t\t\t\t<a href='https:\/\/www.deambulations-nomades.eu\/wp-content\/uploads\/2013\/06\/amerique-sud-14-juillet-enr-web-800-P1260263_obl-1-800x542.jpg' title=\"\" data-rl_title=\"\" class=\"rl-gallery-link\" data-rl_caption=\"\" data-rel=\"lightbox-gallery-1\"><img loading=\"lazy\" decoding=\"async\" width=\"150\" height=\"150\" src=\"https:\/\/www.deambulations-nomades.eu\/wp-content\/uploads\/2013\/06\/amerique-sud-14-juillet-enr-web-800-P1260263_obl-1-150x150.jpg\" class=\"attachment-thumbnail size-thumbnail\" alt=\"\" \/><\/a>\n\t\t\t<\/div><\/figure><figure class='gallery-item'>\n\t\t\t<div class='gallery-icon portrait'>\n\t\t\t\t<a href='https:\/\/www.deambulations-nomades.eu\/wp-content\/uploads\/2013\/06\/amerique-sud-15-juillet-enr-web-800-P1260708_obl.jpg' title=\"\" data-rl_title=\"\" class=\"rl-gallery-link\" data-rl_caption=\"\" data-rel=\"lightbox-gallery-1\"><img loading=\"lazy\" decoding=\"async\" width=\"150\" height=\"150\" src=\"https:\/\/www.deambulations-nomades.eu\/wp-content\/uploads\/2013\/06\/amerique-sud-15-juillet-enr-web-800-P1260708_obl-150x150.jpg\" class=\"attachment-thumbnail size-thumbnail\" alt=\"\" aria-describedby=\"gallery-1-4741\" \/><\/a>\n\t\t\t<\/div>\n\t\t\t\t<figcaption class='wp-caption-text gallery-caption' id='gallery-1-4741'>\n\t\t\t\tCarlos Gardel : le tombeur de ces dames \n\t\t\t\t<\/figcaption><\/figure><figure class='gallery-item'>\n\t\t\t<div class='gallery-icon portrait'>\n\t\t\t\t<a href='https:\/\/www.deambulations-nomades.eu\/wp-content\/uploads\/2013\/06\/amerique-sud-15-juillet-enr-web-800-P1260670_obl.jpg' title=\"\" data-rl_title=\"\" class=\"rl-gallery-link\" data-rl_caption=\"\" data-rel=\"lightbox-gallery-1\"><img loading=\"lazy\" decoding=\"async\" width=\"150\" height=\"150\" src=\"https:\/\/www.deambulations-nomades.eu\/wp-content\/uploads\/2013\/06\/amerique-sud-15-juillet-enr-web-800-P1260670_obl-150x150.jpg\" class=\"attachment-thumbnail size-thumbnail\" alt=\"\" \/><\/a>\n\t\t\t<\/div><\/figure><figure class='gallery-item'>\n\t\t\t<div class='gallery-icon landscape'>\n\t\t\t\t<a href='https:\/\/www.deambulations-nomades.eu\/wp-content\/uploads\/2013\/06\/P1260688_ob-1-800x600.jpg' title=\"\" data-rl_title=\"\" class=\"rl-gallery-link\" data-rl_caption=\"\" data-rel=\"lightbox-gallery-1\"><img loading=\"lazy\" decoding=\"async\" width=\"150\" height=\"150\" src=\"https:\/\/www.deambulations-nomades.eu\/wp-content\/uploads\/2013\/06\/P1260688_ob-1-150x150.jpg\" class=\"attachment-thumbnail size-thumbnail\" alt=\"\" \/><\/a>\n\t\t\t<\/div><\/figure>\n\t\t<\/div>\n<\/td>\n<\/tr>\n<tr>\n<td><\/td>\n<\/tr>\n<tr>\n<td><img loading=\"lazy\" decoding=\"async\" class=\"wp-image-28751 aligncenter\" src=\"http:\/\/www.deambulations-nomades.eu\/wp-content\/uploads\/2015\/02\/amerique-sud-15-juillet-enr-web-800-P1260680_obl.jpg\" alt=\"amerique-sud-15-juillet-enr-web-800-P1260680_obl\" width=\"600\" height=\"450\" srcset=\"https:\/\/www.deambulations-nomades.eu\/wp-content\/uploads\/2015\/02\/amerique-sud-15-juillet-enr-web-800-P1260680_obl.jpg 800w, https:\/\/www.deambulations-nomades.eu\/wp-content\/uploads\/2015\/02\/amerique-sud-15-juillet-enr-web-800-P1260680_obl-400x300.jpg 400w\" sizes=\"auto, (max-width: 600px) 100vw, 600px\" \/><\/td>\n<\/tr>\n<tr>\n<td><img loading=\"lazy\" decoding=\"async\" class=\"aligncenter wp-image-4765\" src=\"http:\/\/www.deambulations-nomades.eu\/wp-content\/uploads\/2013\/06\/amerique-sud-17-juillet-enr-web-800-P1260732_obl.jpg\" alt=\"amerique-sud-17-juillet-enr-web-800-P1260732_obl\" width=\"600\" height=\"450\" srcset=\"https:\/\/www.deambulations-nomades.eu\/wp-content\/uploads\/2013\/06\/amerique-sud-17-juillet-enr-web-800-P1260732_obl.jpg 800w, https:\/\/www.deambulations-nomades.eu\/wp-content\/uploads\/2013\/06\/amerique-sud-17-juillet-enr-web-800-P1260732_obl-400x300.jpg 400w\" sizes=\"auto, (max-width: 600px) 100vw, 600px\" \/><\/td>\n<\/tr>\n<tr>\n<td><img loading=\"lazy\" decoding=\"async\" class=\"aligncenter wp-image-4764\" src=\"http:\/\/www.deambulations-nomades.eu\/wp-content\/uploads\/2013\/06\/amerique-sud-17-juillet-enr-web-800-P1260728_obl.jpg\" alt=\"amerique-sud-17-juillet-enr-web-800-P1260728_obl\" width=\"600\" height=\"800\" srcset=\"https:\/\/www.deambulations-nomades.eu\/wp-content\/uploads\/2013\/06\/amerique-sud-17-juillet-enr-web-800-P1260728_obl.jpg 800w, https:\/\/www.deambulations-nomades.eu\/wp-content\/uploads\/2013\/06\/amerique-sud-17-juillet-enr-web-800-P1260728_obl-400x533.jpg 400w\" sizes=\"auto, (max-width: 600px) 100vw, 600px\" \/><\/td>\n<\/tr>\n<tr>\n<td><img loading=\"lazy\" decoding=\"async\" class=\"aligncenter wp-image-4763\" src=\"http:\/\/www.deambulations-nomades.eu\/wp-content\/uploads\/2013\/06\/amerique-sud-17-juillet-enr-web-800-P1260724_obl.jpg\" alt=\"amerique-sud-17-juillet-enr-web-800-P1260724_obl\" width=\"600\" height=\"800\" srcset=\"https:\/\/www.deambulations-nomades.eu\/wp-content\/uploads\/2013\/06\/amerique-sud-17-juillet-enr-web-800-P1260724_obl.jpg 800w, https:\/\/www.deambulations-nomades.eu\/wp-content\/uploads\/2013\/06\/amerique-sud-17-juillet-enr-web-800-P1260724_obl-400x533.jpg 400w\" sizes=\"auto, (max-width: 600px) 100vw, 600px\" \/><\/td>\n<\/tr>\n<tr>\n<td><img loading=\"lazy\" decoding=\"async\" class=\"aligncenter wp-image-4762\" src=\"http:\/\/www.deambulations-nomades.eu\/wp-content\/uploads\/2013\/06\/amerique-sud-17-juillet-enr-web-800-P1260712_obl.jpg\" alt=\"amerique-sud-17-juillet-enr-web-800-P1260712_obl\" width=\"600\" height=\"474\" srcset=\"https:\/\/www.deambulations-nomades.eu\/wp-content\/uploads\/2013\/06\/amerique-sud-17-juillet-enr-web-800-P1260712_obl.jpg 800w, https:\/\/www.deambulations-nomades.eu\/wp-content\/uploads\/2013\/06\/amerique-sud-17-juillet-enr-web-800-P1260712_obl-400x316.jpg 400w\" sizes=\"auto, (max-width: 600px) 100vw, 600px\" \/><\/td>\n<\/tr>\n<tr>\n<td><img loading=\"lazy\" decoding=\"async\" class=\"aligncenter wp-image-4761\" src=\"http:\/\/www.deambulations-nomades.eu\/wp-content\/uploads\/2013\/06\/amerique-sud-17-juillet-enr-web-800-P1260711_obl.jpg\" alt=\"amerique-sud-17-juillet-enr-web-800-P1260711_obl\" width=\"600\" height=\"450\" srcset=\"https:\/\/www.deambulations-nomades.eu\/wp-content\/uploads\/2013\/06\/amerique-sud-17-juillet-enr-web-800-P1260711_obl.jpg 800w, https:\/\/www.deambulations-nomades.eu\/wp-content\/uploads\/2013\/06\/amerique-sud-17-juillet-enr-web-800-P1260711_obl-400x300.jpg 400w\" sizes=\"auto, (max-width: 600px) 100vw, 600px\" \/><\/td>\n<\/tr>\n<tr>\n<td><img loading=\"lazy\" decoding=\"async\" class=\"aligncenter wp-image-28752\" src=\"http:\/\/www.deambulations-nomades.eu\/wp-content\/uploads\/2015\/02\/amerique-sud-15-juillet-enr-web-800-P1260696_obl.jpg\" alt=\"amerique-sud-15-juillet-enr-web-800-P1260696_obl\" width=\"600\" height=\"450\" srcset=\"https:\/\/www.deambulations-nomades.eu\/wp-content\/uploads\/2015\/02\/amerique-sud-15-juillet-enr-web-800-P1260696_obl.jpg 800w, https:\/\/www.deambulations-nomades.eu\/wp-content\/uploads\/2015\/02\/amerique-sud-15-juillet-enr-web-800-P1260696_obl-400x300.jpg 400w\" sizes=\"auto, (max-width: 600px) 100vw, 600px\" \/><\/td>\n<\/tr>\n<tr>\n<td><\/td>\n<\/tr>\n<tr>\n<td><\/td>\n<\/tr>\n<tr>\n<td><\/td>\n<\/tr>\n<\/tbody>\n<\/table>\n<p>&nbsp;<\/p>\n<p style=\"text-align: right;\">\u00a0\u00a0\u00a0\u00a0 <a title=\"retour en haut de page\" href=\"#H\"><img loading=\"lazy\" decoding=\"async\" class=\"size-full wp-image-28888 alignnone\" src=\"http:\/\/www.deambulations-nomades.eu\/wp-content\/uploads\/2015\/02\/vers-le-haut-flech.jpg\" alt=\"vers-le-haut-flech\" width=\"37\" height=\"55\" \/><\/a><\/p>\n","protected":false},"excerpt":{"rendered":"<p>\u00a0VOIR page priv\u00e9e &nbsp; March\u00e9 aux puces de San Telmo &nbsp; \u00a0\u00a0\u00a0\u00a0<\/p>\n","protected":false},"author":2,"featured_media":0,"parent":42,"menu_order":5,"comment_status":"closed","ping_status":"open","template":"","meta":{"footnotes":""},"class_list":["post-3256","page","type-page","status-publish","hentry"],"_links":{"self":[{"href":"https:\/\/www.deambulations-nomades.eu\/index.php?rest_route=\/wp\/v2\/pages\/3256","targetHints":{"allow":["GET"]}}],"collection":[{"href":"https:\/\/www.deambulations-nomades.eu\/index.php?rest_route=\/wp\/v2\/pages"}],"about":[{"href":"https:\/\/www.deambulations-nomades.eu\/index.php?rest_route=\/wp\/v2\/types\/page"}],"author":[{"embeddable":true,"href":"https:\/\/www.deambulations-nomades.eu\/index.php?rest_route=\/wp\/v2\/users\/2"}],"replies":[{"embeddable":true,"href":"https:\/\/www.deambulations-nomades.eu\/index.php?rest_route=%2Fwp%2Fv2%2Fcomments&post=3256"}],"version-history":[{"count":47,"href":"https:\/\/www.deambulations-nomades.eu\/index.php?rest_route=\/wp\/v2\/pages\/3256\/revisions"}],"predecessor-version":[{"id":3257,"href":"https:\/\/www.deambulations-nomades.eu\/index.php?rest_route=\/wp\/v2\/pages\/3256\/revisions\/3257"}],"up":[{"embeddable":true,"href":"https:\/\/www.deambulations-nomades.eu\/index.php?rest_route=\/wp\/v2\/pages\/42"}],"wp:attachment":[{"href":"https:\/\/www.deambulations-nomades.eu\/index.php?rest_route=%2Fwp%2Fv2%2Fmedia&parent=3256"}],"curies":[{"name":"wp","href":"https:\/\/api.w.org\/{rel}","templated":true}]}}