{"id":3258,"date":"2013-06-09T15:11:35","date_gmt":"2013-06-09T15:11:35","guid":{"rendered":"http:\/\/www.deambulations-nomades.eu\/?page_id=3258"},"modified":"2017-11-27T07:15:41","modified_gmt":"2017-11-27T07:15:41","slug":"16-17-juillet-les-chutes-diguazu","status":"publish","type":"page","link":"https:\/\/www.deambulations-nomades.eu\/?page_id=3258","title":{"rendered":"les chutes d\u2019Iguazu"},"content":{"rendered":"<p style=\"text-align: right;\"><a href=\"http:\/\/www.deambulations-nomades.eu\/?page_id=3256\"><img loading=\"lazy\" decoding=\"async\" class=\" size-full wp-image-29433 alignleft\" src=\"http:\/\/www.deambulations-nomades.eu\/wp-content\/uploads\/2015\/02\/precedent-flech1.jpg\" alt=\"precedent-flech\" width=\"25\" height=\"21\" \/><\/a><a href=\"http:\/\/www.deambulations-nomades.eu\/?page_id=3260\"><strong> <img loading=\"lazy\" decoding=\"async\" class=\" size-full wp-image-29434 alignright\" src=\"http:\/\/www.deambulations-nomades.eu\/wp-content\/uploads\/2015\/02\/suivant-flech1.jpg\" alt=\"suivant-flech\" width=\"25\" height=\"21\" \/><\/strong><\/a><span style=\"color: #c3a954; font-size: 12px;\"><a id=\"H\"><\/a><a style=\"color: #c3a954;\" href=\"http:\/\/www.deambulations-nomades.eu\/?page_id=28500\" target=\"_blank\" rel=\"noopener\">VOIR GALERIE<\/a> <\/span><span style=\"font-size: 10px;\">(photos suppl\u00e9mentaires)<\/span><\/p>\n<table>\n<tbody>\n<tr>\n<td>\n<p style=\"text-align: left;\"><img loading=\"lazy\" decoding=\"async\" class=\"aligncenter wp-image-4767\" src=\"http:\/\/www.deambulations-nomades.eu\/wp-content\/uploads\/2013\/06\/amerique-sud-17-juillet-enr-web-800-P1260757_obl.jpg\" alt=\"amerique-sud-17-juillet-enr-web-800-P1260757_obl\" width=\"600\" height=\"450\" srcset=\"https:\/\/www.deambulations-nomades.eu\/wp-content\/uploads\/2013\/06\/amerique-sud-17-juillet-enr-web-800-P1260757_obl.jpg 800w, https:\/\/www.deambulations-nomades.eu\/wp-content\/uploads\/2013\/06\/amerique-sud-17-juillet-enr-web-800-P1260757_obl-400x300.jpg 400w\" sizes=\"auto, (max-width: 600px) 100vw, 600px\" \/><\/p>\n<\/td>\n<\/tr>\n<tr>\n<td>\n<p><figure id=\"attachment_4768\" aria-describedby=\"caption-attachment-4768\" style=\"width: 600px\" class=\"wp-caption aligncenter\"><img loading=\"lazy\" decoding=\"async\" class=\"wp-image-4768\" src=\"http:\/\/www.deambulations-nomades.eu\/wp-content\/uploads\/2013\/06\/amerique-sud-17-juillet-enr-web-800-P1260769_obl.jpg\" alt=\"Sur la route des chutes : la lat\u00e9rite donne cette belle couleur \" width=\"600\" height=\"450\" srcset=\"https:\/\/www.deambulations-nomades.eu\/wp-content\/uploads\/2013\/06\/amerique-sud-17-juillet-enr-web-800-P1260769_obl.jpg 800w, https:\/\/www.deambulations-nomades.eu\/wp-content\/uploads\/2013\/06\/amerique-sud-17-juillet-enr-web-800-P1260769_obl-400x300.jpg 400w\" sizes=\"auto, (max-width: 600px) 100vw, 600px\" \/><figcaption id=\"caption-attachment-4768\" class=\"wp-caption-text\">Sur la route des chutes : la lat\u00e9rite donne cette belle couleur<\/figcaption><\/figure><\/td>\n<\/tr>\n<tr>\n<td>\n<p style=\"text-align: center;\"><img loading=\"lazy\" decoding=\"async\" class=\"aligncenter wp-image-4774\" src=\"http:\/\/www.deambulations-nomades.eu\/wp-content\/uploads\/2013\/06\/amerique-sud-17-juillet-enr-web-800-P1260897_obl.jpg\" alt=\"amerique-sud-17-juillet-enr-web-800-P1260897_obl\" width=\"600\" height=\"471\" srcset=\"https:\/\/www.deambulations-nomades.eu\/wp-content\/uploads\/2013\/06\/amerique-sud-17-juillet-enr-web-800-P1260897_obl.jpg 800w, https:\/\/www.deambulations-nomades.eu\/wp-content\/uploads\/2013\/06\/amerique-sud-17-juillet-enr-web-800-P1260897_obl-400x314.jpg 400w\" sizes=\"auto, (max-width: 600px) 100vw, 600px\" \/><\/p>\n<\/td>\n<\/tr>\n<tr>\n<td>\n<p><figure id=\"attachment_4772\" aria-describedby=\"caption-attachment-4772\" style=\"width: 600px\" class=\"wp-caption aligncenter\"><img loading=\"lazy\" decoding=\"async\" class=\"wp-image-4772\" src=\"http:\/\/www.deambulations-nomades.eu\/wp-content\/uploads\/2013\/06\/amerique-sud-17-juillet-enr-web-800-P1260861_obl.jpg\" alt=\"Sur le chemin des eaux, un charmant Ocati aux dents ac\u00e9r\u00e9es\" width=\"600\" height=\"322\" srcset=\"https:\/\/www.deambulations-nomades.eu\/wp-content\/uploads\/2013\/06\/amerique-sud-17-juillet-enr-web-800-P1260861_obl.jpg 800w, https:\/\/www.deambulations-nomades.eu\/wp-content\/uploads\/2013\/06\/amerique-sud-17-juillet-enr-web-800-P1260861_obl-400x214.jpg 400w\" sizes=\"auto, (max-width: 600px) 100vw, 600px\" \/><figcaption id=\"caption-attachment-4772\" class=\"wp-caption-text\">Sur le chemin des eaux, un charmant Ocati aux dents ac\u00e9r\u00e9es<\/figcaption><\/figure><\/td>\n<\/tr>\n<tr>\n<td>\n<p><figure id=\"attachment_4773\" aria-describedby=\"caption-attachment-4773\" style=\"width: 600px\" class=\"wp-caption aligncenter\"><img loading=\"lazy\" decoding=\"async\" class=\"wp-image-4773\" src=\"http:\/\/www.deambulations-nomades.eu\/wp-content\/uploads\/2013\/06\/amerique-sud-17-juillet-enr-web-800-P1260888_obl.jpg\" alt=\"Un papillon des tropiques sur une rose g\u00e9ante de N\u00f6el (Poinsettia, v\u00e9ritable arbre ici) \" width=\"600\" height=\"450\" srcset=\"https:\/\/www.deambulations-nomades.eu\/wp-content\/uploads\/2013\/06\/amerique-sud-17-juillet-enr-web-800-P1260888_obl.jpg 800w, https:\/\/www.deambulations-nomades.eu\/wp-content\/uploads\/2013\/06\/amerique-sud-17-juillet-enr-web-800-P1260888_obl-400x300.jpg 400w\" sizes=\"auto, (max-width: 600px) 100vw, 600px\" \/><figcaption id=\"caption-attachment-4773\" class=\"wp-caption-text\">Un papillon des tropiques sur une rose g\u00e9ante de N\u00f6el (Poinsettia, v\u00e9ritable arbre ici)<\/figcaption><\/figure><\/td>\n<\/tr>\n<tr>\n<td>\n<p><figure id=\"attachment_4776\" aria-describedby=\"caption-attachment-4776\" style=\"width: 600px\" class=\"wp-caption aligncenter\"><img loading=\"lazy\" decoding=\"async\" class=\"wp-image-4776\" src=\"http:\/\/www.deambulations-nomades.eu\/wp-content\/uploads\/2013\/06\/amerique-sud-17-juillet-enr-web-800-P1260921_obl.jpg\" alt=\"Nous pensions \u00eatre seuls au monde mais la v\u00e9rit\u00e9 nous oblige \u00e0 dire qu'il nous aura fallu patienter des heures sur une passerelle enjambant le rio Guarani avant d'acc\u00e9der \u00e0 la beaut\u00e9 terrifiante du site... \" width=\"600\" height=\"450\" srcset=\"https:\/\/www.deambulations-nomades.eu\/wp-content\/uploads\/2013\/06\/amerique-sud-17-juillet-enr-web-800-P1260921_obl.jpg 800w, https:\/\/www.deambulations-nomades.eu\/wp-content\/uploads\/2013\/06\/amerique-sud-17-juillet-enr-web-800-P1260921_obl-400x300.jpg 400w\" sizes=\"auto, (max-width: 600px) 100vw, 600px\" \/><figcaption id=\"caption-attachment-4776\" class=\"wp-caption-text\">Nous pensions \u00eatre seuls au monde mais la v\u00e9rit\u00e9 nous oblige \u00e0 dire qu&rsquo;il nous aura fallu patienter des heures sur une passerelle enjambant le rio Guarani avant d&rsquo;acc\u00e9der \u00e0 la beaut\u00e9 terrifiante du site&#8230;<\/figcaption><\/figure><\/td>\n<\/tr>\n<tr>\n<td><img loading=\"lazy\" decoding=\"async\" class=\"aligncenter wp-image-4775\" src=\"http:\/\/www.deambulations-nomades.eu\/wp-content\/uploads\/2013\/06\/amerique-sud-17-juillet-enr-web-800-P1260901_obl.jpg\" alt=\"amerique-sud-17-juillet-enr-web-800-P1260901_obl\" width=\"600\" height=\"450\" srcset=\"https:\/\/www.deambulations-nomades.eu\/wp-content\/uploads\/2013\/06\/amerique-sud-17-juillet-enr-web-800-P1260901_obl.jpg 800w, https:\/\/www.deambulations-nomades.eu\/wp-content\/uploads\/2013\/06\/amerique-sud-17-juillet-enr-web-800-P1260901_obl-400x300.jpg 400w\" sizes=\"auto, (max-width: 600px) 100vw, 600px\" \/><\/td>\n<\/tr>\n<tr>\n<td><img loading=\"lazy\" decoding=\"async\" class=\"aligncenter wp-image-4777\" src=\"http:\/\/www.deambulations-nomades.eu\/wp-content\/uploads\/2013\/06\/amerique-sud-17-juillet-enr-web-800-P1260931_obl.jpg\" alt=\"amerique-sud-17-juillet-enr-web-800-P1260931_obl\" width=\"600\" height=\"450\" srcset=\"https:\/\/www.deambulations-nomades.eu\/wp-content\/uploads\/2013\/06\/amerique-sud-17-juillet-enr-web-800-P1260931_obl.jpg 800w, https:\/\/www.deambulations-nomades.eu\/wp-content\/uploads\/2013\/06\/amerique-sud-17-juillet-enr-web-800-P1260931_obl-400x300.jpg 400w\" sizes=\"auto, (max-width: 600px) 100vw, 600px\" \/><\/td>\n<\/tr>\n<tr>\n<td><\/td>\n<\/tr>\n<tr>\n<td><div id='gallery-1' class='gallery galleryid-3258 gallery-columns-6 gallery-size-thumbnail'><figure class='gallery-item'>\n\t\t\t<div class='gallery-icon landscape'>\n\t\t\t\t<a href='https:\/\/www.deambulations-nomades.eu\/wp-content\/uploads\/2013\/06\/amerique-sud-17-juillet-enr-web-800-P1260833_obl.jpg' title=\"\" data-rl_title=\"\" class=\"rl-gallery-link\" data-rl_caption=\"\" data-rel=\"lightbox-gallery-1\"><img loading=\"lazy\" decoding=\"async\" width=\"150\" height=\"150\" src=\"https:\/\/www.deambulations-nomades.eu\/wp-content\/uploads\/2013\/06\/amerique-sud-17-juillet-enr-web-800-P1260833_obl-150x150.jpg\" class=\"attachment-thumbnail size-thumbnail\" alt=\"\" \/><\/a>\n\t\t\t<\/div><\/figure><figure class='gallery-item'>\n\t\t\t<div class='gallery-icon landscape'>\n\t\t\t\t<a href='https:\/\/www.deambulations-nomades.eu\/wp-content\/uploads\/2013\/06\/amerique-sud-17-juillet-enr-web-800-P1260825_obl.jpg' title=\"\" data-rl_title=\"\" class=\"rl-gallery-link\" data-rl_caption=\"\" data-rel=\"lightbox-gallery-1\"><img loading=\"lazy\" decoding=\"async\" width=\"150\" height=\"150\" src=\"https:\/\/www.deambulations-nomades.eu\/wp-content\/uploads\/2013\/06\/amerique-sud-17-juillet-enr-web-800-P1260825_obl-150x150.jpg\" class=\"attachment-thumbnail size-thumbnail\" alt=\"\" \/><\/a>\n\t\t\t<\/div><\/figure><figure class='gallery-item'>\n\t\t\t<div class='gallery-icon landscape'>\n\t\t\t\t<a href='https:\/\/www.deambulations-nomades.eu\/wp-content\/uploads\/2013\/06\/amerique-sud-17-juillet-enr-web-800-P1260959_obl.jpg' title=\"\" data-rl_title=\"\" class=\"rl-gallery-link\" data-rl_caption=\"\" data-rel=\"lightbox-gallery-1\"><img loading=\"lazy\" decoding=\"async\" width=\"150\" height=\"150\" src=\"https:\/\/www.deambulations-nomades.eu\/wp-content\/uploads\/2013\/06\/amerique-sud-17-juillet-enr-web-800-P1260959_obl-150x150.jpg\" class=\"attachment-thumbnail size-thumbnail\" alt=\"\" \/><\/a>\n\t\t\t<\/div><\/figure><figure class='gallery-item'>\n\t\t\t<div class='gallery-icon landscape'>\n\t\t\t\t<a href='https:\/\/www.deambulations-nomades.eu\/wp-content\/uploads\/2013\/06\/amerique-sud-17-juillet-enr-web-800-P1260934_obl.jpg' title=\"\" data-rl_title=\"\" class=\"rl-gallery-link\" data-rl_caption=\"\" data-rel=\"lightbox-gallery-1\"><img loading=\"lazy\" decoding=\"async\" width=\"150\" height=\"150\" src=\"https:\/\/www.deambulations-nomades.eu\/wp-content\/uploads\/2013\/06\/amerique-sud-17-juillet-enr-web-800-P1260934_obl-150x150.jpg\" class=\"attachment-thumbnail size-thumbnail\" alt=\"\" \/><\/a>\n\t\t\t<\/div><\/figure><figure class='gallery-item'>\n\t\t\t<div class='gallery-icon landscape'>\n\t\t\t\t<a href='https:\/\/www.deambulations-nomades.eu\/wp-content\/uploads\/2013\/06\/amerique-sud-17-juillet-enr-web-800-P1260941_obl.jpg' title=\"\" data-rl_title=\"\" class=\"rl-gallery-link\" data-rl_caption=\"\" data-rel=\"lightbox-gallery-1\"><img loading=\"lazy\" decoding=\"async\" width=\"150\" height=\"150\" src=\"https:\/\/www.deambulations-nomades.eu\/wp-content\/uploads\/2013\/06\/amerique-sud-17-juillet-enr-web-800-P1260941_obl-150x150.jpg\" class=\"attachment-thumbnail size-thumbnail\" alt=\"\" \/><\/a>\n\t\t\t<\/div><\/figure><figure class='gallery-item'>\n\t\t\t<div class='gallery-icon portrait'>\n\t\t\t\t<a href='https:\/\/www.deambulations-nomades.eu\/wp-content\/uploads\/2013\/06\/amerique-sud-17-juillet-enr-web-800-P1260956_obl.jpg' title=\"\" data-rl_title=\"\" class=\"rl-gallery-link\" data-rl_caption=\"\" data-rel=\"lightbox-gallery-1\"><img loading=\"lazy\" decoding=\"async\" width=\"150\" height=\"150\" src=\"https:\/\/www.deambulations-nomades.eu\/wp-content\/uploads\/2013\/06\/amerique-sud-17-juillet-enr-web-800-P1260956_obl-150x150.jpg\" class=\"attachment-thumbnail size-thumbnail\" alt=\"\" \/><\/a>\n\t\t\t<\/div><\/figure><figure class='gallery-item'>\n\t\t\t<div class='gallery-icon landscape'>\n\t\t\t\t<a href='https:\/\/www.deambulations-nomades.eu\/wp-content\/uploads\/2013\/06\/amerique-sud-17-juillet-enr-web-800-P1260944_obl.jpg' title=\"\" data-rl_title=\"\" class=\"rl-gallery-link\" data-rl_caption=\"\" data-rel=\"lightbox-gallery-1\"><img loading=\"lazy\" decoding=\"async\" width=\"150\" height=\"150\" src=\"https:\/\/www.deambulations-nomades.eu\/wp-content\/uploads\/2013\/06\/amerique-sud-17-juillet-enr-web-800-P1260944_obl-150x150.jpg\" class=\"attachment-thumbnail size-thumbnail\" alt=\"\" \/><\/a>\n\t\t\t<\/div><\/figure>\n\t\t<\/div>\n<\/td>\n<\/tr>\n<tr>\n<td><\/td>\n<\/tr>\n<tr>\n<td><img loading=\"lazy\" decoding=\"async\" class=\"aligncenter wp-image-4781\" src=\"http:\/\/www.deambulations-nomades.eu\/wp-content\/uploads\/2013\/06\/amerique-sud-17-juillet-enr-web-800-P1260946_obl.jpg\" alt=\"amerique-sud-17-juillet-enr-web-800-P1260946_obl\" width=\"600\" height=\"450\" srcset=\"https:\/\/www.deambulations-nomades.eu\/wp-content\/uploads\/2013\/06\/amerique-sud-17-juillet-enr-web-800-P1260946_obl.jpg 800w, https:\/\/www.deambulations-nomades.eu\/wp-content\/uploads\/2013\/06\/amerique-sud-17-juillet-enr-web-800-P1260946_obl-400x300.jpg 400w\" sizes=\"auto, (max-width: 600px) 100vw, 600px\" \/><\/td>\n<\/tr>\n<tr>\n<td><\/td>\n<\/tr>\n<tr>\n<td><img loading=\"lazy\" decoding=\"async\" class=\"aligncenter wp-image-4784\" src=\"http:\/\/www.deambulations-nomades.eu\/wp-content\/uploads\/2013\/06\/amerique-sud-17-juillet-enr-web-800-P1260970_obl.jpg\" alt=\"amerique-sud-17-juillet-enr-web-800-P1260970_obl\" width=\"600\" height=\"508\" srcset=\"https:\/\/www.deambulations-nomades.eu\/wp-content\/uploads\/2013\/06\/amerique-sud-17-juillet-enr-web-800-P1260970_obl.jpg 800w, https:\/\/www.deambulations-nomades.eu\/wp-content\/uploads\/2013\/06\/amerique-sud-17-juillet-enr-web-800-P1260970_obl-400x338.jpg 400w\" sizes=\"auto, (max-width: 600px) 100vw, 600px\" \/><\/td>\n<\/tr>\n<tr>\n<td><img loading=\"lazy\" decoding=\"async\" class=\"aligncenter wp-image-4785\" src=\"http:\/\/www.deambulations-nomades.eu\/wp-content\/uploads\/2013\/06\/amerique-sud-17-juillet-enr-web-800-P1260976_obl.jpg\" alt=\"amerique-sud-17-juillet-enr-web-800-P1260976_obl\" width=\"600\" height=\"450\" srcset=\"https:\/\/www.deambulations-nomades.eu\/wp-content\/uploads\/2013\/06\/amerique-sud-17-juillet-enr-web-800-P1260976_obl.jpg 800w, https:\/\/www.deambulations-nomades.eu\/wp-content\/uploads\/2013\/06\/amerique-sud-17-juillet-enr-web-800-P1260976_obl-400x300.jpg 400w\" sizes=\"auto, (max-width: 600px) 100vw, 600px\" \/><\/td>\n<\/tr>\n<tr>\n<td>\n<p><figure id=\"attachment_4786\" aria-describedby=\"caption-attachment-4786\" style=\"width: 600px\" class=\"wp-caption aligncenter\"><img loading=\"lazy\" decoding=\"async\" class=\"wp-image-4786\" src=\"http:\/\/www.deambulations-nomades.eu\/wp-content\/uploads\/2013\/06\/amerique-sud-17-juillet-enr-web-800-P1260985_obl.jpg\" alt=\"...Ce magnifique toucan en libert\u00e9 ! La chasse a \u00e9t\u00e9 bonne ! \" width=\"600\" height=\"446\" srcset=\"https:\/\/www.deambulations-nomades.eu\/wp-content\/uploads\/2013\/06\/amerique-sud-17-juillet-enr-web-800-P1260985_obl.jpg 800w, https:\/\/www.deambulations-nomades.eu\/wp-content\/uploads\/2013\/06\/amerique-sud-17-juillet-enr-web-800-P1260985_obl-400x297.jpg 400w\" sizes=\"auto, (max-width: 600px) 100vw, 600px\" \/><figcaption id=\"caption-attachment-4786\" class=\"wp-caption-text\">&#8230;Ce magnifique toucan en libert\u00e9 ! La chasse a \u00e9t\u00e9 bonne !<\/figcaption><\/figure><\/td>\n<\/tr>\n<tr>\n<td>\n<p><figure id=\"attachment_4787\" aria-describedby=\"caption-attachment-4787\" style=\"width: 600px\" class=\"wp-caption aligncenter\"><img loading=\"lazy\" decoding=\"async\" class=\"wp-image-4787\" src=\"http:\/\/www.deambulations-nomades.eu\/wp-content\/uploads\/2013\/06\/amerique-sud-17-juillet-enr-web-800-P1260991_obl.jpg\" alt=\"Un calao, un poisson-chat, une aigrette et... \" width=\"600\" height=\"736\" srcset=\"https:\/\/www.deambulations-nomades.eu\/wp-content\/uploads\/2013\/06\/amerique-sud-17-juillet-enr-web-800-P1260991_obl.jpg 800w, https:\/\/www.deambulations-nomades.eu\/wp-content\/uploads\/2013\/06\/amerique-sud-17-juillet-enr-web-800-P1260991_obl-400x491.jpg 400w\" sizes=\"auto, (max-width: 600px) 100vw, 600px\" \/><figcaption id=\"caption-attachment-4787\" class=\"wp-caption-text\">Un calao, un poisson-chat, une aigrette et&#8230;<\/figcaption><\/figure><\/td>\n<\/tr>\n<tr>\n<td><\/td>\n<\/tr>\n<tr>\n<td><\/td>\n<\/tr>\n<\/tbody>\n<\/table>\n<p style=\"text-align: right;\"><a title=\"retour en haut de page\" href=\"#H\"><img loading=\"lazy\" decoding=\"async\" class=\"size-full wp-image-28888 alignright\" src=\"http:\/\/www.deambulations-nomades.eu\/wp-content\/uploads\/2015\/02\/vers-le-haut-flech.jpg\" alt=\"vers-le-haut-flech\" width=\"37\" height=\"55\" \/><\/a><\/p>\n","protected":false},"excerpt":{"rendered":"<p>VOIR GALERIE (photos suppl\u00e9mentaires)<\/p>\n","protected":false},"author":2,"featured_media":0,"parent":42,"menu_order":6,"comment_status":"closed","ping_status":"open","template":"page-templates\/full-width.php","meta":{"footnotes":""},"class_list":["post-3258","page","type-page","status-publish","hentry"],"_links":{"self":[{"href":"https:\/\/www.deambulations-nomades.eu\/index.php?rest_route=\/wp\/v2\/pages\/3258","targetHints":{"allow":["GET"]}}],"collection":[{"href":"https:\/\/www.deambulations-nomades.eu\/index.php?rest_route=\/wp\/v2\/pages"}],"about":[{"href":"https:\/\/www.deambulations-nomades.eu\/index.php?rest_route=\/wp\/v2\/types\/page"}],"author":[{"embeddable":true,"href":"https:\/\/www.deambulations-nomades.eu\/index.php?rest_route=\/wp\/v2\/users\/2"}],"replies":[{"embeddable":true,"href":"https:\/\/www.deambulations-nomades.eu\/index.php?rest_route=%2Fwp%2Fv2%2Fcomments&post=3258"}],"version-history":[{"count":43,"href":"https:\/\/www.deambulations-nomades.eu\/index.php?rest_route=\/wp\/v2\/pages\/3258\/revisions"}],"predecessor-version":[{"id":54832,"href":"https:\/\/www.deambulations-nomades.eu\/index.php?rest_route=\/wp\/v2\/pages\/3258\/revisions\/54832"}],"up":[{"embeddable":true,"href":"https:\/\/www.deambulations-nomades.eu\/index.php?rest_route=\/wp\/v2\/pages\/42"}],"wp:attachment":[{"href":"https:\/\/www.deambulations-nomades.eu\/index.php?rest_route=%2Fwp%2Fv2%2Fmedia&parent=3258"}],"curies":[{"name":"wp","href":"https:\/\/api.w.org\/{rel}","templated":true}]}}