{"id":3266,"date":"2013-06-09T15:14:10","date_gmt":"2013-06-09T15:14:10","guid":{"rendered":"http:\/\/www.deambulations-nomades.eu\/?page_id=3266"},"modified":"2017-11-27T07:17:23","modified_gmt":"2017-11-27T07:17:23","slug":"21-juillet-san-pedro-de-atacama","status":"publish","type":"page","link":"https:\/\/www.deambulations-nomades.eu\/?page_id=3266","title":{"rendered":"San Pedro de Atacama"},"content":{"rendered":"<p style=\"text-align: right;\"><a href=\"http:\/\/www.deambulations-nomades.eu\/?page_id=3264\"><img loading=\"lazy\" decoding=\"async\" class=\" size-full wp-image-29433 alignleft\" src=\"http:\/\/www.deambulations-nomades.eu\/wp-content\/uploads\/2015\/02\/precedent-flech1.jpg\" alt=\"precedent-flech\" width=\"25\" height=\"21\" \/><\/a><span style=\"font-size: 12px; color: #c3a954;\"><strong>\u00a0<a style=\"color: #c3a954;\" href=\"http:\/\/www.deambulations-nomades.eu\/?page_id=3268\"><img loading=\"lazy\" decoding=\"async\" class=\" size-full wp-image-29434 alignright\" src=\"http:\/\/www.deambulations-nomades.eu\/wp-content\/uploads\/2015\/02\/suivant-flech1.jpg\" alt=\"suivant-flech\" width=\"25\" height=\"21\" \/><\/a><\/strong><a id=\"H\"><\/a><a style=\"color: #c3a954;\" href=\"http:\/\/www.deambulations-nomades.eu\/?page_id=28496 \" target=\"_blank\" rel=\"noopener\">VOIR GALERIE<\/a> <\/span><span style=\"font-size: 10px;\">(photos suppl\u00e9mentaires)<\/span><\/p>\n<figure id=\"attachment_4890\" aria-describedby=\"caption-attachment-4890\" style=\"width: 600px\" class=\"wp-caption aligncenter\"><img loading=\"lazy\" decoding=\"async\" class=\"wp-image-4890\" src=\"http:\/\/www.deambulations-nomades.eu\/wp-content\/uploads\/2014\/06\/amerique-sud-21-juillet-enr-web-800-P1270509_obl.jpg\" alt=\"A l'or\u00e9e du d\u00e9sert de sel, de sable et de rocaille, l'oasis de San Pedro de Atacama, bourgade de deux mille \u00e2mes perdue au nord du Chili. Ici, le ciel le plus pur du monde \u00e0 en croire les indiens atacam\u00e9niens (Qechuas) et les astrophysiciens en culottes longues (un projet international vise \u00e0 construire dans le coin un complexe d'observation spatiale d'un calibre in\u00e9gal\u00e9). Il n'a pas plu en certains endroits depuis plus de 8O ans. \" width=\"600\" height=\"450\" srcset=\"https:\/\/www.deambulations-nomades.eu\/wp-content\/uploads\/2014\/06\/amerique-sud-21-juillet-enr-web-800-P1270509_obl.jpg 800w, https:\/\/www.deambulations-nomades.eu\/wp-content\/uploads\/2014\/06\/amerique-sud-21-juillet-enr-web-800-P1270509_obl-400x300.jpg 400w\" sizes=\"auto, (max-width: 600px) 100vw, 600px\" \/><figcaption id=\"caption-attachment-4890\" class=\"wp-caption-text\">A l&rsquo;or\u00e9e du d\u00e9sert de sel, de sable et de rocaille, l&rsquo;oasis de San Pedro de Atacama, bourgade de deux mille \u00e2mes perdue au nord du Chili. Ici, le ciel le plus pur du monde \u00e0 en croire les indiens atacam\u00e9niens (Qechuas) et les astrophysiciens en culottes longues (un projet international vise \u00e0 construire dans le coin un complexe d&rsquo;observation spatiale d&rsquo;un calibre in\u00e9gal\u00e9). Il n&rsquo;a pas plu en certains endroits depuis plus de \ud83d\ude2f ans.<\/figcaption><\/figure>\n<p><img loading=\"lazy\" decoding=\"async\" class=\"aligncenter wp-image-4891\" src=\"http:\/\/www.deambulations-nomades.eu\/wp-content\/uploads\/2014\/06\/amerique-sud-21-juillet-enr-web-800-P1270538_obl.jpg\" alt=\"amerique-sud-21-juillet-enr-web-800-P1270538_obl\" width=\"600\" height=\"450\" srcset=\"https:\/\/www.deambulations-nomades.eu\/wp-content\/uploads\/2014\/06\/amerique-sud-21-juillet-enr-web-800-P1270538_obl.jpg 800w, https:\/\/www.deambulations-nomades.eu\/wp-content\/uploads\/2014\/06\/amerique-sud-21-juillet-enr-web-800-P1270538_obl-400x300.jpg 400w\" sizes=\"auto, (max-width: 600px) 100vw, 600px\" \/> <img loading=\"lazy\" decoding=\"async\" class=\"aligncenter wp-image-4892\" src=\"http:\/\/www.deambulations-nomades.eu\/wp-content\/uploads\/2014\/06\/amerique-sud-21-juillet-enr-web-800-P1270546_obl.jpg\" alt=\"amerique-sud-21-juillet-enr-web-800-P1270546_obl\" width=\"600\" height=\"450\" srcset=\"https:\/\/www.deambulations-nomades.eu\/wp-content\/uploads\/2014\/06\/amerique-sud-21-juillet-enr-web-800-P1270546_obl.jpg 800w, https:\/\/www.deambulations-nomades.eu\/wp-content\/uploads\/2014\/06\/amerique-sud-21-juillet-enr-web-800-P1270546_obl-400x300.jpg 400w\" sizes=\"auto, (max-width: 600px) 100vw, 600px\" \/><\/p>\n<figure id=\"attachment_4893\" aria-describedby=\"caption-attachment-4893\" style=\"width: 600px\" class=\"wp-caption aligncenter\"><img loading=\"lazy\" decoding=\"async\" class=\"wp-image-4893\" src=\"http:\/\/www.deambulations-nomades.eu\/wp-content\/uploads\/2014\/06\/amerique-sud-21-juillet-enr-web-800-P1270547_obl.jpg\" alt=\" L'\u00e9glise San Francisco, \u00e9difi\u00e9e au cours du XVIIe, est le point focal du village \" width=\"600\" height=\"800\" srcset=\"https:\/\/www.deambulations-nomades.eu\/wp-content\/uploads\/2014\/06\/amerique-sud-21-juillet-enr-web-800-P1270547_obl.jpg 800w, https:\/\/www.deambulations-nomades.eu\/wp-content\/uploads\/2014\/06\/amerique-sud-21-juillet-enr-web-800-P1270547_obl-400x533.jpg 400w\" sizes=\"auto, (max-width: 600px) 100vw, 600px\" \/><figcaption id=\"caption-attachment-4893\" class=\"wp-caption-text\">L&rsquo;\u00e9glise San Francisco, \u00e9difi\u00e9e au cours du XVIIe, est le point focal du village<\/figcaption><\/figure>\n<figure id=\"attachment_4894\" aria-describedby=\"caption-attachment-4894\" style=\"width: 600px\" class=\"wp-caption aligncenter\"><img loading=\"lazy\" decoding=\"async\" class=\"wp-image-4894\" src=\"http:\/\/www.deambulations-nomades.eu\/wp-content\/uploads\/2014\/06\/amerique-sud-21-juillet-enr-web-800-P1270566_obl.jpg\" alt=\"Notre hostal surgi de la terre est b\u00e2ti selon la m\u00e9thode ancestrale : l'adobe. Notre quotidien qui consiste \u00e0 remettre \u00e0 neuf le vestiaire et \u00e0 s'aprovisionner en grande quantit\u00e9 d'eau potable \" width=\"600\" height=\"800\" srcset=\"https:\/\/www.deambulations-nomades.eu\/wp-content\/uploads\/2014\/06\/amerique-sud-21-juillet-enr-web-800-P1270566_obl.jpg 800w, https:\/\/www.deambulations-nomades.eu\/wp-content\/uploads\/2014\/06\/amerique-sud-21-juillet-enr-web-800-P1270566_obl-400x533.jpg 400w\" sizes=\"auto, (max-width: 600px) 100vw, 600px\" \/><figcaption id=\"caption-attachment-4894\" class=\"wp-caption-text\">Notre hostal surgi de la terre est b\u00e2ti selon la m\u00e9thode ancestrale : l&rsquo;adobe. Notre quotidien qui consiste \u00e0 remettre \u00e0 neuf le vestiaire et \u00e0 s&rsquo;aprovisionner en grande quantit\u00e9 d&rsquo;eau potable<\/figcaption><\/figure>\n<p><img loading=\"lazy\" decoding=\"async\" class=\"aligncenter wp-image-4895\" src=\"http:\/\/www.deambulations-nomades.eu\/wp-content\/uploads\/2014\/06\/amerique-sud-21-juillet-enr-web-800-P1270569_obl.jpg\" alt=\"amerique-sud-21-juillet-enr-web-800-P1270569_obl\" width=\"600\" height=\"450\" srcset=\"https:\/\/www.deambulations-nomades.eu\/wp-content\/uploads\/2014\/06\/amerique-sud-21-juillet-enr-web-800-P1270569_obl.jpg 800w, https:\/\/www.deambulations-nomades.eu\/wp-content\/uploads\/2014\/06\/amerique-sud-21-juillet-enr-web-800-P1270569_obl-400x300.jpg 400w\" sizes=\"auto, (max-width: 600px) 100vw, 600px\" \/><\/p>\n<figure id=\"attachment_4896\" aria-describedby=\"caption-attachment-4896\" style=\"width: 600px\" class=\"wp-caption aligncenter\"><img loading=\"lazy\" decoding=\"async\" class=\"wp-image-4896\" src=\"http:\/\/www.deambulations-nomades.eu\/wp-content\/uploads\/2014\/06\/amerique-sud-21-juillet-enr-web-800-P1270584_obl.jpg\" alt=\"Apr\u00e8s une journ\u00e9e harassante \u00e0 26OO m d'altitude, ce feu de bois nous r\u00e9conforte dans l'hostal-centre culturel La Rose d'Atacama tenu par un couple franco-argentin. Nous apprenons que l'un des animateurs n'est autre que le fils de l'ancien ministre de l'int\u00e9rieur chilien de Salvador Allende et pr\u00e9sident de l'union des \u00e9crivains. Enfant, il a fui la dictature Pinochet pour trouver refuge en France. Trente ans plus tard, il revient dans son pays et se passionne \u00e0 faire d\u00e9couvrir celui-ci aux intr\u00e9pides des quatre coins du monde. \" width=\"600\" height=\"450\" srcset=\"https:\/\/www.deambulations-nomades.eu\/wp-content\/uploads\/2014\/06\/amerique-sud-21-juillet-enr-web-800-P1270584_obl.jpg 800w, https:\/\/www.deambulations-nomades.eu\/wp-content\/uploads\/2014\/06\/amerique-sud-21-juillet-enr-web-800-P1270584_obl-400x300.jpg 400w\" sizes=\"auto, (max-width: 600px) 100vw, 600px\" \/><figcaption id=\"caption-attachment-4896\" class=\"wp-caption-text\">Apr\u00e8s une journ\u00e9e harassante \u00e0 26OO m d&rsquo;altitude, ce feu de bois nous r\u00e9conforte dans l&rsquo;hostal-centre culturel La Rose d&rsquo;Atacama tenu par un couple franco-argentin. Nous apprenons que l&rsquo;un des animateurs n&rsquo;est autre que le fils de l&rsquo;ancien ministre de l&rsquo;int\u00e9rieur chilien de Salvador Allende et pr\u00e9sident de l&rsquo;union des \u00e9crivains. Enfant, il a fui la dictature Pinochet pour trouver refuge en France. Trente ans plus tard, il revient dans son pays et se passionne \u00e0 faire d\u00e9couvrir celui-ci aux intr\u00e9pides des quatre coins du monde.<\/figcaption><\/figure>\n<p style=\"text-align: right;\">\u00a0<a title=\"retour en haut de page\" href=\"#H\"><img loading=\"lazy\" decoding=\"async\" class=\"size-full wp-image-28888 alignright\" src=\"http:\/\/www.deambulations-nomades.eu\/wp-content\/uploads\/2015\/02\/vers-le-haut-flech.jpg\" alt=\"vers-le-haut-flech\" width=\"37\" height=\"55\" \/><\/a><\/p>\n","protected":false},"excerpt":{"rendered":"<p>\u00a0VOIR GALERIE (photos suppl\u00e9mentaires) \u00a0<\/p>\n","protected":false},"author":2,"featured_media":0,"parent":42,"menu_order":10,"comment_status":"closed","ping_status":"open","template":"page-templates\/full-width.php","meta":{"footnotes":""},"class_list":["post-3266","page","type-page","status-publish","hentry"],"_links":{"self":[{"href":"https:\/\/www.deambulations-nomades.eu\/index.php?rest_route=\/wp\/v2\/pages\/3266","targetHints":{"allow":["GET"]}}],"collection":[{"href":"https:\/\/www.deambulations-nomades.eu\/index.php?rest_route=\/wp\/v2\/pages"}],"about":[{"href":"https:\/\/www.deambulations-nomades.eu\/index.php?rest_route=\/wp\/v2\/types\/page"}],"author":[{"embeddable":true,"href":"https:\/\/www.deambulations-nomades.eu\/index.php?rest_route=\/wp\/v2\/users\/2"}],"replies":[{"embeddable":true,"href":"https:\/\/www.deambulations-nomades.eu\/index.php?rest_route=%2Fwp%2Fv2%2Fcomments&post=3266"}],"version-history":[{"count":17,"href":"https:\/\/www.deambulations-nomades.eu\/index.php?rest_route=\/wp\/v2\/pages\/3266\/revisions"}],"predecessor-version":[{"id":54836,"href":"https:\/\/www.deambulations-nomades.eu\/index.php?rest_route=\/wp\/v2\/pages\/3266\/revisions\/54836"}],"up":[{"embeddable":true,"href":"https:\/\/www.deambulations-nomades.eu\/index.php?rest_route=\/wp\/v2\/pages\/42"}],"wp:attachment":[{"href":"https:\/\/www.deambulations-nomades.eu\/index.php?rest_route=%2Fwp%2Fv2%2Fmedia&parent=3266"}],"curies":[{"name":"wp","href":"https:\/\/api.w.org\/{rel}","templated":true}]}}