{"id":3268,"date":"2013-06-09T15:14:41","date_gmt":"2013-06-09T15:14:41","guid":{"rendered":"http:\/\/www.deambulations-nomades.eu\/?page_id=3268"},"modified":"2017-11-27T07:17:43","modified_gmt":"2017-11-27T07:17:43","slug":"22-juillet-la-vallee-de-la-luna","status":"publish","type":"page","link":"https:\/\/www.deambulations-nomades.eu\/?page_id=3268","title":{"rendered":"La Vall\u00e9e de la Luna"},"content":{"rendered":"<p style=\"text-align: right;\"><a href=\"http:\/\/www.deambulations-nomades.eu\/?page_id=3266\"><img loading=\"lazy\" decoding=\"async\" class=\" size-full wp-image-29433 alignleft\" src=\"http:\/\/www.deambulations-nomades.eu\/wp-content\/uploads\/2015\/02\/precedent-flech1.jpg\" alt=\"precedent-flech\" width=\"25\" height=\"21\" \/><\/a><a href=\"http:\/\/www.deambulations-nomades.eu\/?page_id=3269\"><strong> <img loading=\"lazy\" decoding=\"async\" class=\" size-full wp-image-29434 alignright\" src=\"http:\/\/www.deambulations-nomades.eu\/wp-content\/uploads\/2015\/02\/suivant-flech1.jpg\" alt=\"suivant-flech\" width=\"25\" height=\"21\" \/><\/strong><\/a><span style=\"color: #c3a954; font-size: 12px;\"><a id=\"H\"><\/a><a style=\"color: #c3a954;\" href=\"http:\/\/www.deambulations-nomades.eu\/?page_id=28503\" target=\"_blank\" rel=\"noopener\">VOIR GALERIE<\/a><\/span> <span style=\"font-size: 10px;\">(photos suppl\u00e9mentaires)<\/span><\/p>\n<p>\u00a0<img loading=\"lazy\" decoding=\"async\" class=\"aligncenter wp-image-4898\" src=\"http:\/\/www.deambulations-nomades.eu\/wp-content\/uploads\/2014\/06\/amerique-sud-22-juillet-enr-web-800-P1270633_obl.jpg\" alt=\"amerique-sud-22-juillet-enr-web-800-P1270633_obl\" width=\"600\" height=\"393\" \/>\u00a0 <img loading=\"lazy\" decoding=\"async\" class=\"aligncenter wp-image-4916\" src=\"http:\/\/www.deambulations-nomades.eu\/wp-content\/uploads\/2014\/06\/P1270632_obl.jpg\" alt=\"P1270632_obl\" width=\"600\" height=\"800\" srcset=\"https:\/\/www.deambulations-nomades.eu\/wp-content\/uploads\/2014\/06\/P1270632_obl.jpg 800w, https:\/\/www.deambulations-nomades.eu\/wp-content\/uploads\/2014\/06\/P1270632_obl-400x533.jpg 400w\" sizes=\"auto, (max-width: 600px) 100vw, 600px\" \/>\u00a0<img loading=\"lazy\" decoding=\"async\" class=\"aligncenter wp-image-4915\" src=\"http:\/\/www.deambulations-nomades.eu\/wp-content\/uploads\/2014\/06\/P1270613_obl.jpg\" alt=\"P1270613_obl\" width=\"600\" height=\"450\" srcset=\"https:\/\/www.deambulations-nomades.eu\/wp-content\/uploads\/2014\/06\/P1270613_obl.jpg 800w, https:\/\/www.deambulations-nomades.eu\/wp-content\/uploads\/2014\/06\/P1270613_obl-400x300.jpg 400w\" sizes=\"auto, (max-width: 600px) 100vw, 600px\" \/><\/p>\n<p><img loading=\"lazy\" decoding=\"async\" class=\"aligncenter wp-image-4919\" src=\"http:\/\/www.deambulations-nomades.eu\/wp-content\/uploads\/2014\/06\/P1270663_obl.jpg\" alt=\"P1270663_obl\" width=\"600\" height=\"450\" srcset=\"https:\/\/www.deambulations-nomades.eu\/wp-content\/uploads\/2014\/06\/P1270663_obl.jpg 800w, https:\/\/www.deambulations-nomades.eu\/wp-content\/uploads\/2014\/06\/P1270663_obl-400x300.jpg 400w\" sizes=\"auto, (max-width: 600px) 100vw, 600px\" \/><\/p>\n<p>&nbsp;<\/p>\n<p>&nbsp;<\/p>\n<div id='gallery-1' class='gallery galleryid-3268 gallery-columns-6 gallery-size-thumbnail'><figure class='gallery-item'>\n\t\t\t<div class='gallery-icon landscape'>\n\t\t\t\t<a href='https:\/\/www.deambulations-nomades.eu\/wp-content\/uploads\/2014\/06\/P1270688_obl.jpg' title=\"\" data-rl_title=\"\" class=\"rl-gallery-link\" data-rl_caption=\"\" data-rel=\"lightbox-gallery-1\"><img loading=\"lazy\" decoding=\"async\" width=\"150\" height=\"150\" src=\"https:\/\/www.deambulations-nomades.eu\/wp-content\/uploads\/2014\/06\/P1270688_obl-150x150.jpg\" class=\"attachment-thumbnail size-thumbnail\" alt=\"\" \/><\/a>\n\t\t\t<\/div><\/figure><figure class='gallery-item'>\n\t\t\t<div class='gallery-icon portrait'>\n\t\t\t\t<a href='https:\/\/www.deambulations-nomades.eu\/wp-content\/uploads\/2014\/06\/P1270690_obl.jpg' title=\"\" data-rl_title=\"\" class=\"rl-gallery-link\" data-rl_caption=\"\" data-rel=\"lightbox-gallery-1\"><img loading=\"lazy\" decoding=\"async\" width=\"150\" height=\"150\" src=\"https:\/\/www.deambulations-nomades.eu\/wp-content\/uploads\/2014\/06\/P1270690_obl-150x150.jpg\" class=\"attachment-thumbnail size-thumbnail\" alt=\"\" aria-describedby=\"gallery-1-4921\" \/><\/a>\n\t\t\t<\/div>\n\t\t\t\t<figcaption class='wp-caption-text gallery-caption' id='gallery-1-4921'>\n\t\t\t\tMais il y a des diff\u00e9rences : si le lieu mythique dont nous parlons concentre borate et gypse, \n\t\t\t\t<\/figcaption><\/figure><figure class='gallery-item'>\n\t\t\t<div class='gallery-icon landscape'>\n\t\t\t\t<a href='https:\/\/www.deambulations-nomades.eu\/wp-content\/uploads\/2014\/06\/P1270692_obl.jpg' title=\"\" data-rl_title=\"\" class=\"rl-gallery-link\" data-rl_caption=\"\" data-rel=\"lightbox-gallery-1\"><img loading=\"lazy\" decoding=\"async\" width=\"150\" height=\"150\" src=\"https:\/\/www.deambulations-nomades.eu\/wp-content\/uploads\/2014\/06\/P1270692_obl-150x150.jpg\" class=\"attachment-thumbnail size-thumbnail\" alt=\"\" aria-describedby=\"gallery-1-4922\" \/><\/a>\n\t\t\t<\/div>\n\t\t\t\t<figcaption class='wp-caption-text gallery-caption' id='gallery-1-4922'>\n\t\t\t\tla Vall\u00e9e de la Luna chilienne renferme aussi du lithium, du magn\u00e9sium et du carbonate de sodium en quantit\u00e9 gigantesque \n\t\t\t\t<\/figcaption><\/figure><figure class='gallery-item'>\n\t\t\t<div class='gallery-icon landscape'>\n\t\t\t\t<a href='https:\/\/www.deambulations-nomades.eu\/wp-content\/uploads\/2014\/06\/P1270694_obl.jpg' title=\"\" data-rl_title=\"\" class=\"rl-gallery-link\" data-rl_caption=\"\" data-rel=\"lightbox-gallery-1\"><img loading=\"lazy\" decoding=\"async\" width=\"150\" height=\"150\" src=\"https:\/\/www.deambulations-nomades.eu\/wp-content\/uploads\/2014\/06\/P1270694_obl-150x150.jpg\" class=\"attachment-thumbnail size-thumbnail\" alt=\"\" \/><\/a>\n\t\t\t<\/div><\/figure><figure class='gallery-item'>\n\t\t\t<div class='gallery-icon landscape'>\n\t\t\t\t<a href='https:\/\/www.deambulations-nomades.eu\/wp-content\/uploads\/2014\/06\/P1270697_obl.jpg' title=\"\" data-rl_title=\"\" class=\"rl-gallery-link\" data-rl_caption=\"\" data-rel=\"lightbox-gallery-1\"><img loading=\"lazy\" decoding=\"async\" width=\"150\" height=\"150\" src=\"https:\/\/www.deambulations-nomades.eu\/wp-content\/uploads\/2014\/06\/P1270697_obl-150x150.jpg\" class=\"attachment-thumbnail size-thumbnail\" alt=\"\" aria-describedby=\"gallery-1-4924\" \/><\/a>\n\t\t\t<\/div>\n\t\t\t\t<figcaption class='wp-caption-text gallery-caption' id='gallery-1-4924'>\n\t\t\t\tNous franchissons des canyons souterrains tandis qu&rsquo;\u00e0 l&rsquo;ext\u00e9rieur un puissant soleil joue une partie diabolique avec un froid cuisant \n\t\t\t\t<\/figcaption><\/figure><figure class='gallery-item'>\n\t\t\t<div class='gallery-icon landscape'>\n\t\t\t\t<a href='https:\/\/www.deambulations-nomades.eu\/wp-content\/uploads\/2014\/06\/P1270734_obl.jpg' title=\"\" data-rl_title=\"\" class=\"rl-gallery-link\" data-rl_caption=\"\" data-rel=\"lightbox-gallery-1\"><img loading=\"lazy\" decoding=\"async\" width=\"150\" height=\"150\" src=\"https:\/\/www.deambulations-nomades.eu\/wp-content\/uploads\/2014\/06\/P1270734_obl-150x150.jpg\" class=\"attachment-thumbnail size-thumbnail\" alt=\"\" \/><\/a>\n\t\t\t<\/div><\/figure><figure class='gallery-item'>\n\t\t\t<div class='gallery-icon landscape'>\n\t\t\t\t<a href='https:\/\/www.deambulations-nomades.eu\/wp-content\/uploads\/2014\/06\/P1270768_obl.jpg' title=\"\" data-rl_title=\"\" class=\"rl-gallery-link\" data-rl_caption=\"\" data-rel=\"lightbox-gallery-1\"><img loading=\"lazy\" decoding=\"async\" width=\"150\" height=\"150\" src=\"https:\/\/www.deambulations-nomades.eu\/wp-content\/uploads\/2014\/06\/P1270768_obl-150x150.jpg\" class=\"attachment-thumbnail size-thumbnail\" alt=\"\" \/><\/a>\n\t\t\t<\/div><\/figure><figure class='gallery-item'>\n\t\t\t<div class='gallery-icon landscape'>\n\t\t\t\t<a href='https:\/\/www.deambulations-nomades.eu\/wp-content\/uploads\/2014\/06\/P1270781_obl.jpg' title=\"\" data-rl_title=\"\" class=\"rl-gallery-link\" data-rl_caption=\"\" data-rel=\"lightbox-gallery-1\"><img loading=\"lazy\" decoding=\"async\" width=\"150\" height=\"150\" src=\"https:\/\/www.deambulations-nomades.eu\/wp-content\/uploads\/2014\/06\/P1270781_obl-150x150.jpg\" class=\"attachment-thumbnail size-thumbnail\" alt=\"\" aria-describedby=\"gallery-1-4927\" \/><\/a>\n\t\t\t<\/div>\n\t\t\t\t<figcaption class='wp-caption-text gallery-caption' id='gallery-1-4927'>\n\t\t\t\tComparaison n&rsquo;est pas raison. OK. Ceci dit, cette premi\u00e8re partie d\u00e9sertique du nord-est chilien a des airs de la Vall\u00e9e de la Mort en son point culminant qu&rsquo;est Zabriskie Point. \n\t\t\t\t<\/figcaption><\/figure><figure class='gallery-item'>\n\t\t\t<div class='gallery-icon landscape'>\n\t\t\t\t<a href='https:\/\/www.deambulations-nomades.eu\/wp-content\/uploads\/2014\/06\/P1270800_obl.jpg' title=\"\" data-rl_title=\"\" class=\"rl-gallery-link\" data-rl_caption=\"\" data-rel=\"lightbox-gallery-1\"><img loading=\"lazy\" decoding=\"async\" width=\"150\" height=\"150\" src=\"https:\/\/www.deambulations-nomades.eu\/wp-content\/uploads\/2014\/06\/P1270800_obl-150x150.jpg\" class=\"attachment-thumbnail size-thumbnail\" alt=\"\" \/><\/a>\n\t\t\t<\/div><\/figure><figure class='gallery-item'>\n\t\t\t<div class='gallery-icon landscape'>\n\t\t\t\t<a href='https:\/\/www.deambulations-nomades.eu\/wp-content\/uploads\/2014\/06\/P1270813_obl.jpg' title=\"\" data-rl_title=\"\" class=\"rl-gallery-link\" data-rl_caption=\"\" data-rel=\"lightbox-gallery-1\"><img loading=\"lazy\" decoding=\"async\" width=\"150\" height=\"150\" src=\"https:\/\/www.deambulations-nomades.eu\/wp-content\/uploads\/2014\/06\/P1270813_obl-150x150.jpg\" class=\"attachment-thumbnail size-thumbnail\" alt=\"\" \/><\/a>\n\t\t\t<\/div><\/figure><figure class='gallery-item'>\n\t\t\t<div class='gallery-icon landscape'>\n\t\t\t\t<a href='https:\/\/www.deambulations-nomades.eu\/wp-content\/uploads\/2014\/06\/P1270818_obl.jpg' title=\"\" data-rl_title=\"\" class=\"rl-gallery-link\" data-rl_caption=\"\" data-rel=\"lightbox-gallery-1\"><img loading=\"lazy\" decoding=\"async\" width=\"150\" height=\"150\" src=\"https:\/\/www.deambulations-nomades.eu\/wp-content\/uploads\/2014\/06\/P1270818_obl-150x150.jpg\" class=\"attachment-thumbnail size-thumbnail\" alt=\"\" \/><\/a>\n\t\t\t<\/div><\/figure><figure class='gallery-item'>\n\t\t\t<div class='gallery-icon landscape'>\n\t\t\t\t<a href='https:\/\/www.deambulations-nomades.eu\/wp-content\/uploads\/2014\/06\/P1270821_obl.jpg' title=\"\" data-rl_title=\"\" class=\"rl-gallery-link\" data-rl_caption=\"\" data-rel=\"lightbox-gallery-1\"><img loading=\"lazy\" decoding=\"async\" width=\"150\" height=\"150\" src=\"https:\/\/www.deambulations-nomades.eu\/wp-content\/uploads\/2014\/06\/P1270821_obl-150x150.jpg\" class=\"attachment-thumbnail size-thumbnail\" alt=\"\" \/><\/a>\n\t\t\t<\/div><\/figure><figure class='gallery-item'>\n\t\t\t<div class='gallery-icon landscape'>\n\t\t\t\t<a href='https:\/\/www.deambulations-nomades.eu\/wp-content\/uploads\/2014\/06\/P1270823_obl.jpg' title=\"\" data-rl_title=\"\" class=\"rl-gallery-link\" data-rl_caption=\"\" data-rel=\"lightbox-gallery-1\"><img loading=\"lazy\" decoding=\"async\" width=\"150\" height=\"150\" src=\"https:\/\/www.deambulations-nomades.eu\/wp-content\/uploads\/2014\/06\/P1270823_obl-150x150.jpg\" class=\"attachment-thumbnail size-thumbnail\" alt=\"\" \/><\/a>\n\t\t\t<\/div><\/figure><figure class='gallery-item'>\n\t\t\t<div class='gallery-icon landscape'>\n\t\t\t\t<a href='https:\/\/www.deambulations-nomades.eu\/wp-content\/uploads\/2014\/06\/P1270825_obl.jpg' title=\"\" data-rl_title=\"\" class=\"rl-gallery-link\" data-rl_caption=\"\" data-rel=\"lightbox-gallery-1\"><img loading=\"lazy\" decoding=\"async\" width=\"150\" height=\"150\" src=\"https:\/\/www.deambulations-nomades.eu\/wp-content\/uploads\/2014\/06\/P1270825_obl-150x150.jpg\" class=\"attachment-thumbnail size-thumbnail\" alt=\"\" \/><\/a>\n\t\t\t<\/div><\/figure><figure class='gallery-item'>\n\t\t\t<div class='gallery-icon landscape'>\n\t\t\t\t<a href='https:\/\/www.deambulations-nomades.eu\/wp-content\/uploads\/2014\/06\/P1270828_obl.jpg' title=\"\" data-rl_title=\"\" class=\"rl-gallery-link\" data-rl_caption=\"\" data-rel=\"lightbox-gallery-1\"><img loading=\"lazy\" decoding=\"async\" width=\"150\" height=\"150\" src=\"https:\/\/www.deambulations-nomades.eu\/wp-content\/uploads\/2014\/06\/P1270828_obl-150x150.jpg\" class=\"attachment-thumbnail size-thumbnail\" alt=\"\" \/><\/a>\n\t\t\t<\/div><\/figure><figure class='gallery-item'>\n\t\t\t<div class='gallery-icon landscape'>\n\t\t\t\t<a href='https:\/\/www.deambulations-nomades.eu\/wp-content\/uploads\/2014\/06\/P1270831_obl.jpg' title=\"\" data-rl_title=\"\" class=\"rl-gallery-link\" data-rl_caption=\"\" data-rel=\"lightbox-gallery-1\"><img loading=\"lazy\" decoding=\"async\" width=\"150\" height=\"150\" src=\"https:\/\/www.deambulations-nomades.eu\/wp-content\/uploads\/2014\/06\/P1270831_obl-150x150.jpg\" class=\"attachment-thumbnail size-thumbnail\" alt=\"\" \/><\/a>\n\t\t\t<\/div><\/figure><figure class='gallery-item'>\n\t\t\t<div class='gallery-icon landscape'>\n\t\t\t\t<a href='https:\/\/www.deambulations-nomades.eu\/wp-content\/uploads\/2014\/06\/P1270833_obl.jpg' title=\"\" data-rl_title=\"\" class=\"rl-gallery-link\" data-rl_caption=\"\" data-rel=\"lightbox-gallery-1\"><img loading=\"lazy\" decoding=\"async\" width=\"150\" height=\"150\" src=\"https:\/\/www.deambulations-nomades.eu\/wp-content\/uploads\/2014\/06\/P1270833_obl-150x150.jpg\" class=\"attachment-thumbnail size-thumbnail\" alt=\"\" \/><\/a>\n\t\t\t<\/div><\/figure><figure class='gallery-item'>\n\t\t\t<div class='gallery-icon landscape'>\n\t\t\t\t<a href='https:\/\/www.deambulations-nomades.eu\/wp-content\/uploads\/2014\/06\/P1270837_obl.jpg' title=\"\" data-rl_title=\"\" class=\"rl-gallery-link\" data-rl_caption=\"\" data-rel=\"lightbox-gallery-1\"><img loading=\"lazy\" decoding=\"async\" width=\"150\" height=\"150\" src=\"https:\/\/www.deambulations-nomades.eu\/wp-content\/uploads\/2014\/06\/P1270837_obl-150x150.jpg\" class=\"attachment-thumbnail size-thumbnail\" alt=\"\" \/><\/a>\n\t\t\t<\/div><\/figure><figure class='gallery-item'>\n\t\t\t<div class='gallery-icon landscape'>\n\t\t\t\t<a href='https:\/\/www.deambulations-nomades.eu\/wp-content\/uploads\/2014\/06\/P1270844_obl.jpg' title=\"\" data-rl_title=\"\" class=\"rl-gallery-link\" data-rl_caption=\"\" data-rel=\"lightbox-gallery-1\"><img loading=\"lazy\" decoding=\"async\" width=\"150\" height=\"150\" src=\"https:\/\/www.deambulations-nomades.eu\/wp-content\/uploads\/2014\/06\/P1270844_obl-150x150.jpg\" class=\"attachment-thumbnail size-thumbnail\" alt=\"\" \/><\/a>\n\t\t\t<\/div><\/figure><figure class='gallery-item'>\n\t\t\t<div class='gallery-icon landscape'>\n\t\t\t\t<a href='https:\/\/www.deambulations-nomades.eu\/wp-content\/uploads\/2014\/06\/P1270863_obl.jpg' title=\"\" data-rl_title=\"\" class=\"rl-gallery-link\" data-rl_caption=\"\" data-rel=\"lightbox-gallery-1\"><img loading=\"lazy\" decoding=\"async\" width=\"150\" height=\"150\" src=\"https:\/\/www.deambulations-nomades.eu\/wp-content\/uploads\/2014\/06\/P1270863_obl-150x150.jpg\" class=\"attachment-thumbnail size-thumbnail\" alt=\"\" \/><\/a>\n\t\t\t<\/div><\/figure><figure class='gallery-item'>\n\t\t\t<div class='gallery-icon portrait'>\n\t\t\t\t<a href='https:\/\/www.deambulations-nomades.eu\/wp-content\/uploads\/2014\/06\/P1270898_obl.jpg' title=\"\" data-rl_title=\"\" class=\"rl-gallery-link\" data-rl_caption=\"\" data-rel=\"lightbox-gallery-1\"><img loading=\"lazy\" decoding=\"async\" width=\"150\" height=\"150\" src=\"https:\/\/www.deambulations-nomades.eu\/wp-content\/uploads\/2014\/06\/P1270898_obl-150x150.jpg\" class=\"attachment-thumbnail size-thumbnail\" alt=\"\" \/><\/a>\n\t\t\t<\/div><\/figure><figure class='gallery-item'>\n\t\t\t<div class='gallery-icon landscape'>\n\t\t\t\t<a href='https:\/\/www.deambulations-nomades.eu\/wp-content\/uploads\/2014\/06\/P1270908_obl.jpg' title=\"\" data-rl_title=\"\" class=\"rl-gallery-link\" data-rl_caption=\"\" data-rel=\"lightbox-gallery-1\"><img loading=\"lazy\" decoding=\"async\" width=\"150\" height=\"150\" src=\"https:\/\/www.deambulations-nomades.eu\/wp-content\/uploads\/2014\/06\/P1270908_obl-150x150.jpg\" class=\"attachment-thumbnail size-thumbnail\" alt=\"\" \/><\/a>\n\t\t\t<\/div><\/figure><figure class='gallery-item'>\n\t\t\t<div class='gallery-icon landscape'>\n\t\t\t\t<a href='https:\/\/www.deambulations-nomades.eu\/wp-content\/uploads\/2014\/06\/P1270912_obl.jpg' title=\"\" data-rl_title=\"\" class=\"rl-gallery-link\" data-rl_caption=\"\" data-rel=\"lightbox-gallery-1\"><img loading=\"lazy\" decoding=\"async\" width=\"150\" height=\"150\" src=\"https:\/\/www.deambulations-nomades.eu\/wp-content\/uploads\/2014\/06\/P1270912_obl-150x150.jpg\" class=\"attachment-thumbnail size-thumbnail\" alt=\"\" \/><\/a>\n\t\t\t<\/div><\/figure><figure class='gallery-item'>\n\t\t\t<div class='gallery-icon landscape'>\n\t\t\t\t<a href='https:\/\/www.deambulations-nomades.eu\/wp-content\/uploads\/2014\/06\/P1270915_obl.jpg' title=\"\" data-rl_title=\"\" class=\"rl-gallery-link\" data-rl_caption=\"\" data-rel=\"lightbox-gallery-1\"><img loading=\"lazy\" decoding=\"async\" width=\"150\" height=\"150\" src=\"https:\/\/www.deambulations-nomades.eu\/wp-content\/uploads\/2014\/06\/P1270915_obl-150x150.jpg\" class=\"attachment-thumbnail size-thumbnail\" alt=\"\" \/><\/a>\n\t\t\t<\/div><\/figure><figure class='gallery-item'>\n\t\t\t<div class='gallery-icon landscape'>\n\t\t\t\t<a href='https:\/\/www.deambulations-nomades.eu\/wp-content\/uploads\/2014\/06\/P1270922_obl.jpg' title=\"\" data-rl_title=\"\" class=\"rl-gallery-link\" data-rl_caption=\"\" data-rel=\"lightbox-gallery-1\"><img loading=\"lazy\" decoding=\"async\" width=\"150\" height=\"150\" src=\"https:\/\/www.deambulations-nomades.eu\/wp-content\/uploads\/2014\/06\/P1270922_obl-150x150.jpg\" class=\"attachment-thumbnail size-thumbnail\" alt=\"\" \/><\/a>\n\t\t\t<\/div><\/figure><figure class='gallery-item'>\n\t\t\t<div class='gallery-icon landscape'>\n\t\t\t\t<a href='https:\/\/www.deambulations-nomades.eu\/wp-content\/uploads\/2014\/06\/P1270930_obl.jpg' title=\"\" data-rl_title=\"\" class=\"rl-gallery-link\" data-rl_caption=\"\" data-rel=\"lightbox-gallery-1\"><img loading=\"lazy\" decoding=\"async\" width=\"150\" height=\"150\" src=\"https:\/\/www.deambulations-nomades.eu\/wp-content\/uploads\/2014\/06\/P1270930_obl-150x150.jpg\" class=\"attachment-thumbnail size-thumbnail\" alt=\"\" \/><\/a>\n\t\t\t<\/div><\/figure><figure class='gallery-item'>\n\t\t\t<div class='gallery-icon landscape'>\n\t\t\t\t<a href='https:\/\/www.deambulations-nomades.eu\/wp-content\/uploads\/2014\/06\/P1270933_obl.jpg' title=\"\" data-rl_title=\"\" class=\"rl-gallery-link\" data-rl_caption=\"\" data-rel=\"lightbox-gallery-1\"><img loading=\"lazy\" decoding=\"async\" width=\"150\" height=\"150\" src=\"https:\/\/www.deambulations-nomades.eu\/wp-content\/uploads\/2014\/06\/P1270933_obl-150x150.jpg\" class=\"attachment-thumbnail size-thumbnail\" alt=\"\" \/><\/a>\n\t\t\t<\/div><\/figure><figure class='gallery-item'>\n\t\t\t<div class='gallery-icon landscape'>\n\t\t\t\t<a href='https:\/\/www.deambulations-nomades.eu\/wp-content\/uploads\/2014\/06\/P1270938_obl.jpg' title=\"\" data-rl_title=\"\" class=\"rl-gallery-link\" data-rl_caption=\"\" data-rel=\"lightbox-gallery-1\"><img loading=\"lazy\" decoding=\"async\" width=\"150\" height=\"150\" src=\"https:\/\/www.deambulations-nomades.eu\/wp-content\/uploads\/2014\/06\/P1270938_obl-150x150.jpg\" class=\"attachment-thumbnail size-thumbnail\" alt=\"\" \/><\/a>\n\t\t\t<\/div><\/figure><figure class='gallery-item'>\n\t\t\t<div class='gallery-icon landscape'>\n\t\t\t\t<a href='https:\/\/www.deambulations-nomades.eu\/wp-content\/uploads\/2014\/06\/P1270952_obl.jpg' title=\"\" data-rl_title=\"\" class=\"rl-gallery-link\" data-rl_caption=\"\" data-rel=\"lightbox-gallery-1\"><img loading=\"lazy\" decoding=\"async\" width=\"150\" height=\"150\" src=\"https:\/\/www.deambulations-nomades.eu\/wp-content\/uploads\/2014\/06\/P1270952_obl-150x150.jpg\" class=\"attachment-thumbnail size-thumbnail\" alt=\"\" \/><\/a>\n\t\t\t<\/div><\/figure><figure class='gallery-item'>\n\t\t\t<div class='gallery-icon landscape'>\n\t\t\t\t<a href='https:\/\/www.deambulations-nomades.eu\/wp-content\/uploads\/2014\/06\/P1270957_obl.jpg' title=\"\" data-rl_title=\"\" class=\"rl-gallery-link\" data-rl_caption=\"\" data-rel=\"lightbox-gallery-1\"><img loading=\"lazy\" decoding=\"async\" width=\"150\" height=\"150\" src=\"https:\/\/www.deambulations-nomades.eu\/wp-content\/uploads\/2014\/06\/P1270957_obl-150x150.jpg\" class=\"attachment-thumbnail size-thumbnail\" alt=\"\" aria-describedby=\"gallery-1-4950\" \/><\/a>\n\t\t\t<\/div>\n\t\t\t\t<figcaption class='wp-caption-text gallery-caption' id='gallery-1-4950'>\n\t\t\t\tCoucher de soleil sur la Cordill\u00e8re des Andes \u00e0 partir d&rsquo;un paysage lunaire\n\t\t\t\t<\/figcaption><\/figure>\n\t\t<\/div>\n\n<p>&nbsp;<\/p>\n<p>&nbsp;<\/p>\n<p>&nbsp;<\/p>\n<p><img loading=\"lazy\" decoding=\"async\" class=\"aligncenter wp-image-4943\" src=\"http:\/\/www.deambulations-nomades.eu\/wp-content\/uploads\/2014\/06\/P1270913_obl.jpg\" alt=\"P1270913_obl\" width=\"600\" height=\"450\" srcset=\"https:\/\/www.deambulations-nomades.eu\/wp-content\/uploads\/2014\/06\/P1270913_obl.jpg 800w, https:\/\/www.deambulations-nomades.eu\/wp-content\/uploads\/2014\/06\/P1270913_obl-400x300.jpg 400w\" sizes=\"auto, (max-width: 600px) 100vw, 600px\" \/><\/p>\n","protected":false},"excerpt":{"rendered":"<p>VOIR GALERIE (photos suppl\u00e9mentaires) \u00a0\u00a0 \u00a0 &nbsp; &nbsp; &nbsp; &nbsp; &nbsp;<\/p>\n","protected":false},"author":2,"featured_media":0,"parent":42,"menu_order":11,"comment_status":"closed","ping_status":"open","template":"page-templates\/full-width.php","meta":{"footnotes":""},"class_list":["post-3268","page","type-page","status-publish","hentry"],"_links":{"self":[{"href":"https:\/\/www.deambulations-nomades.eu\/index.php?rest_route=\/wp\/v2\/pages\/3268","targetHints":{"allow":["GET"]}}],"collection":[{"href":"https:\/\/www.deambulations-nomades.eu\/index.php?rest_route=\/wp\/v2\/pages"}],"about":[{"href":"https:\/\/www.deambulations-nomades.eu\/index.php?rest_route=\/wp\/v2\/types\/page"}],"author":[{"embeddable":true,"href":"https:\/\/www.deambulations-nomades.eu\/index.php?rest_route=\/wp\/v2\/users\/2"}],"replies":[{"embeddable":true,"href":"https:\/\/www.deambulations-nomades.eu\/index.php?rest_route=%2Fwp%2Fv2%2Fcomments&post=3268"}],"version-history":[{"count":16,"href":"https:\/\/www.deambulations-nomades.eu\/index.php?rest_route=\/wp\/v2\/pages\/3268\/revisions"}],"predecessor-version":[{"id":54837,"href":"https:\/\/www.deambulations-nomades.eu\/index.php?rest_route=\/wp\/v2\/pages\/3268\/revisions\/54837"}],"up":[{"embeddable":true,"href":"https:\/\/www.deambulations-nomades.eu\/index.php?rest_route=\/wp\/v2\/pages\/42"}],"wp:attachment":[{"href":"https:\/\/www.deambulations-nomades.eu\/index.php?rest_route=%2Fwp%2Fv2%2Fmedia&parent=3268"}],"curies":[{"name":"wp","href":"https:\/\/api.w.org\/{rel}","templated":true}]}}