{"id":3277,"date":"2013-06-09T15:19:39","date_gmt":"2013-06-09T15:19:39","guid":{"rendered":"http:\/\/www.deambulations-nomades.eu\/?page_id=3277"},"modified":"2017-11-27T07:22:03","modified_gmt":"2017-11-27T07:22:03","slug":"30-juillet-musee-ethnographique-de-sucre","status":"publish","type":"page","link":"https:\/\/www.deambulations-nomades.eu\/?page_id=3277","title":{"rendered":"Mus\u00e9e ethnographique de Sucre"},"content":{"rendered":"<p style=\"padding-left: 5px; text-align: right;\"><strong><a href=\"http:\/\/www.deambulations-nomades.eu\/?page_id=3276\"><img loading=\"lazy\" decoding=\"async\" class=\" size-full wp-image-29433 alignleft\" src=\"http:\/\/www.deambulations-nomades.eu\/wp-content\/uploads\/2015\/02\/precedent-flech1.jpg\" alt=\"precedent-flech\" width=\"25\" height=\"21\" \/><\/a><\/strong><a id=\"H\"><\/a> <span style=\"color: #c3a954; font-size: 12px;\"><a style=\"color: #c3a954;\" href=\"http:\/\/www.deambulations-nomades.eu\/?page_id=28509\" target=\"_blank\" rel=\"noopener\">VOIR GALERIE<\/a><\/span><span style=\"font-size: 10px;\"> (photos suppl\u00e9mentaires)<strong><a href=\"http:\/\/www.deambulations-nomades.eu\/?page_id=3278\"><img loading=\"lazy\" decoding=\"async\" class=\" size-full wp-image-29434 alignright\" src=\"http:\/\/www.deambulations-nomades.eu\/wp-content\/uploads\/2015\/02\/suivant-flech1.jpg\" alt=\"suivant-flech\" width=\"25\" height=\"21\" \/><\/a><\/strong><\/span><\/p>\n<p style=\"text-align: justify;\">Des mus\u00e9es ethnographiques, nous en connaissons des centaines, \u00e0 commencer par celui de l&rsquo;enfance, place du Trocad\u00e9ro, \u00e0 Paris. Celui de Sucre, remarquablement am\u00e9nag\u00e9 dans un souci p\u00e9dagogique, pr\u00e9sente une collection de masques repr\u00e9sentatifs de l&rsquo;art populaire bolivien d&rsquo;hier et d&rsquo;aujourd&rsquo;hu. Ces masques \u00e9taient port\u00e9s, entre autres, au cours de diabladas,\u00a0 sortes de danses traditionnelles des hauts plateaux andins en Bolivie repr\u00e9sentant l&rsquo;affrontement entre les forces infernales et celles des anges et cr\u00e9\u00e9e dans un but d&rsquo;\u00e9vang\u00e9lisation.<\/p>\n<p style=\"text-align: justify;\"><img loading=\"lazy\" decoding=\"async\" class=\"aligncenter wp-image-5211\" src=\"http:\/\/www.deambulations-nomades.eu\/wp-content\/uploads\/2014\/06\/P1290952_obl.jpg\" alt=\"P1290952_obl\" width=\"600\" height=\"1233\" srcset=\"https:\/\/www.deambulations-nomades.eu\/wp-content\/uploads\/2014\/06\/P1290952_obl.jpg 584w, https:\/\/www.deambulations-nomades.eu\/wp-content\/uploads\/2014\/06\/P1290952_obl-292x600.jpg 292w\" sizes=\"auto, (max-width: 600px) 100vw, 600px\" \/><\/p>\n<div id='gallery-1' class='gallery galleryid-3277 gallery-columns-6 gallery-size-thumbnail'><figure class='gallery-item'>\n\t\t\t<div class='gallery-icon portrait'>\n\t\t\t\t<a href='https:\/\/www.deambulations-nomades.eu\/wp-content\/uploads\/2014\/06\/P1290955_obl.jpg' title=\"\" data-rl_title=\"\" class=\"rl-gallery-link\" data-rl_caption=\"\" data-rel=\"lightbox-gallery-1\"><img loading=\"lazy\" decoding=\"async\" width=\"150\" height=\"150\" src=\"https:\/\/www.deambulations-nomades.eu\/wp-content\/uploads\/2014\/06\/P1290955_obl-150x150.jpg\" class=\"attachment-thumbnail size-thumbnail\" alt=\"\" \/><\/a>\n\t\t\t<\/div><\/figure><figure class='gallery-item'>\n\t\t\t<div class='gallery-icon landscape'>\n\t\t\t\t<a href='https:\/\/www.deambulations-nomades.eu\/wp-content\/uploads\/2014\/06\/P1290962_obl.jpg' title=\"\" data-rl_title=\"\" class=\"rl-gallery-link\" data-rl_caption=\"\" data-rel=\"lightbox-gallery-1\"><img loading=\"lazy\" decoding=\"async\" width=\"150\" height=\"150\" src=\"https:\/\/www.deambulations-nomades.eu\/wp-content\/uploads\/2014\/06\/P1290962_obl-150x150.jpg\" class=\"attachment-thumbnail size-thumbnail\" alt=\"\" \/><\/a>\n\t\t\t<\/div><\/figure><figure class='gallery-item'>\n\t\t\t<div class='gallery-icon portrait'>\n\t\t\t\t<a href='https:\/\/www.deambulations-nomades.eu\/wp-content\/uploads\/2014\/06\/P1290978_obl.jpg' title=\"\" data-rl_title=\"\" class=\"rl-gallery-link\" data-rl_caption=\"\" data-rel=\"lightbox-gallery-1\"><img loading=\"lazy\" decoding=\"async\" width=\"150\" height=\"150\" src=\"https:\/\/www.deambulations-nomades.eu\/wp-content\/uploads\/2014\/06\/P1290978_obl-150x150.jpg\" class=\"attachment-thumbnail size-thumbnail\" alt=\"\" \/><\/a>\n\t\t\t<\/div><\/figure><figure class='gallery-item'>\n\t\t\t<div class='gallery-icon portrait'>\n\t\t\t\t<a href='https:\/\/www.deambulations-nomades.eu\/wp-content\/uploads\/2014\/06\/P1290980_obl.jpg' title=\"\" data-rl_title=\"\" class=\"rl-gallery-link\" data-rl_caption=\"\" data-rel=\"lightbox-gallery-1\"><img loading=\"lazy\" decoding=\"async\" width=\"150\" height=\"150\" src=\"https:\/\/www.deambulations-nomades.eu\/wp-content\/uploads\/2014\/06\/P1290980_obl-150x150.jpg\" class=\"attachment-thumbnail size-thumbnail\" alt=\"\" \/><\/a>\n\t\t\t<\/div><\/figure><figure class='gallery-item'>\n\t\t\t<div class='gallery-icon portrait'>\n\t\t\t\t<a href='https:\/\/www.deambulations-nomades.eu\/wp-content\/uploads\/2014\/06\/P1290982_obl.jpg' title=\"\" data-rl_title=\"\" class=\"rl-gallery-link\" data-rl_caption=\"\" data-rel=\"lightbox-gallery-1\"><img loading=\"lazy\" decoding=\"async\" width=\"150\" height=\"150\" src=\"https:\/\/www.deambulations-nomades.eu\/wp-content\/uploads\/2014\/06\/P1290982_obl-150x150.jpg\" class=\"attachment-thumbnail size-thumbnail\" alt=\"\" \/><\/a>\n\t\t\t<\/div><\/figure><figure class='gallery-item'>\n\t\t\t<div class='gallery-icon portrait'>\n\t\t\t\t<a href='https:\/\/www.deambulations-nomades.eu\/wp-content\/uploads\/2014\/06\/P1290987_obl.jpg' title=\"\" data-rl_title=\"\" class=\"rl-gallery-link\" data-rl_caption=\"\" data-rel=\"lightbox-gallery-1\"><img loading=\"lazy\" decoding=\"async\" width=\"150\" height=\"150\" src=\"https:\/\/www.deambulations-nomades.eu\/wp-content\/uploads\/2014\/06\/P1290987_obl-150x150.jpg\" class=\"attachment-thumbnail size-thumbnail\" alt=\"\" \/><\/a>\n\t\t\t<\/div><\/figure><figure class='gallery-item'>\n\t\t\t<div class='gallery-icon portrait'>\n\t\t\t\t<a href='https:\/\/www.deambulations-nomades.eu\/wp-content\/uploads\/2014\/06\/P1290989_obl.jpg' title=\"\" data-rl_title=\"\" class=\"rl-gallery-link\" data-rl_caption=\"\" data-rel=\"lightbox-gallery-1\"><img loading=\"lazy\" decoding=\"async\" width=\"150\" height=\"150\" src=\"https:\/\/www.deambulations-nomades.eu\/wp-content\/uploads\/2014\/06\/P1290989_obl-150x150.jpg\" class=\"attachment-thumbnail size-thumbnail\" alt=\"\" \/><\/a>\n\t\t\t<\/div><\/figure><figure class='gallery-item'>\n\t\t\t<div class='gallery-icon landscape'>\n\t\t\t\t<a href='https:\/\/www.deambulations-nomades.eu\/wp-content\/uploads\/2014\/06\/P1290992_obl.jpg' title=\"\" data-rl_title=\"\" class=\"rl-gallery-link\" data-rl_caption=\"\" data-rel=\"lightbox-gallery-1\"><img loading=\"lazy\" decoding=\"async\" width=\"150\" height=\"150\" src=\"https:\/\/www.deambulations-nomades.eu\/wp-content\/uploads\/2014\/06\/P1290992_obl-150x150.jpg\" class=\"attachment-thumbnail size-thumbnail\" alt=\"\" \/><\/a>\n\t\t\t<\/div><\/figure><figure class='gallery-item'>\n\t\t\t<div class='gallery-icon portrait'>\n\t\t\t\t<a href='https:\/\/www.deambulations-nomades.eu\/wp-content\/uploads\/2014\/06\/P1290995_obl.jpg' title=\"\" data-rl_title=\"\" class=\"rl-gallery-link\" data-rl_caption=\"\" data-rel=\"lightbox-gallery-1\"><img loading=\"lazy\" decoding=\"async\" width=\"150\" height=\"150\" src=\"https:\/\/www.deambulations-nomades.eu\/wp-content\/uploads\/2014\/06\/P1290995_obl-150x150.jpg\" class=\"attachment-thumbnail size-thumbnail\" alt=\"\" \/><\/a>\n\t\t\t<\/div><\/figure><figure class='gallery-item'>\n\t\t\t<div class='gallery-icon portrait'>\n\t\t\t\t<a href='https:\/\/www.deambulations-nomades.eu\/wp-content\/uploads\/2014\/06\/P1290999_obl.jpg' title=\"\" data-rl_title=\"\" class=\"rl-gallery-link\" data-rl_caption=\"\" data-rel=\"lightbox-gallery-1\"><img loading=\"lazy\" decoding=\"async\" width=\"150\" height=\"150\" src=\"https:\/\/www.deambulations-nomades.eu\/wp-content\/uploads\/2014\/06\/P1290999_obl-150x150.jpg\" class=\"attachment-thumbnail size-thumbnail\" alt=\"\" \/><\/a>\n\t\t\t<\/div><\/figure><figure class='gallery-item'>\n\t\t\t<div class='gallery-icon portrait'>\n\t\t\t\t<a href='https:\/\/www.deambulations-nomades.eu\/wp-content\/uploads\/2014\/06\/P1300003_obl.jpg' title=\"\" data-rl_title=\"\" class=\"rl-gallery-link\" data-rl_caption=\"\" data-rel=\"lightbox-gallery-1\"><img loading=\"lazy\" decoding=\"async\" width=\"150\" height=\"150\" src=\"https:\/\/www.deambulations-nomades.eu\/wp-content\/uploads\/2014\/06\/P1300003_obl-150x150.jpg\" class=\"attachment-thumbnail size-thumbnail\" alt=\"\" \/><\/a>\n\t\t\t<\/div><\/figure><figure class='gallery-item'>\n\t\t\t<div class='gallery-icon landscape'>\n\t\t\t\t<a href='https:\/\/www.deambulations-nomades.eu\/wp-content\/uploads\/2014\/06\/P1300004_obl.jpg' title=\"\" data-rl_title=\"\" class=\"rl-gallery-link\" data-rl_caption=\"\" data-rel=\"lightbox-gallery-1\"><img loading=\"lazy\" decoding=\"async\" width=\"150\" height=\"150\" src=\"https:\/\/www.deambulations-nomades.eu\/wp-content\/uploads\/2014\/06\/P1300004_obl-150x150.jpg\" class=\"attachment-thumbnail size-thumbnail\" alt=\"\" \/><\/a>\n\t\t\t<\/div><\/figure><figure class='gallery-item'>\n\t\t\t<div class='gallery-icon portrait'>\n\t\t\t\t<a href='https:\/\/www.deambulations-nomades.eu\/wp-content\/uploads\/2014\/06\/P1300008_obl.jpg' title=\"\" data-rl_title=\"\" class=\"rl-gallery-link\" data-rl_caption=\"\" data-rel=\"lightbox-gallery-1\"><img loading=\"lazy\" decoding=\"async\" width=\"150\" height=\"150\" src=\"https:\/\/www.deambulations-nomades.eu\/wp-content\/uploads\/2014\/06\/P1300008_obl-150x150.jpg\" class=\"attachment-thumbnail size-thumbnail\" alt=\"\" \/><\/a>\n\t\t\t<\/div><\/figure><figure class='gallery-item'>\n\t\t\t<div class='gallery-icon portrait'>\n\t\t\t\t<a href='https:\/\/www.deambulations-nomades.eu\/wp-content\/uploads\/2014\/06\/P1300009_obl.jpg' title=\"\" data-rl_title=\"\" class=\"rl-gallery-link\" data-rl_caption=\"\" data-rel=\"lightbox-gallery-1\"><img loading=\"lazy\" decoding=\"async\" width=\"150\" height=\"150\" src=\"https:\/\/www.deambulations-nomades.eu\/wp-content\/uploads\/2014\/06\/P1300009_obl-150x150.jpg\" class=\"attachment-thumbnail size-thumbnail\" alt=\"\" \/><\/a>\n\t\t\t<\/div><\/figure><figure class='gallery-item'>\n\t\t\t<div class='gallery-icon landscape'>\n\t\t\t\t<a href='https:\/\/www.deambulations-nomades.eu\/wp-content\/uploads\/2014\/06\/P1300010_obl.jpg' title=\"\" data-rl_title=\"\" class=\"rl-gallery-link\" data-rl_caption=\"\" data-rel=\"lightbox-gallery-1\"><img loading=\"lazy\" decoding=\"async\" width=\"150\" height=\"150\" src=\"https:\/\/www.deambulations-nomades.eu\/wp-content\/uploads\/2014\/06\/P1300010_obl-150x150.jpg\" class=\"attachment-thumbnail size-thumbnail\" alt=\"\" \/><\/a>\n\t\t\t<\/div><\/figure><figure class='gallery-item'>\n\t\t\t<div class='gallery-icon portrait'>\n\t\t\t\t<a href='https:\/\/www.deambulations-nomades.eu\/wp-content\/uploads\/2014\/06\/P1300012_obl.jpg' title=\"\" data-rl_title=\"\" class=\"rl-gallery-link\" data-rl_caption=\"\" data-rel=\"lightbox-gallery-1\"><img loading=\"lazy\" decoding=\"async\" width=\"150\" height=\"150\" src=\"https:\/\/www.deambulations-nomades.eu\/wp-content\/uploads\/2014\/06\/P1300012_obl-150x150.jpg\" class=\"attachment-thumbnail size-thumbnail\" alt=\"\" \/><\/a>\n\t\t\t<\/div><\/figure><figure class='gallery-item'>\n\t\t\t<div class='gallery-icon portrait'>\n\t\t\t\t<a href='https:\/\/www.deambulations-nomades.eu\/wp-content\/uploads\/2014\/06\/P1300016_obl.jpg' title=\"\" data-rl_title=\"\" class=\"rl-gallery-link\" data-rl_caption=\"\" data-rel=\"lightbox-gallery-1\"><img loading=\"lazy\" decoding=\"async\" width=\"150\" height=\"150\" src=\"https:\/\/www.deambulations-nomades.eu\/wp-content\/uploads\/2014\/06\/P1300016_obl-150x150.jpg\" class=\"attachment-thumbnail size-thumbnail\" alt=\"\" \/><\/a>\n\t\t\t<\/div><\/figure><figure class='gallery-item'>\n\t\t\t<div class='gallery-icon portrait'>\n\t\t\t\t<a href='https:\/\/www.deambulations-nomades.eu\/wp-content\/uploads\/2014\/06\/P1300018_obl.jpg' title=\"\" data-rl_title=\"\" class=\"rl-gallery-link\" data-rl_caption=\"\" data-rel=\"lightbox-gallery-1\"><img loading=\"lazy\" decoding=\"async\" width=\"150\" height=\"150\" src=\"https:\/\/www.deambulations-nomades.eu\/wp-content\/uploads\/2014\/06\/P1300018_obl-150x150.jpg\" class=\"attachment-thumbnail size-thumbnail\" alt=\"\" \/><\/a>\n\t\t\t<\/div><\/figure><figure class='gallery-item'>\n\t\t\t<div class='gallery-icon portrait'>\n\t\t\t\t<a href='https:\/\/www.deambulations-nomades.eu\/wp-content\/uploads\/2014\/06\/P1300021_obl.jpg' title=\"\" data-rl_title=\"\" class=\"rl-gallery-link\" data-rl_caption=\"\" data-rel=\"lightbox-gallery-1\"><img loading=\"lazy\" decoding=\"async\" width=\"150\" height=\"150\" src=\"https:\/\/www.deambulations-nomades.eu\/wp-content\/uploads\/2014\/06\/P1300021_obl-150x150.jpg\" class=\"attachment-thumbnail size-thumbnail\" alt=\"\" \/><\/a>\n\t\t\t<\/div><\/figure><figure class='gallery-item'>\n\t\t\t<div class='gallery-icon landscape'>\n\t\t\t\t<a href='https:\/\/www.deambulations-nomades.eu\/wp-content\/uploads\/2014\/06\/P1300029_obl.jpg' title=\"\" data-rl_title=\"\" class=\"rl-gallery-link\" data-rl_caption=\"\" data-rel=\"lightbox-gallery-1\"><img loading=\"lazy\" decoding=\"async\" width=\"150\" height=\"150\" src=\"https:\/\/www.deambulations-nomades.eu\/wp-content\/uploads\/2014\/06\/P1300029_obl-150x150.jpg\" class=\"attachment-thumbnail size-thumbnail\" alt=\"\" \/><\/a>\n\t\t\t<\/div><\/figure><figure class='gallery-item'>\n\t\t\t<div class='gallery-icon landscape'>\n\t\t\t\t<a href='https:\/\/www.deambulations-nomades.eu\/wp-content\/uploads\/2014\/06\/P1300048_obl.jpg' title=\"\" data-rl_title=\"\" class=\"rl-gallery-link\" data-rl_caption=\"\" data-rel=\"lightbox-gallery-1\"><img loading=\"lazy\" decoding=\"async\" width=\"150\" height=\"150\" src=\"https:\/\/www.deambulations-nomades.eu\/wp-content\/uploads\/2014\/06\/P1300048_obl-150x150.jpg\" class=\"attachment-thumbnail size-thumbnail\" alt=\"\" \/><\/a>\n\t\t\t<\/div><\/figure><figure class='gallery-item'>\n\t\t\t<div class='gallery-icon landscape'>\n\t\t\t\t<a href='https:\/\/www.deambulations-nomades.eu\/wp-content\/uploads\/2014\/06\/P1300050_obl.jpg' title=\"\" data-rl_title=\"\" class=\"rl-gallery-link\" data-rl_caption=\"\" data-rel=\"lightbox-gallery-1\"><img loading=\"lazy\" decoding=\"async\" width=\"150\" height=\"150\" src=\"https:\/\/www.deambulations-nomades.eu\/wp-content\/uploads\/2014\/06\/P1300050_obl-150x150.jpg\" class=\"attachment-thumbnail size-thumbnail\" alt=\"\" \/><\/a>\n\t\t\t<\/div><\/figure><figure class='gallery-item'>\n\t\t\t<div class='gallery-icon portrait'>\n\t\t\t\t<a href='https:\/\/www.deambulations-nomades.eu\/wp-content\/uploads\/2014\/06\/P1300062_obl.jpg' title=\"\" data-rl_title=\"\" class=\"rl-gallery-link\" data-rl_caption=\"\" data-rel=\"lightbox-gallery-1\"><img loading=\"lazy\" decoding=\"async\" width=\"150\" height=\"150\" src=\"https:\/\/www.deambulations-nomades.eu\/wp-content\/uploads\/2014\/06\/P1300062_obl-150x150.jpg\" class=\"attachment-thumbnail size-thumbnail\" alt=\"\" \/><\/a>\n\t\t\t<\/div><\/figure>\n\t\t<\/div>\n\n<p style=\"text-align: justify;\"><a title=\"retour en haut de page\" href=\"#H\"><img loading=\"lazy\" decoding=\"async\" class=\"size-full wp-image-28888 alignright\" src=\"http:\/\/www.deambulations-nomades.eu\/wp-content\/uploads\/2015\/02\/vers-le-haut-flech.jpg\" alt=\"vers-le-haut-flech\" width=\"37\" height=\"55\" \/><\/a><\/p>\n","protected":false},"excerpt":{"rendered":"<p>VOIR GALERIE (photos suppl\u00e9mentaires) Des mus\u00e9es ethnographiques, nous en connaissons des centaines, \u00e0 commencer par celui de l&rsquo;enfance, place du Trocad\u00e9ro, \u00e0 Paris. Celui de Sucre, remarquablement am\u00e9nag\u00e9 dans un souci p\u00e9dagogique, pr\u00e9sente une collection de masques repr\u00e9sentatifs de l&rsquo;art populaire bolivien d&rsquo;hier et d&rsquo;aujourd&rsquo;hu. Ces masques \u00e9taient port\u00e9s, entre autres, au cours de diabladas,\u00a0 &hellip; <a href=\"https:\/\/www.deambulations-nomades.eu\/?page_id=3277\" class=\"more-link\">Continuer la lecture de <span class=\"screen-reader-text\">Mus\u00e9e ethnographique de Sucre<\/span>  <span class=\"meta-nav\">&rarr;<\/span><\/a><\/p>\n","protected":false},"author":2,"featured_media":0,"parent":42,"menu_order":20,"comment_status":"closed","ping_status":"open","template":"page-templates\/full-width.php","meta":{"footnotes":""},"class_list":["post-3277","page","type-page","status-publish","hentry"],"_links":{"self":[{"href":"https:\/\/www.deambulations-nomades.eu\/index.php?rest_route=\/wp\/v2\/pages\/3277","targetHints":{"allow":["GET"]}}],"collection":[{"href":"https:\/\/www.deambulations-nomades.eu\/index.php?rest_route=\/wp\/v2\/pages"}],"about":[{"href":"https:\/\/www.deambulations-nomades.eu\/index.php?rest_route=\/wp\/v2\/types\/page"}],"author":[{"embeddable":true,"href":"https:\/\/www.deambulations-nomades.eu\/index.php?rest_route=\/wp\/v2\/users\/2"}],"replies":[{"embeddable":true,"href":"https:\/\/www.deambulations-nomades.eu\/index.php?rest_route=%2Fwp%2Fv2%2Fcomments&post=3277"}],"version-history":[{"count":14,"href":"https:\/\/www.deambulations-nomades.eu\/index.php?rest_route=\/wp\/v2\/pages\/3277\/revisions"}],"predecessor-version":[{"id":54846,"href":"https:\/\/www.deambulations-nomades.eu\/index.php?rest_route=\/wp\/v2\/pages\/3277\/revisions\/54846"}],"up":[{"embeddable":true,"href":"https:\/\/www.deambulations-nomades.eu\/index.php?rest_route=\/wp\/v2\/pages\/42"}],"wp:attachment":[{"href":"https:\/\/www.deambulations-nomades.eu\/index.php?rest_route=%2Fwp%2Fv2%2Fmedia&parent=3277"}],"curies":[{"name":"wp","href":"https:\/\/api.w.org\/{rel}","templated":true}]}}