{"id":3278,"date":"2013-06-09T15:20:12","date_gmt":"2013-06-09T15:20:12","guid":{"rendered":"http:\/\/www.deambulations-nomades.eu\/?page_id=3278"},"modified":"2017-11-27T07:22:17","modified_gmt":"2017-11-27T07:22:17","slug":"30-juillet-sucre-de-quadras-en-plazas","status":"publish","type":"page","link":"https:\/\/www.deambulations-nomades.eu\/?page_id=3278","title":{"rendered":"Sucre, de quadras en plazas"},"content":{"rendered":"<p style=\"padding-left: 5px; text-align: right;\"><strong><a href=\"http:\/\/www.deambulations-nomades.eu\/?page_id=3277\"><img loading=\"lazy\" decoding=\"async\" class=\" size-full wp-image-29433 alignleft\" src=\"http:\/\/www.deambulations-nomades.eu\/wp-content\/uploads\/2015\/02\/precedent-flech1.jpg\" alt=\"precedent-flech\" width=\"25\" height=\"21\" \/><\/a><\/strong><a id=\"H\"><\/a> <span style=\"color: #c3a954; font-size: 12px;\"><a style=\"color: #c3a954;\" href=\"http:\/\/www.deambulations-nomades.eu\/?page_id=28512\" target=\"_blank\" rel=\"noopener\">VOIR GALERIE<\/a><\/span><span style=\"font-size: 10px;\"> (photos suppl\u00e9mentaires)<a href=\"http:\/\/www.deambulations-nomades.eu\/?page_id=3279\"><strong><img loading=\"lazy\" decoding=\"async\" class=\" size-full wp-image-29434 alignright\" src=\"http:\/\/www.deambulations-nomades.eu\/wp-content\/uploads\/2015\/02\/suivant-flech1.jpg\" alt=\"suivant-flech\" width=\"25\" height=\"21\" \/><\/strong><\/a><\/span><\/p>\n<figure id=\"attachment_5238\" aria-describedby=\"caption-attachment-5238\" style=\"width: 600px\" class=\"wp-caption aligncenter\"><img loading=\"lazy\" decoding=\"async\" class=\"wp-image-5238\" src=\"http:\/\/www.deambulations-nomades.eu\/wp-content\/uploads\/2014\/06\/P1300088_obl.jpg\" alt=\"Le lendemain, chasse au fameux Cohiba dont nous vous parlions. Tentative aupr\u00e8s d'une autre guinguette et bingo ! Un autre Cohiba encore plus savoureux que le pr\u00e9c\u00e9dent. Il est sorti d'une boite \u00e0 chaussures...Au coin d'une rue un andin nous regarde fixement \" width=\"600\" height=\"542\" srcset=\"https:\/\/www.deambulations-nomades.eu\/wp-content\/uploads\/2014\/06\/P1300088_obl.jpg 800w, https:\/\/www.deambulations-nomades.eu\/wp-content\/uploads\/2014\/06\/P1300088_obl-400x361.jpg 400w\" sizes=\"auto, (max-width: 600px) 100vw, 600px\" \/><figcaption id=\"caption-attachment-5238\" class=\"wp-caption-text\">Le lendemain, chasse au fameux Cohiba dont nous vous parlions. Tentative aupr\u00e8s d&rsquo;une autre guinguette et bingo ! Un autre Cohiba encore plus savoureux que le pr\u00e9c\u00e9dent. Il est sorti d&rsquo;une boite \u00e0 chaussures&#8230;Au coin d&rsquo;une rue un andin nous regarde fixement<\/figcaption><\/figure>\n<p><img loading=\"lazy\" decoding=\"async\" class=\"aligncenter wp-image-5239\" src=\"http:\/\/www.deambulations-nomades.eu\/wp-content\/uploads\/2014\/06\/P1300094_obl.jpg\" alt=\"P1300094_obl\" width=\"600\" height=\"851\" srcset=\"https:\/\/www.deambulations-nomades.eu\/wp-content\/uploads\/2014\/06\/P1300094_obl.jpg 800w, https:\/\/www.deambulations-nomades.eu\/wp-content\/uploads\/2014\/06\/P1300094_obl-400x567.jpg 400w\" sizes=\"auto, (max-width: 600px) 100vw, 600px\" \/><\/p>\n<figure id=\"attachment_5240\" aria-describedby=\"caption-attachment-5240\" style=\"width: 600px\" class=\"wp-caption aligncenter\"><img loading=\"lazy\" decoding=\"async\" class=\"wp-image-5240\" src=\"http:\/\/www.deambulations-nomades.eu\/wp-content\/uploads\/2014\/06\/P1300122_obl.jpg\" alt=\"La cour int\u00e9rieure de la Facult\u00e9 de droit \" width=\"600\" height=\"407\" srcset=\"https:\/\/www.deambulations-nomades.eu\/wp-content\/uploads\/2014\/06\/P1300122_obl.jpg 800w, https:\/\/www.deambulations-nomades.eu\/wp-content\/uploads\/2014\/06\/P1300122_obl-400x271.jpg 400w\" sizes=\"auto, (max-width: 600px) 100vw, 600px\" \/><figcaption id=\"caption-attachment-5240\" class=\"wp-caption-text\">La cour int\u00e9rieure de la Facult\u00e9 de droit<\/figcaption><\/figure>\n<p><img loading=\"lazy\" decoding=\"async\" class=\"aligncenter wp-image-5241\" src=\"http:\/\/www.deambulations-nomades.eu\/wp-content\/uploads\/2014\/06\/P1300125_obl.jpg\" alt=\"P1300125_obl\" width=\"600\" height=\"656\" srcset=\"https:\/\/www.deambulations-nomades.eu\/wp-content\/uploads\/2014\/06\/P1300125_obl.jpg 800w, https:\/\/www.deambulations-nomades.eu\/wp-content\/uploads\/2014\/06\/P1300125_obl-400x437.jpg 400w, https:\/\/www.deambulations-nomades.eu\/wp-content\/uploads\/2014\/06\/P1300125_obl-550x0.jpg 550w\" sizes=\"auto, (max-width: 600px) 100vw, 600px\" \/> <img loading=\"lazy\" decoding=\"async\" class=\"aligncenter wp-image-5242\" src=\"http:\/\/www.deambulations-nomades.eu\/wp-content\/uploads\/2014\/06\/P1300141_obl.jpg\" alt=\"P1300141_obl\" width=\"600\" height=\"328\" srcset=\"https:\/\/www.deambulations-nomades.eu\/wp-content\/uploads\/2014\/06\/P1300141_obl.jpg 800w, https:\/\/www.deambulations-nomades.eu\/wp-content\/uploads\/2014\/06\/P1300141_obl-400x218.jpg 400w\" sizes=\"auto, (max-width: 600px) 100vw, 600px\" \/> <img loading=\"lazy\" decoding=\"async\" class=\"aligncenter wp-image-5243\" src=\"http:\/\/www.deambulations-nomades.eu\/wp-content\/uploads\/2014\/06\/P1300143_obl.jpg\" alt=\"P1300143_obl\" width=\"600\" height=\"485\" srcset=\"https:\/\/www.deambulations-nomades.eu\/wp-content\/uploads\/2014\/06\/P1300143_obl.jpg 800w, https:\/\/www.deambulations-nomades.eu\/wp-content\/uploads\/2014\/06\/P1300143_obl-400x323.jpg 400w, https:\/\/www.deambulations-nomades.eu\/wp-content\/uploads\/2014\/06\/P1300143_obl-550x0.jpg 550w\" sizes=\"auto, (max-width: 600px) 100vw, 600px\" \/> <img loading=\"lazy\" decoding=\"async\" class=\"aligncenter wp-image-5244\" src=\"http:\/\/www.deambulations-nomades.eu\/wp-content\/uploads\/2014\/06\/P1300155_obl.jpg\" alt=\"P1300155_obl\" width=\"600\" height=\"849\" srcset=\"https:\/\/www.deambulations-nomades.eu\/wp-content\/uploads\/2014\/06\/P1300155_obl.jpg 800w, https:\/\/www.deambulations-nomades.eu\/wp-content\/uploads\/2014\/06\/P1300155_obl-400x566.jpg 400w, https:\/\/www.deambulations-nomades.eu\/wp-content\/uploads\/2014\/06\/P1300155_obl-550x0.jpg 550w\" sizes=\"auto, (max-width: 600px) 100vw, 600px\" \/><\/p>\n<figure id=\"attachment_5245\" aria-describedby=\"caption-attachment-5245\" style=\"width: 600px\" class=\"wp-caption aligncenter\"><img loading=\"lazy\" decoding=\"async\" class=\"wp-image-5245\" src=\"http:\/\/www.deambulations-nomades.eu\/wp-content\/uploads\/2014\/06\/P1300156_obl.jpg\" alt=\"On peut t\u00e9l\u00e9phoner partout dans le monde \u00e0 partir de la rue \" width=\"600\" height=\"526\" srcset=\"https:\/\/www.deambulations-nomades.eu\/wp-content\/uploads\/2014\/06\/P1300156_obl.jpg 800w, https:\/\/www.deambulations-nomades.eu\/wp-content\/uploads\/2014\/06\/P1300156_obl-400x350.jpg 400w\" sizes=\"auto, (max-width: 600px) 100vw, 600px\" \/><figcaption id=\"caption-attachment-5245\" class=\"wp-caption-text\">On peut t\u00e9l\u00e9phoner partout dans le monde \u00e0 partir de la rue<\/figcaption><\/figure>\n<p><img loading=\"lazy\" decoding=\"async\" class=\"aligncenter wp-image-5246\" src=\"http:\/\/www.deambulations-nomades.eu\/wp-content\/uploads\/2014\/06\/P1300174_obl.jpg\" alt=\"P1300174_obl\" width=\"600\" height=\"616\" srcset=\"https:\/\/www.deambulations-nomades.eu\/wp-content\/uploads\/2014\/06\/P1300174_obl.jpg 800w, https:\/\/www.deambulations-nomades.eu\/wp-content\/uploads\/2014\/06\/P1300174_obl-400x411.jpg 400w, https:\/\/www.deambulations-nomades.eu\/wp-content\/uploads\/2014\/06\/P1300174_obl-550x0.jpg 550w\" sizes=\"auto, (max-width: 600px) 100vw, 600px\" \/><\/p>\n<figure id=\"attachment_5247\" aria-describedby=\"caption-attachment-5247\" style=\"width: 600px\" class=\"wp-caption aligncenter\"><img loading=\"lazy\" decoding=\"async\" class=\"wp-image-5247\" src=\"http:\/\/www.deambulations-nomades.eu\/wp-content\/uploads\/2014\/06\/P1300184_obl.jpg\" alt=\"13 heures, sortie des classes. Les enfants de la bourgeoisie locale issus de coll\u00e8ges priv\u00e9s aux uniformes distinctifs se font cirer les chaussures par d'autres enfants, v\u00e9ritables gamins des rues pour qui l'\u00e9cole semble \u00eatre inaccessible (la scolarit\u00e9 est pourtant obligatoire jusqu'\u00e0 16 ans) \" width=\"600\" height=\"673\" srcset=\"https:\/\/www.deambulations-nomades.eu\/wp-content\/uploads\/2014\/06\/P1300184_obl.jpg 800w, https:\/\/www.deambulations-nomades.eu\/wp-content\/uploads\/2014\/06\/P1300184_obl-400x448.jpg 400w\" sizes=\"auto, (max-width: 600px) 100vw, 600px\" \/><figcaption id=\"caption-attachment-5247\" class=\"wp-caption-text\">13 heures, sortie des classes. Les enfants de la bourgeoisie locale issus de coll\u00e8ges priv\u00e9s aux uniformes distinctifs se font cirer les chaussures par d&rsquo;autres enfants, v\u00e9ritables gamins des rues pour qui l&rsquo;\u00e9cole semble \u00eatre inaccessible (la scolarit\u00e9 est pourtant obligatoire jusqu&rsquo;\u00e0 16 ans)<\/figcaption><\/figure>\n<p><img loading=\"lazy\" decoding=\"async\" class=\"aligncenter wp-image-5248\" src=\"http:\/\/www.deambulations-nomades.eu\/wp-content\/uploads\/2014\/06\/P1300185_bis_obl.jpg\" alt=\"P1300185_bis_obl\" width=\"600\" height=\"914\" srcset=\"https:\/\/www.deambulations-nomades.eu\/wp-content\/uploads\/2014\/06\/P1300185_bis_obl.jpg 788w, https:\/\/www.deambulations-nomades.eu\/wp-content\/uploads\/2014\/06\/P1300185_bis_obl-394x600.jpg 394w, https:\/\/www.deambulations-nomades.eu\/wp-content\/uploads\/2014\/06\/P1300185_bis_obl-550x0.jpg 550w\" sizes=\"auto, (max-width: 600px) 100vw, 600px\" \/><\/p>\n<figure id=\"attachment_5249\" aria-describedby=\"caption-attachment-5249\" style=\"width: 600px\" class=\"wp-caption aligncenter\"><img loading=\"lazy\" decoding=\"async\" class=\"wp-image-5249\" src=\"http:\/\/www.deambulations-nomades.eu\/wp-content\/uploads\/2014\/06\/P1300202_obl.jpg\" alt=\"Sc\u00e8nes quotidiennes \" width=\"600\" height=\"483\" srcset=\"https:\/\/www.deambulations-nomades.eu\/wp-content\/uploads\/2014\/06\/P1300202_obl.jpg 800w, https:\/\/www.deambulations-nomades.eu\/wp-content\/uploads\/2014\/06\/P1300202_obl-400x322.jpg 400w\" sizes=\"auto, (max-width: 600px) 100vw, 600px\" \/><figcaption id=\"caption-attachment-5249\" class=\"wp-caption-text\">Sc\u00e8nes quotidiennes<\/figcaption><\/figure>\n<p><a title=\"retour en haut de page\" href=\"#H\"><img loading=\"lazy\" decoding=\"async\" class=\"size-full wp-image-28888 alignright\" src=\"http:\/\/www.deambulations-nomades.eu\/wp-content\/uploads\/2015\/02\/vers-le-haut-flech.jpg\" alt=\"vers-le-haut-flech\" width=\"37\" height=\"55\" \/><\/a><\/p>\n","protected":false},"excerpt":{"rendered":"<p>VOIR GALERIE (photos suppl\u00e9mentaires)<\/p>\n","protected":false},"author":2,"featured_media":0,"parent":42,"menu_order":21,"comment_status":"closed","ping_status":"open","template":"page-templates\/full-width.php","meta":{"footnotes":""},"class_list":["post-3278","page","type-page","status-publish","hentry"],"_links":{"self":[{"href":"https:\/\/www.deambulations-nomades.eu\/index.php?rest_route=\/wp\/v2\/pages\/3278","targetHints":{"allow":["GET"]}}],"collection":[{"href":"https:\/\/www.deambulations-nomades.eu\/index.php?rest_route=\/wp\/v2\/pages"}],"about":[{"href":"https:\/\/www.deambulations-nomades.eu\/index.php?rest_route=\/wp\/v2\/types\/page"}],"author":[{"embeddable":true,"href":"https:\/\/www.deambulations-nomades.eu\/index.php?rest_route=\/wp\/v2\/users\/2"}],"replies":[{"embeddable":true,"href":"https:\/\/www.deambulations-nomades.eu\/index.php?rest_route=%2Fwp%2Fv2%2Fcomments&post=3278"}],"version-history":[{"count":14,"href":"https:\/\/www.deambulations-nomades.eu\/index.php?rest_route=\/wp\/v2\/pages\/3278\/revisions"}],"predecessor-version":[{"id":54847,"href":"https:\/\/www.deambulations-nomades.eu\/index.php?rest_route=\/wp\/v2\/pages\/3278\/revisions\/54847"}],"up":[{"embeddable":true,"href":"https:\/\/www.deambulations-nomades.eu\/index.php?rest_route=\/wp\/v2\/pages\/42"}],"wp:attachment":[{"href":"https:\/\/www.deambulations-nomades.eu\/index.php?rest_route=%2Fwp%2Fv2%2Fmedia&parent=3278"}],"curies":[{"name":"wp","href":"https:\/\/api.w.org\/{rel}","templated":true}]}}