{"id":3281,"date":"2013-06-09T15:21:42","date_gmt":"2013-06-09T15:21:42","guid":{"rendered":"http:\/\/www.deambulations-nomades.eu\/?page_id=3281"},"modified":"2015-03-07T11:10:01","modified_gmt":"2015-03-07T11:10:01","slug":"choses-vues-choses-vecues","status":"publish","type":"page","link":"https:\/\/www.deambulations-nomades.eu\/?page_id=3281","title":{"rendered":"Choses vues, choses v\u00e9cues"},"content":{"rendered":"<p style=\"padding-left: 5px; text-align: left;\"><strong><a href=\"http:\/\/www.deambulations-nomades.eu\/?page_id=3280\"><img loading=\"lazy\" decoding=\"async\" class=\" size-full wp-image-29433 alignleft\" src=\"http:\/\/www.deambulations-nomades.eu\/wp-content\/uploads\/2015\/02\/precedent-flech1.jpg\" alt=\"precedent-flech\" width=\"25\" height=\"21\" \/><\/a><\/strong><span style=\"font-size: 10px;\"><strong><a href=\"http:\/\/www.deambulations-nomades.eu\/?page_id=3282\"><img loading=\"lazy\" decoding=\"async\" class=\" size-full wp-image-29434 alignright\" src=\"http:\/\/www.deambulations-nomades.eu\/wp-content\/uploads\/2015\/02\/suivant-flech1.jpg\" alt=\"suivant-flech\" width=\"25\" height=\"21\" \/><\/a><\/strong><\/span><a id=\"H\"><\/a><\/p>\n<p style=\"text-align: left;\"><em>Pour avoir trop lu <em>Tintin et le Temple du soleil<\/em>, nous nous sommes retrouv\u00e9s \u00e0 pr\u00e9parer un nouveau p\u00e9riple d\u2019Argentine au P\u00e9rou en passant par le Chili, l\u2019altiplano andin et la Bolivie \u00e0 la d\u00e9couverte en priorit\u00e9 de paysages fascinants tels le d\u00e9sert d\u2019Atacama, le Sud-Lipez et la Cordill\u00e8re des Andes . Mais sans rien exclure des possibles rencontres avec les autochtones. Revenant sur nos pas, les conditions de voyage sont toujours celles du baroud . Toutefois, nous sommes conscients que nous ne referons plus un tel voyage dans ces conditions limites vu nos \u00e2ges respectifs \u00e0 ces altitudes-l\u00e0. Ainsi, nous quittons un rhume carabin\u00e9 pour entrer dans le suivant, sans parler de la fatigue physique qu\u2019il nous faut surmonter pour aller de l\u2019avant comme ce fut le cas sur le Salar d\u2019Uyuni. Des jeunes dans la vingtaine ne faisaient pas mieux que nous qui tombaient d\u2019ailleurs malades avant nous\u00a0!<\/em><\/p>\n<p><em>Les sacs-\u00e0-dos (sans roulettes) p\u00e8sent 7-9 kg au d\u00e9part. Leur contenu est r\u00e9duit\u00a0 \u00e0 l\u2019essentiel. Nous avons privil\u00e9gi\u00e9 des v\u00eatements confortables et chauds sachant que nous allions \u00eatre une grande partie du temps alentour de 4000 m d\u2019altitude, en plein hiver austral. M\u00e9dicaments\u00a0: parac\u00e9tamol (<em>soroche<\/em> ou mal\u00a0 des montagnes), antibiotiques de base et\u2026feuilles de coca que l\u2019on m\u00e2chonne rapidement pour en faire une boulette \u00e0 ins\u00e9rer entre la m\u00e2choire et la joue pour en laisser peu \u00e0 peu s\u2019extraire les sucs.<\/em><\/p>\n<p><em>Pour r\u00e9diger ce blog, nous utilisons un ordinateur portable 10\u2019\u2019, plus confortable qu\u2019un mobile 3G. La liaison Internet se fait uniquement par le biais du WIFI, al\u00e9atoire selon les lieux (ne jamais oublier que c\u2019est en Europe, et notamment en France, pas aux USA \u00e0 rebours de l\u2019id\u00e9e re\u00e7ue, que les d\u00e9bits sont les plus \u00e9lev\u00e9s et fiables au monde). Anecdote\u00a0: nous n\u2019avons pas encore pu voir notre blog sur un \u00e9cran normal (20-24 pouces). Bonjour la mise en page \u00e0 revoir, s\u00fbrement\u00a0!<\/em><\/p>\n<p><em>Le principe est tr\u00e8s simple\u00a0: aucune r\u00e9servation d\u2019h\u00e9bergement et de moyens de transport \u00e0 l\u2019avance sauf les 3 premiers jours \u00e0 Buenos Aires dans une auberge dite de jeunesse. En effet, nous partons 5-6 semaines, ce qui est relativement court pour de telles distances et il est impossible de pr\u00e9voir avec pr\u00e9cision le lieu et la dur\u00e9e des \u00e9tapes\u00a0: gr\u00e8ves de bus diverses, retards d\u2019avions, pannes \u00e9lectriques, coupures d\u2019eau, etc. \u00a0(nous avons eu droit \u00e0 tout cela).<\/em><\/p>\n<p><em>Contrairement \u00e0 ce que nous pensions, nous avons tr\u00e8s vite d\u00e9couvert qu\u2019il est quasi obligatoire, de nos jours, faute de place, d\u2019effectuer toutes les r\u00e9servations via l\u2019Internet \u2013 y compris pour les petits h\u00f4tels au confort sommaire mais convivial appel\u00e9s ici hostales ou casas de huespedes. La globalisation plan\u00e9taire est bien en marche. Par exemple, des villes comme Sucre ou La Paz en Bolivie, mais \u00e9galement des bourgades du d\u00e9sert comme San Pedro de Acatama au Chili affichent une modernit\u00e9 presque insolente. Tout va tr\u00e8s vite, les \u00e9conomies locales sont, de mani\u00e8re g\u00e9n\u00e9rale, plus dynamiques que les n\u00f4tres, et tant mieux pour les peuples qui voient leurs libert\u00e9s civiques s\u2019\u00e9largir m\u00eame si la pauvret\u00e9 reste tr\u00e8s pr\u00e9sente, nous le voyons bien dans les \u00e9changes quotidiens\u2026<\/em><\/p>\n<p><em>A suivre&#8230;<br \/>\n<\/em><\/p>\n<p><em>\u00a0\n<table id=\"tablepress-28\" class=\"tablepress tablepress-id-28\">\n<tbody>\n<tr class=\"row-1\">\n\t<td class=\"column-1\"><a href=\" http:\/\/www.deambulations-nomades.eu\/?page_id=3280\"><img loading=\"lazy\" decoding=\"async\" src=\"http:\/\/www.deambulations-nomades.eu\/wp-content\/uploads\/2014\/06\/precedent-flech-e1403242431644.jpg\" alt=\"\u00e9tape pr\u00e9c\u00e9dente\" width=\"50\" height=\"34\" class=\"alignleft size-full wp-image-6772\" \/<\/a><\/td><td class=\"column-2\"><a href=\" http:\/\/www.deambulations-nomades.eu\/?page_id=3282\"><img loading=\"lazy\" decoding=\"async\" src=\"http:\/\/www.deambulations-nomades.eu\/wp-content\/uploads\/2014\/06\/suivant-flech-e1403242466758.jpg\" alt=\"\u00e9tape suivante\" width=\"50\" height=\"34\" class=\"alignright size-full wp-image-6771\" \/<\/a><\/td>\n<\/tr>\n<\/tbody>\n<\/table>\n<!-- #tablepress-28 from cache --> <a title=\"retour en haut de page\" href=\"#H\"><img loading=\"lazy\" decoding=\"async\" class=\"size-full wp-image-28888 alignright\" src=\"http:\/\/www.deambulations-nomades.eu\/wp-content\/uploads\/2015\/02\/vers-le-haut-flech.jpg\" alt=\"vers-le-haut-flech\" width=\"37\" height=\"55\" \/><\/a><br \/>\n<\/em><\/p>\n","protected":false},"excerpt":{"rendered":"<p>Pour avoir trop lu Tintin et le Temple du soleil, nous nous sommes retrouv\u00e9s \u00e0 pr\u00e9parer un nouveau p\u00e9riple d\u2019Argentine au P\u00e9rou en passant par le Chili, l\u2019altiplano andin et la Bolivie \u00e0 la d\u00e9couverte en priorit\u00e9 de paysages fascinants tels le d\u00e9sert d\u2019Atacama, le Sud-Lipez et la Cordill\u00e8re des Andes . Mais sans rien &hellip; <a href=\"https:\/\/www.deambulations-nomades.eu\/?page_id=3281\" class=\"more-link\">Continuer la lecture de <span class=\"screen-reader-text\">Choses vues, choses v\u00e9cues<\/span>  <span class=\"meta-nav\">&rarr;<\/span><\/a><\/p>\n","protected":false},"author":2,"featured_media":0,"parent":42,"menu_order":25,"comment_status":"closed","ping_status":"open","template":"page-templates\/full-width.php","meta":{"footnotes":""},"class_list":["post-3281","page","type-page","status-publish","hentry"],"_links":{"self":[{"href":"https:\/\/www.deambulations-nomades.eu\/index.php?rest_route=\/wp\/v2\/pages\/3281","targetHints":{"allow":["GET"]}}],"collection":[{"href":"https:\/\/www.deambulations-nomades.eu\/index.php?rest_route=\/wp\/v2\/pages"}],"about":[{"href":"https:\/\/www.deambulations-nomades.eu\/index.php?rest_route=\/wp\/v2\/types\/page"}],"author":[{"embeddable":true,"href":"https:\/\/www.deambulations-nomades.eu\/index.php?rest_route=\/wp\/v2\/users\/2"}],"replies":[{"embeddable":true,"href":"https:\/\/www.deambulations-nomades.eu\/index.php?rest_route=%2Fwp%2Fv2%2Fcomments&post=3281"}],"version-history":[{"count":8,"href":"https:\/\/www.deambulations-nomades.eu\/index.php?rest_route=\/wp\/v2\/pages\/3281\/revisions"}],"predecessor-version":[{"id":30044,"href":"https:\/\/www.deambulations-nomades.eu\/index.php?rest_route=\/wp\/v2\/pages\/3281\/revisions\/30044"}],"up":[{"embeddable":true,"href":"https:\/\/www.deambulations-nomades.eu\/index.php?rest_route=\/wp\/v2\/pages\/42"}],"wp:attachment":[{"href":"https:\/\/www.deambulations-nomades.eu\/index.php?rest_route=%2Fwp%2Fv2%2Fmedia&parent=3281"}],"curies":[{"name":"wp","href":"https:\/\/api.w.org\/{rel}","templated":true}]}}