{"id":3285,"date":"2013-06-09T15:24:53","date_gmt":"2013-06-09T15:24:53","guid":{"rendered":"http:\/\/www.deambulations-nomades.eu\/?page_id=3285"},"modified":"2021-03-19T19:17:25","modified_gmt":"2021-03-19T19:17:25","slug":"6-aout-deux-jours-dans-les-iles-suite","status":"publish","type":"page","link":"https:\/\/www.deambulations-nomades.eu\/?page_id=3285","title":{"rendered":"Deux jours dans les \u00eeles (suite)"},"content":{"rendered":"<p style=\"padding-left: 5px; text-align: left;\"><strong><a href=\"http:\/\/www.deambulations-nomades.eu\/?page_id=3284\"><img loading=\"lazy\" decoding=\"async\" class=\" size-full wp-image-29433 alignleft\" src=\"http:\/\/www.deambulations-nomades.eu\/wp-content\/uploads\/2015\/02\/precedent-flech1.jpg\" alt=\"precedent-flech\" width=\"25\" height=\"21\" \/><\/a><\/strong><a id=\"H\"><\/a> <span style=\"color: #c3a954; font-size: 12px;\"><a style=\"color: #c3a954;\" href=\"http:\/\/www.deambulations-nomades.eu\/?page_id=28484\" target=\"_blank\" rel=\"noopener\">VOIR GALERIE<\/a><\/span><span style=\"font-size: 10px;\"> (photos suppl\u00e9mentaires)<strong><a href=\"http:\/\/www.deambulations-nomades.eu\/?page_id=3286\"><img loading=\"lazy\" decoding=\"async\" class=\" size-full wp-image-29434 alignright\" src=\"http:\/\/www.deambulations-nomades.eu\/wp-content\/uploads\/2015\/02\/suivant-flech1.jpg\" alt=\"suivant-flech\" width=\"25\" height=\"21\" \/><\/a><\/strong><\/span><\/p>\n<p><img loading=\"lazy\" decoding=\"async\" class=\"aligncenter wp-image-5451\" src=\"https:\/\/www.deambulations-nomades.eu\/wp-content\/uploads\/2013\/06\/neige_titikk_2-3445x1008-TO1-e1401816567529.jpg\" alt=\"\" width=\"874\" height=\"175\" srcset=\"https:\/\/www.deambulations-nomades.eu\/wp-content\/uploads\/2013\/06\/neige_titikk_2-3445x1008-TO1-e1401816567529.jpg 1000w, https:\/\/www.deambulations-nomades.eu\/wp-content\/uploads\/2013\/06\/neige_titikk_2-3445x1008-TO1-e1401816567529-400x80.jpg 400w, https:\/\/www.deambulations-nomades.eu\/wp-content\/uploads\/2013\/06\/neige_titikk_2-3445x1008-TO1-e1401816567529-800x160.jpg 800w\" sizes=\"auto, (max-width: 874px) 100vw, 874px\" \/><\/p>\n<p>&nbsp;<\/p>\n<p>&nbsp;<\/p>\n<p style=\"text-align: left;\"><img loading=\"lazy\" decoding=\"async\" class=\"aligncenter wp-image-5467\" src=\"http:\/\/www.deambulations-nomades.eu\/wp-content\/uploads\/2014\/06\/amerique-sud-06-aout-enr-web-800-P1310636_obl.jpg\" alt=\"amerique-sud-06-aout-enr-web-800-P1310636_obl\" width=\"600\" height=\"450\" srcset=\"https:\/\/www.deambulations-nomades.eu\/wp-content\/uploads\/2014\/06\/amerique-sud-06-aout-enr-web-800-P1310636_obl.jpg 800w, https:\/\/www.deambulations-nomades.eu\/wp-content\/uploads\/2014\/06\/amerique-sud-06-aout-enr-web-800-P1310636_obl-400x300.jpg 400w\" sizes=\"auto, (max-width: 600px) 100vw, 600px\" \/> <img loading=\"lazy\" decoding=\"async\" class=\"aligncenter wp-image-5475\" src=\"http:\/\/www.deambulations-nomades.eu\/wp-content\/uploads\/2014\/06\/amerique-sud-06-aout-enr-web-800-P1310640_obl1.jpg\" alt=\"amerique-sud-06-aout-enr-web-800-P1310640_obl\" width=\"600\" height=\"393\" srcset=\"https:\/\/www.deambulations-nomades.eu\/wp-content\/uploads\/2014\/06\/amerique-sud-06-aout-enr-web-800-P1310640_obl1.jpg 800w, https:\/\/www.deambulations-nomades.eu\/wp-content\/uploads\/2014\/06\/amerique-sud-06-aout-enr-web-800-P1310640_obl1-400x262.jpg 400w\" sizes=\"auto, (max-width: 600px) 100vw, 600px\" \/><\/p>\n<figure id=\"attachment_5469\" aria-describedby=\"caption-attachment-5469\" style=\"width: 600px\" class=\"wp-caption aligncenter\"><img loading=\"lazy\" decoding=\"async\" class=\"wp-image-5469\" src=\"http:\/\/www.deambulations-nomades.eu\/wp-content\/uploads\/2014\/06\/amerique-sud-06-aout-enr-web-800-P1310643_obl.jpg\" alt=\"La chambre est simple et propre, les ba\u00f1os (SdB-toilettes) r\u00e9duits \u00e0 l'essentiel avec une citerne et un pichet. Il fait toujours tr\u00e8s froid car nous sommes en altitude (4000m).\" width=\"600\" height=\"450\" srcset=\"https:\/\/www.deambulations-nomades.eu\/wp-content\/uploads\/2014\/06\/amerique-sud-06-aout-enr-web-800-P1310643_obl.jpg 800w, https:\/\/www.deambulations-nomades.eu\/wp-content\/uploads\/2014\/06\/amerique-sud-06-aout-enr-web-800-P1310643_obl-400x300.jpg 400w\" sizes=\"auto, (max-width: 600px) 100vw, 600px\" \/><figcaption id=\"caption-attachment-5469\" class=\"wp-caption-text\">La chambre est simple et propre, les ba\u00f1os (SdB-toilettes) r\u00e9duits \u00e0 l&rsquo;essentiel avec une citerne et un pichet. Il fait toujours tr\u00e8s froid car nous sommes en altitude (4000m).<\/figcaption><\/figure>\n<figure id=\"attachment_5470\" aria-describedby=\"caption-attachment-5470\" style=\"width: 600px\" class=\"wp-caption aligncenter\"><img loading=\"lazy\" decoding=\"async\" class=\"wp-image-5470\" src=\"http:\/\/www.deambulations-nomades.eu\/wp-content\/uploads\/2014\/06\/amerique-sud-06-aout-enr-web-800-P1310646_obl.jpg\" alt=\"Leur lieu \u00e0 vivre est r\u00e9duit : une minuscule pi\u00e8ce \u00e0 tout faire flanqu\u00e9e d'une cuisine et son \u00e2tre ouvert.\" width=\"600\" height=\"451\" srcset=\"https:\/\/www.deambulations-nomades.eu\/wp-content\/uploads\/2014\/06\/amerique-sud-06-aout-enr-web-800-P1310646_obl.jpg 800w, https:\/\/www.deambulations-nomades.eu\/wp-content\/uploads\/2014\/06\/amerique-sud-06-aout-enr-web-800-P1310646_obl-400x300.jpg 400w\" sizes=\"auto, (max-width: 600px) 100vw, 600px\" \/><figcaption id=\"caption-attachment-5470\" class=\"wp-caption-text\">Leur lieu \u00e0 vivre est r\u00e9duit : une minuscule pi\u00e8ce \u00e0 tout faire flanqu\u00e9e d&rsquo;une cuisine et son \u00e2tre ouvert.<\/figcaption><\/figure>\n<p style=\"text-align: left;\"><img loading=\"lazy\" decoding=\"async\" class=\"aligncenter wp-image-5472\" src=\"http:\/\/www.deambulations-nomades.eu\/wp-content\/uploads\/2014\/06\/amerique-sud-06-aout-enr-web-800-P1310661_obl.jpg\" alt=\"amerique-sud-06-aout-enr-web-800-P1310661_obl\" width=\"600\" height=\"450\" srcset=\"https:\/\/www.deambulations-nomades.eu\/wp-content\/uploads\/2014\/06\/amerique-sud-06-aout-enr-web-800-P1310661_obl.jpg 800w, https:\/\/www.deambulations-nomades.eu\/wp-content\/uploads\/2014\/06\/amerique-sud-06-aout-enr-web-800-P1310661_obl-400x300.jpg 400w\" sizes=\"auto, (max-width: 600px) 100vw, 600px\" \/><\/p>\n<figure id=\"attachment_5474\" aria-describedby=\"caption-attachment-5474\" style=\"width: 600px\" class=\"wp-caption aligncenter\"><img loading=\"lazy\" decoding=\"async\" class=\"wp-image-5474\" src=\"http:\/\/www.deambulations-nomades.eu\/wp-content\/uploads\/2014\/06\/amerique-sud-06-aout-enr-web-800-P1310673_obl.jpg\" alt=\"La cantuta (Cantuta Buxifolia) est la fleur nationale du P\u00e9rou et de la Bolivie. Les arbres font 2 \u00e0 3 m de haut. Elle est aussi appel\u00e9e la fleur de l'Inca. \" width=\"600\" height=\"450\" srcset=\"https:\/\/www.deambulations-nomades.eu\/wp-content\/uploads\/2014\/06\/amerique-sud-06-aout-enr-web-800-P1310673_obl.jpg 800w, https:\/\/www.deambulations-nomades.eu\/wp-content\/uploads\/2014\/06\/amerique-sud-06-aout-enr-web-800-P1310673_obl-400x300.jpg 400w\" sizes=\"auto, (max-width: 600px) 100vw, 600px\" \/><figcaption id=\"caption-attachment-5474\" class=\"wp-caption-text\">La cantuta (Cantuta Buxifolia) est la fleur nationale du P\u00e9rou et de la Bolivie. Les arbres font 2 \u00e0 3 m de haut. Elle est aussi appel\u00e9e la fleur de l&rsquo;Inca.<\/figcaption><\/figure>\n<figure id=\"attachment_5473\" aria-describedby=\"caption-attachment-5473\" style=\"width: 800px\" class=\"wp-caption aligncenter\"><img loading=\"lazy\" decoding=\"async\" class=\"size-full wp-image-5473\" src=\"http:\/\/www.deambulations-nomades.eu\/wp-content\/uploads\/2014\/06\/amerique-sud-06-aout-enr-web-800-P1310669_obl.jpg\" alt=\"Amantani, \u00eele magnifique mais tr\u00e8s pauvre ! \" width=\"800\" height=\"600\" srcset=\"https:\/\/www.deambulations-nomades.eu\/wp-content\/uploads\/2014\/06\/amerique-sud-06-aout-enr-web-800-P1310669_obl.jpg 800w, https:\/\/www.deambulations-nomades.eu\/wp-content\/uploads\/2014\/06\/amerique-sud-06-aout-enr-web-800-P1310669_obl-400x300.jpg 400w\" sizes=\"auto, (max-width: 800px) 100vw, 800px\" \/><figcaption id=\"caption-attachment-5473\" class=\"wp-caption-text\">Amantani, \u00eele magnifique mais tr\u00e8s pauvre !<\/figcaption><\/figure>\n<p style=\"text-align: left;\"><img loading=\"lazy\" decoding=\"async\" class=\"aligncenter wp-image-5459\" src=\"http:\/\/www.deambulations-nomades.eu\/wp-content\/uploads\/2014\/06\/amerique-sud-06-aout-enr-web-800-P1310677_obl.jpg\" alt=\"amerique-sud-06-aout-enr-web-800-P1310677_obl\" width=\"600\" height=\"398\" srcset=\"https:\/\/www.deambulations-nomades.eu\/wp-content\/uploads\/2014\/06\/amerique-sud-06-aout-enr-web-800-P1310677_obl.jpg 800w, https:\/\/www.deambulations-nomades.eu\/wp-content\/uploads\/2014\/06\/amerique-sud-06-aout-enr-web-800-P1310677_obl-400x265.jpg 400w\" sizes=\"auto, (max-width: 600px) 100vw, 600px\" \/> <img loading=\"lazy\" decoding=\"async\" class=\"aligncenter wp-image-5460\" src=\"http:\/\/www.deambulations-nomades.eu\/wp-content\/uploads\/2014\/06\/amerique-sud-06-aout-enr-web-800-P1310683_obl.jpg\" alt=\"amerique-sud-06-aout-enr-web-800-P1310683_obl\" width=\"600\" height=\"450\" srcset=\"https:\/\/www.deambulations-nomades.eu\/wp-content\/uploads\/2014\/06\/amerique-sud-06-aout-enr-web-800-P1310683_obl.jpg 800w, https:\/\/www.deambulations-nomades.eu\/wp-content\/uploads\/2014\/06\/amerique-sud-06-aout-enr-web-800-P1310683_obl-400x300.jpg 400w\" sizes=\"auto, (max-width: 600px) 100vw, 600px\" \/> <img loading=\"lazy\" decoding=\"async\" class=\"aligncenter wp-image-5461\" src=\"http:\/\/www.deambulations-nomades.eu\/wp-content\/uploads\/2014\/06\/amerique-sud-06-aout-enr-web-800-P1310693_obl.jpg\" alt=\"amerique-sud-06-aout-enr-web-800-P1310693_obl\" width=\"600\" height=\"450\" srcset=\"https:\/\/www.deambulations-nomades.eu\/wp-content\/uploads\/2014\/06\/amerique-sud-06-aout-enr-web-800-P1310693_obl.jpg 800w, https:\/\/www.deambulations-nomades.eu\/wp-content\/uploads\/2014\/06\/amerique-sud-06-aout-enr-web-800-P1310693_obl-400x300.jpg 400w\" sizes=\"auto, (max-width: 600px) 100vw, 600px\" \/><\/p>\n<figure id=\"attachment_5466\" aria-describedby=\"caption-attachment-5466\" style=\"width: 600px\" class=\"wp-caption aligncenter\"><img loading=\"lazy\" decoding=\"async\" class=\"wp-image-5466\" src=\"http:\/\/www.deambulations-nomades.eu\/wp-content\/uploads\/2014\/06\/amerique-sud-06-aout-enr-web-800-P1310718_obl.jpg\" alt=\"Le soir, nous sommes habill\u00e9s comme les locaux (poncho et bonnet pour les hommes, jupe et manta pour les femmes) et convi\u00e9s \u00e0 une petite f\u00eate dans la salle communale au sommet de l'\u00eele. Un petit orchestre (trois jeunes de l'\u00eele en casquettes de rappeur !) joue des airs traditionnels et quelques uns dans le groupe que nous formons se pr\u00eatent au jeu des danses plus ou moins endiabl\u00e9es.\" width=\"600\" height=\"429\" srcset=\"https:\/\/www.deambulations-nomades.eu\/wp-content\/uploads\/2014\/06\/amerique-sud-06-aout-enr-web-800-P1310718_obl.jpg 800w, https:\/\/www.deambulations-nomades.eu\/wp-content\/uploads\/2014\/06\/amerique-sud-06-aout-enr-web-800-P1310718_obl-400x286.jpg 400w\" sizes=\"auto, (max-width: 600px) 100vw, 600px\" \/><figcaption id=\"caption-attachment-5466\" class=\"wp-caption-text\">Le soir, nous sommes habill\u00e9s comme les locaux (poncho et bonnet pour les hommes, jupe et manta pour les femmes) et convi\u00e9s \u00e0 une petite f\u00eate dans la salle communale au sommet de l&rsquo;\u00eele. Un petit orchestre (trois jeunes de l&rsquo;\u00eele en casquettes de rappeur !) joue des airs traditionnels et quelques uns dans le groupe que nous formons se pr\u00eatent au jeu des danses plus ou moins endiabl\u00e9es.<\/figcaption><\/figure>\n<figure id=\"attachment_5465\" aria-describedby=\"caption-attachment-5465\" style=\"width: 400px\" class=\"wp-caption aligncenter\"><img loading=\"lazy\" decoding=\"async\" class=\"wp-image-5465 size-medium\" src=\"http:\/\/www.deambulations-nomades.eu\/wp-content\/uploads\/2014\/06\/amerique-sud-06-aout-enr-web-800-P1310713_obl-400x533.jpg\" alt=\"Pour nous, ce sera retour rapide a la casa sur les sentiers caillouteux et bien escarp\u00e9s, \u00e0 la lampe de poche, sous un ciel magnifiquement \u00e9toil\u00e9 : Marie ne sort pas de son angine carabin\u00e9e malgr\u00e9 plus d'une semaine d'antibios + cortisone \" width=\"400\" height=\"533\" srcset=\"https:\/\/www.deambulations-nomades.eu\/wp-content\/uploads\/2014\/06\/amerique-sud-06-aout-enr-web-800-P1310713_obl-400x533.jpg 400w, https:\/\/www.deambulations-nomades.eu\/wp-content\/uploads\/2014\/06\/amerique-sud-06-aout-enr-web-800-P1310713_obl.jpg 800w\" sizes=\"auto, (max-width: 400px) 100vw, 400px\" \/><figcaption id=\"caption-attachment-5465\" class=\"wp-caption-text\">Pour nous, ce sera retour rapide a la casa sur les sentiers caillouteux et bien escarp\u00e9s, \u00e0 la lampe de poche, sous un ciel magnifiquement \u00e9toil\u00e9 : Marie ne sort pas de son angine carabin\u00e9e malgr\u00e9 plus d&rsquo;une semaine d&rsquo;antibios + cortisone<\/figcaption><\/figure>\n<figure id=\"attachment_5462\" aria-describedby=\"caption-attachment-5462\" style=\"width: 600px\" class=\"wp-caption aligncenter\"><img loading=\"lazy\" decoding=\"async\" class=\"wp-image-5462\" src=\"http:\/\/www.deambulations-nomades.eu\/wp-content\/uploads\/2014\/06\/amerique-sud-06-aout-enr-web-800-P1310695_obl.jpg\" alt=\"Oscar et St\u00e9phanie Oscar &amp; nous parlons des conditions de vie sur l'\u00eele : du r\u00f4le des diff\u00e9rentes communaut\u00e9s, des r\u00e9coltes partag\u00e9es (pommes de terre, quinoa, ma\u00efs, topinambours), de l'adduction d'eau (le gouvernement local ne fait aucun effort pour aider les iliens \u00e0 disposer d'un r\u00e9seau fiable d'eau potable), de l'\u00e9lectricit\u00e9 (quelques panneaux solaires alimentent les maisons et les cables \u00e9lectriques que nous apercevons ne sont l\u00e0 que pour le d\u00e9cor puisque le pr\u00e9sident Fujimori et consorts ont abandonn\u00e9 les choses en route...), de sa future nouvelle maison qu'il est en train de construire (en pierres, l'adobe est trop fragile) quelques m\u00e8tres plus haut, de l'avenir de ses enfants (et l\u00e0 nous comprenons que lui et sa femme repr\u00e9sentent la derni\u00e8re g\u00e9n\u00e9ration de paysans \u00e0 vivre sur l'\u00eele et que ses enfants iront tr\u00e8s vraisemblablement vivre sur la terre ferme). \" width=\"600\" height=\"450\" srcset=\"https:\/\/www.deambulations-nomades.eu\/wp-content\/uploads\/2014\/06\/amerique-sud-06-aout-enr-web-800-P1310695_obl.jpg 800w, https:\/\/www.deambulations-nomades.eu\/wp-content\/uploads\/2014\/06\/amerique-sud-06-aout-enr-web-800-P1310695_obl-400x300.jpg 400w, https:\/\/www.deambulations-nomades.eu\/wp-content\/uploads\/2014\/06\/amerique-sud-06-aout-enr-web-800-P1310695_obl-550x0.jpg 550w\" sizes=\"auto, (max-width: 600px) 100vw, 600px\" \/><figcaption id=\"caption-attachment-5462\" class=\"wp-caption-text\">Oscar et St\u00e9phanie<br \/>Oscar &amp; nous parlons des conditions de vie sur l&rsquo;\u00eele : du r\u00f4le des diff\u00e9rentes communaut\u00e9s, des r\u00e9coltes partag\u00e9es (pommes de terre, quinoa, ma\u00efs, topinambours), de l&rsquo;adduction d&rsquo;eau (le gouvernement local ne fait aucun effort pour aider les iliens \u00e0 disposer d&rsquo;un r\u00e9seau fiable d&rsquo;eau potable), de l&rsquo;\u00e9lectricit\u00e9 (quelques panneaux solaires alimentent les maisons et les cables \u00e9lectriques que nous apercevons ne sont l\u00e0 que pour le d\u00e9cor puisque le pr\u00e9sident Fujimori et consorts ont abandonn\u00e9 les choses en route&#8230;), de sa future nouvelle maison qu&rsquo;il est en train de construire (en pierres, l&rsquo;adobe est trop fragile) quelques m\u00e8tres plus haut, de l&rsquo;avenir de ses enfants (et l\u00e0 nous comprenons que lui et sa femme repr\u00e9sentent la derni\u00e8re g\u00e9n\u00e9ration de paysans \u00e0 vivre sur l&rsquo;\u00eele et que ses enfants iront tr\u00e8s vraisemblablement vivre sur la terre ferme).<\/figcaption><\/figure>\n<figure id=\"attachment_5463\" aria-describedby=\"caption-attachment-5463\" style=\"width: 600px\" class=\"wp-caption aligncenter\"><img loading=\"lazy\" decoding=\"async\" class=\"wp-image-5463\" src=\"http:\/\/www.deambulations-nomades.eu\/wp-content\/uploads\/2014\/06\/amerique-sud-06-aout-enr-web-800-P1310698_obl.jpg\" alt=\"Elena nous offre le desayuno (d\u00e9jeuner) : soupe de Quinoa aux carottes, pommes de terre, d\u00e9licieuse et puis riz, papas et topinambours agr\u00e9ment\u00e9 d'une tranche de queso (fromage) mi-fondu; ce repas se r\u00e9p\u00e8tera le soir pour la cena.\" width=\"600\" height=\"522\" srcset=\"https:\/\/www.deambulations-nomades.eu\/wp-content\/uploads\/2014\/06\/amerique-sud-06-aout-enr-web-800-P1310698_obl.jpg 800w, https:\/\/www.deambulations-nomades.eu\/wp-content\/uploads\/2014\/06\/amerique-sud-06-aout-enr-web-800-P1310698_obl-400x348.jpg 400w, https:\/\/www.deambulations-nomades.eu\/wp-content\/uploads\/2014\/06\/amerique-sud-06-aout-enr-web-800-P1310698_obl-550x0.jpg 550w\" sizes=\"auto, (max-width: 600px) 100vw, 600px\" \/><figcaption id=\"caption-attachment-5463\" class=\"wp-caption-text\">Elena nous offre le desayuno (d\u00e9jeuner) : soupe de Quinoa aux carottes, pommes de terre, d\u00e9licieuse et puis riz, papas et topinambours agr\u00e9ment\u00e9 d&rsquo;une tranche de queso (fromage) mi-fondu; ce repas se r\u00e9p\u00e8tera le soir pour la cena.<\/figcaption><\/figure>\n<p style=\"text-align: left;\"><img loading=\"lazy\" decoding=\"async\" class=\"aligncenter wp-image-5464\" src=\"http:\/\/www.deambulations-nomades.eu\/wp-content\/uploads\/2014\/06\/amerique-sud-06-aout-enr-web-800-P1310704_obl.jpg\" alt=\"amerique-sud-06-aout-enr-web-800-P1310704_obl\" width=\"600\" height=\"488\" srcset=\"https:\/\/www.deambulations-nomades.eu\/wp-content\/uploads\/2014\/06\/amerique-sud-06-aout-enr-web-800-P1310704_obl.jpg 800w, https:\/\/www.deambulations-nomades.eu\/wp-content\/uploads\/2014\/06\/amerique-sud-06-aout-enr-web-800-P1310704_obl-400x325.jpg 400w, https:\/\/www.deambulations-nomades.eu\/wp-content\/uploads\/2014\/06\/amerique-sud-06-aout-enr-web-800-P1310704_obl-550x0.jpg 550w\" sizes=\"auto, (max-width: 600px) 100vw, 600px\" \/><\/p>\n<figure id=\"attachment_5471\" aria-describedby=\"caption-attachment-5471\" style=\"width: 600px\" class=\"wp-caption aligncenter\"><img loading=\"lazy\" decoding=\"async\" class=\"wp-image-5471\" src=\"http:\/\/www.deambulations-nomades.eu\/wp-content\/uploads\/2014\/06\/amerique-sud-06-aout-enr-web-800-P1310647_obl.jpg\" alt=\"La grand-m\u00e8re nous convie fortement \u00e0 admirer son artisanat. Difficile de ne pas acheter quelque chose ! \" width=\"600\" height=\"450\" srcset=\"https:\/\/www.deambulations-nomades.eu\/wp-content\/uploads\/2014\/06\/amerique-sud-06-aout-enr-web-800-P1310647_obl.jpg 800w, https:\/\/www.deambulations-nomades.eu\/wp-content\/uploads\/2014\/06\/amerique-sud-06-aout-enr-web-800-P1310647_obl-400x300.jpg 400w, https:\/\/www.deambulations-nomades.eu\/wp-content\/uploads\/2014\/06\/amerique-sud-06-aout-enr-web-800-P1310647_obl-550x0.jpg 550w\" sizes=\"auto, (max-width: 600px) 100vw, 600px\" \/><figcaption id=\"caption-attachment-5471\" class=\"wp-caption-text\">La grand-m\u00e8re nous convie fortement \u00e0 admirer son artisanat. Difficile de ne pas acheter quelque chose !<\/figcaption><\/figure>\n<p style=\"text-align: left;\">Apr\u00e8s les \u00eeles Uros et trois heures (le lac Titicaca : 15 fois le lac\u00a0 L\u00e9man) d&rsquo;une si\u00a0 belle travers\u00e9e, de l&rsquo;eau \u00e9tale du lac jaillissent les monts enneig\u00e9s de la Cordill\u00e8re des Andes culminant \u00e0 plus de 6000 m.<\/p>\n<p style=\"text-align: left;\">Nous arrivons sur l&rsquo;\u00eele d&rsquo;Amantani o\u00f9 nous sommes accueillis par nos familles d&rsquo;accueil d&rsquo;un soir.<\/p>\n<p style=\"text-align: left;\">En effet, le principe est qu&rsquo;une famille ilienne accueille un soir un voyageur solitaire ou une famille \u00e0 la maison. Les familles h\u00f4tes sont choisies par rotation, sous la tutelle des chefs de communidades. Nul \u00e9tranger \u00e0 l&rsquo;\u00eele qui est accueilli ne sait sur qui ou quoi il va tomber. Pour nous, c&rsquo;est Oscar, paysan dans la trentaine, sa femme Elena et leurs deux petites filles Linda (2 ans et demi) et St\u00e9phanie (1 an et demi) dans une mesure en adobe\u00a0 \u00e0 flanc de montagne.<\/p>\n<p style=\"text-align: left;\">\u00a0<a title=\"retour en haut de page\" href=\"#H\"><img loading=\"lazy\" decoding=\"async\" class=\"size-full wp-image-28888 alignright\" src=\"http:\/\/www.deambulations-nomades.eu\/wp-content\/uploads\/2015\/02\/vers-le-haut-flech.jpg\" alt=\"vers-le-haut-flech\" width=\"37\" height=\"55\" \/><\/a><\/p>\n","protected":false},"excerpt":{"rendered":"<p>VOIR GALERIE (photos suppl\u00e9mentaires) &nbsp; &nbsp; Apr\u00e8s les \u00eeles Uros et trois heures (le lac Titicaca : 15 fois le lac\u00a0 L\u00e9man) d&rsquo;une si\u00a0 belle travers\u00e9e, de l&rsquo;eau \u00e9tale du lac jaillissent les monts enneig\u00e9s de la Cordill\u00e8re des Andes culminant \u00e0 plus de 6000 m. Nous arrivons sur l&rsquo;\u00eele d&rsquo;Amantani o\u00f9 nous sommes accueillis &hellip; <a href=\"https:\/\/www.deambulations-nomades.eu\/?page_id=3285\" class=\"more-link\">Continuer la lecture de <span class=\"screen-reader-text\">Deux jours dans les \u00eeles (suite)<\/span>  <span class=\"meta-nav\">&rarr;<\/span><\/a><\/p>\n","protected":false},"author":2,"featured_media":0,"parent":42,"menu_order":29,"comment_status":"closed","ping_status":"open","template":"page-templates\/full-width.php","meta":{"footnotes":""},"class_list":["post-3285","page","type-page","status-publish","hentry"],"_links":{"self":[{"href":"https:\/\/www.deambulations-nomades.eu\/index.php?rest_route=\/wp\/v2\/pages\/3285","targetHints":{"allow":["GET"]}}],"collection":[{"href":"https:\/\/www.deambulations-nomades.eu\/index.php?rest_route=\/wp\/v2\/pages"}],"about":[{"href":"https:\/\/www.deambulations-nomades.eu\/index.php?rest_route=\/wp\/v2\/types\/page"}],"author":[{"embeddable":true,"href":"https:\/\/www.deambulations-nomades.eu\/index.php?rest_route=\/wp\/v2\/users\/2"}],"replies":[{"embeddable":true,"href":"https:\/\/www.deambulations-nomades.eu\/index.php?rest_route=%2Fwp%2Fv2%2Fcomments&post=3285"}],"version-history":[{"count":16,"href":"https:\/\/www.deambulations-nomades.eu\/index.php?rest_route=\/wp\/v2\/pages\/3285\/revisions"}],"predecessor-version":[{"id":65990,"href":"https:\/\/www.deambulations-nomades.eu\/index.php?rest_route=\/wp\/v2\/pages\/3285\/revisions\/65990"}],"up":[{"embeddable":true,"href":"https:\/\/www.deambulations-nomades.eu\/index.php?rest_route=\/wp\/v2\/pages\/42"}],"wp:attachment":[{"href":"https:\/\/www.deambulations-nomades.eu\/index.php?rest_route=%2Fwp%2Fv2%2Fmedia&parent=3285"}],"curies":[{"name":"wp","href":"https:\/\/api.w.org\/{rel}","templated":true}]}}