{"id":3286,"date":"2013-06-09T15:24:21","date_gmt":"2013-06-09T15:24:21","guid":{"rendered":"http:\/\/www.deambulations-nomades.eu\/?page_id=3286"},"modified":"2021-03-19T19:17:03","modified_gmt":"2021-03-19T19:17:03","slug":"7-aout-damantani-a-taquile","status":"publish","type":"page","link":"https:\/\/www.deambulations-nomades.eu\/?page_id=3286","title":{"rendered":"D\u2019Amantani \u00e0 Taquil\u00e9"},"content":{"rendered":"<p style=\"padding-left: 5px; text-align: left;\"><strong><a href=\"http:\/\/www.deambulations-nomades.eu\/?page_id=3285\"><img loading=\"lazy\" decoding=\"async\" class=\" size-full wp-image-29433 alignleft\" src=\"http:\/\/www.deambulations-nomades.eu\/wp-content\/uploads\/2015\/02\/precedent-flech1.jpg\" alt=\"precedent-flech\" width=\"25\" height=\"21\" \/><\/a><\/strong><a id=\"H\"><\/a> <span style=\"color: #c3a954; font-size: 12px;\"><a style=\"color: #c3a954;\" href=\"http:\/\/www.deambulations-nomades.eu\/?page_id=28490\" target=\"_blank\" rel=\"noopener\">VOIR GALERIE<\/a><\/span><span style=\"font-size: 10px;\"> (photos suppl\u00e9mentaires)<strong><a href=\"http:\/\/www.deambulations-nomades.eu\/?page_id=3287\"><img loading=\"lazy\" decoding=\"async\" class=\" size-full wp-image-29434 alignright\" src=\"http:\/\/www.deambulations-nomades.eu\/wp-content\/uploads\/2015\/02\/suivant-flech1.jpg\" alt=\"suivant-flech\" width=\"25\" height=\"21\" \/><\/a><\/strong><\/span><\/p>\n<p><img loading=\"lazy\" decoding=\"async\" class=\"aligncenter wp-image-5451\" src=\"https:\/\/www.deambulations-nomades.eu\/wp-content\/uploads\/2013\/06\/neige_titikk_2-3445x1008-TO1-e1401816567529.jpg\" alt=\"\" width=\"874\" height=\"175\" srcset=\"https:\/\/www.deambulations-nomades.eu\/wp-content\/uploads\/2013\/06\/neige_titikk_2-3445x1008-TO1-e1401816567529.jpg 1000w, https:\/\/www.deambulations-nomades.eu\/wp-content\/uploads\/2013\/06\/neige_titikk_2-3445x1008-TO1-e1401816567529-400x80.jpg 400w, https:\/\/www.deambulations-nomades.eu\/wp-content\/uploads\/2013\/06\/neige_titikk_2-3445x1008-TO1-e1401816567529-800x160.jpg 800w\" sizes=\"auto, (max-width: 874px) 100vw, 874px\" \/><\/p>\n<p>&nbsp;<\/p>\n<p>&nbsp;<\/p>\n<div id='gallery-1' class='gallery galleryid-3286 gallery-columns-6 gallery-size-thumbnail'><figure class='gallery-item'>\n\t\t\t<div class='gallery-icon landscape'>\n\t\t\t\t<a href='https:\/\/www.deambulations-nomades.eu\/wp-content\/uploads\/2014\/06\/P1310644_obl.jpg' title=\"\" data-rl_title=\"\" class=\"rl-gallery-link\" data-rl_caption=\"\" data-rel=\"lightbox-gallery-1\"><img loading=\"lazy\" decoding=\"async\" width=\"150\" height=\"150\" src=\"https:\/\/www.deambulations-nomades.eu\/wp-content\/uploads\/2014\/06\/P1310644_obl-150x150.jpg\" class=\"attachment-thumbnail size-thumbnail\" alt=\"\" \/><\/a>\n\t\t\t<\/div><\/figure><figure class='gallery-item'>\n\t\t\t<div class='gallery-icon landscape'>\n\t\t\t\t<a href='https:\/\/www.deambulations-nomades.eu\/wp-content\/uploads\/2014\/06\/P1310722_obl.jpg' title=\"\" data-rl_title=\"\" class=\"rl-gallery-link\" data-rl_caption=\"\" data-rel=\"lightbox-gallery-1\"><img loading=\"lazy\" decoding=\"async\" width=\"150\" height=\"150\" src=\"https:\/\/www.deambulations-nomades.eu\/wp-content\/uploads\/2014\/06\/P1310722_obl-150x150.jpg\" class=\"attachment-thumbnail size-thumbnail\" alt=\"\" \/><\/a>\n\t\t\t<\/div><\/figure><figure class='gallery-item'>\n\t\t\t<div class='gallery-icon landscape'>\n\t\t\t\t<a href='https:\/\/www.deambulations-nomades.eu\/wp-content\/uploads\/2014\/06\/P1310723_obl.jpg' title=\"\" data-rl_title=\"\" class=\"rl-gallery-link\" data-rl_caption=\"\" data-rel=\"lightbox-gallery-1\"><img loading=\"lazy\" decoding=\"async\" width=\"150\" height=\"150\" src=\"https:\/\/www.deambulations-nomades.eu\/wp-content\/uploads\/2014\/06\/P1310723_obl-150x150.jpg\" class=\"attachment-thumbnail size-thumbnail\" alt=\"\" \/><\/a>\n\t\t\t<\/div><\/figure><figure class='gallery-item'>\n\t\t\t<div class='gallery-icon landscape'>\n\t\t\t\t<a href='https:\/\/www.deambulations-nomades.eu\/wp-content\/uploads\/2014\/06\/P1310727_obl.jpg' title=\"\" data-rl_title=\"\" class=\"rl-gallery-link\" data-rl_caption=\"\" data-rel=\"lightbox-gallery-1\"><img loading=\"lazy\" decoding=\"async\" width=\"150\" height=\"150\" src=\"https:\/\/www.deambulations-nomades.eu\/wp-content\/uploads\/2014\/06\/P1310727_obl-150x150.jpg\" class=\"attachment-thumbnail size-thumbnail\" alt=\"\" aria-describedby=\"gallery-1-5482\" \/><\/a>\n\t\t\t<\/div>\n\t\t\t\t<figcaption class='wp-caption-text gallery-caption' id='gallery-1-5482'>\n\t\t\t\tNounours, rescap\u00e9 du toit et nouvellement habill\u00e9 d&rsquo;or ! (cordelettes indiennes partiellement d\u00e9tach\u00e9es du sac de voyage de Marie pour l&rsquo;occasion) \n\t\t\t\t<\/figcaption><\/figure><figure class='gallery-item'>\n\t\t\t<div class='gallery-icon landscape'>\n\t\t\t\t<a href='https:\/\/www.deambulations-nomades.eu\/wp-content\/uploads\/2014\/06\/P1310753_obl.jpg' title=\"\" data-rl_title=\"\" class=\"rl-gallery-link\" data-rl_caption=\"\" data-rel=\"lightbox-gallery-1\"><img loading=\"lazy\" decoding=\"async\" width=\"150\" height=\"150\" src=\"https:\/\/www.deambulations-nomades.eu\/wp-content\/uploads\/2014\/06\/P1310753_obl-150x150.jpg\" class=\"attachment-thumbnail size-thumbnail\" alt=\"\" aria-describedby=\"gallery-1-5489\" \/><\/a>\n\t\t\t<\/div>\n\t\t\t\t<figcaption class='wp-caption-text gallery-caption' id='gallery-1-5489'>\n\t\t\t\tGary (3 semaines) itou \n\t\t\t\t<\/figcaption><\/figure><figure class='gallery-item'>\n\t\t\t<div class='gallery-icon landscape'>\n\t\t\t\t<a href='https:\/\/www.deambulations-nomades.eu\/wp-content\/uploads\/2014\/06\/P1310733_obl.jpg' title=\"\" data-rl_title=\"\" class=\"rl-gallery-link\" data-rl_caption=\"\" data-rel=\"lightbox-gallery-1\"><img loading=\"lazy\" decoding=\"async\" width=\"150\" height=\"150\" src=\"https:\/\/www.deambulations-nomades.eu\/wp-content\/uploads\/2014\/06\/P1310733_obl-150x150.jpg\" class=\"attachment-thumbnail size-thumbnail\" alt=\"\" \/><\/a>\n\t\t\t<\/div><\/figure><figure class='gallery-item'>\n\t\t\t<div class='gallery-icon landscape'>\n\t\t\t\t<a href='https:\/\/www.deambulations-nomades.eu\/wp-content\/uploads\/2014\/06\/P1310734_obl.jpg' title=\"\" data-rl_title=\"\" class=\"rl-gallery-link\" data-rl_caption=\"\" data-rel=\"lightbox-gallery-1\"><img loading=\"lazy\" decoding=\"async\" width=\"150\" height=\"150\" src=\"https:\/\/www.deambulations-nomades.eu\/wp-content\/uploads\/2014\/06\/P1310734_obl-150x150.jpg\" class=\"attachment-thumbnail size-thumbnail\" alt=\"\" \/><\/a>\n\t\t\t<\/div><\/figure><figure class='gallery-item'>\n\t\t\t<div class='gallery-icon landscape'>\n\t\t\t\t<a href='https:\/\/www.deambulations-nomades.eu\/wp-content\/uploads\/2014\/06\/P1310735_obl.jpg' title=\"\" data-rl_title=\"\" class=\"rl-gallery-link\" data-rl_caption=\"\" data-rel=\"lightbox-gallery-1\"><img loading=\"lazy\" decoding=\"async\" width=\"150\" height=\"150\" src=\"https:\/\/www.deambulations-nomades.eu\/wp-content\/uploads\/2014\/06\/P1310735_obl-150x150.jpg\" class=\"attachment-thumbnail size-thumbnail\" alt=\"\" \/><\/a>\n\t\t\t<\/div><\/figure><figure class='gallery-item'>\n\t\t\t<div class='gallery-icon landscape'>\n\t\t\t\t<a href='https:\/\/www.deambulations-nomades.eu\/wp-content\/uploads\/2014\/06\/P1310739_obl.jpg' title=\"\" data-rl_title=\"\" class=\"rl-gallery-link\" data-rl_caption=\"\" data-rel=\"lightbox-gallery-1\"><img loading=\"lazy\" decoding=\"async\" width=\"150\" height=\"150\" src=\"https:\/\/www.deambulations-nomades.eu\/wp-content\/uploads\/2014\/06\/P1310739_obl-150x150.jpg\" class=\"attachment-thumbnail size-thumbnail\" alt=\"\" srcset=\"https:\/\/www.deambulations-nomades.eu\/wp-content\/uploads\/2014\/06\/P1310739_obl-150x150.jpg 150w, https:\/\/www.deambulations-nomades.eu\/wp-content\/uploads\/2014\/06\/P1310739_obl-400x396.jpg 400w, https:\/\/www.deambulations-nomades.eu\/wp-content\/uploads\/2014\/06\/P1310739_obl-550x0.jpg 550w, https:\/\/www.deambulations-nomades.eu\/wp-content\/uploads\/2014\/06\/P1310739_obl.jpg 800w\" sizes=\"auto, (max-width: 150px) 100vw, 150px\" \/><\/a>\n\t\t\t<\/div><\/figure><figure class='gallery-item'>\n\t\t\t<div class='gallery-icon portrait'>\n\t\t\t\t<a href='https:\/\/www.deambulations-nomades.eu\/wp-content\/uploads\/2014\/06\/P1310748_obl.jpg' title=\"\" data-rl_title=\"\" class=\"rl-gallery-link\" data-rl_caption=\"\" data-rel=\"lightbox-gallery-1\"><img loading=\"lazy\" decoding=\"async\" width=\"150\" height=\"150\" src=\"https:\/\/www.deambulations-nomades.eu\/wp-content\/uploads\/2014\/06\/P1310748_obl-150x150.jpg\" class=\"attachment-thumbnail size-thumbnail\" alt=\"\" \/><\/a>\n\t\t\t<\/div><\/figure>\n\t\t<\/div>\n\n<figure id=\"attachment_5491\" aria-describedby=\"caption-attachment-5491\" style=\"width: 800px\" class=\"wp-caption aligncenter\"><img loading=\"lazy\" decoding=\"async\" class=\"wp-image-5491 size-full\" src=\"http:\/\/www.deambulations-nomades.eu\/wp-content\/uploads\/2014\/06\/P1310767_obl.jpg\" alt=\"Toute la famille au complet avec le plus jeune des 8 fr\u00e8res et soeurs d'Oscar Le petit d\u00e9jeuner (d\u00e9licieux simili pancakes !) nous offre l'occasion de prolonger la conversation de la veille \" width=\"800\" height=\"647\" srcset=\"https:\/\/www.deambulations-nomades.eu\/wp-content\/uploads\/2014\/06\/P1310767_obl.jpg 800w, https:\/\/www.deambulations-nomades.eu\/wp-content\/uploads\/2014\/06\/P1310767_obl-400x323.jpg 400w, https:\/\/www.deambulations-nomades.eu\/wp-content\/uploads\/2014\/06\/P1310767_obl-550x0.jpg 550w\" sizes=\"auto, (max-width: 800px) 100vw, 800px\" \/><figcaption id=\"caption-attachment-5491\" class=\"wp-caption-text\">Toute la famille au complet avec le plus jeune des 8 fr\u00e8res et soeurs d&rsquo;Oscar<br \/>Le petit d\u00e9jeuner (d\u00e9licieux simili pancakes !) nous offre l&rsquo;occasion de prolonger la conversation de la veille<\/figcaption><\/figure>\n<figure id=\"attachment_5488\" aria-describedby=\"caption-attachment-5488\" style=\"width: 600px\" class=\"wp-caption aligncenter\"><img loading=\"lazy\" decoding=\"async\" class=\"wp-image-5488\" src=\"http:\/\/www.deambulations-nomades.eu\/wp-content\/uploads\/2014\/06\/P1310750_obl.jpg\" alt=\"Fleurs de mounia (aident \u00e0 respirer). Le lendemain, Elena compl\u00e8te le traitement de Marie avec des infusions de mounia et d' l'eucalyptus \" width=\"600\" height=\"656\" srcset=\"https:\/\/www.deambulations-nomades.eu\/wp-content\/uploads\/2014\/06\/P1310750_obl.jpg 800w, https:\/\/www.deambulations-nomades.eu\/wp-content\/uploads\/2014\/06\/P1310750_obl-400x437.jpg 400w\" sizes=\"auto, (max-width: 600px) 100vw, 600px\" \/><figcaption id=\"caption-attachment-5488\" class=\"wp-caption-text\">Fleurs de mounia (aident \u00e0 respirer).<br \/>Le lendemain, Elena compl\u00e8te le traitement de Marie avec des infusions de mounia et d&rsquo; l&rsquo;eucalyptus<\/figcaption><\/figure>\n<p>&nbsp;<\/p>\n<div id='gallery-2' class='gallery galleryid-3286 gallery-columns-6 gallery-size-thumbnail'><figure class='gallery-item'>\n\t\t\t<div class='gallery-icon landscape'>\n\t\t\t\t<a href='https:\/\/www.deambulations-nomades.eu\/wp-content\/uploads\/2014\/06\/P1310769_obl.jpg' title=\"\" data-rl_title=\"\" class=\"rl-gallery-link\" data-rl_caption=\"\" data-rel=\"lightbox-gallery-2\"><img loading=\"lazy\" decoding=\"async\" width=\"150\" height=\"150\" src=\"https:\/\/www.deambulations-nomades.eu\/wp-content\/uploads\/2014\/06\/P1310769_obl-150x150.jpg\" class=\"attachment-thumbnail size-thumbnail\" alt=\"\" \/><\/a>\n\t\t\t<\/div><\/figure><figure class='gallery-item'>\n\t\t\t<div class='gallery-icon landscape'>\n\t\t\t\t<a href='https:\/\/www.deambulations-nomades.eu\/wp-content\/uploads\/2014\/06\/P1310771_obl.jpg' title=\"\" data-rl_title=\"\" class=\"rl-gallery-link\" data-rl_caption=\"\" data-rel=\"lightbox-gallery-2\"><img loading=\"lazy\" decoding=\"async\" width=\"150\" height=\"150\" src=\"https:\/\/www.deambulations-nomades.eu\/wp-content\/uploads\/2014\/06\/P1310771_obl-150x150.jpg\" class=\"attachment-thumbnail size-thumbnail\" alt=\"\" aria-describedby=\"gallery-2-5493\" \/><\/a>\n\t\t\t<\/div>\n\t\t\t\t<figcaption class='wp-caption-text gallery-caption' id='gallery-2-5493'>\n\t\t\t\tpuis Oscar nous raccompagne jusqu&rsquo;au port o\u00f9 nous retrouvons les autres membres du groupe, h\u00e9berg\u00e9s dans telle ou telle famille; \u00e9changeons nos adresses, adieux \n\t\t\t\t<\/figcaption><\/figure><figure class='gallery-item'>\n\t\t\t<div class='gallery-icon landscape'>\n\t\t\t\t<a href='https:\/\/www.deambulations-nomades.eu\/wp-content\/uploads\/2014\/06\/P1310773_obl.jpg' title=\"\" data-rl_title=\"\" class=\"rl-gallery-link\" data-rl_caption=\"\" data-rel=\"lightbox-gallery-2\"><img loading=\"lazy\" decoding=\"async\" width=\"150\" height=\"150\" src=\"https:\/\/www.deambulations-nomades.eu\/wp-content\/uploads\/2014\/06\/P1310773_obl-150x150.jpg\" class=\"attachment-thumbnail size-thumbnail\" alt=\"\" \/><\/a>\n\t\t\t<\/div><\/figure><figure class='gallery-item'>\n\t\t\t<div class='gallery-icon portrait'>\n\t\t\t\t<a href='https:\/\/www.deambulations-nomades.eu\/wp-content\/uploads\/2014\/06\/P1310774_obl.jpg' title=\"\" data-rl_title=\"\" class=\"rl-gallery-link\" data-rl_caption=\"\" data-rel=\"lightbox-gallery-2\"><img loading=\"lazy\" decoding=\"async\" width=\"150\" height=\"150\" src=\"https:\/\/www.deambulations-nomades.eu\/wp-content\/uploads\/2014\/06\/P1310774_obl-150x150.jpg\" class=\"attachment-thumbnail size-thumbnail\" alt=\"\" \/><\/a>\n\t\t\t<\/div><\/figure><figure class='gallery-item'>\n\t\t\t<div class='gallery-icon portrait'>\n\t\t\t\t<a href='https:\/\/www.deambulations-nomades.eu\/wp-content\/uploads\/2014\/06\/P1310776_obl.jpg' title=\"\" data-rl_title=\"\" class=\"rl-gallery-link\" data-rl_caption=\"\" data-rel=\"lightbox-gallery-2\"><img loading=\"lazy\" decoding=\"async\" width=\"150\" height=\"150\" src=\"https:\/\/www.deambulations-nomades.eu\/wp-content\/uploads\/2014\/06\/P1310776_obl-150x150.jpg\" class=\"attachment-thumbnail size-thumbnail\" alt=\"\" \/><\/a>\n\t\t\t<\/div><\/figure><figure class='gallery-item'>\n\t\t\t<div class='gallery-icon portrait'>\n\t\t\t\t<a href='https:\/\/www.deambulations-nomades.eu\/wp-content\/uploads\/2014\/06\/P1310775_obl.jpg' title=\"\" data-rl_title=\"\" class=\"rl-gallery-link\" data-rl_caption=\"\" data-rel=\"lightbox-gallery-2\"><img loading=\"lazy\" decoding=\"async\" width=\"150\" height=\"150\" src=\"https:\/\/www.deambulations-nomades.eu\/wp-content\/uploads\/2014\/06\/P1310775_obl-150x150.jpg\" class=\"attachment-thumbnail size-thumbnail\" alt=\"\" \/><\/a>\n\t\t\t<\/div><\/figure><figure class='gallery-item'>\n\t\t\t<div class='gallery-icon landscape'>\n\t\t\t\t<a href='https:\/\/www.deambulations-nomades.eu\/wp-content\/uploads\/2014\/06\/P1310786_obl.jpg' title=\"\" data-rl_title=\"\" class=\"rl-gallery-link\" data-rl_caption=\"\" data-rel=\"lightbox-gallery-2\"><img loading=\"lazy\" decoding=\"async\" width=\"150\" height=\"150\" src=\"https:\/\/www.deambulations-nomades.eu\/wp-content\/uploads\/2014\/06\/P1310786_obl-150x150.jpg\" class=\"attachment-thumbnail size-thumbnail\" alt=\"\" \/><\/a>\n\t\t\t<\/div><\/figure><figure class='gallery-item'>\n\t\t\t<div class='gallery-icon portrait'>\n\t\t\t\t<a href='https:\/\/www.deambulations-nomades.eu\/wp-content\/uploads\/2014\/06\/P1310772_obl.jpg' title=\"\" data-rl_title=\"\" class=\"rl-gallery-link\" data-rl_caption=\"\" data-rel=\"lightbox-gallery-2\"><img loading=\"lazy\" decoding=\"async\" width=\"150\" height=\"150\" src=\"https:\/\/www.deambulations-nomades.eu\/wp-content\/uploads\/2014\/06\/P1310772_obl-150x150.jpg\" class=\"attachment-thumbnail size-thumbnail\" alt=\"\" \/><\/a>\n\t\t\t<\/div><\/figure><figure class='gallery-item'>\n\t\t\t<div class='gallery-icon landscape'>\n\t\t\t\t<a href='https:\/\/www.deambulations-nomades.eu\/wp-content\/uploads\/2014\/06\/P1310780_obl.jpg' title=\"\" data-rl_title=\"\" class=\"rl-gallery-link\" data-rl_caption=\"\" data-rel=\"lightbox-gallery-2\"><img loading=\"lazy\" decoding=\"async\" width=\"150\" height=\"150\" src=\"https:\/\/www.deambulations-nomades.eu\/wp-content\/uploads\/2014\/06\/P1310780_obl-150x150.jpg\" class=\"attachment-thumbnail size-thumbnail\" alt=\"\" \/><\/a>\n\t\t\t<\/div><\/figure><figure class='gallery-item'>\n\t\t\t<div class='gallery-icon landscape'>\n\t\t\t\t<a href='https:\/\/www.deambulations-nomades.eu\/wp-content\/uploads\/2014\/06\/P1310785_obl.jpg' title=\"\" data-rl_title=\"\" class=\"rl-gallery-link\" data-rl_caption=\"\" data-rel=\"lightbox-gallery-2\"><img loading=\"lazy\" decoding=\"async\" width=\"150\" height=\"150\" src=\"https:\/\/www.deambulations-nomades.eu\/wp-content\/uploads\/2014\/06\/P1310785_obl-150x150.jpg\" class=\"attachment-thumbnail size-thumbnail\" alt=\"\" \/><\/a>\n\t\t\t<\/div><\/figure>\n\t\t<\/div>\n\n<p>&nbsp;<\/p>\n<figure id=\"attachment_5502\" aria-describedby=\"caption-attachment-5502\" style=\"width: 600px\" class=\"wp-caption aligncenter\"><img loading=\"lazy\" decoding=\"async\" class=\"wp-image-5502\" src=\"http:\/\/www.deambulations-nomades.eu\/wp-content\/uploads\/2014\/06\/P1310782_obl.jpg\" alt=\"Les fameux fils \u00e9lectriques ! \" width=\"600\" height=\"619\" srcset=\"https:\/\/www.deambulations-nomades.eu\/wp-content\/uploads\/2014\/06\/P1310782_obl.jpg 800w, https:\/\/www.deambulations-nomades.eu\/wp-content\/uploads\/2014\/06\/P1310782_obl-400x412.jpg 400w\" sizes=\"auto, (max-width: 600px) 100vw, 600px\" \/><figcaption id=\"caption-attachment-5502\" class=\"wp-caption-text\">Les fameux fils \u00e9lectriques !<\/figcaption><\/figure>\n<p><img loading=\"lazy\" decoding=\"async\" class=\"aligncenter wp-image-5505\" src=\"http:\/\/www.deambulations-nomades.eu\/wp-content\/uploads\/2014\/06\/P1310800_obl.jpg\" alt=\"P1310800_obl\" width=\"600\" height=\"450\" srcset=\"https:\/\/www.deambulations-nomades.eu\/wp-content\/uploads\/2014\/06\/P1310800_obl.jpg 800w, https:\/\/www.deambulations-nomades.eu\/wp-content\/uploads\/2014\/06\/P1310800_obl-400x300.jpg 400w\" sizes=\"auto, (max-width: 600px) 100vw, 600px\" \/><\/p>\n<p><img loading=\"lazy\" decoding=\"async\" class=\"aligncenter wp-image-5503\" src=\"http:\/\/www.deambulations-nomades.eu\/wp-content\/uploads\/2014\/06\/P1310797_obl-400x300.jpg\" alt=\"P1310797_obl\" width=\"600\" height=\"450\" srcset=\"https:\/\/www.deambulations-nomades.eu\/wp-content\/uploads\/2014\/06\/P1310797_obl-400x300.jpg 400w, https:\/\/www.deambulations-nomades.eu\/wp-content\/uploads\/2014\/06\/P1310797_obl-550x0.jpg 550w, https:\/\/www.deambulations-nomades.eu\/wp-content\/uploads\/2014\/06\/P1310797_obl.jpg 800w\" sizes=\"auto, (max-width: 600px) 100vw, 600px\" \/><\/p>\n<p>&nbsp;<\/p>\n<figure id=\"attachment_5504\" aria-describedby=\"caption-attachment-5504\" style=\"width: 400px\" class=\"wp-caption aligncenter\"><img loading=\"lazy\" decoding=\"async\" class=\"size-medium wp-image-5504\" src=\"http:\/\/www.deambulations-nomades.eu\/wp-content\/uploads\/2014\/06\/P1310798_obl-400x318.jpg\" alt=\"Nos amis chinois, harass\u00e9s ! \" width=\"400\" height=\"318\" srcset=\"https:\/\/www.deambulations-nomades.eu\/wp-content\/uploads\/2014\/06\/P1310798_obl-400x318.jpg 400w, https:\/\/www.deambulations-nomades.eu\/wp-content\/uploads\/2014\/06\/P1310798_obl-550x0.jpg 550w, https:\/\/www.deambulations-nomades.eu\/wp-content\/uploads\/2014\/06\/P1310798_obl.jpg 800w\" sizes=\"auto, (max-width: 400px) 100vw, 400px\" \/><figcaption id=\"caption-attachment-5504\" class=\"wp-caption-text\">Nos amis chinois, harass\u00e9s !<\/figcaption><\/figure>\n<figure id=\"attachment_5506\" aria-describedby=\"caption-attachment-5506\" style=\"width: 600px\" class=\"wp-caption aligncenter\"><img loading=\"lazy\" decoding=\"async\" class=\"wp-image-5506\" src=\"http:\/\/www.deambulations-nomades.eu\/wp-content\/uploads\/2014\/06\/P1310806_obl.jpg\" alt=\" Adieux aux familles Sur le bateau, en pr\u00e9sence de Richar, notre guide, c'est \u00e0 voix haute que certains d'entre nous (familles de franco-belges, de chinois, de suisses allemands ou d'isra\u00e9liens) parmi les plus \u00e2g\u00e9s d'ailleurs, s'interrogent sur l'ambiguit\u00e9 d'un tel dispositif touristique et demandent au guide quel est le pourcentage financier r\u00e9ellement revers\u00e9 aux familles. La r\u00e9ponse est que : sur 25 \u20ac (environ 90 soles peruanos), les familles touchent en moyenne et toujours, rappelons_le, sur le principe de la rotation, 5 \u20ac. Le reste est partag\u00e9 entre le bateau, son capitaine, le guide, l'agence et autres interm\u00e9diaires. Richar souligne \u00e0 nouveau l'absence totale d'aide apport\u00e9e aux \u00eeliens qui du gouvernement local, d\u00e9partemental et national. A terme, et le terme est probablement proche, les \u00eeles seront d\u00e9sert\u00e9es par les paysans et le risque d'y voir se d\u00e9velopper des complexes touristico-h\u00f4teliers est tr\u00e8s grand \" width=\"600\" height=\"450\" srcset=\"https:\/\/www.deambulations-nomades.eu\/wp-content\/uploads\/2014\/06\/P1310806_obl.jpg 800w, https:\/\/www.deambulations-nomades.eu\/wp-content\/uploads\/2014\/06\/P1310806_obl-400x300.jpg 400w\" sizes=\"auto, (max-width: 600px) 100vw, 600px\" \/><figcaption id=\"caption-attachment-5506\" class=\"wp-caption-text\">Adieux aux familles<br \/>Sur le bateau, en pr\u00e9sence de Richar, notre guide, c&rsquo;est \u00e0 voix haute que certains d&rsquo;entre nous (familles de franco-belges, de chinois, de suisses allemands ou d&rsquo;isra\u00e9liens) parmi les plus \u00e2g\u00e9s d&rsquo;ailleurs, s&rsquo;interrogent sur l&rsquo;ambiguit\u00e9 d&rsquo;un tel dispositif touristique et demandent au guide quel est le pourcentage financier r\u00e9ellement revers\u00e9 aux familles. La r\u00e9ponse est que : sur 25 \u20ac (environ 90 soles peruanos), les familles touchent en moyenne et toujours, rappelons_le, sur le principe de la rotation, 5 \u20ac. Le reste est partag\u00e9 entre le bateau, son capitaine, le guide, l&rsquo;agence et autres interm\u00e9diaires. Richar souligne \u00e0 nouveau l&rsquo;absence totale d&rsquo;aide apport\u00e9e aux \u00eeliens qui du gouvernement local, d\u00e9partemental et national. A terme, et le terme est probablement proche, les \u00eeles seront d\u00e9sert\u00e9es par les paysans et le risque d&rsquo;y voir se d\u00e9velopper des complexes touristico-h\u00f4teliers est tr\u00e8s grand<\/figcaption><\/figure>\n<p>&nbsp;<\/p>\n<p>&nbsp;<\/p>\n<figure id=\"attachment_5508\" aria-describedby=\"caption-attachment-5508\" style=\"width: 600px\" class=\"wp-caption aligncenter\"><img loading=\"lazy\" decoding=\"async\" class=\"wp-image-5508\" src=\"http:\/\/www.deambulations-nomades.eu\/wp-content\/uploads\/2014\/06\/P1310817_obl.jpg\" alt=\" A peine avons-nous fini cette discussion que nous arrivons \u00e0 Taquil\u00e9, \u00eele de m\u00eame dimension g\u00e9ographique qu'Amantani mais compl\u00e8tement diff\u00e9rente : beaucoup plus riche \u00e0 tous \u00e9gards, h\u00e9riti\u00e8re d'une pr\u00e9sence espagnole jusqu'au XVIIIe si\u00e8cle et en forte fr\u00e9quentation touristique depuis la fin de la seconde guerre mondiale. Francis fera la travers\u00e9e de l'\u00eele (3 h) au milieu des pins maritimes et des eucalyptus (magnifiques paysages qui ont des airs grecs ou cr\u00e9tois prononc\u00e9s) tandis que Marie restera se soigner dans la cale du bateau \" width=\"600\" height=\"450\" srcset=\"https:\/\/www.deambulations-nomades.eu\/wp-content\/uploads\/2014\/06\/P1310817_obl.jpg 800w, https:\/\/www.deambulations-nomades.eu\/wp-content\/uploads\/2014\/06\/P1310817_obl-400x300.jpg 400w\" sizes=\"auto, (max-width: 600px) 100vw, 600px\" \/><figcaption id=\"caption-attachment-5508\" class=\"wp-caption-text\">A peine avons-nous fini cette discussion que nous arrivons \u00e0 Taquil\u00e9, \u00eele de m\u00eame dimension g\u00e9ographique qu&rsquo;Amantani mais compl\u00e8tement diff\u00e9rente : beaucoup plus riche \u00e0 tous \u00e9gards, h\u00e9riti\u00e8re d&rsquo;une pr\u00e9sence espagnole jusqu&rsquo;au XVIIIe si\u00e8cle et en forte fr\u00e9quentation touristique depuis la fin de la seconde guerre mondiale.<br \/>Francis fera la travers\u00e9e de l&rsquo;\u00eele (3 h) au milieu des pins maritimes et des eucalyptus (magnifiques paysages qui ont des airs grecs ou cr\u00e9tois prononc\u00e9s) tandis que Marie restera se soigner dans la cale du bateau<\/figcaption><\/figure>\n<p><img loading=\"lazy\" decoding=\"async\" class=\"aligncenter wp-image-5507\" src=\"http:\/\/www.deambulations-nomades.eu\/wp-content\/uploads\/2014\/06\/P1310811_obl.jpg\" alt=\"P1310811_obl\" width=\"600\" height=\"450\" srcset=\"https:\/\/www.deambulations-nomades.eu\/wp-content\/uploads\/2014\/06\/P1310811_obl.jpg 800w, https:\/\/www.deambulations-nomades.eu\/wp-content\/uploads\/2014\/06\/P1310811_obl-400x300.jpg 400w\" sizes=\"auto, (max-width: 600px) 100vw, 600px\" \/><\/p>\n<figure id=\"attachment_5509\" aria-describedby=\"caption-attachment-5509\" style=\"width: 600px\" class=\"wp-caption aligncenter\"><img loading=\"lazy\" decoding=\"async\" class=\"wp-image-5509\" src=\"http:\/\/www.deambulations-nomades.eu\/wp-content\/uploads\/2014\/06\/P1310821_obl.jpg\" alt=\"Francis de retour \" width=\"600\" height=\"450\" srcset=\"https:\/\/www.deambulations-nomades.eu\/wp-content\/uploads\/2014\/06\/P1310821_obl.jpg 800w, https:\/\/www.deambulations-nomades.eu\/wp-content\/uploads\/2014\/06\/P1310821_obl-400x300.jpg 400w\" sizes=\"auto, (max-width: 600px) 100vw, 600px\" \/><figcaption id=\"caption-attachment-5509\" class=\"wp-caption-text\">Francis de retour<\/figcaption><\/figure>\n<p>&nbsp;<\/p>\n<p><a title=\"retour en haut de page\" href=\"#H\"><img loading=\"lazy\" decoding=\"async\" class=\"size-full wp-image-28888 alignright\" src=\"http:\/\/www.deambulations-nomades.eu\/wp-content\/uploads\/2015\/02\/vers-le-haut-flech.jpg\" alt=\"vers-le-haut-flech\" width=\"37\" height=\"55\" \/><\/a><\/p>\n","protected":false},"excerpt":{"rendered":"<p>VOIR GALERIE (photos suppl\u00e9mentaires) &nbsp; &nbsp; &nbsp; &nbsp; &nbsp; &nbsp; &nbsp; &nbsp;<\/p>\n","protected":false},"author":2,"featured_media":0,"parent":42,"menu_order":30,"comment_status":"closed","ping_status":"open","template":"page-templates\/full-width.php","meta":{"footnotes":""},"class_list":["post-3286","page","type-page","status-publish","hentry"],"_links":{"self":[{"href":"https:\/\/www.deambulations-nomades.eu\/index.php?rest_route=\/wp\/v2\/pages\/3286","targetHints":{"allow":["GET"]}}],"collection":[{"href":"https:\/\/www.deambulations-nomades.eu\/index.php?rest_route=\/wp\/v2\/pages"}],"about":[{"href":"https:\/\/www.deambulations-nomades.eu\/index.php?rest_route=\/wp\/v2\/types\/page"}],"author":[{"embeddable":true,"href":"https:\/\/www.deambulations-nomades.eu\/index.php?rest_route=\/wp\/v2\/users\/2"}],"replies":[{"embeddable":true,"href":"https:\/\/www.deambulations-nomades.eu\/index.php?rest_route=%2Fwp%2Fv2%2Fcomments&post=3286"}],"version-history":[{"count":16,"href":"https:\/\/www.deambulations-nomades.eu\/index.php?rest_route=\/wp\/v2\/pages\/3286\/revisions"}],"predecessor-version":[{"id":65989,"href":"https:\/\/www.deambulations-nomades.eu\/index.php?rest_route=\/wp\/v2\/pages\/3286\/revisions\/65989"}],"up":[{"embeddable":true,"href":"https:\/\/www.deambulations-nomades.eu\/index.php?rest_route=\/wp\/v2\/pages\/42"}],"wp:attachment":[{"href":"https:\/\/www.deambulations-nomades.eu\/index.php?rest_route=%2Fwp%2Fv2%2Fmedia&parent=3286"}],"curies":[{"name":"wp","href":"https:\/\/api.w.org\/{rel}","templated":true}]}}