{"id":3289,"date":"2013-06-09T15:25:50","date_gmt":"2013-06-09T15:25:50","guid":{"rendered":"http:\/\/www.deambulations-nomades.eu\/?page_id=3289"},"modified":"2016-05-28T15:25:21","modified_gmt":"2016-05-28T15:25:21","slug":"10-aout-coucou-machu-picchu","status":"publish","type":"page","link":"https:\/\/www.deambulations-nomades.eu\/?page_id=3289","title":{"rendered":"Coucou Machu Picchu !"},"content":{"rendered":"<p style=\"padding-left: 5px; text-align: left;\"><strong><a href=\"http:\/\/www.deambulations-nomades.eu\/?page_id=3288\"><img loading=\"lazy\" decoding=\"async\" class=\" size-full wp-image-29433 alignleft\" src=\"http:\/\/www.deambulations-nomades.eu\/wp-content\/uploads\/2015\/02\/precedent-flech1.jpg\" alt=\"precedent-flech\" width=\"25\" height=\"21\" \/><\/a><\/strong><a id=\"H\"><\/a> <span style=\"color: #c3a954; font-size: 12px;\"><a style=\"color: #c3a954;\" href=\"http:\/\/www.deambulations-nomades.eu\/?page_id=28486\" target=\"_blank\">VOIR GALERIE<\/a><\/span><span style=\"font-size: 10px;\"> (photos suppl\u00e9mentaires)<strong><a href=\"http:\/\/www.deambulations-nomades.eu\/?page_id=3290\"><img loading=\"lazy\" decoding=\"async\" class=\" size-full wp-image-29434 alignright\" src=\"http:\/\/www.deambulations-nomades.eu\/wp-content\/uploads\/2015\/02\/suivant-flech1.jpg\" alt=\"suivant-flech\" width=\"25\" height=\"21\" \/><\/a><\/strong><\/span><\/p>\n<p style=\"text-align: center;\"><a href=\"http:\/\/www.deambulations-nomades.eu\/wp-content\/uploads\/2013\/06\/Attention.png\" data-rel=\"lightbox-image-0\" data-rl_title=\"\" data-rl_caption=\"\" title=\"\"><img loading=\"lazy\" decoding=\"async\" class=\"aligncenter size-full wp-image-5641\" src=\"http:\/\/www.deambulations-nomades.eu\/wp-content\/uploads\/2013\/06\/Attention.png\" alt=\"Attention\" width=\"99\" height=\"93\" \/><\/a>Ceux et celles qui souhaitent visiter le Machu Picchu, et nous le leur recommandons vivement, ne doivent en aucun cas regarder les images qui suivent pour ne pas d\u00e9florer le plaisir de la d\u00e9couverte. Un conseil : r\u00e9server tout \u00e0 l&rsquo;avance par Internet, arriver \u00e0 Cuzco la veille au soir de l&rsquo;excursion, jeter un oeil \u00e0 la Plaza de Armas, sa cathedrale et son chapelet d&rsquo;\u00e9glises, voir le Machu Picchu puis s&rsquo;en aller bien vite de Cuzco qui en quelques dizaines d&rsquo;ann\u00e9es a vendu son \u00e2me au tourisme<\/p>\n<p style=\"text-align: center;\"><img loading=\"lazy\" decoding=\"async\" class=\"aligncenter wp-image-5643\" src=\"http:\/\/www.deambulations-nomades.eu\/wp-content\/uploads\/2014\/06\/P1320829_obl.jpg\" alt=\"P1320829_obl\" width=\"600\" height=\"450\" srcset=\"https:\/\/www.deambulations-nomades.eu\/wp-content\/uploads\/2014\/06\/P1320829_obl.jpg 800w, https:\/\/www.deambulations-nomades.eu\/wp-content\/uploads\/2014\/06\/P1320829_obl-400x300.jpg 400w\" sizes=\"auto, (max-width: 600px) 100vw, 600px\" \/> <img loading=\"lazy\" decoding=\"async\" class=\"aligncenter wp-image-5644\" src=\"http:\/\/www.deambulations-nomades.eu\/wp-content\/uploads\/2014\/06\/P1320851_obl.jpg\" alt=\"P1320851_obl\" width=\"600\" height=\"409\" srcset=\"https:\/\/www.deambulations-nomades.eu\/wp-content\/uploads\/2014\/06\/P1320851_obl.jpg 800w, https:\/\/www.deambulations-nomades.eu\/wp-content\/uploads\/2014\/06\/P1320851_obl-400x272.jpg 400w\" sizes=\"auto, (max-width: 600px) 100vw, 600px\" \/> <img loading=\"lazy\" decoding=\"async\" class=\"aligncenter wp-image-5645\" src=\"http:\/\/www.deambulations-nomades.eu\/wp-content\/uploads\/2014\/06\/P1320858_obl.jpg\" alt=\"P1320858_obl\" width=\"600\" height=\"450\" srcset=\"https:\/\/www.deambulations-nomades.eu\/wp-content\/uploads\/2014\/06\/P1320858_obl.jpg 800w, https:\/\/www.deambulations-nomades.eu\/wp-content\/uploads\/2014\/06\/P1320858_obl-400x300.jpg 400w\" sizes=\"auto, (max-width: 600px) 100vw, 600px\" \/><\/p>\n<figure id=\"attachment_5646\" aria-describedby=\"caption-attachment-5646\" style=\"width: 600px\" class=\"wp-caption aligncenter\"><img loading=\"lazy\" decoding=\"async\" class=\"wp-image-5646\" src=\"http:\/\/www.deambulations-nomades.eu\/wp-content\/uploads\/2014\/06\/P1320871_obl.jpg\" alt=\"Bien s\u00fbr, le site de Machu Picchu est un des hauts lieux du tourisme plan\u00e9taire et bien s\u00fbr, si vous saviez comme c'est enfantin, partant de Cuzco, de s'y rendre de bon matin ! Non ! Nous plaisantons : que vous soyiez pauvre ou riche, le Machu Picchu n'est pas aussi facile \u00e0 atteindre. Pour y aller, il vous faudra, dans cet ordre, d'abord prendre un bus \u00e0 5 h du matin qui vous m\u00e8nera \u00e0 la gare d'Ollantaytanbo \u00e0 90 km de l\u00e0, puis un train pendant une bonne heure et demi, lequel serpentera dans un canyon \u00e9troit jusqu'\u00e0 la gare d'Aguas Calientes. Vous pensez \u00eatre arriv\u00e9 ? D\u00e9trompez-vous ! Il d\u00e9j\u00e0 9 h que vous devez monter \u00e0 bord d'un autre bus, apr\u00e8s avoir travers\u00e9 un gigantesque bazar touristique, et au bout de 45 minutes d'une rude mont\u00e9e \u00e0 flanc de montagne, vous \u00eates enfin r\u00e9compens\u00e9 : la magie du lieu s'impose ! C'est vrai ce matin comme il y a pr\u00e8s de 40 ans, n'est-ce-pas Marie ? A l'\u00e9poque, peu de touristes, d'authentiques baroudeurs et un petit train des indiens qui suivait la piste de l'Inca... \" width=\"600\" height=\"800\" srcset=\"https:\/\/www.deambulations-nomades.eu\/wp-content\/uploads\/2014\/06\/P1320871_obl.jpg 800w, https:\/\/www.deambulations-nomades.eu\/wp-content\/uploads\/2014\/06\/P1320871_obl-400x533.jpg 400w\" sizes=\"auto, (max-width: 600px) 100vw, 600px\" \/><figcaption id=\"caption-attachment-5646\" class=\"wp-caption-text\">Bien s\u00fbr, le site de Machu Picchu est un des hauts lieux du tourisme plan\u00e9taire et bien s\u00fbr, si vous saviez comme c&rsquo;est enfantin, partant de Cuzco, de s&rsquo;y rendre de bon matin ! Non ! Nous plaisantons : que vous soyiez pauvre ou riche, le Machu Picchu n&rsquo;est pas aussi facile \u00e0 atteindre. Pour y aller, il vous faudra, dans cet ordre, d&rsquo;abord prendre un bus \u00e0 5 h du matin qui vous m\u00e8nera \u00e0 la gare d&rsquo;Ollantaytanbo \u00e0 90 km de l\u00e0, puis un train pendant une bonne heure et demi, lequel serpentera dans un canyon \u00e9troit jusqu&rsquo;\u00e0 la gare d&rsquo;Aguas Calientes. Vous pensez \u00eatre arriv\u00e9 ? D\u00e9trompez-vous ! Il d\u00e9j\u00e0 9 h que vous devez monter \u00e0 bord d&rsquo;un autre bus, apr\u00e8s avoir travers\u00e9 un gigantesque bazar touristique, et au bout de 45 minutes d&rsquo;une rude mont\u00e9e \u00e0 flanc de montagne, vous \u00eates enfin r\u00e9compens\u00e9 : la magie du lieu s&rsquo;impose ! C&rsquo;est vrai ce matin comme il y a pr\u00e8s de 40 ans, n&rsquo;est-ce-pas Marie ? A l&rsquo;\u00e9poque, peu de touristes, d&rsquo;authentiques baroudeurs et un petit train des indiens qui suivait la piste de l&rsquo;Inca&#8230;<\/figcaption><\/figure>\n<figure id=\"attachment_5647\" aria-describedby=\"caption-attachment-5647\" style=\"width: 800px\" class=\"wp-caption aligncenter\"><img loading=\"lazy\" decoding=\"async\" class=\"wp-image-5647 size-full\" src=\"http:\/\/www.deambulations-nomades.eu\/wp-content\/uploads\/2014\/06\/P1320946_obl.jpg\" alt=\"On a beau avoir vu mille fois cette image, la g\u00e9ographie physique du lieu d\u00e9passe les clich\u00e9s : il y a le sanctuaire inca, certes, mais surtout l'amphith\u00e9\u00e2tre naturel constitu\u00e9 par les monts environnants, les uns recouverts d'une v\u00e9g\u00e9tation tropicale, les autres \u00e9clatants de blancheur neigeuse. Anecdocte : la plupart des photographies officielles du site ne donnent pas \u00e0 voir deux \u00e9l\u00e9ments essentiels \u00e0 nos yeux, la rivi\u00e8re qui coule \u00e0 1500 m en contrebas et qui encercle le Machu Picchu \u00e0 son pied d'une part et d'autre part l'observatoire stellaire con\u00e7u et construit par les chamans-devins-astronomes incas, lui situ\u00e9 au sommet extr\u00eame du Huayna Picchu (jeune montagne) qui domine la cit\u00e9 mise \u00e0 jour par Hiram Bingham en 1911 (voir son r\u00e9cit, \u00e0 lire toutefois entre les lignes, Lost Cities Of The Incas, publi\u00e9 pour la premi\u00e8re fois en Grande Bretagne, 1952) \" width=\"800\" height=\"600\" srcset=\"https:\/\/www.deambulations-nomades.eu\/wp-content\/uploads\/2014\/06\/P1320946_obl.jpg 800w, https:\/\/www.deambulations-nomades.eu\/wp-content\/uploads\/2014\/06\/P1320946_obl-400x300.jpg 400w\" sizes=\"auto, (max-width: 800px) 100vw, 800px\" \/><figcaption id=\"caption-attachment-5647\" class=\"wp-caption-text\">On a beau avoir vu mille fois cette image, la g\u00e9ographie physique du lieu d\u00e9passe les clich\u00e9s : il y a le sanctuaire inca, certes, mais surtout l&rsquo;amphith\u00e9\u00e2tre naturel constitu\u00e9 par les monts environnants, les uns recouverts d&rsquo;une v\u00e9g\u00e9tation tropicale, les autres \u00e9clatants de blancheur neigeuse. Anecdocte : la plupart des photographies officielles du site ne donnent pas \u00e0 voir deux \u00e9l\u00e9ments essentiels \u00e0 nos yeux, la rivi\u00e8re qui coule \u00e0 1500 m en contrebas et qui encercle le Machu Picchu \u00e0 son pied d&rsquo;une part et d&rsquo;autre part l&rsquo;observatoire stellaire con\u00e7u et construit par les chamans-devins-astronomes incas, lui situ\u00e9 au sommet extr\u00eame du Huayna Picchu (jeune montagne) qui domine la cit\u00e9 mise \u00e0 jour par Hiram Bingham en 1911 (voir son r\u00e9cit, \u00e0 lire toutefois entre les lignes, Lost Cities Of The Incas, publi\u00e9 pour la premi\u00e8re fois en Grande Bretagne, 1952)<\/figcaption><\/figure>\n<p>&nbsp;<\/p>\n<p>&nbsp;<\/p>\n<div id='gallery-1' class='gallery galleryid-3289 gallery-columns-6 gallery-size-thumbnail'><figure class='gallery-item'>\n\t\t\t<div class='gallery-icon landscape'>\n\t\t\t\t<a href='https:\/\/www.deambulations-nomades.eu\/wp-content\/uploads\/2014\/06\/P1320986_obl.jpg' title=\"\" data-rl_title=\"\" class=\"rl-gallery-link\" data-rl_caption=\"\" data-rel=\"lightbox-gallery-1\"><img loading=\"lazy\" decoding=\"async\" width=\"150\" height=\"150\" src=\"https:\/\/www.deambulations-nomades.eu\/wp-content\/uploads\/2014\/06\/P1320986_obl-150x150.jpg\" class=\"attachment-thumbnail size-thumbnail\" alt=\"\" \/><\/a>\n\t\t\t<\/div><\/figure><figure class='gallery-item'>\n\t\t\t<div class='gallery-icon landscape'>\n\t\t\t\t<a href='https:\/\/www.deambulations-nomades.eu\/wp-content\/uploads\/2014\/06\/P1320988_obl.jpg' title=\"\" data-rl_title=\"\" class=\"rl-gallery-link\" data-rl_caption=\"\" data-rel=\"lightbox-gallery-1\"><img loading=\"lazy\" decoding=\"async\" width=\"150\" height=\"150\" src=\"https:\/\/www.deambulations-nomades.eu\/wp-content\/uploads\/2014\/06\/P1320988_obl-150x150.jpg\" class=\"attachment-thumbnail size-thumbnail\" alt=\"\" aria-describedby=\"gallery-1-5650\" \/><\/a>\n\t\t\t<\/div>\n\t\t\t\t<figcaption class='wp-caption-text gallery-caption' id='gallery-1-5650'>\n\t\t\t\tVue g\u00e9n\u00e9rale du site. En 1911, lors de sa nouvelle d\u00e9couverte (il \u00e9tait connu depuis le XVIIIe), la v\u00e9g\u00e9tation recouvrait tout \n\t\t\t\t<\/figcaption><\/figure><figure class='gallery-item'>\n\t\t\t<div class='gallery-icon landscape'>\n\t\t\t\t<a href='https:\/\/www.deambulations-nomades.eu\/wp-content\/uploads\/2014\/06\/P1320976_obl.jpg' title=\"\" data-rl_title=\"\" class=\"rl-gallery-link\" data-rl_caption=\"\" data-rel=\"lightbox-gallery-1\"><img loading=\"lazy\" decoding=\"async\" width=\"150\" height=\"150\" src=\"https:\/\/www.deambulations-nomades.eu\/wp-content\/uploads\/2014\/06\/P1320976_obl-150x150.jpg\" class=\"attachment-thumbnail size-thumbnail\" alt=\"\" \/><\/a>\n\t\t\t<\/div><\/figure><figure class='gallery-item'>\n\t\t\t<div class='gallery-icon landscape'>\n\t\t\t\t<a href='https:\/\/www.deambulations-nomades.eu\/wp-content\/uploads\/2014\/06\/P1320999_obl.jpg' title=\"\" data-rl_title=\"\" class=\"rl-gallery-link\" data-rl_caption=\"\" data-rel=\"lightbox-gallery-1\"><img loading=\"lazy\" decoding=\"async\" width=\"150\" height=\"150\" src=\"https:\/\/www.deambulations-nomades.eu\/wp-content\/uploads\/2014\/06\/P1320999_obl-150x150.jpg\" class=\"attachment-thumbnail size-thumbnail\" alt=\"\" \/><\/a>\n\t\t\t<\/div><\/figure><figure class='gallery-item'>\n\t\t\t<div class='gallery-icon landscape'>\n\t\t\t\t<a href='https:\/\/www.deambulations-nomades.eu\/wp-content\/uploads\/2014\/06\/P1330008_obl.jpg' title=\"\" data-rl_title=\"\" class=\"rl-gallery-link\" data-rl_caption=\"\" data-rel=\"lightbox-gallery-1\"><img loading=\"lazy\" decoding=\"async\" width=\"150\" height=\"150\" src=\"https:\/\/www.deambulations-nomades.eu\/wp-content\/uploads\/2014\/06\/P1330008_obl-150x150.jpg\" class=\"attachment-thumbnail size-thumbnail\" alt=\"\" \/><\/a>\n\t\t\t<\/div><\/figure><figure class='gallery-item'>\n\t\t\t<div class='gallery-icon landscape'>\n\t\t\t\t<a href='https:\/\/www.deambulations-nomades.eu\/wp-content\/uploads\/2014\/06\/P1330043_obl.jpg' title=\"\" data-rl_title=\"\" class=\"rl-gallery-link\" data-rl_caption=\"\" data-rel=\"lightbox-gallery-1\"><img loading=\"lazy\" decoding=\"async\" width=\"150\" height=\"150\" src=\"https:\/\/www.deambulations-nomades.eu\/wp-content\/uploads\/2014\/06\/P1330043_obl-150x150.jpg\" class=\"attachment-thumbnail size-thumbnail\" alt=\"\" aria-describedby=\"gallery-1-5659\" \/><\/a>\n\t\t\t<\/div>\n\t\t\t\t<figcaption class='wp-caption-text gallery-caption' id='gallery-1-5659'>\n\t\t\t\tClass\u00e9 au patrimoine mondial de l&rsquo;humanit\u00e9 par l&rsquo;Unesco, le Machu Picchu connait des phases de restauration relativement importantes depuis la fin des ann\u00e9es 1980. Les autorit\u00e9s culturelles \u00e0 la fois p\u00e9ruviennes et internationales s&rsquo;accordent pour dire qu&rsquo;il est urgent de limiter le nombre quotidien de visiteurs, car,  outre les ph\u00e9nom\u00e8nes naturels, la d\u00e9gradation est bien r\u00e9elle due \u00e0 l&rsquo;augmentation touristique, augmentation qui va croissant depuis le tournant de l&rsquo;an 2000 et l&rsquo;ouverture de la nouvelle gare ferroviaire d&rsquo;Aguas Calientes qu&rsquo;accompagne d\u00e9sormais la pl\u00e9thore h\u00f4teli\u00e8re. \n\t\t\t\t<\/figcaption><\/figure><figure class='gallery-item'>\n\t\t\t<div class='gallery-icon landscape'>\n\t\t\t\t<a href='https:\/\/www.deambulations-nomades.eu\/wp-content\/uploads\/2014\/06\/P1330031_obl.jpg' title=\"\" data-rl_title=\"\" class=\"rl-gallery-link\" data-rl_caption=\"\" data-rel=\"lightbox-gallery-1\"><img loading=\"lazy\" decoding=\"async\" width=\"150\" height=\"150\" src=\"https:\/\/www.deambulations-nomades.eu\/wp-content\/uploads\/2014\/06\/P1330031_obl-150x150.jpg\" class=\"attachment-thumbnail size-thumbnail\" alt=\"\" \/><\/a>\n\t\t\t<\/div><\/figure><figure class='gallery-item'>\n\t\t\t<div class='gallery-icon landscape'>\n\t\t\t\t<a href='https:\/\/www.deambulations-nomades.eu\/wp-content\/uploads\/2014\/06\/P1330041_obl.jpg' title=\"\" data-rl_title=\"\" class=\"rl-gallery-link\" data-rl_caption=\"\" data-rel=\"lightbox-gallery-1\"><img loading=\"lazy\" decoding=\"async\" width=\"150\" height=\"150\" src=\"https:\/\/www.deambulations-nomades.eu\/wp-content\/uploads\/2014\/06\/P1330041_obl-150x150.jpg\" class=\"attachment-thumbnail size-thumbnail\" alt=\"\" \/><\/a>\n\t\t\t<\/div><\/figure><figure class='gallery-item'>\n\t\t\t<div class='gallery-icon portrait'>\n\t\t\t\t<a href='https:\/\/www.deambulations-nomades.eu\/wp-content\/uploads\/2014\/06\/P1330040_obl.jpg' title=\"\" data-rl_title=\"\" class=\"rl-gallery-link\" data-rl_caption=\"\" data-rel=\"lightbox-gallery-1\"><img loading=\"lazy\" decoding=\"async\" width=\"150\" height=\"150\" src=\"https:\/\/www.deambulations-nomades.eu\/wp-content\/uploads\/2014\/06\/P1330040_obl-150x150.jpg\" class=\"attachment-thumbnail size-thumbnail\" alt=\"\" \/><\/a>\n\t\t\t<\/div><\/figure><figure class='gallery-item'>\n\t\t\t<div class='gallery-icon portrait'>\n\t\t\t\t<a href='https:\/\/www.deambulations-nomades.eu\/wp-content\/uploads\/2014\/06\/P1330045_obl.jpg' title=\"\" data-rl_title=\"\" class=\"rl-gallery-link\" data-rl_caption=\"\" data-rel=\"lightbox-gallery-1\"><img loading=\"lazy\" decoding=\"async\" width=\"150\" height=\"150\" src=\"https:\/\/www.deambulations-nomades.eu\/wp-content\/uploads\/2014\/06\/P1330045_obl-150x150.jpg\" class=\"attachment-thumbnail size-thumbnail\" alt=\"\" \/><\/a>\n\t\t\t<\/div><\/figure><figure class='gallery-item'>\n\t\t\t<div class='gallery-icon portrait'>\n\t\t\t\t<a href='https:\/\/www.deambulations-nomades.eu\/wp-content\/uploads\/2014\/06\/P1330102_obl.jpg' title=\"\" data-rl_title=\"\" class=\"rl-gallery-link\" data-rl_caption=\"\" data-rel=\"lightbox-gallery-1\"><img loading=\"lazy\" decoding=\"async\" width=\"150\" height=\"150\" src=\"https:\/\/www.deambulations-nomades.eu\/wp-content\/uploads\/2014\/06\/P1330102_obl-150x150.jpg\" class=\"attachment-thumbnail size-thumbnail\" alt=\"\" \/><\/a>\n\t\t\t<\/div><\/figure><figure class='gallery-item'>\n\t\t\t<div class='gallery-icon landscape'>\n\t\t\t\t<a href='https:\/\/www.deambulations-nomades.eu\/wp-content\/uploads\/2014\/06\/P1330096_obl.jpg' title=\"\" data-rl_title=\"\" class=\"rl-gallery-link\" data-rl_caption=\"\" data-rel=\"lightbox-gallery-1\"><img loading=\"lazy\" decoding=\"async\" width=\"150\" height=\"150\" src=\"https:\/\/www.deambulations-nomades.eu\/wp-content\/uploads\/2014\/06\/P1330096_obl-150x150.jpg\" class=\"attachment-thumbnail size-thumbnail\" alt=\"\" \/><\/a>\n\t\t\t<\/div><\/figure><figure class='gallery-item'>\n\t\t\t<div class='gallery-icon landscape'>\n\t\t\t\t<a href='https:\/\/www.deambulations-nomades.eu\/wp-content\/uploads\/2014\/06\/P1330095_obl.jpg' title=\"\" data-rl_title=\"\" class=\"rl-gallery-link\" data-rl_caption=\"\" data-rel=\"lightbox-gallery-1\"><img loading=\"lazy\" decoding=\"async\" width=\"150\" height=\"150\" src=\"https:\/\/www.deambulations-nomades.eu\/wp-content\/uploads\/2014\/06\/P1330095_obl-150x150.jpg\" class=\"attachment-thumbnail size-thumbnail\" alt=\"\" \/><\/a>\n\t\t\t<\/div><\/figure><figure class='gallery-item'>\n\t\t\t<div class='gallery-icon landscape'>\n\t\t\t\t<a href='https:\/\/www.deambulations-nomades.eu\/wp-content\/uploads\/2014\/06\/P1330110_obl.jpg' title=\"\" data-rl_title=\"\" class=\"rl-gallery-link\" data-rl_caption=\"\" data-rel=\"lightbox-gallery-1\"><img loading=\"lazy\" decoding=\"async\" width=\"150\" height=\"150\" src=\"https:\/\/www.deambulations-nomades.eu\/wp-content\/uploads\/2014\/06\/P1330110_obl-150x150.jpg\" class=\"attachment-thumbnail size-thumbnail\" alt=\"\" \/><\/a>\n\t\t\t<\/div><\/figure><figure class='gallery-item'>\n\t\t\t<div class='gallery-icon portrait'>\n\t\t\t\t<a href='https:\/\/www.deambulations-nomades.eu\/wp-content\/uploads\/2014\/06\/P1330113_obl.jpg' title=\"\" data-rl_title=\"\" class=\"rl-gallery-link\" data-rl_caption=\"\" data-rel=\"lightbox-gallery-1\"><img loading=\"lazy\" decoding=\"async\" width=\"150\" height=\"150\" src=\"https:\/\/www.deambulations-nomades.eu\/wp-content\/uploads\/2014\/06\/P1330113_obl-150x150.jpg\" class=\"attachment-thumbnail size-thumbnail\" alt=\"\" aria-describedby=\"gallery-1-5667\" \/><\/a>\n\t\t\t<\/div>\n\t\t\t\t<figcaption class='wp-caption-text gallery-caption' id='gallery-1-5667'>\n\t\t\t\tExemples d&rsquo;ouvertures \n\t\t\t\t<\/figcaption><\/figure><figure class='gallery-item'>\n\t\t\t<div class='gallery-icon portrait'>\n\t\t\t\t<a href='https:\/\/www.deambulations-nomades.eu\/wp-content\/uploads\/2014\/06\/P1330121_obl.jpg' title=\"\" data-rl_title=\"\" class=\"rl-gallery-link\" data-rl_caption=\"\" data-rel=\"lightbox-gallery-1\"><img loading=\"lazy\" decoding=\"async\" width=\"150\" height=\"150\" src=\"https:\/\/www.deambulations-nomades.eu\/wp-content\/uploads\/2014\/06\/P1330121_obl-150x150.jpg\" class=\"attachment-thumbnail size-thumbnail\" alt=\"\" aria-describedby=\"gallery-1-5668\" \/><\/a>\n\t\t\t<\/div>\n\t\t\t\t<figcaption class='wp-caption-text gallery-caption' id='gallery-1-5668'>\n\t\t\t\t Vu d&rsquo;un satellite, le site du Machu Picchu pr\u00e9sente la forme g\u00e9om\u00e9trique de l&rsquo;oiseau embl\u00e8me des Andes, le condor. Ce n&rsquo;est pas le fruit du hasard, les Incas liaient spiritualit\u00e9 et esprit scientifique pouss\u00e9.\n\nCi-dessus : passage secret symbolisant les entrailles de l&rsquo;oiseau f\u00e9tiche \n\t\t\t\t<\/figcaption><\/figure><figure class='gallery-item'>\n\t\t\t<div class='gallery-icon landscape'>\n\t\t\t\t<a href='https:\/\/www.deambulations-nomades.eu\/wp-content\/uploads\/2014\/06\/P1330150_obl.jpg' title=\"\" data-rl_title=\"\" class=\"rl-gallery-link\" data-rl_caption=\"\" data-rel=\"lightbox-gallery-1\"><img loading=\"lazy\" decoding=\"async\" width=\"150\" height=\"150\" src=\"https:\/\/www.deambulations-nomades.eu\/wp-content\/uploads\/2014\/06\/P1330150_obl-150x150.jpg\" class=\"attachment-thumbnail size-thumbnail\" alt=\"\" \/><\/a>\n\t\t\t<\/div><\/figure><figure class='gallery-item'>\n\t\t\t<div class='gallery-icon landscape'>\n\t\t\t\t<a href='https:\/\/www.deambulations-nomades.eu\/wp-content\/uploads\/2014\/06\/P1330124_obl.jpg' title=\"\" data-rl_title=\"\" class=\"rl-gallery-link\" data-rl_caption=\"\" data-rel=\"lightbox-gallery-1\"><img loading=\"lazy\" decoding=\"async\" width=\"150\" height=\"150\" src=\"https:\/\/www.deambulations-nomades.eu\/wp-content\/uploads\/2014\/06\/P1330124_obl-150x150.jpg\" class=\"attachment-thumbnail size-thumbnail\" alt=\"\" \/><\/a>\n\t\t\t<\/div><\/figure><figure class='gallery-item'>\n\t\t\t<div class='gallery-icon landscape'>\n\t\t\t\t<a href='https:\/\/www.deambulations-nomades.eu\/wp-content\/uploads\/2014\/06\/P1330171_obl.jpg' title=\"\" data-rl_title=\"\" class=\"rl-gallery-link\" data-rl_caption=\"\" data-rel=\"lightbox-gallery-1\"><img loading=\"lazy\" decoding=\"async\" width=\"150\" height=\"150\" src=\"https:\/\/www.deambulations-nomades.eu\/wp-content\/uploads\/2014\/06\/P1330171_obl-150x150.jpg\" class=\"attachment-thumbnail size-thumbnail\" alt=\"\" \/><\/a>\n\t\t\t<\/div><\/figure><figure class='gallery-item'>\n\t\t\t<div class='gallery-icon landscape'>\n\t\t\t\t<a href='https:\/\/www.deambulations-nomades.eu\/wp-content\/uploads\/2014\/06\/P1330130_obl.jpg' title=\"\" data-rl_title=\"\" class=\"rl-gallery-link\" data-rl_caption=\"\" data-rel=\"lightbox-gallery-1\"><img loading=\"lazy\" decoding=\"async\" width=\"150\" height=\"150\" src=\"https:\/\/www.deambulations-nomades.eu\/wp-content\/uploads\/2014\/06\/P1330130_obl-150x150.jpg\" class=\"attachment-thumbnail size-thumbnail\" alt=\"\" aria-describedby=\"gallery-1-5670\" \/><\/a>\n\t\t\t<\/div>\n\t\t\t\t<figcaption class='wp-caption-text gallery-caption' id='gallery-1-5670'>\n\t\t\t\tPour l&rsquo;arrosage des terres agricoles en terrasse, les habitants du site n&rsquo;allaient pas puiser l&rsquo;eau \u00e0 la rivi\u00e8re ! Mais ils avaient \u00e9labor\u00e9 un ing\u00e9nieux syst\u00e8me d&rsquo;irriguation qui permettait \u00e0 l&rsquo;eau produite par la fonte des neiges de circuler rapidement  dans des canaux creus\u00e9s \u00e0 m\u00eame la roche sur l&rsquo;enti\u00e8ret\u00e9 des parcelles cultivables \n\t\t\t\t<\/figcaption><\/figure><figure class='gallery-item'>\n\t\t\t<div class='gallery-icon landscape'>\n\t\t\t\t<a href='https:\/\/www.deambulations-nomades.eu\/wp-content\/uploads\/2014\/06\/P1330160_obl.jpg' title=\"\" data-rl_title=\"\" class=\"rl-gallery-link\" data-rl_caption=\"\" data-rel=\"lightbox-gallery-1\"><img loading=\"lazy\" decoding=\"async\" width=\"150\" height=\"150\" src=\"https:\/\/www.deambulations-nomades.eu\/wp-content\/uploads\/2014\/06\/P1330160_obl-150x150.jpg\" class=\"attachment-thumbnail size-thumbnail\" alt=\"\" \/><\/a>\n\t\t\t<\/div><\/figure><figure class='gallery-item'>\n\t\t\t<div class='gallery-icon landscape'>\n\t\t\t\t<a href='https:\/\/www.deambulations-nomades.eu\/wp-content\/uploads\/2014\/06\/P1330180_obl.jpg' title=\"\" data-rl_title=\"\" class=\"rl-gallery-link\" data-rl_caption=\"\" data-rel=\"lightbox-gallery-1\"><img loading=\"lazy\" decoding=\"async\" width=\"150\" height=\"150\" src=\"https:\/\/www.deambulations-nomades.eu\/wp-content\/uploads\/2014\/06\/P1330180_obl-150x150.jpg\" class=\"attachment-thumbnail size-thumbnail\" alt=\"\" \/><\/a>\n\t\t\t<\/div><\/figure>\n\t\t<\/div>\n\n<p><img loading=\"lazy\" decoding=\"async\" class=\"aligncenter wp-image-5653 size-full\" src=\"http:\/\/www.deambulations-nomades.eu\/wp-content\/uploads\/2014\/06\/P1330024_obl.jpg\" alt=\"P1330024_obl\" width=\"800\" height=\"600\" srcset=\"https:\/\/www.deambulations-nomades.eu\/wp-content\/uploads\/2014\/06\/P1330024_obl.jpg 800w, https:\/\/www.deambulations-nomades.eu\/wp-content\/uploads\/2014\/06\/P1330024_obl-400x300.jpg 400w\" sizes=\"auto, (max-width: 800px) 100vw, 800px\" \/><\/p>\n<p style=\"text-align: center;\"><a title=\"retour en haut de page\" href=\"#H\"><img loading=\"lazy\" decoding=\"async\" class=\"size-full wp-image-28888 alignright\" src=\"http:\/\/www.deambulations-nomades.eu\/wp-content\/uploads\/2015\/02\/vers-le-haut-flech.jpg\" alt=\"vers-le-haut-flech\" width=\"37\" height=\"55\" \/><\/a><\/p>\n","protected":false},"excerpt":{"rendered":"<p>VOIR GALERIE (photos suppl\u00e9mentaires) Ceux et celles qui souhaitent visiter le Machu Picchu, et nous le leur recommandons vivement, ne doivent en aucun cas regarder les images qui suivent pour ne pas d\u00e9florer le plaisir de la d\u00e9couverte. Un conseil : r\u00e9server tout \u00e0 l&rsquo;avance par Internet, arriver \u00e0 Cuzco la veille au soir de &hellip; <a href=\"https:\/\/www.deambulations-nomades.eu\/?page_id=3289\" class=\"more-link\">Continuer la lecture de <span class=\"screen-reader-text\">Coucou Machu Picchu !<\/span>  <span class=\"meta-nav\">&rarr;<\/span><\/a><\/p>\n","protected":false},"author":2,"featured_media":0,"parent":42,"menu_order":34,"comment_status":"closed","ping_status":"open","template":"page-templates\/full-width.php","meta":{"footnotes":""},"class_list":["post-3289","page","type-page","status-publish","hentry"],"_links":{"self":[{"href":"https:\/\/www.deambulations-nomades.eu\/index.php?rest_route=\/wp\/v2\/pages\/3289","targetHints":{"allow":["GET"]}}],"collection":[{"href":"https:\/\/www.deambulations-nomades.eu\/index.php?rest_route=\/wp\/v2\/pages"}],"about":[{"href":"https:\/\/www.deambulations-nomades.eu\/index.php?rest_route=\/wp\/v2\/types\/page"}],"author":[{"embeddable":true,"href":"https:\/\/www.deambulations-nomades.eu\/index.php?rest_route=\/wp\/v2\/users\/2"}],"replies":[{"embeddable":true,"href":"https:\/\/www.deambulations-nomades.eu\/index.php?rest_route=%2Fwp%2Fv2%2Fcomments&post=3289"}],"version-history":[{"count":14,"href":"https:\/\/www.deambulations-nomades.eu\/index.php?rest_route=\/wp\/v2\/pages\/3289\/revisions"}],"predecessor-version":[{"id":42400,"href":"https:\/\/www.deambulations-nomades.eu\/index.php?rest_route=\/wp\/v2\/pages\/3289\/revisions\/42400"}],"up":[{"embeddable":true,"href":"https:\/\/www.deambulations-nomades.eu\/index.php?rest_route=\/wp\/v2\/pages\/42"}],"wp:attachment":[{"href":"https:\/\/www.deambulations-nomades.eu\/index.php?rest_route=%2Fwp%2Fv2%2Fmedia&parent=3289"}],"curies":[{"name":"wp","href":"https:\/\/api.w.org\/{rel}","templated":true}]}}