{"id":48044,"date":"2017-01-08T10:46:49","date_gmt":"2017-01-08T10:46:49","guid":{"rendered":"http:\/\/www.deambulations-nomades.eu\/?page_id=48044"},"modified":"2021-02-23T18:40:52","modified_gmt":"2021-02-23T18:40:52","slug":"marrakech","status":"publish","type":"page","link":"https:\/\/www.deambulations-nomades.eu\/?page_id=48044","title":{"rendered":"Marrakech-F\u00e8s"},"content":{"rendered":"<p style=\"padding-left: 5px; text-align: right;\"><strong><a href=\"http:\/\/www.deambulations-nomades.eu\/?page_id=48041\"><img loading=\"lazy\" decoding=\"async\" class=\" size-full wp-image-29433 alignleft\" src=\"http:\/\/www.deambulations-nomades.eu\/wp-content\/uploads\/2015\/02\/precedent-flech1.jpg\" alt=\"precedent-flech\" width=\"25\" height=\"21\" \/><\/a><\/strong><a id=\"H\"><\/a><span style=\"font-size: 12px;\"><span style=\"color: #c3a954;\">VOIR<\/span><span style=\"color: #c3a954;\"> p<\/span><span style=\"color: #c3a954;\">age priv\u00e9e<\/span><\/span><span style=\"font-size: 10px;\"><strong><a href=\"http:\/\/www.deambulations-nomades.eu\/?page_id=48045\"><img loading=\"lazy\" decoding=\"async\" class=\" size-full wp-image-29434 alignright\" src=\"http:\/\/www.deambulations-nomades.eu\/wp-content\/uploads\/2015\/02\/suivant-flech1.jpg\" alt=\"suivant-flech\" width=\"25\" height=\"21\" \/><\/a><\/strong><\/span><\/p>\n<table style=\"width: 100%px;\" border=\"0\" cellspacing=\"0\">\n<tbody>\n<tr>\n<td style=\"width: 523.883px;\"><div id='gallery-1' class='gallery galleryid-48044 gallery-columns-4 gallery-size-thumbnail'><figure class='gallery-item'>\n\t\t\t<div class='gallery-icon landscape'>\n\t\t\t\t<a href='https:\/\/www.deambulations-nomades.eu\/wp-content\/uploads\/2017\/02\/005-maroc-5-6-fevrier-marrakech-fes-P1800690-enr-web-800-800x600.jpg' title=\"\" data-rl_title=\"\" class=\"rl-gallery-link\" data-rl_caption=\"\" data-rel=\"lightbox-gallery-1\"><img loading=\"lazy\" decoding=\"async\" width=\"150\" height=\"150\" src=\"https:\/\/www.deambulations-nomades.eu\/wp-content\/uploads\/2017\/02\/005-maroc-5-6-fevrier-marrakech-fes-P1800690-enr-web-800-150x150.jpg\" class=\"attachment-thumbnail size-thumbnail\" alt=\"\" \/><\/a>\n\t\t\t<\/div><\/figure><figure class='gallery-item'>\n\t\t\t<div class='gallery-icon landscape'>\n\t\t\t\t<a href='https:\/\/www.deambulations-nomades.eu\/wp-content\/uploads\/2017\/02\/007-maroc-5-6-fevrier-marrakech-fes-P1800702-enr-web-800-800x600.jpg' title=\"\" data-rl_title=\"\" class=\"rl-gallery-link\" data-rl_caption=\"\" data-rel=\"lightbox-gallery-1\"><img loading=\"lazy\" decoding=\"async\" width=\"150\" height=\"150\" src=\"https:\/\/www.deambulations-nomades.eu\/wp-content\/uploads\/2017\/02\/007-maroc-5-6-fevrier-marrakech-fes-P1800702-enr-web-800-150x150.jpg\" class=\"attachment-thumbnail size-thumbnail\" alt=\"\" \/><\/a>\n\t\t\t<\/div><\/figure><figure class='gallery-item'>\n\t\t\t<div class='gallery-icon landscape'>\n\t\t\t\t<a href='https:\/\/www.deambulations-nomades.eu\/wp-content\/uploads\/2017\/02\/008-maroc-5-6-fevrier-marrakech-fes-Photo0730-enr-web-800-800x480.jpg' title=\"\" data-rl_title=\"\" class=\"rl-gallery-link\" data-rl_caption=\"\" data-rel=\"lightbox-gallery-1\"><img loading=\"lazy\" decoding=\"async\" width=\"150\" height=\"150\" src=\"https:\/\/www.deambulations-nomades.eu\/wp-content\/uploads\/2017\/02\/008-maroc-5-6-fevrier-marrakech-fes-Photo0730-enr-web-800-150x150.jpg\" class=\"attachment-thumbnail size-thumbnail\" alt=\"\" \/><\/a>\n\t\t\t<\/div><\/figure><figure class='gallery-item'>\n\t\t\t<div class='gallery-icon landscape'>\n\t\t\t\t<a href='https:\/\/www.deambulations-nomades.eu\/wp-content\/uploads\/2017\/02\/042-maroc-5-6-fevrier-marrakech-fes-P1800886-enr-web-800-800x531.jpg' title=\"\" data-rl_title=\"\" class=\"rl-gallery-link\" data-rl_caption=\"\" data-rel=\"lightbox-gallery-1\"><img loading=\"lazy\" decoding=\"async\" width=\"150\" height=\"150\" src=\"https:\/\/www.deambulations-nomades.eu\/wp-content\/uploads\/2017\/02\/042-maroc-5-6-fevrier-marrakech-fes-P1800886-enr-web-800-150x150.jpg\" class=\"attachment-thumbnail size-thumbnail\" alt=\"\" \/><\/a>\n\t\t\t<\/div><\/figure><figure class='gallery-item'>\n\t\t\t<div class='gallery-icon landscape'>\n\t\t\t\t<a href='https:\/\/www.deambulations-nomades.eu\/wp-content\/uploads\/2017\/02\/044-maroc-5-6-fevrier-marrakech-fes-P1800889-enr-web-800-800x359.jpg' title=\"\" data-rl_title=\"\" class=\"rl-gallery-link\" data-rl_caption=\"\" data-rel=\"lightbox-gallery-1\"><img loading=\"lazy\" decoding=\"async\" width=\"150\" height=\"150\" src=\"https:\/\/www.deambulations-nomades.eu\/wp-content\/uploads\/2017\/02\/044-maroc-5-6-fevrier-marrakech-fes-P1800889-enr-web-800-150x150.jpg\" class=\"attachment-thumbnail size-thumbnail\" alt=\"\" \/><\/a>\n\t\t\t<\/div><\/figure><figure class='gallery-item'>\n\t\t\t<div class='gallery-icon landscape'>\n\t\t\t\t<a href='https:\/\/www.deambulations-nomades.eu\/wp-content\/uploads\/2017\/02\/046-maroc-5-6-fevrier-marrakech-fes-P1800897-enr-web-800-800x392.jpg' title=\"\" data-rl_title=\"\" class=\"rl-gallery-link\" data-rl_caption=\"\" data-rel=\"lightbox-gallery-1\"><img loading=\"lazy\" decoding=\"async\" width=\"150\" height=\"150\" src=\"https:\/\/www.deambulations-nomades.eu\/wp-content\/uploads\/2017\/02\/046-maroc-5-6-fevrier-marrakech-fes-P1800897-enr-web-800-150x150.jpg\" class=\"attachment-thumbnail size-thumbnail\" alt=\"\" \/><\/a>\n\t\t\t<\/div><\/figure><figure class='gallery-item'>\n\t\t\t<div class='gallery-icon landscape'>\n\t\t\t\t<a href='https:\/\/www.deambulations-nomades.eu\/wp-content\/uploads\/2017\/02\/047-maroc-5-6-fevrier-marrakech-fes-P1800903-enr-web-800-800x547.jpg' title=\"\" data-rl_title=\"\" class=\"rl-gallery-link\" data-rl_caption=\"\" data-rel=\"lightbox-gallery-1\"><img loading=\"lazy\" decoding=\"async\" width=\"150\" height=\"150\" src=\"https:\/\/www.deambulations-nomades.eu\/wp-content\/uploads\/2017\/02\/047-maroc-5-6-fevrier-marrakech-fes-P1800903-enr-web-800-150x150.jpg\" class=\"attachment-thumbnail size-thumbnail\" alt=\"\" \/><\/a>\n\t\t\t<\/div><\/figure><figure class='gallery-item'>\n\t\t\t<div class='gallery-icon portrait'>\n\t\t\t\t<a href='https:\/\/www.deambulations-nomades.eu\/wp-content\/uploads\/2017\/02\/049-maroc-5-6-fevrier-marrakech-fes-Photo0735-enr-web-800-722x1200.jpg' title=\"\" data-rl_title=\"\" class=\"rl-gallery-link\" data-rl_caption=\"\" data-rel=\"lightbox-gallery-1\"><img loading=\"lazy\" decoding=\"async\" width=\"150\" height=\"150\" src=\"https:\/\/www.deambulations-nomades.eu\/wp-content\/uploads\/2017\/02\/049-maroc-5-6-fevrier-marrakech-fes-Photo0735-enr-web-800-150x150.jpg\" class=\"attachment-thumbnail size-thumbnail\" alt=\"\" \/><\/a>\n\t\t\t<\/div><\/figure><figure class='gallery-item'>\n\t\t\t<div class='gallery-icon portrait'>\n\t\t\t\t<a href='https:\/\/www.deambulations-nomades.eu\/wp-content\/uploads\/2017\/02\/055-maroc-5-6-fevrier-marrakech-fes-P1800934-enr-web-800-800x1067.jpg' title=\"\" data-rl_title=\"\" class=\"rl-gallery-link\" data-rl_caption=\"\" data-rel=\"lightbox-gallery-1\"><img loading=\"lazy\" decoding=\"async\" width=\"150\" height=\"150\" src=\"https:\/\/www.deambulations-nomades.eu\/wp-content\/uploads\/2017\/02\/055-maroc-5-6-fevrier-marrakech-fes-P1800934-enr-web-800-150x150.jpg\" class=\"attachment-thumbnail size-thumbnail\" alt=\"\" \/><\/a>\n\t\t\t<\/div><\/figure><figure class='gallery-item'>\n\t\t\t<div class='gallery-icon landscape'>\n\t\t\t\t<a href='https:\/\/www.deambulations-nomades.eu\/wp-content\/uploads\/2017\/02\/065-maroc-5-6-fevrier-marrakech-fes-P1800961-enr-web-800-800x425.jpg' title=\"\" data-rl_title=\"\" class=\"rl-gallery-link\" data-rl_caption=\"\" data-rel=\"lightbox-gallery-1\"><img loading=\"lazy\" decoding=\"async\" width=\"150\" height=\"150\" src=\"https:\/\/www.deambulations-nomades.eu\/wp-content\/uploads\/2017\/02\/065-maroc-5-6-fevrier-marrakech-fes-P1800961-enr-web-800-150x150.jpg\" class=\"attachment-thumbnail size-thumbnail\" alt=\"\" \/><\/a>\n\t\t\t<\/div><\/figure><figure class='gallery-item'>\n\t\t\t<div class='gallery-icon landscape'>\n\t\t\t\t<a href='https:\/\/www.deambulations-nomades.eu\/wp-content\/uploads\/2017\/02\/069-maroc-5-6-fevrier-marrakech-fes-P1800975-enr-web-800-800x582.jpg' title=\"\" data-rl_title=\"\" class=\"rl-gallery-link\" data-rl_caption=\"\" data-rel=\"lightbox-gallery-1\"><img loading=\"lazy\" decoding=\"async\" width=\"150\" height=\"150\" src=\"https:\/\/www.deambulations-nomades.eu\/wp-content\/uploads\/2017\/02\/069-maroc-5-6-fevrier-marrakech-fes-P1800975-enr-web-800-150x150.jpg\" class=\"attachment-thumbnail size-thumbnail\" alt=\"\" \/><\/a>\n\t\t\t<\/div><\/figure><figure class='gallery-item'>\n\t\t\t<div class='gallery-icon landscape'>\n\t\t\t\t<a href='https:\/\/www.deambulations-nomades.eu\/wp-content\/uploads\/2017\/02\/084-maroc-5-6-fevrier-marrakech-fes-P1810008-enr-web-800-800x468.jpg' title=\"\" data-rl_title=\"\" class=\"rl-gallery-link\" data-rl_caption=\"\" data-rel=\"lightbox-gallery-1\"><img loading=\"lazy\" decoding=\"async\" width=\"150\" height=\"150\" src=\"https:\/\/www.deambulations-nomades.eu\/wp-content\/uploads\/2017\/02\/084-maroc-5-6-fevrier-marrakech-fes-P1810008-enr-web-800-150x150.jpg\" class=\"attachment-thumbnail size-thumbnail\" alt=\"\" \/><\/a>\n\t\t\t<\/div><\/figure><figure class='gallery-item'>\n\t\t\t<div class='gallery-icon landscape'>\n\t\t\t\t<a href='https:\/\/www.deambulations-nomades.eu\/wp-content\/uploads\/2017\/02\/088-maroc-5-6-fevrier-marrakech-fes-P1810029-enr-web-800-800x600.jpg' title=\"\" data-rl_title=\"\" class=\"rl-gallery-link\" data-rl_caption=\"\" data-rel=\"lightbox-gallery-1\"><img loading=\"lazy\" decoding=\"async\" width=\"150\" height=\"150\" src=\"https:\/\/www.deambulations-nomades.eu\/wp-content\/uploads\/2017\/02\/088-maroc-5-6-fevrier-marrakech-fes-P1810029-enr-web-800-150x150.jpg\" class=\"attachment-thumbnail size-thumbnail\" alt=\"\" \/><\/a>\n\t\t\t<\/div><\/figure><figure class='gallery-item'>\n\t\t\t<div class='gallery-icon landscape'>\n\t\t\t\t<a href='https:\/\/www.deambulations-nomades.eu\/wp-content\/uploads\/2017\/02\/099-maroc-5-6-fevrier-marrakech-fes-P1800741-enr-web-800-800x526.jpg' title=\"\" data-rl_title=\"\" class=\"rl-gallery-link\" data-rl_caption=\"\" data-rel=\"lightbox-gallery-1\"><img loading=\"lazy\" decoding=\"async\" width=\"150\" height=\"150\" src=\"https:\/\/www.deambulations-nomades.eu\/wp-content\/uploads\/2017\/02\/099-maroc-5-6-fevrier-marrakech-fes-P1800741-enr-web-800-150x150.jpg\" class=\"attachment-thumbnail size-thumbnail\" alt=\"\" \/><\/a>\n\t\t\t<\/div><\/figure><figure class='gallery-item'>\n\t\t\t<div class='gallery-icon landscape'>\n\t\t\t\t<a href='https:\/\/www.deambulations-nomades.eu\/wp-content\/uploads\/2017\/02\/101-maroc-5-6-fevrier-marrakech-fes-P1810097-enr-web-800-800x600.jpg' title=\"\" data-rl_title=\"\" class=\"rl-gallery-link\" data-rl_caption=\"\" data-rel=\"lightbox-gallery-1\"><img loading=\"lazy\" decoding=\"async\" width=\"150\" height=\"150\" src=\"https:\/\/www.deambulations-nomades.eu\/wp-content\/uploads\/2017\/02\/101-maroc-5-6-fevrier-marrakech-fes-P1810097-enr-web-800-150x150.jpg\" class=\"attachment-thumbnail size-thumbnail\" alt=\"\" \/><\/a>\n\t\t\t<\/div><\/figure><figure class='gallery-item'>\n\t\t\t<div class='gallery-icon landscape'>\n\t\t\t\t<a href='https:\/\/www.deambulations-nomades.eu\/wp-content\/uploads\/2017\/02\/116-maroc-5-6-fevrier-marrakech-fes-P1810126-enr-web-800-800x482.jpg' title=\"\" data-rl_title=\"\" class=\"rl-gallery-link\" data-rl_caption=\"\" data-rel=\"lightbox-gallery-1\"><img loading=\"lazy\" decoding=\"async\" width=\"150\" height=\"150\" src=\"https:\/\/www.deambulations-nomades.eu\/wp-content\/uploads\/2017\/02\/116-maroc-5-6-fevrier-marrakech-fes-P1810126-enr-web-800-150x150.jpg\" class=\"attachment-thumbnail size-thumbnail\" alt=\"\" \/><\/a>\n\t\t\t<\/div><\/figure>\n\t\t<\/div>\n<\/p>\n<p><a href=\"https:\/\/www.deambulations-nomades.eu\/wp-content\/uploads\/2017\/03\/0015-maroc-5-6-fevrier-marrakech-fes-P1800746.jpg\" data-rel=\"lightbox-image-16\" data-rl_title=\"\" data-rl_caption=\"\" title=\"\"><img loading=\"lazy\" decoding=\"async\" class=\"aligncenter wp-image-49907 size-medium\" src=\"https:\/\/www.deambulations-nomades.eu\/wp-content\/uploads\/2017\/03\/0015-maroc-5-6-fevrier-marrakech-fes-P1800746-400x300.jpg\" alt=\"\" width=\"400\" height=\"300\" srcset=\"https:\/\/www.deambulations-nomades.eu\/wp-content\/uploads\/2017\/03\/0015-maroc-5-6-fevrier-marrakech-fes-P1800746-400x300.jpg 400w, https:\/\/www.deambulations-nomades.eu\/wp-content\/uploads\/2017\/03\/0015-maroc-5-6-fevrier-marrakech-fes-P1800746.jpg 800w\" sizes=\"auto, (max-width: 400px) 100vw, 400px\" \/><\/a><\/td>\n<td style=\"width: 239.117px; text-align: left;\">&nbsp;<\/p>\n<p><span style=\"font-size: 12px;\"><strong>F\u00e8s ou Fez est une ville du Maroc septentrional<\/strong>, situ\u00e9e \u00e0 <span class=\"nowrap\">180 <abbr class=\"abbr\" title=\"kilom\u00e8tre\">km<\/abbr><\/span> \u00e0 l&rsquo;est de Rabat, entre le massif du Rif et le Moyen Atlas.<\/span><\/p>\n<p>&nbsp;<\/p>\n<p><span style=\"font-size: 12px;\"><span style=\"color: #ffffff;\">Faisant partie des villes imp\u00e9riales du Maroc, elle a \u00e9t\u00e9 \u00e0 plusieurs \u00e9poques la capitale du pays et est consid\u00e9r\u00e9e de nos jours comme sa capitale spirituelle.<\/span> <\/span><\/p>\n<p><span style=\"font-size: 12px;\">Sa fondation remonte \u00e0 la fin du <abbr class=\"abbr\" title=\"8\u1d49 si\u00e8cle\"><span class=\"romain\">VIII<\/span><sup>e<\/sup><\/abbr> si\u00e8cle, sous le r\u00e8gne de Moulay Idriss <abbr class=\"abbr\" title=\"premier\">I<sup>er<\/sup><\/abbr>.<\/span><\/p>\n<p>&nbsp;<\/p>\n<p><span style=\"font-size: 12px; color: #d6c9c9;\">Son rayonnement international pass\u00e9 en fait l&rsquo;une des capitales de la civilisation arabo-musulmane aux c\u00f4t\u00e9s de Bagdad, Damas, Cordoue, Istanbul, J\u00e9rusalem, ou Ispahan.<\/span><\/p>\n<p>&nbsp;<\/p>\n<p><span style=\"font-size: 12px;\">F\u00e8s s&rsquo;\u00e9tend sur trois secteurs : la ville ancienne (m\u00e9dina), class\u00e9e au patrimoine mondial de l&rsquo;UNESCO<sup id=\"cite_ref-3\" class=\"reference\">3<\/sup>, l&rsquo;enceinte royale et les quartiers nouveaux, \u00e9tablis par les Fran\u00e7ais, et qui s&rsquo;\u00e9tendent de nos jours dans la plaine environnante. <\/span><\/p>\n<p>&nbsp;<\/p>\n<p><span style=\"font-size: 12px;\">Sur le plan administratif, la ville est compos\u00e9e de la municipalit\u00e9 de F\u00e8s (divis\u00e9e en six arrondissements) et de la municipalit\u00e9 de M\u00e9chouar F\u00e8s Jdid (o\u00f9 se trouve le palais royal). <\/span><\/p>\n<p>&nbsp;<\/p>\n<p><span style=\"font-size: 12px;\">F\u00e8s est la <abbr class=\"abbr\" title=\"Deuxi\u00e8me\">2<sup>e<\/sup><\/abbr> plus grande ville du Maroc avec une population de 1 112 072 habitants selon le recensement de 2014.<\/span><\/td>\n<\/tr>\n<tr>\n<td style=\"width: 523.883px;\"><\/td>\n<td style=\"width: 239.117px;\"><\/td>\n<\/tr>\n<\/tbody>\n<\/table>\n<p>&nbsp;<\/p>\n<p style=\"padding-left: 5px;\"><a href=\"#H\"><img loading=\"lazy\" decoding=\"async\" class=\"size-full wp-image-30347 alignright\" src=\"http:\/\/www.deambulations-nomades.eu\/wp-content\/uploads\/2015\/03\/vers-le-haut-flech.jpg\" alt=\"vers-le-haut-flech\" width=\"25\" height=\"30\" \/><\/a><\/p>\n","protected":false},"excerpt":{"rendered":"<p>VOIR page priv\u00e9e &nbsp; F\u00e8s ou Fez est une ville du Maroc septentrional, situ\u00e9e \u00e0 180 km \u00e0 l&rsquo;est de Rabat, entre le massif du Rif et le Moyen Atlas. &nbsp; Faisant partie des villes imp\u00e9riales du Maroc, elle a \u00e9t\u00e9 \u00e0 plusieurs \u00e9poques la capitale du pays et est consid\u00e9r\u00e9e de nos jours comme &hellip; <a href=\"https:\/\/www.deambulations-nomades.eu\/?page_id=48044\" class=\"more-link\">Continuer la lecture de <span class=\"screen-reader-text\">Marrakech-F\u00e8s<\/span>  <span class=\"meta-nav\">&rarr;<\/span><\/a><\/p>\n","protected":false},"author":2,"featured_media":0,"parent":48037,"menu_order":2,"comment_status":"closed","ping_status":"open","template":"","meta":{"footnotes":""},"class_list":["post-48044","page","type-page","status-publish","hentry"],"_links":{"self":[{"href":"https:\/\/www.deambulations-nomades.eu\/index.php?rest_route=\/wp\/v2\/pages\/48044","targetHints":{"allow":["GET"]}}],"collection":[{"href":"https:\/\/www.deambulations-nomades.eu\/index.php?rest_route=\/wp\/v2\/pages"}],"about":[{"href":"https:\/\/www.deambulations-nomades.eu\/index.php?rest_route=\/wp\/v2\/types\/page"}],"author":[{"embeddable":true,"href":"https:\/\/www.deambulations-nomades.eu\/index.php?rest_route=\/wp\/v2\/users\/2"}],"replies":[{"embeddable":true,"href":"https:\/\/www.deambulations-nomades.eu\/index.php?rest_route=%2Fwp%2Fv2%2Fcomments&post=48044"}],"version-history":[{"count":46,"href":"https:\/\/www.deambulations-nomades.eu\/index.php?rest_route=\/wp\/v2\/pages\/48044\/revisions"}],"predecessor-version":[{"id":65501,"href":"https:\/\/www.deambulations-nomades.eu\/index.php?rest_route=\/wp\/v2\/pages\/48044\/revisions\/65501"}],"up":[{"embeddable":true,"href":"https:\/\/www.deambulations-nomades.eu\/index.php?rest_route=\/wp\/v2\/pages\/48037"}],"wp:attachment":[{"href":"https:\/\/www.deambulations-nomades.eu\/index.php?rest_route=%2Fwp%2Fv2%2Fmedia&parent=48044"}],"curies":[{"name":"wp","href":"https:\/\/api.w.org\/{rel}","templated":true}]}}