{"id":70222,"date":"2025-02-20T17:33:05","date_gmt":"2025-02-20T17:33:05","guid":{"rendered":"https:\/\/www.deambulations-nomades.eu\/?page_id=70222"},"modified":"2025-02-20T18:13:47","modified_gmt":"2025-02-20T18:13:47","slug":"islande","status":"publish","type":"page","link":"https:\/\/www.deambulations-nomades.eu\/?page_id=70222","title":{"rendered":"Islande"},"content":{"rendered":"\n<table id=\"tablepress-307\" class=\"tablepress tablepress-id-307\">\n<tbody class=\"row-striping row-hover\">\n<tr class=\"row-1\">\n\t<td class=\"column-1\"><a href=\"http:\/\/www.deambulations-nomades.eu\/?page_id=70228\"><img loading=\"lazy\" decoding=\"async\" src=\"https:\/\/www.deambulations-nomades.eu\/wp-content\/uploads\/2025\/06\/0329-ISlande-18-mai-Akureyri-Hauganes-Borgarnes-IMG_20250518_101904_1-150x150.jpg\" alt=\"\" width=\"150\" height=\"150\" class=\"aligncenter size-thumbnail wp-image-70851\" \/>Faune et flore d'Islande<\/td><td class=\"column-2\"><a href=\"http:\/\/www.deambulations-nomades.eu\/?page_id=70230\"><img loading=\"lazy\" decoding=\"async\" src=\"https:\/\/www.deambulations-nomades.eu\/wp-content\/uploads\/2025\/06\/0020-ISlande-14-mai-France-Reykjavik-P1017743.0020-ISlande-14-mai-France-Reykjavik-P1017743.JPG-150x150.jpg\" alt=\"\" width=\"150\" height=\"150\" class=\"aligncenter size-thumbnail wp-image-70552\" \/France - Reykjavik ><\/td><td class=\"column-3\"><a href=\"http:\/\/www.deambulations-nomades.eu\/?page_id=70232\"><img loading=\"lazy\" decoding=\"async\" src=\"https:\/\/www.deambulations-nomades.eu\/wp-content\/uploads\/2025\/06\/0084-ISlande-15-mai-France-Reykjavik-Kirkjubaejarklausur-P1017897-150x150.jpg\" alt=\"\" width=\"150\" height=\"150\" class=\"aligncenter size-thumbnail wp-image-70615\" \/>Reykjavik - C\u00f4te sud - r\u00e9gion de Kirkjubaejarklausur<\/td><td class=\"column-4\"><a href=\"http:\/\/www.deambulations-nomades.eu\/?page_id=70234\"><img loading=\"lazy\" decoding=\"async\" src=\"https:\/\/www.deambulations-nomades.eu\/wp-content\/uploads\/2025\/06\/0195-ISlande-16-mai-Vik-Skaftafell-Jokulsarlon-Egilsstadir-IMG_20250516_141249_3-150x150.jpg\" alt=\"\" width=\"150\" height=\"150\" class=\"aligncenter size-thumbnail wp-image-70725\" \/>R\u00e9gion de Vik - Skaftafell - J\u00f3kuls\u00e1rl\u00f3n - Egilsstadir<\/td><td class=\"column-5\"><a href=\"http:\/\/www.deambulations-nomades.eu\/?page_id=70236\"><img loading=\"lazy\" decoding=\"async\" src=\"https:\/\/www.deambulations-nomades.eu\/wp-content\/uploads\/2025\/06\/0229-ISlande-17mai-Egilsstadir-Dettifoss-Myvatn-Godafoss-Akureyri-IMG_20250517_085425_8-150x150.jpg\" alt=\"\" width=\"150\" height=\"150\" class=\"aligncenter size-thumbnail wp-image-70759\" \/>Egilsstadir - Dettifoss - M\u00fdvatn - Godafoss - Akureyri<\/td>\n<\/tr>\n<tr class=\"row-2\">\n\t<td class=\"column-1\"><\/td><td class=\"column-2\"><a href=\"http:\/\/www.deambulations-nomades.eu\/?page_id=70238\"><img loading=\"lazy\" decoding=\"async\" src=\"https:\/\/www.deambulations-nomades.eu\/wp-content\/uploads\/2025\/06\/0349-ISlande-18-mai-Akureyri-Hauganes-Borgarnes-IMG_20250518_105623_3-150x150.jpg\" alt=\"\" width=\"150\" height=\"150\" class=\"aligncenter size-thumbnail wp-image-70871\" \/>Akureyri - Hauganes - Borgarnes<\/td><td class=\"column-3\"><a href=\"http:\/\/www.deambulations-nomades.eu\/?page_id=70240\"><img loading=\"lazy\" decoding=\"async\" src=\"https:\/\/www.deambulations-nomades.eu\/wp-content\/uploads\/2025\/06\/0453-ISlande-19-mai-Borgarnes-Snaefellsnes-Borgarnes-IMG_20250519_145850_7-150x150.jpg\" alt=\"\" width=\"150\" height=\"150\" class=\"aligncenter size-thumbnail wp-image-70975\" \/>Borgarnes - p\u00e9ninsule de Sn\u00e6fellsnes - Borgarnes<\/td><td class=\"column-4\"><a href=\"http:\/\/www.deambulations-nomades.eu\/?page_id=70242\"><img loading=\"lazy\" decoding=\"async\" src=\"https:\/\/www.deambulations-nomades.eu\/wp-content\/uploads\/2025\/06\/0518-ISlande-20-mai-Borgarnes-Cercle-d-or-Reykjavik-IMG_20250520_144104_7-150x150.jpg\" alt=\"\" width=\"150\" height=\"150\" class=\"aligncenter size-thumbnail wp-image-71040\" \/>Borgarnes - Cercle d'or \u2013 Reykjavik-France<\/td><td class=\"column-5\"><\/td>\n<\/tr>\n<tr class=\"row-3\">\n\t<td class=\"column-1\"><\/td><td class=\"column-2\"><\/td><td class=\"column-3\"><\/td><td class=\"column-4\"><\/td><td class=\"column-5\"><\/td>\n<\/tr>\n<tr class=\"row-4\">\n\t<td class=\"column-1\"><\/td><td class=\"column-2\"><\/td><td class=\"column-3\"><\/td><td class=\"column-4\"><\/td><td class=\"column-5\"><\/td>\n<\/tr>\n<\/tbody>\n<\/table>\n<!-- #tablepress-307 from cache -->\n","protected":false},"excerpt":{"rendered":"","protected":false},"author":2,"featured_media":0,"parent":0,"menu_order":0,"comment_status":"closed","ping_status":"closed","template":"","meta":{"footnotes":""},"class_list":["post-70222","page","type-page","status-publish","hentry"],"_links":{"self":[{"href":"https:\/\/www.deambulations-nomades.eu\/index.php?rest_route=\/wp\/v2\/pages\/70222","targetHints":{"allow":["GET"]}}],"collection":[{"href":"https:\/\/www.deambulations-nomades.eu\/index.php?rest_route=\/wp\/v2\/pages"}],"about":[{"href":"https:\/\/www.deambulations-nomades.eu\/index.php?rest_route=\/wp\/v2\/types\/page"}],"author":[{"embeddable":true,"href":"https:\/\/www.deambulations-nomades.eu\/index.php?rest_route=\/wp\/v2\/users\/2"}],"replies":[{"embeddable":true,"href":"https:\/\/www.deambulations-nomades.eu\/index.php?rest_route=%2Fwp%2Fv2%2Fcomments&post=70222"}],"version-history":[{"count":2,"href":"https:\/\/www.deambulations-nomades.eu\/index.php?rest_route=\/wp\/v2\/pages\/70222\/revisions"}],"predecessor-version":[{"id":70258,"href":"https:\/\/www.deambulations-nomades.eu\/index.php?rest_route=\/wp\/v2\/pages\/70222\/revisions\/70258"}],"wp:attachment":[{"href":"https:\/\/www.deambulations-nomades.eu\/index.php?rest_route=%2Fwp%2Fv2%2Fmedia&parent=70222"}],"curies":[{"name":"wp","href":"https:\/\/api.w.org\/{rel}","templated":true}]}}