{"id":795,"date":"2013-02-20T15:38:35","date_gmt":"2013-02-20T15:38:35","guid":{"rendered":"http:\/\/www.deambulations-nomades.eu\/?page_id=795"},"modified":"2025-06-30T12:07:04","modified_gmt":"2025-06-30T12:07:04","slug":"accueil","status":"publish","type":"page","link":"https:\/\/www.deambulations-nomades.eu\/","title":{"rendered":""},"content":{"rendered":"<div class=\"n2-has-copy n2-code n2-ss-slider-shortcode-id\"><div id=\"metaslider-id-30563\" style=\"width: 100%; margin: 0 auto;\" class=\"ml-slider-3-108-0 metaslider metaslider-responsive metaslider-30563 ml-slider ms-theme-cubic\" role=\"region\" aria-label=\"GALERIE ACCUEIL\" data-width=\"800\">\n    <div id=\"metaslider_container_30563\">\n        <ul id='metaslider_30563' class='rslides'>\n            <li aria-roledescription='slide' aria-labelledby='slide-0'><a href=\"http:\/\/www.deambulations-nomades.eu\/?page_id=60\" target=\"_self\"><img loading=\"lazy\" decoding=\"async\" src=\"https:\/\/www.deambulations-nomades.eu\/wp-content\/uploads\/2017\/03\/photo-galerie-accueil-russie-PICT0284-800x538.jpg\" height=\"0\" width=\"800\" alt=\"RUSSIE\" class=\"slider-30563 slide-50121 msDefaultImage\" \/><div class=\"caption-wrap\"><div class=\"caption\"><div>RUSSIE<\/div><\/div><\/div><\/a><\/li>\n            <li style='display: none;' aria-roledescription='slide' aria-labelledby='slide-1'><a href=\"http:\/\/www.deambulations-nomades.eu\/?page_id=62\" target=\"_self\"><img loading=\"lazy\" decoding=\"async\" src=\"https:\/\/www.deambulations-nomades.eu\/wp-content\/uploads\/2017\/03\/photo-accueil-Ecosse-PICT0019-1.jpg\" height=\"0\" width=\"800\" alt=\"ECOSSE\" class=\"slider-30563 slide-50104 msDefaultImage\" \/><div class=\"caption-wrap\"><div class=\"caption\"><div>ECOSSE<\/div><\/div><\/div><\/a><\/li>\n            <li style='display: none;' aria-roledescription='slide' aria-labelledby='slide-2'><a href=\"http:\/\/www.deambulations-nomades.eu\/?page_id=49\" target=\"_self\"><img loading=\"lazy\" decoding=\"async\" src=\"https:\/\/www.deambulations-nomades.eu\/wp-content\/uploads\/2015\/03\/100_0676ACC-800x500-bis.jpg\" height=\"0\" width=\"800\" alt=\"INDE du NORD\" class=\"slider-30563 slide-30568 msDefaultImage\" \/><div class=\"caption-wrap\"><div class=\"caption\"><div>INDE du NORD<\/div><\/div><\/div><\/a><\/li>\n            <li style='display: none;' aria-roledescription='slide' aria-labelledby='slide-3'><a href=\"http:\/\/www.deambulations-nomades.eu\/?page_id=54\" target=\"_self\"><img loading=\"lazy\" decoding=\"async\" src=\"https:\/\/www.deambulations-nomades.eu\/wp-content\/uploads\/2015\/03\/inde-sud-18-22-aout-mumbai-enr-web-800-P1090081_ACC-800x500.jpg\" height=\"0\" width=\"800\" alt=\"INDE du SUD\" class=\"slider-30563 slide-30575 msDefaultImage\" \/><div class=\"caption-wrap\"><div class=\"caption\"><div>INDE du SUD<\/div><\/div><\/div><\/a><\/li>\n            <li style='display: none;' aria-roledescription='slide' aria-labelledby='slide-4'><a href=\"http:\/\/www.deambulations-nomades.eu\/?page_id=58\" target=\"_self\"><img loading=\"lazy\" decoding=\"async\" src=\"https:\/\/www.deambulations-nomades.eu\/wp-content\/uploads\/2015\/03\/cap-nord-8-norvege-cap-nord-enr-web-800-100_1525_ACC-800x500.jpg\" height=\"0\" width=\"800\" alt=\"M\u00c9DITERRAN\u00c9E ... CAP NORD\" class=\"slider-30563 slide-30572 msDefaultImage\" \/><div class=\"caption-wrap\"><div class=\"caption\"><div>M\u00c9DITERRAN\u00c9E ... CAP NORD<\/div><\/div><\/div><\/a><\/li>\n            <li style='display: none;' aria-roledescription='slide' aria-labelledby='slide-5'><a href=\"http:\/\/www.deambulations-nomades.eu\/?page_id=40\" target=\"_self\"><img loading=\"lazy\" decoding=\"async\" src=\"https:\/\/www.deambulations-nomades.eu\/wp-content\/uploads\/2015\/03\/USA-12-aout-enr-web-800-P1080591_bis-ACC-800x500.jpg\" height=\"0\" width=\"800\" alt=\"USA - CANADA\" class=\"slider-30563 slide-30578 msDefaultImage\" \/><div class=\"caption-wrap\"><div class=\"caption\"><div>USA - CANADA<\/div><\/div><\/div><\/a><\/li>\n            <li style='display: none;' aria-roledescription='slide' aria-labelledby='slide-6'><a href=\"http:\/\/www.deambulations-nomades.eu\/?page_id=56\" target=\"_self\"><img loading=\"lazy\" decoding=\"async\" src=\"https:\/\/www.deambulations-nomades.eu\/wp-content\/uploads\/2016\/03\/inde-centre-est-31-juillet-maheshwar-enr-web-800-P1170073_ACC-800x500.jpg\" height=\"0\" width=\"800\" alt=\"INDE CENTRE-EST\" class=\"slider-30563 slide-41128 msDefaultImage\" \/><div class=\"caption-wrap\"><div class=\"caption\"><div>INDE CENTRE-EST<\/div><\/div><\/div><\/a><\/li>\n            <li style='display: none;' aria-roledescription='slide' aria-labelledby='slide-7'><a href=\"http:\/\/www.deambulations-nomades.eu\/?page_id=354\" target=\"_self\"><img loading=\"lazy\" decoding=\"async\" src=\"https:\/\/www.deambulations-nomades.eu\/wp-content\/uploads\/2015\/03\/bretagne-enr-web-800-100_8555_ACC-800x500.jpg\" height=\"0\" width=\"800\" alt=\"BRETAGNE\" class=\"slider-30563 slide-30571 msDefaultImage\" \/><div class=\"caption-wrap\"><div class=\"caption\"><div>BRETAGNE<\/div><\/div><\/div><\/a><\/li>\n            <li style='display: none;' aria-roledescription='slide' aria-labelledby='slide-8'><a href=\"http:\/\/www.deambulations-nomades.eu\/?page_id=47\" target=\"_self\"><img loading=\"lazy\" decoding=\"async\" src=\"https:\/\/www.deambulations-nomades.eu\/wp-content\/uploads\/2015\/03\/amerique-sud-06-aout-enr-web-800-P1310578_obl_ACC-800x500.jpg\" height=\"0\" width=\"800\" alt=\"ARGENTINE ... CHILI ... BOLIVIE ... P\u00c9ROU\" class=\"slider-30563 slide-30569 msDefaultImage\" \/><div class=\"caption-wrap\"><div class=\"caption\"><div>ARGENTINE ... CHILI ... BOLIVIE ... P\u00c9ROU<\/div><\/div><\/div><\/a><\/li>\n            <li style='display: none;' aria-roledescription='slide' aria-labelledby='slide-9'><a href=\"http:\/\/www.deambulations-nomades.eu\/?page_id=10654\" target=\"_self\"><img loading=\"lazy\" decoding=\"async\" src=\"https:\/\/www.deambulations-nomades.eu\/wp-content\/uploads\/2015\/03\/irlande-04-novembre-enr-web-800-018_ACC-800x500.jpg\" height=\"0\" width=\"800\" alt=\"IRLANDE D&#039;AUTOMNE\" class=\"slider-30563 slide-30576 msDefaultImage\" \/><div class=\"caption-wrap\"><div class=\"caption\"><div>IRLANDE D'AUTOMNE<\/div><\/div><\/div><\/a><\/li>\n            <li style='display: none;' aria-roledescription='slide' aria-labelledby='slide-10'><a href=\"http:\/\/www.deambulations-nomades.eu\/?page_id=3638\" target=\"_self\"><img loading=\"lazy\" decoding=\"async\" src=\"https:\/\/www.deambulations-nomades.eu\/wp-content\/uploads\/2015\/03\/chine-06-07-aout-pekin-enr-web-800-P1380419_ACC-800x500.jpg\" height=\"0\" width=\"800\" alt=\"\" class=\"slider-30563 slide-30580 msDefaultImage\" \/><div class=\"caption-wrap\"><div class=\"caption\"><div>CHINE<\/div><\/div><\/div><\/a><\/li>\n            <li style='display: none;' aria-roledescription='slide' aria-labelledby='slide-11'><a href=\"http:\/\/www.deambulations-nomades.eu\/?page_id=6755\" target=\"_self\"><img loading=\"lazy\" decoding=\"async\" src=\"https:\/\/www.deambulations-nomades.eu\/wp-content\/uploads\/2015\/03\/P1470754-select-DVD-800_ACC-800x500.jpg\" height=\"0\" width=\"800\" alt=\"\u00c9GYPTE\" class=\"slider-30563 slide-30577 msDefaultImage\" title=\"\u00c9GYPTE\" \/><div class=\"caption-wrap\"><div class=\"caption\"><div>\u00c9GYPTE<\/div><\/div><\/div><\/a><\/li>\n            <li style='display: none;' aria-roledescription='slide' aria-labelledby='slide-12'><a href=\"http:\/\/www.deambulations-nomades.eu\/?page_id=6756\" target=\"_self\"><img loading=\"lazy\" decoding=\"async\" src=\"https:\/\/www.deambulations-nomades.eu\/wp-content\/uploads\/2015\/03\/birmanie-06-aout-inle-P1540443-bis-enr-web-800_ACC-800x500.jpg\" height=\"0\" width=\"800\" alt=\"BIRMANIE\" class=\"slider-30563 slide-30570 msDefaultImage\" \/><div class=\"caption-wrap\"><div class=\"caption\"><div>BIRMANIE<\/div><\/div><\/div><\/a><\/li>\n            <li style='display: none;' aria-roledescription='slide' aria-labelledby='slide-13'><img loading=\"lazy\" decoding=\"async\" src=\"https:\/\/www.deambulations-nomades.eu\/wp-content\/uploads\/2019\/10\/cuba-18-avril-cayo-guillermo-ACCUEIL-800x500-Photo6249-800x448.jpg\" height=\"0\" width=\"800\" alt=\"\" class=\"slider-30563 slide-61541 msDefaultImage\" title=\"cuba-18-avril-cayo-guillermo-ACCUEIL-800x500-Photo6249\" \/><div class=\"caption-wrap\"><div class=\"caption\"><div>CUBA<\/div><\/div><\/div><\/li>\n            <li style='display: none;' aria-roledescription='slide' aria-labelledby='slide-14'><a href=\"http:\/\/www.deambulations-nomades.eu\/?page_id=28740\" target=\"_self\"><img loading=\"lazy\" decoding=\"async\" src=\"https:\/\/www.deambulations-nomades.eu\/wp-content\/uploads\/2015\/09\/P1650651-intro-site-ter-800x500.jpg\" height=\"0\" width=\"800\" alt=\"NAMIBIE\" class=\"slider-30563 slide-36900 msDefaultImage\" \/><div class=\"caption-wrap\"><div class=\"caption\"><div>NAMIBIE<\/div><\/div><\/div><\/a><\/li>\n            <li style='display: none;' aria-roledescription='slide' aria-labelledby='slide-15'><a href=\"http:\/\/www.deambulations-nomades.eu\/?page_id=48037\" target=\"_self\"><img loading=\"lazy\" decoding=\"async\" src=\"https:\/\/www.deambulations-nomades.eu\/wp-content\/uploads\/2017\/02\/maroc-accueil-800-500-P1810659.jpg\" height=\"0\" width=\"800\" alt=\"MAROC\" class=\"slider-30563 slide-48636 msDefaultImage\" \/><div class=\"caption-wrap\"><div class=\"caption\"><div>MAROC<\/div><\/div><\/div><\/a><\/li>\n            <li style='display: none;' aria-roledescription='slide' aria-labelledby='slide-16'><a href=\"http:\/\/www.deambulations-nomades.eu\/?page_id=37741\" target=\"_self\"><img loading=\"lazy\" decoding=\"async\" src=\"https:\/\/www.deambulations-nomades.eu\/wp-content\/uploads\/2016\/11\/P1750256-accueil.jpg\" height=\"0\" width=\"800\" alt=\"VIETNAM...CAMBODGE...LAOS...THA\u00cfLANDE\" class=\"slider-30563 slide-42409 msDefaultImage\" \/><div class=\"caption-wrap\"><div class=\"caption\"><div>VIETNAM...CAMBODGE...LAOS...THA\u00cfLANDE<\/div><\/div><\/div><\/a><\/li>\n            <li style='display: none;' aria-roledescription='slide' aria-labelledby='slide-17'><a href=\"http:\/\/www.deambulations-nomades.eu\/?page_id=48155\" target=\"_self\"><img loading=\"lazy\" decoding=\"async\" src=\"https:\/\/www.deambulations-nomades.eu\/wp-content\/uploads\/2017\/09\/pav-or-japon-accueil-galerie-site-800x500-1.jpg\" height=\"0\" width=\"800\" alt=\"\" class=\"slider-30563 slide-50704 msDefaultImage\" \/><div class=\"caption-wrap\"><div class=\"caption\"><div>JAPON<\/div><\/div><\/div><\/a><\/li>\n            <li style='display: none;' aria-roledescription='slide' aria-labelledby='slide-18'><a href=\"http:\/\/www.deambulations-nomades.eu\/?page_id=54939\" target=\"_self\"><img loading=\"lazy\" decoding=\"async\" src=\"https:\/\/www.deambulations-nomades.eu\/wp-content\/uploads\/2018\/12\/photo-accueil-site-ladakh-500x800.jpg\" height=\"0\" width=\"800\" alt=\"INDE...LADDAKH\" class=\"slider-30563 slide-55416 msDefaultImage\" title=\"photo-accueil-site-ladakh-500x800\" \/><div class=\"caption-wrap\"><div class=\"caption\"><div>INDE-LADAKH<\/div><\/div><\/div><\/a><\/li>\n            <li style='display: none;' aria-roledescription='slide' aria-labelledby='slide-19'><a href=\"http:\/\/www.deambulations-nomades.eu\/?page_id=59128\" target=\"_self\"><img loading=\"lazy\" decoding=\"async\" src=\"https:\/\/www.deambulations-nomades.eu\/wp-content\/uploads\/2020\/11\/photo-accueil-site-mada-quater.jpg\" height=\"0\" width=\"800\" alt=\"\" class=\"slider-30563 slide-59301 msDefaultImage\" title=\"photo-accueil-site-mada-quater\" \/><div class=\"caption-wrap\"><div class=\"caption\"><div>MADAGASCAR<\/div><\/div><\/div><\/a><\/li>\n            <li style='display: none;' aria-roledescription='slide' aria-labelledby='slide-20'><img loading=\"lazy\" decoding=\"async\" src=\"https:\/\/www.deambulations-nomades.eu\/wp-content\/uploads\/2023\/05\/photo-accueil-site-Terre-Sainte-ter.jpg\" height=\"0\" width=\"800\" alt=\"\" class=\"slider-30563 slide-67174 msDefaultImage\" title=\"photo-accueil-site-Terre Sainte-ter\" \/><div class=\"caption-wrap\"><div class=\"caption\"><div>ISRAEL-CISJORDANIE-JORDANIE<\/div><\/div><\/div><\/li>\n            <li style='display: none;' aria-roledescription='slide' aria-labelledby='slide-21'><img loading=\"lazy\" decoding=\"async\" src=\"https:\/\/www.deambulations-nomades.eu\/wp-content\/uploads\/2023\/11\/photo-accueil-Site-Antilles-800-511-P1001546.jpg\" height=\"0\" width=\"800\" alt=\"\" class=\"slider-30563 slide-67747 msDefaultImage\" title=\"photo-accueil-Site-Antilles-800-511-P1001546\" \/><div class=\"caption-wrap\"><div class=\"caption\"><div>GUADELOUPE-MARTINIQUE<\/div><\/div><\/div><\/li>\n            <li style='display: none;' aria-roledescription='slide' aria-labelledby='slide-22'><img loading=\"lazy\" decoding=\"async\" src=\"https:\/\/www.deambulations-nomades.eu\/wp-content\/uploads\/2025\/02\/cloches-borobudur-800-x-533.jpg\" height=\"0\" width=\"800\" alt=\"INDONESIE\" class=\"slider-30563 slide-68123 msDefaultImage\" title=\"cloches-borobudur 800 x 533\" \/><div class=\"caption-wrap\"><div class=\"caption\"><div>INDON\u00c9SIE<\/div><\/div><\/div><\/li>\n            <li style='display: none;' aria-roledescription='slide' aria-labelledby='slide-23'><img loading=\"lazy\" decoding=\"async\" src=\"https:\/\/www.deambulations-nomades.eu\/wp-content\/uploads\/2025\/06\/0144-ISlande-16-mai-Vik-Skaftafell-Jokulsarlon-Egilsstadir-IMG_20250516_084026_8.jpg\" height=\"0\" width=\"800\" alt=\"ISLANDE\" class=\"slider-30563 slide-70525 msDefaultImage\" title=\"0144-ISlande-16 mai-Vik-Skaftafell-J\u00f3kuls\u00e1rl\u00f3n-Egilsstadir-IMG_20250516_084026_8\" \/><div class=\"caption-wrap\"><div class=\"caption\"><div>ISLANDE<\/div><\/div><\/div><\/li>\n        <\/ul>\n        \n    <\/div>\n<\/div><\/div>\n<p style=\"text-align: center;\">\n<table id=\"tablepress-301\" class=\"tablepress tablepress-id-301\">\n<tbody>\n<tr class=\"row-1\">\n\t<td class=\"column-1\"><a href=\"https:\/\/www.deambulations-nomades.eu\/?page_id=50124\"><img loading=\"lazy\" decoding=\"async\" src=\"https:\/\/www.deambulations-nomades.eu\/wp-content\/uploads\/2019\/10\/photo-galerie-accueil-russie-PICT0284-150x150.jpg\" alt=\"RUSSIE\" width=\"93\" height=\"93\" class=\"aligncenter size-thumbnail wp-image-61461\" \/><\/td><td class=\"column-2\"><a href=\"https:\/\/www.deambulations-nomades.eu\/?page_id=50130\"><img loading=\"lazy\" decoding=\"async\" src=\"https:\/\/www.deambulations-nomades.eu\/wp-content\/uploads\/2019\/10\/photo-accueil-Ecosse-800x500-PICT0019-150x150.jpg\" alt=\"ECOSSE\" width=\"93\" height=\"93\" class=\"aligncenter size-thumbnail wp-image-61499\" \/><\/td><td class=\"column-3\"><a href=\"https:\/\/www.deambulations-nomades.eu\/?page_id=49\"><img loading=\"lazy\" decoding=\"async\" src=\"https:\/\/www.deambulations-nomades.eu\/wp-content\/uploads\/2019\/10\/100_0676ACC-800x500-bis-150x150.jpg\" alt=\"\" width=\"93\" height=\"93\" class=\"aligncenter size-thumbnail wp-image-61484\" \/><\/td><td class=\"column-4\"><a href=\"https:\/\/www.deambulations-nomades.eu\/?page_id=54\"><img loading=\"lazy\" decoding=\"async\" src=\"https:\/\/www.deambulations-nomades.eu\/wp-content\/uploads\/2019\/10\/inde-sud-18-22-aout-mumbai-enr-web-800-P1090081_ACC-800x500-150x150.jpg\" alt=\"\" width=\"93\" height=\"93\" class=\"aligncenter size-thumbnail wp-image-61492\" \/><\/td><td class=\"column-5\"><a href=\"https:\/\/www.deambulations-nomades.eu\/?page_id=58\"><img loading=\"lazy\" decoding=\"async\" src=\"https:\/\/www.deambulations-nomades.eu\/wp-content\/uploads\/2019\/10\/cap-nord-8-norvege-cap-nord-enr-web-800-100_1525_ACC-800x500-1-150x150.jpg\" alt=\"\" width=\"93\" height=\"93\" class=\"aligncenter size-thumbnail wp-image-61489\" \/><\/td><td class=\"column-6\"><a href=\"https:\/\/www.deambulations-nomades.eu\/?page_id=40\"><img loading=\"lazy\" decoding=\"async\" src=\"https:\/\/www.deambulations-nomades.eu\/wp-content\/uploads\/2019\/10\/USA-12-aout-enr-web-800-P1080591_bis-ACC-800x500-150x150.jpg\" alt=\"\" width=\"93\" height=\"93\" class=\"aligncenter size-thumbnail wp-image-61503\" \/><\/td><td class=\"column-7\"><a href=\"https:\/\/www.deambulations-nomades.eu\/?page_id=56\"><img loading=\"lazy\" decoding=\"async\" src=\"https:\/\/www.deambulations-nomades.eu\/wp-content\/uploads\/2019\/10\/inde-centre-est-31-juillet-maheshwar-enr-web-800-P1170073_ACC-800x500-150x150.jpg\" alt=\"\" width=\"93\" height=\"93\" class=\"aligncenter size-thumbnail wp-image-61491\" \/><\/td><td class=\"column-8\"><a href=\"https:\/\/www.deambulations-nomades.eu\/?page_id=354\"><img loading=\"lazy\" decoding=\"async\" src=\"https:\/\/www.deambulations-nomades.eu\/wp-content\/uploads\/2019\/10\/bretagne-enr-web-800-100_8555_ACC-800x500-150x150.jpg\" alt=\"\" width=\"93\" height=\"93\" class=\"aligncenter size-thumbnail wp-image-61488\" \/><\/td>\n<\/tr>\n<tr class=\"row-2\">\n\t<td class=\"column-1\"><a href=\"https:\/\/www.deambulations-nomades.eu\/?page_id=47\"><img loading=\"lazy\" decoding=\"async\" src=\"https:\/\/www.deambulations-nomades.eu\/wp-content\/uploads\/2019\/10\/amerique-sud-06-aout-enr-web-800-P1310578_obl_ACC-800x500-150x150.jpg\" alt=\"\" width=\"93\" height=\"93\" class=\"aligncenter size-thumbnail wp-image-61486\" \/><\/td><td class=\"column-2\"><a href=\"https:\/\/www.deambulations-nomades.eu\/?page_id=10654\"><img loading=\"lazy\" decoding=\"async\" src=\"https:\/\/www.deambulations-nomades.eu\/wp-content\/uploads\/2019\/10\/irlande-04-novembre-enr-web-800-018_ACC-800x500-150x150.jpg\" alt=\"\" width=\"93\" height=\"93\" class=\"aligncenter size-thumbnail wp-image-61493\" \/><\/td><td class=\"column-3\"><a href=\"https:\/\/www.deambulations-nomades.eu\/?page_id=3638\"><img loading=\"lazy\" decoding=\"async\" src=\"https:\/\/www.deambulations-nomades.eu\/wp-content\/uploads\/2019\/10\/chine-06-07-aout-pekin-enr-web-800-P1380419_ACC-800x500-1-150x150.jpg\" alt=\"\" width=\"93\" height=\"93\" class=\"aligncenter size-thumbnail wp-image-61490\" \/><\/td><td class=\"column-4\"><a href=\"https:\/\/www.deambulations-nomades.eu\/?page_id=6755\"><img loading=\"lazy\" decoding=\"async\" src=\"https:\/\/www.deambulations-nomades.eu\/wp-content\/uploads\/2019\/10\/P1470754-select-DVD-800_ACC-800x500-150x150.jpg\" alt=\"\" width=\"93\" height=\"93\" class=\"aligncenter size-thumbnail wp-image-61495\" \/><\/td><td class=\"column-5\"><a href=\"https:\/\/www.deambulations-nomades.eu\/?page_id=6756\"><img loading=\"lazy\" decoding=\"async\" src=\"https:\/\/www.deambulations-nomades.eu\/wp-content\/uploads\/2019\/10\/birmanie-06-aout-inle-P1540443-bis-enr-web-800_ACC-800x500-150x150.jpg\" alt=\"BIRMANIE\" width=\"93\" height=\"93\" class=\"aligncenter size-thumbnail wp-image-61487\" \/><\/td><td class=\"column-6\"><a href=\"https:\/\/www.deambulations-nomades.eu\/?page_id=26255\"><img loading=\"lazy\" decoding=\"async\" src=\"https:\/\/www.deambulations-nomades.eu\/wp-content\/uploads\/2015\/06\/slider-accueil-cuba-150x150.jpg\" alt=\"CUBA\" width=\"93\" height=\"93\" class=\"aligncenter size-thumbnail wp-image-32902\" \/><\/td><td class=\"column-7\"><a href=\"https:\/\/www.deambulations-nomades.eu\/?page_id=28740\"><img loading=\"lazy\" decoding=\"async\" src=\"https:\/\/www.deambulations-nomades.eu\/wp-content\/uploads\/2019\/10\/P1650651-intro-site-ter-150x150.jpg\" alt=\"\" width=\"93\" height=\"93\" class=\"aligncenter size-thumbnail wp-image-61496\" \/><\/td><td class=\"column-8\"><a href=\"https:\/\/www.deambulations-nomades.eu\/?page_id=48037\"><img loading=\"lazy\" decoding=\"async\" src=\"https:\/\/www.deambulations-nomades.eu\/wp-content\/uploads\/2019\/10\/maroc-accueil-800-500-P1810659-150x150.jpg\" alt=\"\" width=\"93\" height=\"93\" class=\"aligncenter size-thumbnail wp-image-61494\" \/><\/td>\n<\/tr>\n<tr class=\"row-3\">\n\t<td class=\"column-1\"><a href=\"https:\/\/www.deambulations-nomades.eu\/?page_id=37741\"><img loading=\"lazy\" decoding=\"async\" src=\"https:\/\/www.deambulations-nomades.eu\/wp-content\/uploads\/2019\/10\/P1750256-accueil-150x150.jpg\" alt=\"\" width=\"93\" height=\"93\" class=\"aligncenter size-thumbnail wp-image-61497\" \/><\/td><td class=\"column-2\"><a href=\"https:\/\/www.deambulations-nomades.eu\/?page_id=48155\"><img loading=\"lazy\" decoding=\"async\" src=\"https:\/\/www.deambulations-nomades.eu\/wp-content\/uploads\/2019\/10\/pav-or-japon-accueil-galerie-site-800x500-150x150.jpg\" alt=\"\" width=\"93\" height=\"93\" class=\"aligncenter size-thumbnail wp-image-61498\" \/><\/td><td class=\"column-3\"><a href=\"https:\/\/www.deambulations-nomades.eu\/?page_id=54939\"><img loading=\"lazy\" decoding=\"async\" src=\"https:\/\/www.deambulations-nomades.eu\/wp-content\/uploads\/2019\/10\/1796-ladakh-03-aout-padum-P1930849-150x150.jpg\" alt=\"\" width=\"93\" height=\"93\" class=\"aligncenter size-thumbnail wp-image-61485\" \/><\/td><td class=\"column-4\"><a href=\"https:\/\/www.deambulations-nomades.eu\/?page_id=59128\"><img loading=\"lazy\" decoding=\"async\" src=\"https:\/\/www.deambulations-nomades.eu\/wp-content\/uploads\/2020\/11\/photo-accueil-site-mada-quater-150x150.jpg\" alt=\"\" width=\"93\" height=\"93\" class=\"aligncenter size-thumbnail wp-image-64061\" \/><br \/>\n<\/td><td class=\"column-5\"><a href=\"https:\/\/www.deambulations-nomades.eu\/?page_id=66097\"><img loading=\"lazy\" decoding=\"async\" src=\"https:\/\/www.deambulations-nomades.eu\/wp-content\/uploads\/2023\/05\/photo-accueil-site-Terre-Sainte-ter-150x150.jpg\" alt=\"\" width=\"93\" height=\"93\" class=\"aligncenter size-thumbnail wp-image-67169\" \/><\/td><td class=\"column-6\"><a href=\"https:\/\/www.deambulations-nomades.eu\/?page_id=66129\"><img loading=\"lazy\" decoding=\"async\" src=\"https:\/\/www.deambulations-nomades.eu\/wp-content\/uploads\/2023\/11\/photo-accueil-Site-Antilles-800-511-P1001546-150x150.jpg\" alt=\"\" width=\"93\" height=\"93\" class=\"aligncenter size-thumbnail wp-image-67739\" \/><\/td><td class=\"column-7\"><a href=\"https:\/\/www.deambulations-nomades.eu\/?page_id=67927\"><img decoding=\"async\" src=\"https:\/\/www.deambulations-nomades.eu\/wp-content\/uploads\/2025\/02\/cloches-borobudur-800-x-533-150x150.jpg\" alt=\"\" width=\"93\"height=\"93\"class=\"aligncenter size-thumbnail wp-image-68120\" \/><br \/>\n<br \/>\n<\/td><td class=\"column-8\"><a href=\"https:\/\/www.deambulations-nomades.eu\/?page_id=70222\"><img loading=\"lazy\" decoding=\"async\" src=\"https:\/\/www.deambulations-nomades.eu\/wp-content\/uploads\/2025\/06\/0144-ISlande-16-mai-Vik-Skaftafell-Jokulsarlon-Egilsstadir-IMG_20250516_084026_8-150x150.jpg\" alt=\"\" width=\"93\" height=\"93\" class=\"aligncenter size-thumbnail wp-image-70524\" \/><\/td>\n<\/tr>\n<\/tbody>\n<\/table>\n<!-- #tablepress-301 from cache --><\/p>\n<p>&nbsp;<\/p>\n<p>&nbsp;<\/p>\n","protected":false},"excerpt":{"rendered":"<p>&nbsp; &nbsp;<\/p>\n","protected":false},"author":1,"featured_media":0,"parent":0,"menu_order":4,"comment_status":"closed","ping_status":"open","template":"","meta":{"footnotes":""},"class_list":["post-795","page","type-page","status-publish","hentry"],"_links":{"self":[{"href":"https:\/\/www.deambulations-nomades.eu\/index.php?rest_route=\/wp\/v2\/pages\/795","targetHints":{"allow":["GET"]}}],"collection":[{"href":"https:\/\/www.deambulations-nomades.eu\/index.php?rest_route=\/wp\/v2\/pages"}],"about":[{"href":"https:\/\/www.deambulations-nomades.eu\/index.php?rest_route=\/wp\/v2\/types\/page"}],"author":[{"embeddable":true,"href":"https:\/\/www.deambulations-nomades.eu\/index.php?rest_route=\/wp\/v2\/users\/1"}],"replies":[{"embeddable":true,"href":"https:\/\/www.deambulations-nomades.eu\/index.php?rest_route=%2Fwp%2Fv2%2Fcomments&post=795"}],"version-history":[{"count":58,"href":"https:\/\/www.deambulations-nomades.eu\/index.php?rest_route=\/wp\/v2\/pages\/795\/revisions"}],"predecessor-version":[{"id":70526,"href":"https:\/\/www.deambulations-nomades.eu\/index.php?rest_route=\/wp\/v2\/pages\/795\/revisions\/70526"}],"wp:attachment":[{"href":"https:\/\/www.deambulations-nomades.eu\/index.php?rest_route=%2Fwp%2Fv2%2Fmedia&parent=795"}],"curies":[{"name":"wp","href":"https:\/\/api.w.org\/{rel}","templated":true}]}}