{"id":8444,"date":"2014-06-23T18:28:01","date_gmt":"2014-06-23T18:28:01","guid":{"rendered":"http:\/\/www.deambulations-nomades.eu\/?page_id=8444"},"modified":"2021-02-19T19:15:08","modified_gmt":"2021-02-19T19:15:08","slug":"20-vers-seattle-usa","status":"publish","type":"page","link":"https:\/\/www.deambulations-nomades.eu\/?page_id=8444","title":{"rendered":"Vers Seattle-Portland-USA"},"content":{"rendered":"<p style=\"padding-left: 5px; text-align: right;\"><strong><a href=\"http:\/\/www.deambulations-nomades.eu\/?page_id=8442\"><img loading=\"lazy\" decoding=\"async\" class=\" size-full wp-image-29433 alignleft\" src=\"http:\/\/www.deambulations-nomades.eu\/wp-content\/uploads\/2015\/02\/precedent-flech1.jpg\" alt=\"precedent-flech\" width=\"25\" height=\"21\" \/><\/a><\/strong><a id=\"H\"><\/a> <span style=\"color: #c3a954; font-size: 12px;\"><a style=\"color: #c3a954;\" href=\"http:\/\/www.deambulations-nomades.eu\/?page_id=28567\" target=\"_blank\" rel=\"noopener\">VOIR page priv\u00e9e<\/a><\/span><span style=\"font-size: 10px;\"><strong><a href=\"http:\/\/www.deambulations-nomades.eu\/?page_id=8446\"><img loading=\"lazy\" decoding=\"async\" class=\" size-full wp-image-29434 alignright\" src=\"http:\/\/www.deambulations-nomades.eu\/wp-content\/uploads\/2015\/02\/suivant-flech1.jpg\" alt=\"suivant-flech\" width=\"25\" height=\"21\" \/><\/a><\/strong><\/span><\/p>\n<p>&nbsp;<\/p>\n<table style=\"width: 100%px;\" border=\"0\" cellspacing=\"0\">\n<tbody>\n<tr>\n<td style=\"width: 523.883px;\"><div id='gallery-1' class='gallery galleryid-8444 gallery-columns-4 gallery-size-thumbnail'><figure class='gallery-item'>\n\t\t\t<div class='gallery-icon landscape'>\n\t\t\t\t<a href='https:\/\/www.deambulations-nomades.eu\/wp-content\/uploads\/2014\/07\/USA-01-aout-enr-web-800-P1040578_bis.jpg' title=\"\" data-rl_title=\"\" class=\"rl-gallery-link\" data-rl_caption=\"\" data-rel=\"lightbox-gallery-1\"><img loading=\"lazy\" decoding=\"async\" width=\"150\" height=\"150\" src=\"https:\/\/www.deambulations-nomades.eu\/wp-content\/uploads\/2014\/07\/USA-01-aout-enr-web-800-P1040578_bis-150x150.jpg\" class=\"attachment-thumbnail size-thumbnail\" alt=\"\" \/><\/a>\n\t\t\t<\/div><\/figure><figure class='gallery-item'>\n\t\t\t<div class='gallery-icon landscape'>\n\t\t\t\t<a href='https:\/\/www.deambulations-nomades.eu\/wp-content\/uploads\/2014\/07\/USA-01-aout-enr-web-800-P1040572_bis.jpg' title=\"\" data-rl_title=\"\" class=\"rl-gallery-link\" data-rl_caption=\"\" data-rel=\"lightbox-gallery-1\"><img loading=\"lazy\" decoding=\"async\" width=\"150\" height=\"150\" src=\"https:\/\/www.deambulations-nomades.eu\/wp-content\/uploads\/2014\/07\/USA-01-aout-enr-web-800-P1040572_bis-150x150.jpg\" class=\"attachment-thumbnail size-thumbnail\" alt=\"\" \/><\/a>\n\t\t\t<\/div><\/figure><figure class='gallery-item'>\n\t\t\t<div class='gallery-icon landscape'>\n\t\t\t\t<a href='https:\/\/www.deambulations-nomades.eu\/wp-content\/uploads\/2014\/07\/USA-01-aout-enr-web-800-P1040579_bis1.jpg' title=\"\" data-rl_title=\"\" class=\"rl-gallery-link\" data-rl_caption=\"\" data-rel=\"lightbox-gallery-1\"><img loading=\"lazy\" decoding=\"async\" width=\"150\" height=\"150\" src=\"https:\/\/www.deambulations-nomades.eu\/wp-content\/uploads\/2014\/07\/USA-01-aout-enr-web-800-P1040579_bis1-150x150.jpg\" class=\"attachment-thumbnail size-thumbnail\" alt=\"\" \/><\/a>\n\t\t\t<\/div><\/figure><figure class='gallery-item'>\n\t\t\t<div class='gallery-icon landscape'>\n\t\t\t\t<a href='https:\/\/www.deambulations-nomades.eu\/wp-content\/uploads\/2014\/07\/USA-01-aout-enr-web-800-P1040590_bis.jpg' title=\"\" data-rl_title=\"\" class=\"rl-gallery-link\" data-rl_caption=\"\" data-rel=\"lightbox-gallery-1\"><img loading=\"lazy\" decoding=\"async\" width=\"150\" height=\"150\" src=\"https:\/\/www.deambulations-nomades.eu\/wp-content\/uploads\/2014\/07\/USA-01-aout-enr-web-800-P1040590_bis-150x150.jpg\" class=\"attachment-thumbnail size-thumbnail\" alt=\"\" \/><\/a>\n\t\t\t<\/div><\/figure><figure class='gallery-item'>\n\t\t\t<div class='gallery-icon landscape'>\n\t\t\t\t<a href='https:\/\/www.deambulations-nomades.eu\/wp-content\/uploads\/2014\/07\/USA-01-aout-enr-web-800-P1040599_bis.jpg' title=\"\" data-rl_title=\"\" class=\"rl-gallery-link\" data-rl_caption=\"\" data-rel=\"lightbox-gallery-1\"><img loading=\"lazy\" decoding=\"async\" width=\"150\" height=\"150\" src=\"https:\/\/www.deambulations-nomades.eu\/wp-content\/uploads\/2014\/07\/USA-01-aout-enr-web-800-P1040599_bis-150x150.jpg\" class=\"attachment-thumbnail size-thumbnail\" alt=\"\" \/><\/a>\n\t\t\t<\/div><\/figure><figure class='gallery-item'>\n\t\t\t<div class='gallery-icon portrait'>\n\t\t\t\t<a href='https:\/\/www.deambulations-nomades.eu\/wp-content\/uploads\/2014\/07\/USA-01-aout-enr-web-800-P1040588_bis.jpg' title=\"\" data-rl_title=\"\" class=\"rl-gallery-link\" data-rl_caption=\"\" data-rel=\"lightbox-gallery-1\"><img loading=\"lazy\" decoding=\"async\" width=\"150\" height=\"150\" src=\"https:\/\/www.deambulations-nomades.eu\/wp-content\/uploads\/2014\/07\/USA-01-aout-enr-web-800-P1040588_bis-150x150.jpg\" class=\"attachment-thumbnail size-thumbnail\" alt=\"\" \/><\/a>\n\t\t\t<\/div><\/figure><figure class='gallery-item'>\n\t\t\t<div class='gallery-icon landscape'>\n\t\t\t\t<a href='https:\/\/www.deambulations-nomades.eu\/wp-content\/uploads\/2014\/07\/USA-01-aout-enr-web-800-P1040586_bis.jpg' title=\"\" data-rl_title=\"\" class=\"rl-gallery-link\" data-rl_caption=\"\" data-rel=\"lightbox-gallery-1\"><img loading=\"lazy\" decoding=\"async\" width=\"150\" height=\"150\" src=\"https:\/\/www.deambulations-nomades.eu\/wp-content\/uploads\/2014\/07\/USA-01-aout-enr-web-800-P1040586_bis-150x150.jpg\" class=\"attachment-thumbnail size-thumbnail\" alt=\"\" srcset=\"https:\/\/www.deambulations-nomades.eu\/wp-content\/uploads\/2014\/07\/USA-01-aout-enr-web-800-P1040586_bis-150x150.jpg 150w, https:\/\/www.deambulations-nomades.eu\/wp-content\/uploads\/2014\/07\/USA-01-aout-enr-web-800-P1040586_bis-400x400.jpg 400w, https:\/\/www.deambulations-nomades.eu\/wp-content\/uploads\/2014\/07\/USA-01-aout-enr-web-800-P1040586_bis.jpg 800w\" sizes=\"auto, (max-width: 150px) 100vw, 150px\" \/><\/a>\n\t\t\t<\/div><\/figure><figure class='gallery-item'>\n\t\t\t<div class='gallery-icon landscape'>\n\t\t\t\t<a href='https:\/\/www.deambulations-nomades.eu\/wp-content\/uploads\/2014\/07\/USA-01-aout-enr-web-800-P1040574_bis.jpg' title=\"\" data-rl_title=\"\" class=\"rl-gallery-link\" data-rl_caption=\"\" data-rel=\"lightbox-gallery-1\"><img loading=\"lazy\" decoding=\"async\" width=\"150\" height=\"150\" src=\"https:\/\/www.deambulations-nomades.eu\/wp-content\/uploads\/2014\/07\/USA-01-aout-enr-web-800-P1040574_bis-150x150.jpg\" class=\"attachment-thumbnail size-thumbnail\" alt=\"\" \/><\/a>\n\t\t\t<\/div><\/figure>\n\t\t<\/div>\n<\/p>\n<p>&nbsp;<\/p>\n<p>&nbsp;<\/p>\n<p>&nbsp;<\/p>\n<p><div id='gallery-2' class='gallery galleryid-8444 gallery-columns-4 gallery-size-thumbnail'><figure class='gallery-item'>\n\t\t\t<div class='gallery-icon landscape'>\n\t\t\t\t<a href='https:\/\/www.deambulations-nomades.eu\/wp-content\/uploads\/2014\/07\/USA-01-aout-enr-web-800-P1040603_bis.jpg' title=\"\" data-rl_title=\"\" class=\"rl-gallery-link\" data-rl_caption=\"\" data-rel=\"lightbox-gallery-2\"><img loading=\"lazy\" decoding=\"async\" width=\"150\" height=\"150\" src=\"https:\/\/www.deambulations-nomades.eu\/wp-content\/uploads\/2014\/07\/USA-01-aout-enr-web-800-P1040603_bis-150x150.jpg\" class=\"attachment-thumbnail size-thumbnail\" alt=\"\" \/><\/a>\n\t\t\t<\/div><\/figure><figure class='gallery-item'>\n\t\t\t<div class='gallery-icon landscape'>\n\t\t\t\t<a href='https:\/\/www.deambulations-nomades.eu\/wp-content\/uploads\/2014\/07\/USA-01-aout-enr-web-800-P1040600_bis.jpg' title=\"\" data-rl_title=\"\" class=\"rl-gallery-link\" data-rl_caption=\"\" data-rel=\"lightbox-gallery-2\"><img loading=\"lazy\" decoding=\"async\" width=\"150\" height=\"150\" src=\"https:\/\/www.deambulations-nomades.eu\/wp-content\/uploads\/2014\/07\/USA-01-aout-enr-web-800-P1040600_bis-150x150.jpg\" class=\"attachment-thumbnail size-thumbnail\" alt=\"\" \/><\/a>\n\t\t\t<\/div><\/figure><figure class='gallery-item'>\n\t\t\t<div class='gallery-icon landscape'>\n\t\t\t\t<a href='https:\/\/www.deambulations-nomades.eu\/wp-content\/uploads\/2014\/07\/USA-01-aout-enr-web-800-P1040613_bis.jpg' title=\"\" data-rl_title=\"\" class=\"rl-gallery-link\" data-rl_caption=\"\" data-rel=\"lightbox-gallery-2\"><img loading=\"lazy\" decoding=\"async\" width=\"150\" height=\"150\" src=\"https:\/\/www.deambulations-nomades.eu\/wp-content\/uploads\/2014\/07\/USA-01-aout-enr-web-800-P1040613_bis-150x150.jpg\" class=\"attachment-thumbnail size-thumbnail\" alt=\"\" \/><\/a>\n\t\t\t<\/div><\/figure><figure class='gallery-item'>\n\t\t\t<div class='gallery-icon landscape'>\n\t\t\t\t<a href='https:\/\/www.deambulations-nomades.eu\/wp-content\/uploads\/2014\/07\/USA-01-aout-enr-web-800-P1040618_bis.jpg' title=\"\" data-rl_title=\"\" class=\"rl-gallery-link\" data-rl_caption=\"\" data-rel=\"lightbox-gallery-2\"><img loading=\"lazy\" decoding=\"async\" width=\"150\" height=\"150\" src=\"https:\/\/www.deambulations-nomades.eu\/wp-content\/uploads\/2014\/07\/USA-01-aout-enr-web-800-P1040618_bis-150x150.jpg\" class=\"attachment-thumbnail size-thumbnail\" alt=\"\" \/><\/a>\n\t\t\t<\/div><\/figure><figure class='gallery-item'>\n\t\t\t<div class='gallery-icon landscape'>\n\t\t\t\t<a href='https:\/\/www.deambulations-nomades.eu\/wp-content\/uploads\/2014\/07\/USA-01-aout-enr-web-800-P1040617_bis.jpg' title=\"\" data-rl_title=\"\" class=\"rl-gallery-link\" data-rl_caption=\"\" data-rel=\"lightbox-gallery-2\"><img loading=\"lazy\" decoding=\"async\" width=\"150\" height=\"150\" src=\"https:\/\/www.deambulations-nomades.eu\/wp-content\/uploads\/2014\/07\/USA-01-aout-enr-web-800-P1040617_bis-150x150.jpg\" class=\"attachment-thumbnail size-thumbnail\" alt=\"\" \/><\/a>\n\t\t\t<\/div><\/figure><figure class='gallery-item'>\n\t\t\t<div class='gallery-icon landscape'>\n\t\t\t\t<a href='https:\/\/www.deambulations-nomades.eu\/wp-content\/uploads\/2014\/07\/USA-01-aout-enr-web-800-P1040614_bis.jpg' title=\"\" data-rl_title=\"\" class=\"rl-gallery-link\" data-rl_caption=\"\" data-rel=\"lightbox-gallery-2\"><img loading=\"lazy\" decoding=\"async\" width=\"150\" height=\"150\" src=\"https:\/\/www.deambulations-nomades.eu\/wp-content\/uploads\/2014\/07\/USA-01-aout-enr-web-800-P1040614_bis-150x150.jpg\" class=\"attachment-thumbnail size-thumbnail\" alt=\"\" \/><\/a>\n\t\t\t<\/div><\/figure><figure class='gallery-item'>\n\t\t\t<div class='gallery-icon landscape'>\n\t\t\t\t<a href='https:\/\/www.deambulations-nomades.eu\/wp-content\/uploads\/2014\/07\/USA-01-aout-enr-web-800-P1040619_bis.jpg' title=\"\" data-rl_title=\"\" class=\"rl-gallery-link\" data-rl_caption=\"\" data-rel=\"lightbox-gallery-2\"><img loading=\"lazy\" decoding=\"async\" width=\"150\" height=\"150\" src=\"https:\/\/www.deambulations-nomades.eu\/wp-content\/uploads\/2014\/07\/USA-01-aout-enr-web-800-P1040619_bis-150x150.jpg\" class=\"attachment-thumbnail size-thumbnail\" alt=\"\" \/><\/a>\n\t\t\t<\/div><\/figure>\n\t\t<\/div>\n<\/td>\n<td style=\"width: 239.117px; text-align: left;\"><span style=\"font-size: 12px;\">Les limites de ce qui est nomm\u00e9 l&rsquo;Am\u00e9rique du Nord diff\u00e8rent selon les points de vue.<\/span><\/p>\n<p><span style=\"font-size: 12px;\"> Pour l&rsquo;Organisation des Nations unies, l&rsquo;Am\u00e9rique du Nord comprend uniquement le Canada, les \u00c9tats-Unis, les Bermudes ainsi que Saint-Pierre et Miquelon<sup id=\"cite_ref-1\" class=\"reference\"><a href=\"https:\/\/fr.wikipedia.org\/wiki\/Am%C3%A9rique_du_Nord#cite_note-1\">1<\/a><\/sup>. Cependant, le Mexique est membre de l&rsquo;Accord de libre-\u00e9change nord-am\u00e9ricain et commun\u00e9ment admis dans le sous-continent.<\/span><\/p>\n<p><span style=\"font-size: 12px;\">Le nord du continent am\u00e9ricain regroupe donc les pays suivants :<\/span><\/p>\n<ul>\n<li><span style=\"font-size: 12px;\">le Groenland, territoire d&rsquo;outre-mer autonome du Danemark ;<\/span><\/li>\n<li><span style=\"font-size: 12px;\">le Canada, \u00e0 qui appartiennent de grandes \u00eeles se trouvant au large de ses c\u00f4tes :<\/span>\n<ul>\n<li><span style=\"font-size: 12px;\">l\u2019\u00eele de Vancouver et les \u00eeles de la Reine-Charlotte \u00e0 l\u2019ouest,<\/span><\/li>\n<li><span style=\"font-size: 12px;\">l\u2019\u00eele du Prince-\u00c9douard, Terre-Neuve et l\u2019\u00eele du Cap-Breton \u00e0 l\u2019est,<\/span><\/li>\n<li><span style=\"font-size: 12px;\">l\u2019archipel arctique canadien, avec notamment l&rsquo;\u00eele d&rsquo;Ellesmere, l\u2019\u00eele de Baffin, et l\u2019\u00eele Victoria, au nord ;<\/span><\/li>\n<\/ul>\n<\/li>\n<\/ul>\n<p>&nbsp;<\/p>\n<ul>\n<li><span style=\"font-size: 12px;\">au large des c\u00f4tes du Canada, l&rsquo;archipel de Saint-Pierre-et-Miquelon, territoire rattach\u00e9 \u00e0 la France ;<\/span><\/li>\n<li><span style=\"font-size: 12px;\">les \u00c9tats-Unis, y compris les \u00eeles Al\u00e9outiennes et l\u2019Alaska ;<\/span><\/li>\n<li><span style=\"font-size: 12px;\">les Bermudes, territoire d&rsquo;outre-mer autonome du Royaume-Uni ;<\/span><\/li>\n<li><span style=\"font-size: 12px;\">le Mexique, qui, g\u00e9opolitiquement, fait partie de l&rsquo;Am\u00e9rique du Nord (en \u00e9tant membre de l&rsquo;ALENA), bien que, g\u00e9ographiquement, son extr\u00e9mit\u00e9 sud, au-del\u00e0 de l&rsquo;isthme de Tehuantepec, appartienne \u00e0 l&rsquo;Am\u00e9rique centrale et que, culturellement, il partage l&rsquo;histoire de la civilisation pr\u00e9colombienne en partie commune avec ses voisins de l&rsquo;Am\u00e9rique latine.<\/span><\/li>\n<\/ul>\n<\/td>\n<\/tr>\n<tr>\n<td style=\"width: 523.883px;\"><\/td>\n<td style=\"width: 239.117px;\"><\/td>\n<\/tr>\n<\/tbody>\n<\/table>\n<p style=\"text-align: right;\"><a href=\"#H\"><img loading=\"lazy\" decoding=\"async\" class=\"alignright wp-image-28888 size-full\" title=\"retour en haut de page\" src=\"http:\/\/www.deambulations-nomades.eu\/wp-content\/uploads\/2015\/02\/vers-le-haut-flech.jpg\" alt=\"retour en haut de page\" width=\"37\" height=\"55\" \/><\/a><\/p>\n<div id=\"s3gt_translate_tooltip\" style=\"left: 856px; top: 281px;\"><\/div>\n","protected":false},"excerpt":{"rendered":"<p>VOIR page priv\u00e9e &nbsp; &nbsp; &nbsp; &nbsp; Les limites de ce qui est nomm\u00e9 l&rsquo;Am\u00e9rique du Nord diff\u00e8rent selon les points de vue. Pour l&rsquo;Organisation des Nations unies, l&rsquo;Am\u00e9rique du Nord comprend uniquement le Canada, les \u00c9tats-Unis, les Bermudes ainsi que Saint-Pierre et Miquelon1. Cependant, le Mexique est membre de l&rsquo;Accord de libre-\u00e9change nord-am\u00e9ricain et &hellip; <a href=\"https:\/\/www.deambulations-nomades.eu\/?page_id=8444\" class=\"more-link\">Continuer la lecture de <span class=\"screen-reader-text\">Vers Seattle-Portland-USA<\/span>  <span class=\"meta-nav\">&rarr;<\/span><\/a><\/p>\n","protected":false},"author":2,"featured_media":0,"parent":44,"menu_order":12,"comment_status":"closed","ping_status":"open","template":"page-templates\/full-width.php","meta":{"footnotes":""},"class_list":["post-8444","page","type-page","status-publish","hentry"],"_links":{"self":[{"href":"https:\/\/www.deambulations-nomades.eu\/index.php?rest_route=\/wp\/v2\/pages\/8444","targetHints":{"allow":["GET"]}}],"collection":[{"href":"https:\/\/www.deambulations-nomades.eu\/index.php?rest_route=\/wp\/v2\/pages"}],"about":[{"href":"https:\/\/www.deambulations-nomades.eu\/index.php?rest_route=\/wp\/v2\/types\/page"}],"author":[{"embeddable":true,"href":"https:\/\/www.deambulations-nomades.eu\/index.php?rest_route=\/wp\/v2\/users\/2"}],"replies":[{"embeddable":true,"href":"https:\/\/www.deambulations-nomades.eu\/index.php?rest_route=%2Fwp%2Fv2%2Fcomments&post=8444"}],"version-history":[{"count":19,"href":"https:\/\/www.deambulations-nomades.eu\/index.php?rest_route=\/wp\/v2\/pages\/8444\/revisions"}],"predecessor-version":[{"id":65229,"href":"https:\/\/www.deambulations-nomades.eu\/index.php?rest_route=\/wp\/v2\/pages\/8444\/revisions\/65229"}],"up":[{"embeddable":true,"href":"https:\/\/www.deambulations-nomades.eu\/index.php?rest_route=\/wp\/v2\/pages\/44"}],"wp:attachment":[{"href":"https:\/\/www.deambulations-nomades.eu\/index.php?rest_route=%2Fwp%2Fv2%2Fmedia&parent=8444"}],"curies":[{"name":"wp","href":"https:\/\/api.w.org\/{rel}","templated":true}]}}